{"id":10111,"date":"2024-08-03T20:34:05","date_gmt":"2024-08-03T18:34:05","guid":{"rendered":"https:\/\/lerevedelouise.fr\/?page_id=10111"},"modified":"2024-08-30T16:07:31","modified_gmt":"2024-08-30T14:07:31","slug":"le-signe-du-lion","status":"publish","type":"page","link":"https:\/\/lerevedelouise.fr\/index.php\/le-signe-du-belier\/le-signe-du-lion\/","title":{"rendered":"Le signe du Lion"},"content":{"rendered":"<span class=\"span-reading-time rt-reading-time\" style=\"display: block;\"><span class=\"rt-label rt-prefix\">Temps de lecture\u00a0: <\/span> <span class=\"rt-time\"> 2<\/span> <span class=\"rt-label rt-postfix\">minutes<\/span><\/span>\n<h2 class=\"wp-block-heading has-text-color has-link-color wp-elements-968c46de7745f0a9cc8a26491d08d605\" style=\"color:#d7760e\">Une \u00e9nergie puissante et Id\u00e9aliste<\/h2>\n\n\n\n<div class=\"wp-block-columns is-layout-flex wp-container-core-columns-is-layout-9d6595d7 wp-block-columns-is-layout-flex\">\n<div class=\"wp-block-column is-layout-flow wp-block-column-is-layout-flow\" style=\"flex-basis:33.33%\">\n<figure class=\"wp-block-image size-large is-resized\"><img loading=\"lazy\" decoding=\"async\" width=\"1024\" height=\"1024\" src=\"https:\/\/lerevedelouise.fr\/wp-content\/uploads\/2022\/02\/lion-zodiaque-5-1024x1024.jpg\" alt=\"\" class=\"wp-image-4136\" style=\"width:277px;height:auto\" srcset=\"https:\/\/lerevedelouise.fr\/wp-content\/uploads\/2022\/02\/lion-zodiaque-5-1024x1024.jpg 1024w, https:\/\/lerevedelouise.fr\/wp-content\/uploads\/2022\/02\/lion-zodiaque-5-100x100.jpg 100w, https:\/\/lerevedelouise.fr\/wp-content\/uploads\/2022\/02\/lion-zodiaque-5-600x600.jpg 600w, https:\/\/lerevedelouise.fr\/wp-content\/uploads\/2022\/02\/lion-zodiaque-5-300x300.jpg 300w, https:\/\/lerevedelouise.fr\/wp-content\/uploads\/2022\/02\/lion-zodiaque-5-150x150.jpg 150w, https:\/\/lerevedelouise.fr\/wp-content\/uploads\/2022\/02\/lion-zodiaque-5-768x768.jpg 768w, https:\/\/lerevedelouise.fr\/wp-content\/uploads\/2022\/02\/lion-zodiaque-5-80x80.jpg 80w, https:\/\/lerevedelouise.fr\/wp-content\/uploads\/2022\/02\/lion-zodiaque-5.jpg 1280w\" sizes=\"auto, (max-width: 1024px) 100vw, 1024px\" \/><\/figure>\n\n\n\n<p><mark style=\"background-color:rgba(0, 0, 0, 0)\" class=\"has-inline-color has-luminous-vivid-amber-color\">Mots cl\u00e9s :<\/mark>\u00a0puissance, apparence, beaut\u00e9, gloire, domination, courage.<\/p>\n\n\n\n<p><mark style=\"background-color:rgba(0, 0, 0, 0)\" class=\"has-inline-color has-luminous-vivid-amber-color\">Signe compl\u00e9mentaire : <\/mark>Lion\/Verseau<\/p>\n<\/div>\n\n\n\n<div class=\"wp-block-column is-layout-flow wp-block-column-is-layout-flow\" style=\"flex-basis:66.66%\">\n<p><mark style=\"background-color:rgba(0, 0, 0, 0)\" class=\"has-inline-color has-luminous-vivid-amber-color\">Le Lion <\/mark>est le cinqui\u00e8me signe du zodiaque du 23 juillet au 22 ao\u00fbt, sa saison l\u2019\u00e9t\u00e9, c\u2019est un signe fixe masculin, son \u00e9l\u00e9ment le Feu, gouvern\u00e9 par le Soleil, sa couleur jaune d&rsquo;or, orange, sa pierre la topaze.<\/p>\n\n\n\n<p><mark style=\"background-color:rgba(0, 0, 0, 0)\" class=\"has-inline-color has-luminous-vivid-amber-color\">La symbolique dans votre signe :<\/mark> la crini\u00e8re symbolise la beaut\u00e9 et la puissance, mais aussi l\u2019importance de l\u2019apparence et de la prestance pour votre signe. La crini\u00e8re est aussi vue comme une couronne naturelle associ\u00e9 \u00e0 la royaut\u00e9.<\/p>\n\n\n\n<p><mark style=\"background-color:rgba(0, 0, 0, 0)\" class=\"has-inline-color has-luminous-vivid-amber-color\">Vos traits de caract\u00e8re :<\/mark> vous avez g\u00e9n\u00e9ralement une grande confiance en vous, vous croyez en vos capacit\u00e9s et vous ne doutez pas facilement de vos comp\u00e9tences. Vous avez une aptitude naturelle \u00e0 attirer l\u2019attention et \u00e0 inspirer les autres. Vous aimez diriger et prendre des initiatives. Vous avez un fort instinct protecteur, surtout envers ceux que vous aimez et vous d\u00e9fendez vigoureusement vos proches et vos valeurs.<\/p>\n\n\n\n<p>Vous poss\u00e9dez une grande fiert\u00e9 personnelle et vous attachez de l\u2019importance \u00e0 votre image et \u00e0 votre r\u00e9putation. Votre fiert\u00e9 peut parfois vous rendre sensible \u00e0 la critique et vous pouvez avoir du mal \u00e0 accepter les commentaires n\u00e9gatifs. Vous aimez souvent \u00eatre au centre de l\u2019attention et ne reculez pas devant une bonne dose de drame. Votre nature passionn\u00e9e vous pousse \u00e0 vivre intens\u00e9ment et \u00e0 exprimer vos \u00e9motions de mani\u00e8re flamboyante.<\/p>\n<\/div>\n<\/div>\n\n\n\n<h2 class=\"wp-block-heading has-text-color has-link-color wp-elements-325555c63c1ebd28a0a411f6a5fc883d\" style=\"color:#d7760e\">Les d\u00e9cans dans votre signe<\/h2>\n\n\n\n<div class=\"wp-block-columns is-layout-flex wp-container-core-columns-is-layout-9d6595d7 wp-block-columns-is-layout-flex\">\n<div class=\"wp-block-column is-layout-flow wp-block-column-is-layout-flow\">\n<p>De 120 \u00e0 130\u00b0-1er d\u00e9can du 23 juillet au 2 ao\u00fbt<\/p>\n\n\n\n<h5 class=\"wp-block-heading has-text-color has-link-color wp-elements-4c76485810ad9d68c57fb9ea37c94e58\" style=\"color:#d7760e\">L&rsquo;extr\u00e9misme<\/h5>\n\n\n\n<p>Le ma\u00eetre de ce d\u00e9can est Saturne. On retrouve la combinaison Soleil\/Saturne. Votre d\u00e9can est celui de l\u2019ambition, de domination, de r\u00e9ussite. Vos aptitudes \u00e0 r\u00e9ussir sont grandes, mais attention de ne pas tomber dans l\u2019intransigeance ou l\u2019orgueil pouss\u00e9 \u00e0 l\u2019extr\u00eame.<\/p>\n<\/div>\n\n\n\n<div class=\"wp-block-column is-layout-flow wp-block-column-is-layout-flow\">\n<p>De 130 \u00e0 140\u00b0-2\u00e8me d\u00e9can du 3 au 12 ao\u00fbt<\/p>\n\n\n\n<h5 class=\"wp-block-heading has-text-color has-link-color wp-elements-ac42e4a79cef6e7447232a3ddac5263d\" style=\"color:#d7760e\">L&rsquo;orgueil<\/h5>\n\n\n\n<p>Le ma\u00eetre de ce d\u00e9can est Jupiter. On retrouve la combinaison Soleil\/Jupiter. Votre d\u00e9can est celui de g\u00e9n\u00e9rosit\u00e9, d\u2019humanit\u00e9, de beaut\u00e9. Vous exaltez souvent des qualit\u00e9s de g\u00e9n\u00e9rosit\u00e9, de chaleur humaine, de domination heureuse. Par contre l\u2019orgueil, le d\u00e9sir d\u2019\u00eatre admir\u00e9 et approuv\u00e9 peuvent vous inciter \u00e0 vivre au dessus de vos moyens.<\/p>\n<\/div>\n\n\n\n<div class=\"wp-block-column is-layout-flow wp-block-column-is-layout-flow\">\n<p>De 140 \u00e0 150\u00b0-3 \u00e8me d\u00e9can du 13 au 22 ao\u00fbt<\/p>\n\n\n\n<h5 class=\"wp-block-heading has-text-color has-link-color wp-elements-86592ebfe674c1ccc1e2ae3f2faa6526\" style=\"color:#d7760e\">Le pouvoir<\/h5>\n\n\n\n<p>Le ma\u00eetre de ce d\u00e9can est Pluton. On retrouve la combinaison Soleil\/Pluton. Votre d\u00e9can est celui de la gloire, de la puissance, de la conviction. Votre personnalit\u00e9 est complexe et plus intense. Vous pouvez rencontrer un profond probl\u00e8me d\u2019identit\u00e9 que vous voulez compenser par un go\u00fbt de pouvoir de s\u00e9duction, de conviction, \u00e9conomique et politique.<\/p>\n<\/div>\n<\/div>\n\n\n\n<p class=\"has-small-font-size\"><mark style=\"background-color:rgba(0, 0, 0, 0)\" class=\"has-inline-color has-luminous-vivid-amber-color\">Image par<\/mark> <a href=\"https:\/\/pixabay.com\/fr\/users\/thedigitalartist-202249\/\" target=\"_blank\" rel=\"noreferrer noopener\">TheDigitalArtis<\/a>\u00a0<mark style=\"background-color:rgba(0, 0, 0, 0)\" class=\"has-inline-color has-luminous-vivid-amber-color\">de<\/mark> <a href=\"https:\/\/www.google.com\/search?channel=trow5&amp;client=firefox-b-d&amp;q=pixabay\" target=\"_blank\" rel=\"noreferrer noopener\">Pixabay<\/a><\/p>\n","protected":false},"excerpt":{"rendered":"<p>Une \u00e9nergie puissante et Id\u00e9aliste Mots cl\u00e9s :\u00a0puissance, apparence, beaut\u00e9, gloire, domination, courage. Signe compl\u00e9mentaire : Lion\/Verseau Le Lion est le cinqui\u00e8me signe du zodiaque du 23 juillet au 22 ao\u00fbt, sa saison l\u2019\u00e9t\u00e9, c\u2019est un signe fixe masculin, son \u00e9l\u00e9ment le Feu, gouvern\u00e9 par le Soleil, sa couleur jaune d&rsquo;or, orange, sa pierre la [&hellip;]<\/p>\n","protected":false},"author":1,"featured_media":0,"parent":3297,"menu_order":4,"comment_status":"closed","ping_status":"closed","template":"","meta":{"_eb_attr":"","footnotes":""},"class_list":["post-10111","page","type-page","status-publish","hentry"],"_links":{"self":[{"href":"https:\/\/lerevedelouise.fr\/index.php\/wp-json\/wp\/v2\/pages\/10111","targetHints":{"allow":["GET"]}}],"collection":[{"href":"https:\/\/lerevedelouise.fr\/index.php\/wp-json\/wp\/v2\/pages"}],"about":[{"href":"https:\/\/lerevedelouise.fr\/index.php\/wp-json\/wp\/v2\/types\/page"}],"author":[{"embeddable":true,"href":"https:\/\/lerevedelouise.fr\/index.php\/wp-json\/wp\/v2\/users\/1"}],"replies":[{"embeddable":true,"href":"https:\/\/lerevedelouise.fr\/index.php\/wp-json\/wp\/v2\/comments?post=10111"}],"version-history":[{"count":4,"href":"https:\/\/lerevedelouise.fr\/index.php\/wp-json\/wp\/v2\/pages\/10111\/revisions"}],"predecessor-version":[{"id":10194,"href":"https:\/\/lerevedelouise.fr\/index.php\/wp-json\/wp\/v2\/pages\/10111\/revisions\/10194"}],"up":[{"embeddable":true,"href":"https:\/\/lerevedelouise.fr\/index.php\/wp-json\/wp\/v2\/pages\/3297"}],"wp:attachment":[{"href":"https:\/\/lerevedelouise.fr\/index.php\/wp-json\/wp\/v2\/media?parent=10111"}],"curies":[{"name":"wp","href":"https:\/\/api.w.org\/{rel}","templated":true}]}}