{"id":12057,"date":"2025-10-24T12:07:18","date_gmt":"2025-10-24T10:07:18","guid":{"rendered":"https:\/\/lerevedelouise.fr\/?page_id=12057"},"modified":"2025-11-24T11:23:41","modified_gmt":"2025-11-24T10:23:41","slug":"le-signe-du-scorpion","status":"publish","type":"page","link":"https:\/\/lerevedelouise.fr\/index.php\/le-signe-du-belier\/le-signe-du-scorpion\/","title":{"rendered":"Le signe du Scorpion"},"content":{"rendered":"<span class=\"span-reading-time rt-reading-time\" style=\"display: block;\"><span class=\"rt-label rt-prefix\">Temps de lecture\u00a0: <\/span> <span class=\"rt-time\"> 2<\/span> <span class=\"rt-label rt-postfix\">minutes<\/span><\/span>\n<h2 class=\"wp-block-heading has-text-color has-link-color wp-elements-08e97e2929dbee17eb835cbd0a403757\" style=\"color:#d7760e\">Une \u00e9nergie instinctive et passionn\u00e9e<\/h2>\n\n\n\n<div class=\"wp-block-columns is-layout-flex wp-container-core-columns-is-layout-9d6595d7 wp-block-columns-is-layout-flex\">\n<div class=\"wp-block-column is-layout-flow wp-block-column-is-layout-flow\" style=\"flex-basis:33.33%\">\n<figure class=\"wp-block-image size-large\"><img loading=\"lazy\" decoding=\"async\" width=\"1024\" height=\"1024\" src=\"https:\/\/lerevedelouise.fr\/wp-content\/uploads\/2022\/02\/scorpion-zodiaque-8-1024x1024.jpg\" alt=\"\" class=\"wp-image-4132\" srcset=\"https:\/\/lerevedelouise.fr\/wp-content\/uploads\/2022\/02\/scorpion-zodiaque-8-1024x1024.jpg 1024w, https:\/\/lerevedelouise.fr\/wp-content\/uploads\/2022\/02\/scorpion-zodiaque-8-100x100.jpg 100w, https:\/\/lerevedelouise.fr\/wp-content\/uploads\/2022\/02\/scorpion-zodiaque-8-600x600.jpg 600w, https:\/\/lerevedelouise.fr\/wp-content\/uploads\/2022\/02\/scorpion-zodiaque-8-300x300.jpg 300w, https:\/\/lerevedelouise.fr\/wp-content\/uploads\/2022\/02\/scorpion-zodiaque-8-150x150.jpg 150w, https:\/\/lerevedelouise.fr\/wp-content\/uploads\/2022\/02\/scorpion-zodiaque-8-768x768.jpg 768w, https:\/\/lerevedelouise.fr\/wp-content\/uploads\/2022\/02\/scorpion-zodiaque-8-80x80.jpg 80w, https:\/\/lerevedelouise.fr\/wp-content\/uploads\/2022\/02\/scorpion-zodiaque-8.jpg 1280w\" sizes=\"auto, (max-width: 1024px) 100vw, 1024px\" \/><\/figure>\n\n\n\n<p><mark style=\"background-color:rgba(0, 0, 0, 0)\" class=\"has-inline-color has-luminous-vivid-amber-color\">Mots cl\u00e9s :<\/mark> passionn\u00e9, observateur, d\u00e9termin\u00e9, myst\u00e9rieux, perspicace.<\/p>\n\n\n\n<p><mark style=\"background-color:rgba(0, 0, 0, 0)\" class=\"has-inline-color has-luminous-vivid-amber-color\">Signe compl\u00e9mentaire :<\/mark> Scorpion\/Taureau<\/p>\n<\/div>\n\n\n\n<div class=\"wp-block-column is-layout-flow wp-block-column-is-layout-flow\"><\/div>\n\n\n\n<div class=\"wp-block-column is-layout-flow wp-block-column-is-layout-flow\" style=\"flex-basis:66.66%\">\n<p><mark style=\"background-color:rgba(0, 0, 0, 0)\" class=\"has-inline-color has-luminous-vivid-amber-color\">Le Scorpion :<\/mark> est le huiti\u00e8me signe du zodiaque du 23 octobre au 22 novembre, sa saison l&rsquo;automne, c&rsquo;est un signe fixe f\u00e9minin, son \u00e9l\u00e9ment l&rsquo;eau, gouvern\u00e9 par Pluton, sa couleur le noir, l&rsquo;orange et le rouge, sa pierre l&rsquo;onyx.<\/p>\n\n\n\n<p><mark style=\"background-color:rgba(0, 0, 0, 0)\" class=\"has-inline-color has-luminous-vivid-amber-color\">La symbolique dans votre signe : <\/mark>il symbolise la renaissance, la transformation profonde et le pouvoir cach\u00e9. Dans la mythologie antique, le scorpion \u00e9tait souvent associ\u00e9 aux forces de l\u2019ombre et de la lumi\u00e8re, gardien des secrets de la vie. Il \u00e9voque la capacit\u00e9 \u00e0 traverser les \u00e9preuves pour rena\u00eetre plus fort, tel le ph\u00e9nix qui se rel\u00e8ve de ses cendres.<\/p>\n\n\n\n<p><mark style=\"background-color:rgba(0, 0, 0, 0)\" class=\"has-inline-color has-luminous-vivid-amber-color\">Vos traits de caract\u00e8re :<\/mark> Vous \u00eates passionn\u00e9, magn\u00e9tique et dot\u00e9 d\u2019une grande force int\u00e9rieure. Sous une apparente ma\u00eetrise, vos \u00e9motions sont intenses et profondes. Vous ne faites rien \u00e0 moiti\u00e9 : vous aimez avec fougue, vous d\u00e9cidez avec conviction, vous vivez avec intensit\u00e9.<\/p>\n\n\n\n<p>Myst\u00e9rieux et perspicace, vous percevez souvent ce que les autres ne disent pas. Votre intuition est puissante, presque instinctive, et vous savez lire au-del\u00e0 des apparences. Mais votre exigence, envers vous-m\u00eame comme envers les autres, peut parfois vous rendre secret ou m\u00e9fiant.<\/p>\n\n\n\n<p>Vous avez besoin de v\u00e9rit\u00e9 et d\u2019authenticit\u00e9 dans vos relations, car le mensonge vous blesse profond\u00e9ment. Votre courage face aux \u00e9preuves et votre pouvoir de r\u00e9g\u00e9n\u00e9ration font de vous un \u00eatre \u00e0 la fois sensible et indestructible. En amour comme dans vos passions, vous recherchez la fusion et la profondeur.<\/p>\n<\/div>\n<\/div>\n\n\n\n<h2 class=\"wp-block-heading has-text-color has-link-color wp-elements-325555c63c1ebd28a0a411f6a5fc883d\" style=\"color:#d7760e\">Les d\u00e9cans dans votre signe<\/h2>\n\n\n\n<div class=\"wp-block-columns is-layout-flex wp-container-core-columns-is-layout-9d6595d7 wp-block-columns-is-layout-flex\">\n<div class=\"wp-block-column is-layout-flow wp-block-column-is-layout-flow\"><\/div>\n\n\n\n<div class=\"wp-block-column is-layout-flow wp-block-column-is-layout-flow\"><\/div>\n\n\n\n<div class=\"wp-block-column is-layout-flow wp-block-column-is-layout-flow\"><\/div>\n<\/div>\n\n\n\n<div class=\"wp-block-columns is-layout-flex wp-container-core-columns-is-layout-9d6595d7 wp-block-columns-is-layout-flex\">\n<div class=\"wp-block-column is-layout-flow wp-block-column-is-layout-flow\">\n<p>De 210\u00b0 \u00e0 220\u00b0-1er d\u00e9can du 23 octobre au 3 novembre<\/p>\n\n\n\n<h5 class=\"wp-block-heading has-text-color has-link-color wp-elements-9e8ce396215f35181b87e66965e8caff\" style=\"color:#d7760e\">Pulsions<\/h5>\n\n\n\n<p>Le ma\u00eetre de ce d\u00e9can est Mars. Votre d\u00e9can est celui de la pulsion. Vous distinguez par vos ressources psychiques et vitales d&rsquo;une grande richesse. Les pulsions sont vives, essentielles, les forces instinctives pr\u00e9dominent. Le pouvoir d&rsquo;action reste secret, lucide, tenace et r\u00e9sistant. Un intense potentiel de cr\u00e9ativit\u00e9 existe.<\/p>\n<\/div>\n\n\n\n<div class=\"wp-block-column is-layout-flow wp-block-column-is-layout-flow\">\n<p>De 220\u00b0 \u00e0 230\u00b0-2\u00e8me d\u00e9can du 3 au 11 novembre<\/p>\n\n\n\n<h5 class=\"wp-block-heading has-text-color has-link-color wp-elements-b80dcc9e9347edee8a100c39ab1f7399\" style=\"color:#d7760e\">Anticonformisme<\/h5>\n\n\n\n<p>Le ma\u00eetre de ce d\u00e9can est Uranus. Votre est celui de l&rsquo;anticonformisme. Votre dynamisme, votre pouvoir, vos forces instinctives, vous poussent \u00e0 une forte revendication d&rsquo;ind\u00e9pendance, \u00e0 l&rsquo;anticonformisme, \u00e0 sortir des sentiers battus, \u00e0 vous lancer dans des exp\u00e9riences in\u00e9dites et \u00e9tranges. Les impulsions sont parfois dangereuses.<\/p>\n<\/div>\n\n\n\n<div class=\"wp-block-column is-layout-flow wp-block-column-is-layout-flow\">\n<p>De 230\u00b0 \u00e0 240\u00b0-3\u00e8me d\u00e9can du 12 au 22 novembre<\/p>\n\n\n\n<h5 class=\"wp-block-heading has-text-color has-link-color wp-elements-9073a56ea821994b496397476431583f\" style=\"color:#d7760e\">Force psychique<\/h5>\n\n\n\n<p>Le ma\u00eetre de ce d\u00e9can est V\u00e9nus. Votre d\u00e9can est celui de la force psychique. Vos sentiments, vos motivations et votre force psychique sont fortement exacerb\u00e9s et stimul\u00e9s, c&rsquo;est pourquoi vous \u00eates pourvu d&rsquo;un puissant magn\u00e9tisme. Votre vie amoureuse est toujours passionnelle ou passionn\u00e9e, car vous avez une sensualit\u00e9 et un pouvoir de s\u00e9duction magique.<\/p>\n<\/div>\n<\/div>\n\n\n\n<p class=\"has-small-font-size\"><mark style=\"background-color:rgba(0, 0, 0, 0)\" class=\"has-inline-color has-luminous-vivid-amber-color\">Image par&nbsp;<\/mark><a href=\"https:\/\/pixabay.com\/fr\/users\/thedigitalartist-202249\/\" target=\"_blank\" rel=\"noreferrer noopener\">TheDigitalArtis<\/a>&nbsp;<mark style=\"background-color:rgba(0, 0, 0, 0)\" class=\"has-inline-color has-luminous-vivid-amber-color\">de&nbsp;<\/mark><a href=\"https:\/\/www.google.com\/search?channel=trow5&amp;client=firefox-b-d&amp;q=pixabay\" target=\"_blank\" rel=\"noreferrer noopener\">Pixabay<\/a><\/p>\n","protected":false},"excerpt":{"rendered":"<p>Une \u00e9nergie instinctive et passionn\u00e9e Mots cl\u00e9s : passionn\u00e9, observateur, d\u00e9termin\u00e9, myst\u00e9rieux, perspicace. Signe compl\u00e9mentaire : Scorpion\/Taureau Le Scorpion : est le huiti\u00e8me signe du zodiaque du 23 octobre au 22 novembre, sa saison l&rsquo;automne, c&rsquo;est un signe fixe f\u00e9minin, son \u00e9l\u00e9ment l&rsquo;eau, gouvern\u00e9 par Pluton, sa couleur le noir, l&rsquo;orange et le rouge, sa [&hellip;]<\/p>\n","protected":false},"author":1,"featured_media":0,"parent":3297,"menu_order":0,"comment_status":"closed","ping_status":"closed","template":"","meta":{"_eb_attr":"","footnotes":""},"class_list":["post-12057","page","type-page","status-publish","hentry"],"_links":{"self":[{"href":"https:\/\/lerevedelouise.fr\/index.php\/wp-json\/wp\/v2\/pages\/12057","targetHints":{"allow":["GET"]}}],"collection":[{"href":"https:\/\/lerevedelouise.fr\/index.php\/wp-json\/wp\/v2\/pages"}],"about":[{"href":"https:\/\/lerevedelouise.fr\/index.php\/wp-json\/wp\/v2\/types\/page"}],"author":[{"embeddable":true,"href":"https:\/\/lerevedelouise.fr\/index.php\/wp-json\/wp\/v2\/users\/1"}],"replies":[{"embeddable":true,"href":"https:\/\/lerevedelouise.fr\/index.php\/wp-json\/wp\/v2\/comments?post=12057"}],"version-history":[{"count":6,"href":"https:\/\/lerevedelouise.fr\/index.php\/wp-json\/wp\/v2\/pages\/12057\/revisions"}],"predecessor-version":[{"id":12198,"href":"https:\/\/lerevedelouise.fr\/index.php\/wp-json\/wp\/v2\/pages\/12057\/revisions\/12198"}],"up":[{"embeddable":true,"href":"https:\/\/lerevedelouise.fr\/index.php\/wp-json\/wp\/v2\/pages\/3297"}],"wp:attachment":[{"href":"https:\/\/lerevedelouise.fr\/index.php\/wp-json\/wp\/v2\/media?parent=12057"}],"curies":[{"name":"wp","href":"https:\/\/api.w.org\/{rel}","templated":true}]}}