{"id":12196,"date":"2025-11-25T10:40:16","date_gmt":"2025-11-25T09:40:16","guid":{"rendered":"https:\/\/lerevedelouise.fr\/?page_id=12196"},"modified":"2025-11-25T10:51:25","modified_gmt":"2025-11-25T09:51:25","slug":"le-signe-du-sagittaire","status":"publish","type":"page","link":"https:\/\/lerevedelouise.fr\/index.php\/le-signe-du-belier\/le-signe-du-sagittaire\/","title":{"rendered":"Le signe du Sagittaire"},"content":{"rendered":"<span class=\"span-reading-time rt-reading-time\" style=\"display: block;\"><span class=\"rt-label rt-prefix\">Temps de lecture\u00a0: <\/span> <span class=\"rt-time\"> 3<\/span> <span class=\"rt-label rt-postfix\">minutes<\/span><\/span>\n<h2 class=\"wp-block-heading has-text-color has-link-color wp-elements-c45991cf84762be8f2097ccb055b319b\" style=\"color:#d7760e\">Une \u00e9nergie enthousiaste et volontaire<\/h2>\n\n\n\n<div class=\"wp-block-columns is-layout-flex wp-container-core-columns-is-layout-9d6595d7 wp-block-columns-is-layout-flex\">\n<div class=\"wp-block-column is-layout-flow wp-block-column-is-layout-flow\" style=\"flex-basis:33.33%\"><\/div>\n\n\n\n<div class=\"wp-block-column is-layout-flow wp-block-column-is-layout-flow\" style=\"flex-basis:66.66%\"><\/div>\n<\/div>\n\n\n\n<div class=\"wp-block-columns is-layout-flex wp-container-core-columns-is-layout-9d6595d7 wp-block-columns-is-layout-flex\">\n<div class=\"wp-block-column is-layout-flow wp-block-column-is-layout-flow\" style=\"flex-basis:33.33%\">\n<figure class=\"wp-block-image size-large\"><img loading=\"lazy\" decoding=\"async\" width=\"1024\" height=\"1024\" src=\"https:\/\/lerevedelouise.fr\/wp-content\/uploads\/2022\/02\/sagittaire-zodiaque-9-1024x1024.jpg\" alt=\"\" class=\"wp-image-4130\" srcset=\"https:\/\/lerevedelouise.fr\/wp-content\/uploads\/2022\/02\/sagittaire-zodiaque-9-1024x1024.jpg 1024w, https:\/\/lerevedelouise.fr\/wp-content\/uploads\/2022\/02\/sagittaire-zodiaque-9-100x100.jpg 100w, https:\/\/lerevedelouise.fr\/wp-content\/uploads\/2022\/02\/sagittaire-zodiaque-9-600x600.jpg 600w, https:\/\/lerevedelouise.fr\/wp-content\/uploads\/2022\/02\/sagittaire-zodiaque-9-300x300.jpg 300w, https:\/\/lerevedelouise.fr\/wp-content\/uploads\/2022\/02\/sagittaire-zodiaque-9-150x150.jpg 150w, https:\/\/lerevedelouise.fr\/wp-content\/uploads\/2022\/02\/sagittaire-zodiaque-9-768x768.jpg 768w, https:\/\/lerevedelouise.fr\/wp-content\/uploads\/2022\/02\/sagittaire-zodiaque-9-80x80.jpg 80w, https:\/\/lerevedelouise.fr\/wp-content\/uploads\/2022\/02\/sagittaire-zodiaque-9.jpg 1280w\" sizes=\"auto, (max-width: 1024px) 100vw, 1024px\" \/><\/figure>\n\n\n\n<p><mark style=\"background-color:rgba(0, 0, 0, 0)\" class=\"has-inline-color has-luminous-vivid-amber-color\">Mots cl\u00e9s : <\/mark>libert\u00e9, expansion, sagesse, exploration, optimisme, v\u00e9rit\u00e9. <\/p>\n\n\n\n<p><mark style=\"background-color:rgba(0, 0, 0, 0)\" class=\"has-inline-color has-luminous-vivid-amber-color\">Signe compl\u00e9mentaire :<\/mark> <\/p>\n\n\n\n<p>Sagittaire \/ <a href=\"https:\/\/lerevedelouise.fr\/index.php\/le-signe-du-belier\/le-signe-des-gemeaux\/\">G\u00e9meaux<\/a><\/p>\n<\/div>\n\n\n\n<div class=\"wp-block-column is-layout-flow wp-block-column-is-layout-flow\" style=\"flex-basis:66.66%\">\n<p><mark style=\"background-color:rgba(0, 0, 0, 0)\" class=\"has-inline-color has-luminous-vivid-amber-color\">Le Sagittaire :<\/mark> est le neuvi\u00e8me signe du zodiaque du 23 novembre au 21 d\u00e9cembre, sa saison est l&rsquo;automne, c&rsquo;est un signe mutable masculin, son \u00e9l\u00e9ment est le feu, gouvern\u00e9 par Jupiter, sa couleur le violet, sa pierre le topaze.<\/p>\n\n\n\n<p><mark style=\"background-color:rgba(0, 0, 0, 0)\" class=\"has-inline-color has-luminous-vivid-amber-color\">La symbolique dans votre signe : <\/mark>il symbolise la qu\u00eate, l\u2019\u00e9l\u00e9vation et la soif de v\u00e9rit\u00e9. Dans les traditions anciennes, l\u2019archer, mi-homme, mi-cheval, repr\u00e9sente l\u2019\u00eatre qui d\u00e9passe la mati\u00e8re pour viser l\u2019id\u00e9al, l\u2019horizon, la lumi\u00e8re. Il \u00e9voque la sagesse nomade, l\u2019enthousiasme de l\u2019exploration et la volont\u00e9 d\u2019apprendre sans fin. Il incarne le pont entre le terrestre et le c\u00e9leste : les pieds ancr\u00e9s dans le r\u00e9el, mais l\u2019esprit tendu vers l\u2019infini.<\/p>\n\n\n\n<p><mark style=\"background-color:rgba(0, 0, 0, 0)\" class=\"has-inline-color has-luminous-vivid-amber-color\">Vos traits de caract\u00e8re :<\/mark> Vous \u00eates libre, lumineux et anim\u00e9 par un besoin profond d\u2019expansion. Votre \u00e9nergie est enthousiaste, g\u00e9n\u00e9reuse, contagieuse. Vous croyez en la vie, en la chance, en l\u2019horizon plus vaste qui vous attend et cette foi int\u00e9rieure vous porte loin. <\/p>\n\n\n\n<p>Curieux et philosophes, vous aimez comprendre le sens cach\u00e9 des choses. Vous cherchez la v\u00e9rit\u00e9, mais aussi l\u2019aventure, la d\u00e9couverte, la nouveaut\u00e9. Vous avancez avec courage, parfois avec impulsivit\u00e9, mais toujours avec l\u2019\u00e9lan du c\u0153ur.<\/p>\n\n\n\n<p>Votre franchise, souvent spontan\u00e9e, peut surprendre, mais elle est toujours guid\u00e9e par une intention sinc\u00e8re. Vous avez horreur des limites, du mensonge ou des cages, votre esprit r\u00e9clame l\u2019espace, la libert\u00e9, l\u2019ouverture. En amour comme dans la vie, vous recherchez la complicit\u00e9, le mouvement, la joie partag\u00e9e.<\/p>\n<\/div>\n<\/div>\n\n\n\n<h2 class=\"wp-block-heading has-text-color has-link-color wp-elements-325555c63c1ebd28a0a411f6a5fc883d\" style=\"color:#d7760e\">Les d\u00e9cans dans votre signe<\/h2>\n\n\n\n<div class=\"wp-block-columns is-layout-flex wp-container-core-columns-is-layout-9d6595d7 wp-block-columns-is-layout-flex\">\n<div class=\"wp-block-column is-layout-flow wp-block-column-is-layout-flow\">\n<p>De 240\u00b0 \u00e0 250\u00b0-1er d\u00e9can du 23 novembre au 1er d\u00e9cembre<\/p>\n\n\n\n<h5 class=\"wp-block-heading has-text-color has-link-color wp-elements-e0121e209beed9ed378f04f8951e442a\" style=\"color:#d7760e\">Sagesse<\/h5>\n\n\n\n<p>Le ma\u00eetre de ce d\u00e9can est Mercure. Votre d\u00e9can est celui de la sagesse. Votre sagesse est visionnaire, vous avez de la bonne foi, de la candeur et une honn\u00eatet\u00e9 fondamentale. Votre comportement face \u00e0 la vie est simple, naturel spontan\u00e9 et g\u00e9n\u00e9reux. Vous avez tendance \u00e0 fuir les complications et vous poss\u00e9dez de hautes aspirations. <\/p>\n<\/div>\n\n\n\n<div class=\"wp-block-column is-layout-flow wp-block-column-is-layout-flow\">\n<p>De 250\u00b0 \u00e0 260\u00b0-2\u00e8me d\u00e9can du 2 au 11 d\u00e9cembre<\/p>\n\n\n\n<h5 class=\"wp-block-heading has-text-color has-link-color wp-elements-091273f03198a159b6d4219772d79530\" style=\"color:#d7760e\">Aventures<\/h5>\n\n\n\n<p>Le ma\u00eetre de ce d\u00e9can est la Lune. Votre d\u00e9can est celui de l&rsquo;aventure. Vous avez une belle sensibilit\u00e9 et vous aves une profonde gentillesse. Vous \u00eates stimul\u00e9 par l&rsquo;inconnu et vous avez le go\u00fbt pour l&rsquo;aventure et les voyages. Vos relations sont fond\u00e9es sur une mutuelle camaraderie.<\/p>\n<\/div>\n\n\n\n<div class=\"wp-block-column is-layout-flow wp-block-column-is-layout-flow\">\n<p>De 260\u00b0 \u00e0 270\u00b0- 3\u00e8me d\u00e9can du 12 au 20 d\u00e9cembre<\/p>\n\n\n\n<h5 class=\"wp-block-heading has-text-color has-link-color wp-elements-1d3dcd1e565d87ccaefc8969da82a909\" style=\"color:#d7760e\">Connaissance<\/h5>\n\n\n\n<p>Le ma\u00eetre de ce d\u00e9can est le Soleil. Votre d\u00e9can est celui de la connaissance. Vous avez tendance \u00e0 vous forger de solides convictions. D\u00e8s lors vous aspirez \u00e0 approfondir vos connaissances, \u00e0 embrasser une cause commune ou \u00e0 vous d\u00e9vouer \u00e0 une \u0153uvre humanitaire. Vous pouvez parfois \u00eatre intransigeant.<\/p>\n<\/div>\n<\/div>\n\n\n\n<p class=\"has-small-font-size\"><mark style=\"background-color:rgba(0, 0, 0, 0)\" class=\"has-inline-color has-luminous-vivid-amber-color\">Image par<\/mark>&nbsp;<a href=\"https:\/\/pixabay.com\/fr\/users\/thedigitalartist-202249\/\" target=\"_blank\" rel=\"noreferrer noopener\">TheDigitalArtis<\/a>&nbsp;<mark style=\"background-color:rgba(0, 0, 0, 0)\" class=\"has-inline-color has-luminous-vivid-amber-color\">de<\/mark>&nbsp;<a href=\"https:\/\/www.google.com\/search?channel=trow5&amp;client=firefox-b-d&amp;q=pixabay\" target=\"_blank\" rel=\"noreferrer noopener\">Pixabay<\/a><\/p>\n","protected":false},"excerpt":{"rendered":"<p>Une \u00e9nergie enthousiaste et volontaire Mots cl\u00e9s : libert\u00e9, expansion, sagesse, exploration, optimisme, v\u00e9rit\u00e9. Signe compl\u00e9mentaire : Sagittaire \/ G\u00e9meaux Le Sagittaire : est le neuvi\u00e8me signe du zodiaque du 23 novembre au 21 d\u00e9cembre, sa saison est l&rsquo;automne, c&rsquo;est un signe mutable masculin, son \u00e9l\u00e9ment est le feu, gouvern\u00e9 par Jupiter, sa couleur le [&hellip;]<\/p>\n","protected":false},"author":1,"featured_media":0,"parent":3297,"menu_order":8,"comment_status":"closed","ping_status":"closed","template":"","meta":{"_eb_attr":"","footnotes":""},"class_list":["post-12196","page","type-page","status-publish","hentry"],"_links":{"self":[{"href":"https:\/\/lerevedelouise.fr\/index.php\/wp-json\/wp\/v2\/pages\/12196","targetHints":{"allow":["GET"]}}],"collection":[{"href":"https:\/\/lerevedelouise.fr\/index.php\/wp-json\/wp\/v2\/pages"}],"about":[{"href":"https:\/\/lerevedelouise.fr\/index.php\/wp-json\/wp\/v2\/types\/page"}],"author":[{"embeddable":true,"href":"https:\/\/lerevedelouise.fr\/index.php\/wp-json\/wp\/v2\/users\/1"}],"replies":[{"embeddable":true,"href":"https:\/\/lerevedelouise.fr\/index.php\/wp-json\/wp\/v2\/comments?post=12196"}],"version-history":[{"count":5,"href":"https:\/\/lerevedelouise.fr\/index.php\/wp-json\/wp\/v2\/pages\/12196\/revisions"}],"predecessor-version":[{"id":12210,"href":"https:\/\/lerevedelouise.fr\/index.php\/wp-json\/wp\/v2\/pages\/12196\/revisions\/12210"}],"up":[{"embeddable":true,"href":"https:\/\/lerevedelouise.fr\/index.php\/wp-json\/wp\/v2\/pages\/3297"}],"wp:attachment":[{"href":"https:\/\/lerevedelouise.fr\/index.php\/wp-json\/wp\/v2\/media?parent=12196"}],"curies":[{"name":"wp","href":"https:\/\/api.w.org\/{rel}","templated":true}]}}