{"id":12454,"date":"2026-01-08T19:48:53","date_gmt":"2026-01-08T18:48:53","guid":{"rendered":"https:\/\/lerevedelouise.fr\/?page_id=12454"},"modified":"2026-01-08T19:52:11","modified_gmt":"2026-01-08T18:52:11","slug":"le-signe-du-capricorne","status":"publish","type":"page","link":"https:\/\/lerevedelouise.fr\/index.php\/le-signe-du-belier\/le-signe-du-capricorne\/","title":{"rendered":"Le signe du Capricorne"},"content":{"rendered":"<span class=\"span-reading-time rt-reading-time\" style=\"display: block;\"><span class=\"rt-label rt-prefix\">Temps de lecture\u00a0: <\/span> <span class=\"rt-time\"> 2<\/span> <span class=\"rt-label rt-postfix\">minutes<\/span><\/span>\n<h2 class=\"wp-block-heading has-text-color has-link-color wp-elements-74b01b35fee02aff310ae99f04f75c95\" style=\"color:#d7760e\">Une \u00e9nergie pragmatique et r\u00e9fl\u00e9chie<\/h2>\n\n\n\n<div class=\"wp-block-columns is-layout-flex wp-container-core-columns-is-layout-9d6595d7 wp-block-columns-is-layout-flex\">\n<div class=\"wp-block-column is-layout-flow wp-block-column-is-layout-flow\" style=\"flex-basis:33.33%\">\n<figure class=\"wp-block-image size-large\"><img loading=\"lazy\" decoding=\"async\" width=\"1024\" height=\"1024\" src=\"https:\/\/lerevedelouise.fr\/wp-content\/uploads\/2022\/02\/capricorne-zodiaque-10-1024x1024.jpg\" alt=\"\" class=\"wp-image-4129\" srcset=\"https:\/\/lerevedelouise.fr\/wp-content\/uploads\/2022\/02\/capricorne-zodiaque-10-1024x1024.jpg 1024w, https:\/\/lerevedelouise.fr\/wp-content\/uploads\/2022\/02\/capricorne-zodiaque-10-100x100.jpg 100w, https:\/\/lerevedelouise.fr\/wp-content\/uploads\/2022\/02\/capricorne-zodiaque-10-600x600.jpg 600w, https:\/\/lerevedelouise.fr\/wp-content\/uploads\/2022\/02\/capricorne-zodiaque-10-300x300.jpg 300w, https:\/\/lerevedelouise.fr\/wp-content\/uploads\/2022\/02\/capricorne-zodiaque-10-150x150.jpg 150w, https:\/\/lerevedelouise.fr\/wp-content\/uploads\/2022\/02\/capricorne-zodiaque-10-768x768.jpg 768w, https:\/\/lerevedelouise.fr\/wp-content\/uploads\/2022\/02\/capricorne-zodiaque-10-80x80.jpg 80w, https:\/\/lerevedelouise.fr\/wp-content\/uploads\/2022\/02\/capricorne-zodiaque-10.jpg 1280w\" sizes=\"auto, (max-width: 1024px) 100vw, 1024px\" \/><\/figure>\n\n\n\n<p><mark style=\"background-color:rgba(0, 0, 0, 0)\" class=\"has-inline-color has-luminous-vivid-amber-color\">Mots cl\u00e9s : <\/mark>pers\u00e9v\u00e9rance, responsabilit\u00e9, ambition, patiente, loyaut\u00e9, pragmatisme.<\/p>\n\n\n\n<p><mark style=\"background-color:rgba(0, 0, 0, 0)\" class=\"has-inline-color has-luminous-vivid-amber-color\">Signe compl\u00e9mentaire : <\/mark>Capricorne\/<a href=\"https:\/\/lerevedelouise.fr\/index.php\/le-signe-du-belier\/le-signe-du-cancer\/\">Cancer <\/a><\/p>\n<\/div>\n\n\n\n<div class=\"wp-block-column is-layout-flow wp-block-column-is-layout-flow\" style=\"flex-basis:66.66%\">\n<p><mark style=\"background-color:rgba(0, 0, 0, 0)\" class=\"has-inline-color has-luminous-vivid-amber-color\">Le Capricorne : <\/mark>est le dixi\u00e8me signe du zodiaque du 22 d\u00e9cembre au 20 janvier, sa saison est l&rsquo;hiver, c&rsquo;est un signe cardinal masculin, son \u00e9l\u00e9ment est la Terre, gouvern\u00e9 par Saturne, sa couleur est le noir, sa pierre l&rsquo;onyx.<\/p>\n\n\n\n<p><mark style=\"background-color:rgba(0, 0, 0, 0)\" class=\"has-inline-color has-luminous-vivid-amber-color\">La symbolique dans votre signe : <\/mark>le Capricorne symbolise l\u2019\u00e9l\u00e9vation par l\u2019effort, la construction patiente et la ma\u00eetrise de soi. Dans les traditions anciennes, il est repr\u00e9sent\u00e9 par la ch\u00e8vre des montagnes, capable de gravir les sommets les plus abrupts avec pers\u00e9v\u00e9rance et d\u00e9termination. Il incarne la force tranquille, celle qui avance lentement mais s\u00fbrement, guid\u00e9e par une vision claire. <\/p>\n\n\n\n<p><mark style=\"background-color:rgba(0, 0, 0, 0)\" class=\"has-inline-color has-luminous-vivid-amber-color\">Vos traits de caract\u00e8re :<\/mark> vous \u00eates d\u00e9termin\u00e9, responsable et dot\u00e9 d\u2019une grande force morale. Derri\u00e8re une apparence parfois r\u00e9serv\u00e9e se cache une profonde sensibilit\u00e9 et une loyaut\u00e9 sans faille. Vous avancez avec s\u00e9rieux, mais toujours avec un objectif pr\u00e9cis en ligne de mire.<\/p>\n\n\n\n<p>Pragmatique et r\u00e9fl\u00e9chi, vous aimez b\u00e2tir sur le long terme. Vous avez besoin de stabilit\u00e9, de rep\u00e8res clairs et de sens dans ce que vous entreprenez. Votre patience et votre endurance vous permettent de surmonter les obstacles avec calme et maturit\u00e9.<\/p>\n\n\n\n<p>Votre exigence envers vous-m\u00eame est \u00e9lev\u00e9e, parfois au point de vous oublier. Pourtant, lorsque vous accordez votre confiance, c\u2019est avec sinc\u00e9rit\u00e9 et profondeur. En amour comme dans la vie, vous recherchez la fiabilit\u00e9, la loyaut\u00e9 et un engagement authentique, car pour vous, les liens v\u00e9ritables se construisent dans le temps.<\/p>\n<\/div>\n<\/div>\n\n\n\n<h2 class=\"wp-block-heading has-text-color has-link-color wp-elements-e29219be9086c8aee13c00d98af74365\" style=\"color:#d7760e\">Les d\u00e9cans dans votre vie<\/h2>\n\n\n\n<div class=\"wp-block-columns is-layout-flex wp-container-core-columns-is-layout-9d6595d7 wp-block-columns-is-layout-flex\">\n<div class=\"wp-block-column is-layout-flow wp-block-column-is-layout-flow\">\n<p>De 270\u00b0 \u00e0 280\u00b0 : 1er d\u00e9can du 22 au 31 d\u00e9cembre<\/p>\n\n\n\n<h5 class=\"wp-block-heading has-text-color has-link-color wp-elements-340c6ef403bb0217ac296ae5385e7d86\" style=\"color:#d7760e\"> Organisation<\/h5>\n\n\n\n<p>Le ma\u00eetre de ce d\u00e9can est Jupiter. Votre d\u00e9can est celui de l&rsquo;organisation. Vous avez le sens de l&rsquo;ordre, de la m\u00e9thode, de l&rsquo;organisation. Vous avez de la rigueur intellectuelle et un esprit de synth\u00e8se. Vous avez une tension latente entre optimisme et pessimisme, ce qui peut vous rendre ambivalent. <\/p>\n<\/div>\n\n\n\n<div class=\"wp-block-column is-layout-flow wp-block-column-is-layout-flow\">\n<p>De 280\u00b0 \u00e0 290\u00b0 : 2\u00e8me d\u00e9can du 1er au 9 janvier<\/p>\n\n\n\n<h5 class=\"wp-block-heading has-text-color has-link-color wp-elements-24bd7019832b238f50114f03313b0865\" style=\"color:#d7760e\">Pers\u00e9v\u00e9rance<\/h5>\n\n\n\n<p>Le ma\u00eetre de ce d\u00e9can est Mars. Votre d\u00e9can est celui de la pers\u00e9v\u00e9rance. Vous aimez vous concentrer sur un objectif ou un but unique et rien ne vous \u00e9chappe. Votre t\u00e9nacit\u00e9 et votre perspicacit\u00e9 peuvent vous rendre d&rsquo;une redoutable efficacit\u00e9.<\/p>\n<\/div>\n\n\n\n<div class=\"wp-block-column is-layout-flow wp-block-column-is-layout-flow\">\n<p>De 290] \u00e0 300\u00b0 : 3\u00e8me d\u00e9can du 10 au 19 janvier<\/p>\n\n\n\n<h5 class=\"wp-block-heading has-text-color has-link-color wp-elements-55727f1d7d75ab3ea53c890e0d94d37d\" style=\"color:#d7760e\">Courage<\/h5>\n\n\n\n<p>Le ma\u00eetre de ce d\u00e9can est Uranus. Votre d\u00e9can est celui du courage. Vous \u00eates pragmatique, ambitieux, ind\u00e9pendant et courageux. Vous \u00eates dot\u00e9s bien souvent de qualit\u00e9s manuelles qui favorisent les travaux exigeant du doigt\u00e9.<\/p>\n<\/div>\n<\/div>\n\n\n\n<p class=\"has-small-font-size\"><mark style=\"background-color:rgba(0, 0, 0, 0)\" class=\"has-inline-color has-luminous-vivid-orange-color\">Image par<\/mark>\u00a0<a href=\"https:\/\/pixabay.com\/fr\/users\/thedigitalartist-202249\/\" target=\"_blank\" rel=\"noreferrer noopener\">TheDigitalArtis<\/a>\u00a0<mark style=\"background-color:rgba(0, 0, 0, 0)\" class=\"has-inline-color has-luminous-vivid-orange-color\">de<\/mark>\u00a0<a href=\"https:\/\/www.google.com\/search?channel=trow5&amp;client=firefox-b-d&amp;q=pixabay\" target=\"_blank\" rel=\"noreferrer noopener\">Pixabay<\/a><\/p>\n","protected":false},"excerpt":{"rendered":"<p>Une \u00e9nergie pragmatique et r\u00e9fl\u00e9chie Mots cl\u00e9s : pers\u00e9v\u00e9rance, responsabilit\u00e9, ambition, patiente, loyaut\u00e9, pragmatisme. Signe compl\u00e9mentaire : Capricorne\/Cancer Le Capricorne : est le dixi\u00e8me signe du zodiaque du 22 d\u00e9cembre au 20 janvier, sa saison est l&rsquo;hiver, c&rsquo;est un signe cardinal masculin, son \u00e9l\u00e9ment est la Terre, gouvern\u00e9 par Saturne, sa couleur est le noir, [&hellip;]<\/p>\n","protected":false},"author":1,"featured_media":0,"parent":3297,"menu_order":10,"comment_status":"closed","ping_status":"closed","template":"","meta":{"_eb_attr":"","footnotes":""},"class_list":["post-12454","page","type-page","status-publish","hentry"],"_links":{"self":[{"href":"https:\/\/lerevedelouise.fr\/index.php\/wp-json\/wp\/v2\/pages\/12454","targetHints":{"allow":["GET"]}}],"collection":[{"href":"https:\/\/lerevedelouise.fr\/index.php\/wp-json\/wp\/v2\/pages"}],"about":[{"href":"https:\/\/lerevedelouise.fr\/index.php\/wp-json\/wp\/v2\/types\/page"}],"author":[{"embeddable":true,"href":"https:\/\/lerevedelouise.fr\/index.php\/wp-json\/wp\/v2\/users\/1"}],"replies":[{"embeddable":true,"href":"https:\/\/lerevedelouise.fr\/index.php\/wp-json\/wp\/v2\/comments?post=12454"}],"version-history":[{"count":3,"href":"https:\/\/lerevedelouise.fr\/index.php\/wp-json\/wp\/v2\/pages\/12454\/revisions"}],"predecessor-version":[{"id":12457,"href":"https:\/\/lerevedelouise.fr\/index.php\/wp-json\/wp\/v2\/pages\/12454\/revisions\/12457"}],"up":[{"embeddable":true,"href":"https:\/\/lerevedelouise.fr\/index.php\/wp-json\/wp\/v2\/pages\/3297"}],"wp:attachment":[{"href":"https:\/\/lerevedelouise.fr\/index.php\/wp-json\/wp\/v2\/media?parent=12454"}],"curies":[{"name":"wp","href":"https:\/\/api.w.org\/{rel}","templated":true}]}}