{"id":12596,"date":"2026-02-22T14:46:10","date_gmt":"2026-02-22T13:46:10","guid":{"rendered":"https:\/\/lerevedelouise.fr\/?page_id=12596"},"modified":"2026-02-23T01:03:17","modified_gmt":"2026-02-23T00:03:17","slug":"les-liens-hors-du-temps","status":"publish","type":"page","link":"https:\/\/lerevedelouise.fr\/index.php\/mon-journal\/les-liens-hors-du-temps\/","title":{"rendered":"Les liens hors du temps"},"content":{"rendered":"<span class=\"span-reading-time rt-reading-time\" style=\"display: block;\"><span class=\"rt-label rt-prefix\">Temps de lecture\u00a0: <\/span> <span class=\"rt-time\"> 5<\/span> <span class=\"rt-label rt-postfix\">minutes<\/span><\/span>\n<h2 class=\"wp-block-heading has-text-color has-link-color wp-elements-2ceb45ccb80151fc8c63f9e795bc204b\" style=\"color:#aa94d1\">Mes vies ant\u00e9rieures<\/h2>\n\n\n\n<p class=\"has-text-color has-link-color wp-elements-b6dda6cccc545d842aed906be8c411bc\" style=\"color:#aa94d1\">__________<\/p>\n\n\n<div class=\"wp-block-image is-style-rounded\">\n<figure class=\"alignright size-medium\"><a href=\"https:\/\/lerevedelouise.fr\/wp-content\/uploads\/2026\/02\/les-liens-hors-du-temps.jpg\"><img loading=\"lazy\" decoding=\"async\" width=\"300\" height=\"300\" src=\"https:\/\/lerevedelouise.fr\/wp-content\/uploads\/2026\/02\/les-liens-hors-du-temps-300x300.jpg\" alt=\"\" class=\"wp-image-12598\" srcset=\"https:\/\/lerevedelouise.fr\/wp-content\/uploads\/2026\/02\/les-liens-hors-du-temps-300x300.jpg 300w, https:\/\/lerevedelouise.fr\/wp-content\/uploads\/2026\/02\/les-liens-hors-du-temps-150x150.jpg 150w, https:\/\/lerevedelouise.fr\/wp-content\/uploads\/2026\/02\/les-liens-hors-du-temps-768x768.jpg 768w, https:\/\/lerevedelouise.fr\/wp-content\/uploads\/2026\/02\/les-liens-hors-du-temps-80x80.jpg 80w, https:\/\/lerevedelouise.fr\/wp-content\/uploads\/2026\/02\/les-liens-hors-du-temps.jpg 1024w\" sizes=\"auto, (max-width: 300px) 100vw, 300px\" \/><\/a><\/figure>\n<\/div>\n\n\n<p class=\"has-text-color has-link-color has-medium-font-size wp-elements-97b115f3163ddd13a7e1255a5e90068b\" style=\"color:#aa94d1\"><em>Je n\u2019ai jamais su \u00e0 quel moment pr\u00e9cis le r\u00eave avait commenc\u00e9. Je n&rsquo;ai pas eu pas cette sensation famili\u00e8re de sombrer dans le sommeil, ni cette rupture nette entre le jour et la nuit. Ce fut plut\u00f4t un glissement. Comme si, sans m\u2019en apercevoir, j\u2019avais franchi un seuil trop souvent emprunt\u00e9 par d\u2019autres avant moi.<\/em><\/p>\n\n\n\n<p class=\"has-text-color has-link-color has-medium-font-size wp-elements-52a0dabd177b6d77938941032889f378\" style=\"color:#aa94d1\"><em>Lorsque j\u2019ouvris les yeux, la lumi\u00e8re n\u2019\u00e9tait d\u00e9j\u00e0 plus la m\u00eame. Elle \u00e9tait douce, ambr\u00e9e, l\u00e9g\u00e8rement voil\u00e9e, comme filtr\u00e9e par le temps lui-m\u00eame. Les murs autour de moi \u00e9taient hauts, recouverts d\u2019un papier peint aux motifs floraux fan\u00e9s. L\u2019air sentait la cire, le papier ancien et le bois cir\u00e9. Le silence avait une densit\u00e9 particuli\u00e8re, presque respectueuse, comme s\u2019il contenait des souvenirs en suspens.<\/em><\/p>\n\n\n\n<p class=\"has-text-color has-link-color has-medium-font-size wp-elements-577efbfa73d0440317784526b226e3fa\" style=\"color:#aa94d1\">Je compris imm\u00e9diatement que je n\u2019\u00e9tais pas dans mon \u00e9poque. Et pourtant, je ne ressentis aucune inqui\u00e9tude. Mon corps semblait reconna\u00eetre les lieux avant m\u00eame que mon esprit ne cherche \u00e0 comprendre. Le parquet craquait doucement sous mes pas, comme s\u2019il m\u2019avait d\u00e9j\u00e0 port\u00e9e autrefois. La lumi\u00e8re dor\u00e9e entrant par les fen\u00eatres \u00e9troites \u00e9voquait la fin d\u2019un apr\u00e8s-midi d\u2019automne, quelque part \u00e0 la fin du XIX\u1d49 si\u00e8cle. Ce n\u2019\u00e9tait pas une pens\u00e9e : c\u2019\u00e9tait une \u00e9vidence.<\/p>\n\n\n\n<p class=\"has-text-color has-link-color has-medium-font-size wp-elements-99f809ada8184e1c8126f92ab053b554\" style=\"color:#aa94d1\">Un vieux secr\u00e9taire en bois sombre se tenait devant moi. Un meuble massif, patin\u00e9 par les ann\u00e9es, habit\u00e9 par une pr\u00e9sence silencieuse. Je m\u2019y assis naturellement, sans h\u00e9sitation, comme si mes gestes savaient d\u00e9j\u00e0 o\u00f9 se placer. Sur le plateau reposaient un encrier, une plume, et un carnet reli\u00e9 de cuir brun.<\/p>\n\n\n\n<p class=\"has-text-color has-link-color has-medium-font-size wp-elements-01b619245905cf83dc8bda7908270b0c\" style=\"color:#aa94d1\">Mon journal.<\/p>\n\n\n\n<p class=\"has-text-color has-link-color has-medium-font-size wp-elements-ea4e572289067bfa15f731b96be9c8ab\" style=\"color:#aa94d1\">Je l\u2019ouvris avec pr\u00e9caution. Le papier jauni exhalait une odeur rassurante. Lorsque je pris la plume entre mes doigts, elle me parut \u00e9trangement famili\u00e8re. Je ne me demandai pas pourquoi je savais \u00e9crire ainsi. Certaines m\u00e9moires n\u2019ont pas besoin d\u2019\u00eatre expliqu\u00e9es.<\/p>\n\n\n\n<p class=\"has-text-color has-link-color has-medium-font-size wp-elements-04df64ac0a377c75f57ea9b9cd0fd656\" style=\"color:#aa94d1\">Un mouvement attira mon attention. Mistigri venait de sauter sur le bureau, Il n\u2019\u00e9tait ni tout \u00e0 fait le m\u00eame, ni tout \u00e0 fait diff\u00e9rent. Son pelage semblait plus sombre, son regard plus ancien. Ses yeux, d\u2019un dor\u00e9 profond, me fixaient avec cette intelligence tranquille que je lui connaissais si bien. Il s\u2019assit face \u00e0 moi, enroula sa queue autour de ses pattes et me contempla en silence.<\/p>\n\n\n\n<p class=\"has-text-color has-link-color has-medium-font-size wp-elements-733c825d5881ab543d523fbe5233bee4\" style=\"color:#aa94d1\">\u00ab\u00a0<em>Toi aussi\u00a0\u00bb, murmurai-je<\/em>.<\/p>\n\n\n\n<p class=\"has-text-color has-link-color has-medium-font-size wp-elements-60b718cd09bb8524f95c5e9853a30fb2\" style=\"color:#aa94d1\"><em>Ici, il ne miaulait pas. Il semblait exister autrement, comme s\u2019il \u00e9tait le gardien discret de ce lieu hors du temps. Une pr\u00e9sence rassurante, un rep\u00e8re.<\/em><\/p>\n\n\n\n<p class=\"has-text-color has-link-color has-medium-font-size wp-elements-1ba058006ed10b87139efc9aa240558a\" style=\"color:#aa94d1\"><em>Je posai la plume sur le papier. Les mots vinrent sans effort. Je me souvenais sans me rappeler. Je vivais dans un temps qui n\u2019\u00e9tait pas le mien, et pourtant tout en moi y trouvait sa place.<\/em><\/p>\n\n\n\n<p class=\"has-text-color has-link-color has-medium-font-size wp-elements-c0e1cf2959f344de57c828013b163921\" style=\"color:#aa94d1\"><em>\u00c0 mesure que j\u2019\u00e9crivais, la pi\u00e8ce semblait s\u2019\u00e9largir. Les murs reculaient l\u00e9g\u00e8rement, comme si l\u2019espace respirait avec moi. C\u2019est alors que je ressentis ce frisson familier. Cette sensation subtile, presque imperceptible, qui annon\u00e7ait une pr\u00e9sence aim\u00e9e.<\/em><\/p>\n\n\n\n<p class=\"has-text-color has-link-color has-medium-font-size wp-elements-46784456b8302c893f803c0a27ef09c3\" style=\"color:#aa94d1\"><em>Je n\u2019\u00e9tais plus seule. Il n\u2019apparut pas imm\u00e9diatement. Il \u00e9tait l\u00e0 comme une variation de l\u2019air, une chaleur douce derri\u00e8re mon \u00e9paule, une attention silencieuse. Mon c\u0153ur se serra sans douleur.<\/em><\/p>\n\n\n\n<p class=\"has-text-color has-link-color has-medium-font-size wp-elements-92e7b48289836925b14baa621327f136\" style=\"color:#aa94d1\"><em>Manu.<\/em><\/p>\n\n\n\n<p class=\"has-text-color has-link-color has-medium-font-size wp-elements-7c025552843aa0ca137ce40936211463\" style=\"color:#aa94d1\"><em>Je fermai les yeux un instant, la plume suspendue.<\/em><\/p>\n\n\n\n<p class=\"has-text-color has-link-color has-medium-font-size wp-elements-fe97b4a55051a11cd4b2c3427e055234\" style=\"color:#aa94d1\">\u00ab\u00a0<em>Je sais<\/em>\u00ab\u00a0, murmurai-je. \u00ab\u00a0<em>Je sais que tu es l\u00e0<\/em>\u00ab\u00a0.<\/p>\n\n\n\n<p class=\"has-text-color has-link-color has-medium-font-size wp-elements-7fce466defb805dcab1b140d825a5071\" style=\"color:#aa94d1\"><em>Lorsque je rouvris les yeux, il se tenait pr\u00e8s de la fen\u00eatre. Il \u00e9tait l\u00e9g\u00e8rement flou, comme s\u2019il appartenait davantage \u00e0 la lumi\u00e8re qu\u2019\u00e0 la mati\u00e8re. Ses traits m\u2019\u00e9taient familiers, adoucis par la clart\u00e9 s\u00e9pia qui baignait la pi\u00e8ce. Ses cheveux \u00e9taient plus courts, sa barbe discr\u00e8te. Il portait un costume ancien, parfaitement \u00e0 sa place dans cette \u00e9poque qui n\u2019\u00e9tait pourtant plus la sienne.<\/em><\/p>\n\n\n\n<p class=\"has-text-color has-link-color has-medium-font-size wp-elements-b77b54389d0face9e0f0eab63c770891\" style=\"color:#aa94d1\"><em>Il n\u2019appartenait ni au monde des vivants, ni \u00e0 celui des morts, il \u00e9tait l\u00e0, simplement.<\/em><\/p>\n\n\n\n<p class=\"has-text-color has-link-color has-medium-font-size wp-elements-ebbf2c3af7410bfd627ccbd533fea4b1\" style=\"color:#aa94d1\">\u00ab\u00a0<em>Tu \u00e9crivais encore<\/em>\u00ab\u00a0, dit-il.<\/p>\n\n\n\n<p class=\"has-text-color has-link-color has-medium-font-size wp-elements-8e803b4a616d9abc6d818b20931d9a98\" style=\"color:#aa94d1\"><em>Sa voix ne traversa pas l\u2019air. Elle r\u00e9sonna directement en moi.<\/em><\/p>\n\n\n\n<p class=\"has-text-color has-link-color has-medium-font-size wp-elements-b0edd7e019185b4eee0bbb5c5b5f2058\" style=\"color:#aa94d1\">\u00a0\u00bb <em>J\u2019\u00e9crivais pour comprendre<\/em>\u00ab\u00a0, r\u00e9pondis-je. \u00ab\u00a0<em>Ou peut-\u00eatre pour ne pas oublier ce que je n\u2019ai jamais vraiment su<\/em>\u00ab\u00a0.<\/p>\n\n\n\n<p class=\"has-text-color has-link-color has-medium-font-size wp-elements-435e7bde4eb0ecdeb57771a18ad5dcff\" style=\"color:#aa94d1\"><em>Il sourit. Ce sourire-l\u00e0 n\u2019avait jamais chang\u00e9, quelle que soit l\u2019\u00e9poque.<\/em><\/p>\n\n\n\n<p class=\"has-text-color has-link-color has-medium-font-size wp-elements-e7f0d6266c5af93c9d1b49f5a3024ab6\" style=\"color:#aa94d1\"><em>Une autre pr\u00e9sence apparut alors. Plus enracin\u00e9e, plus enveloppante. Elle portait l\u2019odeur de la lavande, la chaleur du foyer et la patience du temps.<\/em><\/p>\n\n\n\n<p class=\"has-text-color has-link-color has-medium-font-size wp-elements-1a639587e32b459a769fadf1a3aa5063\" style=\"color:#aa94d1\"><em>Grany \u00e9tait assise dans un fauteuil, pr\u00e8s du mur. Elle tricotait tranquillement, comme si la sc\u00e8ne n\u2019avait rien d\u2019extraordinaire. Ses gestes \u00e9taient lents, pr\u00e9cis. Lorsqu\u2019elle leva les yeux vers moi, son regard \u00e9tait rempli de cette sagesse tranquille qui n\u2019exige aucune explication.<\/em><\/p>\n\n\n\n<p class=\"has-text-color has-link-color has-medium-font-size wp-elements-ba9e0746c89b25a3450daa84aec6c26c\" style=\"color:#aa94d1\">\u00ab\u00a0<em>Tu vois, ma petite Souris\u00a0\u00bb, dit-elle doucement, il y a des r\u00eaves qui sont des maisons. On y revient quand l\u2019\u00e2me en a besoin.<\/em><\/p>\n\n\n\n<p class=\"has-text-color has-link-color has-medium-font-size wp-elements-f67e75b4f8bf229a1a3b2afbdfd1383e\" style=\"color:#aa94d1\"><em>Une \u00e9motion profonde me traversa. Ce n\u2019\u00e9tait pas de la tristesse. C\u2019\u00e9tait une reconnaissance.<\/em><\/p>\n\n\n\n<p class=\"has-text-color has-link-color has-medium-font-size wp-elements-85233a08e4f0c53d91d781f2696016a7\" style=\"color:#aa94d1\">\u00ab\u00a0<em>Alors ce n\u2019\u00e9tait pas juste un r\u00eave<\/em>\u00a0\u00bb ? demandai-je.<\/p>\n\n\n\n<p class=\"has-text-color has-link-color has-medium-font-size wp-elements-f855a2eb21644cdf1ba887478ebfe86f\" style=\"color:#aa94d1\"><em>Grany sourit.<\/em><\/p>\n\n\n\n<p class=\"has-text-color has-link-color has-medium-font-size wp-elements-f4cb13ab4947973fde334de3458aa34f\" style=\"color:#aa91d1\">\u00ab\u00a0<em>Le temps est une dr\u00f4le d\u2019invention. L\u2019amour, lui, n\u2019a jamais vraiment respect\u00e9 les r\u00e8gles<\/em>\u00ab\u00a0.<\/p>\n\n\n\n<p class=\"has-text-color has-link-color has-medium-font-size wp-elements-3fd9b277a58f1d0120488244487a15d7\" style=\"color:#aa94d1\"><em>Mistigri descendit du bureau et vint se frotter contre mes chevilles. Sa chaleur \u00e9tait bien r\u00e9elle. Je repris la plume.<\/em><\/p>\n\n\n\n<p class=\"has-text-color has-link-color has-medium-font-size wp-elements-e87f69330fc56f8a8b8159bead195b4f\" style=\"color:#aa94d1\"><em>Il existait des vies qui continuaient de respirer sous la peau des autres. Des liens qui changeaient de forme, mais jamais de fr\u00e9quence.<\/em><\/p>\n\n\n\n<p class=\"has-text-color has-link-color has-medium-font-size wp-elements-1a50ebb0c99a32c23a60f96864d11c17\" style=\"color:#aa94d1\"><em>Je me levai et m\u2019approchai de Manu. Il ne recula pas. Il ne s\u2019avan\u00e7a pas non plus. Il se tenait exactement \u00e0 la bonne distance, celle qui respecte les fronti\u00e8res invisibles.<\/em><\/p>\n\n\n\n<p class=\"has-text-color has-link-color has-medium-font-size wp-elements-71544bfbdfd5e0590c24551e268d82fd\" style=\"color:#aa94d1\"><em>\u00ab\u00a0Est-ce que nous nous \u00e9tions d\u00e9j\u00e0 connus ainsi\u00a0\u00bb ? demandai-je.<\/em><\/p>\n\n\n\n<p class=\"has-text-color has-link-color has-medium-font-size wp-elements-59a2e35eb7cac4baef23975f75eb1724\" style=\"color:#aa91d1\"><em>Il inclina l\u00e9g\u00e8rement la t\u00eate.<\/em><\/p>\n\n\n\n<p class=\"has-text-color has-link-color has-medium-font-size wp-elements-7a3ffc22bd42c15557cfcd6504b30e85\" style=\"color:#aa94d1\"><em>Nous avions \u00e9t\u00e9 ce que nous pouvions \u00eatre \u00e0 chaque \u00e9poque. Ami, fr\u00e8re, amour silencieux, guide. Le lien, lui, n\u2019avait jamais chang\u00e9.<\/em><\/p>\n\n\n\n<p class=\"has-text-color has-link-color has-medium-font-size wp-elements-563ec60860939e70bca2315caf7aecbb\" style=\"color:#aa94d1\"><em>Alors je compris. Cette impression de reconna\u00eetre avant de rencontrer. De perdre avant m\u00eame de tenir. Ce n\u2019\u00e9tait pas une blessure. C\u2019\u00e9tait une m\u00e9moire d\u2019\u00e2me.<\/em><\/p>\n\n\n\n<p class=\"has-text-color has-link-color has-medium-font-size wp-elements-0bcdb5d1ce62c22f6b256871c818950c\" style=\"color:#aa91d1\"><em>Grany posa une main sur mon \u00e9paule.<\/em><\/p>\n\n\n\n<p class=\"has-text-color has-link-color has-medium-font-size wp-elements-c9d62919a0fd9a1a02c33aef7e8cae2f\" style=\"color:#aa94d1\"><em>\u00ab\u00a0Tu n\u2019as pas besoin de tout porter d\u2019un coup\u00a0\u00bb, murmura-t-elle. \u00ab\u00a0Tu te souviens juste assez pour continuer\u00a0\u00bb.<\/em><\/p>\n\n\n\n<p class=\"has-text-color has-link-color has-medium-font-size wp-elements-d0ffca39efecce4e4ebcb8a3363189e7\" style=\"color:#aa94d1\"><em>La lumi\u00e8re commen\u00e7a \u00e0 changer. Les contours devinrent plus doux, plus instables. Le s\u00e9pia s\u2019\u00e9claircit lentement, comme une photographie ancienne qui s\u2019efface.<\/em><\/p>\n\n\n\n<p class=\"has-text-color has-link-color has-medium-font-size wp-elements-bd19c925ec3d7f985ef16d32ce700fd4\" style=\"color:#aa94d1\"><em>\u00ab\u00a0Est-ce que je vais oublier\u00a0\u00bb ? demandai-je.<\/em><\/p>\n\n\n\n<p class=\"has-text-color has-link-color has-medium-font-size wp-elements-d56718d65183a94275c37b6692d8ee89\" style=\"color:#aa94d1\"><em>\u00ab\u00a0Non\u00a0\u00bb, r\u00e9pondit Manu. \u00ab\u00a0Tu n&rsquo;oublieras rien, tu laisseras simplement les choses changer de forme\u00a0\u00bb.<\/em><\/p>\n\n\n\n<p class=\"has-text-color has-link-color has-medium-font-size wp-elements-ccf4b291bbe4c6e29d47a217b31a889e\" style=\"color:#aa94d1\"><em>Mistigri miaula enfin. Un son clair, pr\u00e9cis. Comme un rappel.<\/em><\/p>\n\n\n\n<p class=\"has-text-color has-link-color has-medium-font-size wp-elements-efb740ebe221b50d3dc89fd7e30dfde2\" style=\"color:#aa94d1\"><em>Je retournai au secr\u00e9taire et refermai mon journal. La plume roula doucement avant de s\u2019immobiliser. Je posai ma main sur la couverture, une derni\u00e8re fois.<\/em><\/p>\n\n\n\n<p class=\"has-text-color has-link-color has-medium-font-size wp-elements-980efc21a30ac76c9a358ba225b503e3\" style=\"color:#aa94d1\"><em>Quand je me r\u00e9veillai pour de bon, le c\u0153ur encore vibrant, je ne sus pas exactement ce que j\u2019avais r\u00eav\u00e9.<\/em><\/p>\n\n\n\n<p class=\"has-text-color has-link-color has-medium-font-size wp-elements-aa26d449fd3391a9164459b3f75577b2\" style=\"color:#aa94d1\"><em>Mais sur ma table de nuit, mon journal \u00e9tait ouvert.<\/em><\/p>\n\n\n\n<p class=\"has-text-color has-link-color has-medium-font-size wp-elements-66bdbacca7d41e85cf8f012f9e7b0f35\" style=\"color:#aa94d1\"><em>Et une phrase y \u00e9tait inscrite, d\u2019une \u00e9criture que je reconnaissais sans l\u2019avoir apprise :<\/em><\/p>\n\n\n\n<p class=\"has-text-color has-link-color has-medium-font-size wp-elements-afd6276dd044f769f6566c8ba94287d4\" style=\"color:#aa94d1\"><em>Ce qui aime ne meurt jamais. Il change seulement d\u2019\u00e9poque.<\/em><\/p>\n\n\n\n<p class=\"has-text-color has-link-color has-medium-font-size wp-elements-c43f494ff96a00ca085c63d591c1b26e\" style=\"color:#aa94d1\"><em>Mistigri dormait au pied du lit.<\/em><\/p>\n\n\n\n<p class=\"has-text-color has-link-color has-medium-font-size wp-elements-ae04c90e9e878671a0a0dcbba6bc78b1\" style=\"color:#aa94d1\"><em>Et quelque part, hors du temps, une pr\u00e9sence veillait encore.<\/em><\/p>\n\n\n\n<p class=\"has-text-color has-link-color wp-elements-b6dda6cccc545d842aed906be8c411bc\" style=\"color:#aa94d1\">__________<\/p>\n\n\n\n<figure class=\"wp-block-image size-medium\"><a href=\"https:\/\/lerevedelouise.fr\/wp-content\/uploads\/2026\/02\/les-liens-hors-du-temps-2.jpg\"><img loading=\"lazy\" decoding=\"async\" width=\"300\" height=\"300\" src=\"https:\/\/lerevedelouise.fr\/wp-content\/uploads\/2026\/02\/les-liens-hors-du-temps-2-300x300.jpg\" alt=\"\" class=\"wp-image-12642\" srcset=\"https:\/\/lerevedelouise.fr\/wp-content\/uploads\/2026\/02\/les-liens-hors-du-temps-2-300x300.jpg 300w, https:\/\/lerevedelouise.fr\/wp-content\/uploads\/2026\/02\/les-liens-hors-du-temps-2-150x150.jpg 150w, https:\/\/lerevedelouise.fr\/wp-content\/uploads\/2026\/02\/les-liens-hors-du-temps-2-768x768.jpg 768w, https:\/\/lerevedelouise.fr\/wp-content\/uploads\/2026\/02\/les-liens-hors-du-temps-2-80x80.jpg 80w, https:\/\/lerevedelouise.fr\/wp-content\/uploads\/2026\/02\/les-liens-hors-du-temps-2.jpg 1024w\" sizes=\"auto, (max-width: 300px) 100vw, 300px\" \/><\/a><\/figure>\n\n\n\n<p>Un croquis de Manu<\/p>\n\n\n\n<p class=\"has-small-font-size\"><mark style=\"background-color:rgba(0, 0, 0, 0)\" class=\"has-inline-color has-luminous-vivid-orange-color\">Auteur : Pascale \u2013 Design : Bruno<br>Toutes les illustrations et dessins du journal de Louise et de Louise sont la propri\u00e9t\u00e9 exclusive de Pascale LEBEUR<\/mark><br><strong><mark style=\"background-color:rgba(0, 0, 0, 0)\" class=\"has-inline-color has-luminous-vivid-amber-color\">\u00a9 2020-2026 Le r\u00eave de Louise<\/mark><\/strong><\/p>\n","protected":false},"excerpt":{"rendered":"<p>Mes vies ant\u00e9rieures __________ Je n\u2019ai jamais su \u00e0 quel moment pr\u00e9cis le r\u00eave avait commenc\u00e9. Je n&rsquo;ai pas eu pas cette sensation famili\u00e8re de sombrer dans le sommeil, ni cette rupture nette entre le jour et la nuit. Ce fut plut\u00f4t un glissement. Comme si, sans m\u2019en apercevoir, j\u2019avais franchi un seuil trop souvent [&hellip;]<\/p>\n","protected":false},"author":1,"featured_media":0,"parent":1703,"menu_order":6,"comment_status":"closed","ping_status":"closed","template":"","meta":{"_eb_attr":"","footnotes":""},"class_list":["post-12596","page","type-page","status-publish","hentry"],"_links":{"self":[{"href":"https:\/\/lerevedelouise.fr\/index.php\/wp-json\/wp\/v2\/pages\/12596","targetHints":{"allow":["GET"]}}],"collection":[{"href":"https:\/\/lerevedelouise.fr\/index.php\/wp-json\/wp\/v2\/pages"}],"about":[{"href":"https:\/\/lerevedelouise.fr\/index.php\/wp-json\/wp\/v2\/types\/page"}],"author":[{"embeddable":true,"href":"https:\/\/lerevedelouise.fr\/index.php\/wp-json\/wp\/v2\/users\/1"}],"replies":[{"embeddable":true,"href":"https:\/\/lerevedelouise.fr\/index.php\/wp-json\/wp\/v2\/comments?post=12596"}],"version-history":[{"count":15,"href":"https:\/\/lerevedelouise.fr\/index.php\/wp-json\/wp\/v2\/pages\/12596\/revisions"}],"predecessor-version":[{"id":12653,"href":"https:\/\/lerevedelouise.fr\/index.php\/wp-json\/wp\/v2\/pages\/12596\/revisions\/12653"}],"up":[{"embeddable":true,"href":"https:\/\/lerevedelouise.fr\/index.php\/wp-json\/wp\/v2\/pages\/1703"}],"wp:attachment":[{"href":"https:\/\/lerevedelouise.fr\/index.php\/wp-json\/wp\/v2\/media?parent=12596"}],"curies":[{"name":"wp","href":"https:\/\/api.w.org\/{rel}","templated":true}]}}