{"id":13207,"date":"2026-04-20T00:31:16","date_gmt":"2026-04-19T22:31:16","guid":{"rendered":"https:\/\/lerevedelouise.fr\/?page_id=13207"},"modified":"2026-04-20T00:31:18","modified_gmt":"2026-04-19T22:31:18","slug":"intuition-bien-etre","status":"publish","type":"page","link":"https:\/\/lerevedelouise.fr\/index.php\/intuition-bien-etre\/","title":{"rendered":"Intuition &amp; Bien \u00eatre"},"content":{"rendered":"<span class=\"span-reading-time rt-reading-time\" style=\"display: block;\"><span class=\"rt-label rt-prefix\">Temps de lecture\u00a0: <\/span> <span class=\"rt-time\"> &lt;\u00a01<\/span> <span class=\"rt-label rt-postfix\">minute<\/span><\/span>\n<p>\ud83d\udc49 d\u00e9veloppement int\u00e9rieur, \u00e9motions, \u00e9quilibre<\/p>\n\n\n\n<ul class=\"wp-block-list\">\n<li><a href=\"https:\/\/lerevedelouise.fr\/index.php\/2020\/05\/20\/5-conseils-pour-reveler-votre-intuition\/\">5 Conseils pour r\u00e9v\u00e9ler votre intuition<\/a><\/li>\n\n\n\n<li><a href=\"https:\/\/lerevedelouise.fr\/index.php\/2022\/04\/04\/6-conseils-pour-developper-votre-intuition\/\">6 conseils pour d\u00e9velopper votre intuition<\/a><\/li>\n\n\n\n<li><a href=\"https:\/\/lerevedelouise.fr\/index.php\/2023\/07\/20\/communiquez-avec-la-nature\/\">Communiquez avec la nature<\/a><\/li>\n\n\n\n<li><a href=\"https:\/\/lerevedelouise.fr\/index.php\/2020\/10\/08\/vive-la-pensee-positive\/\">Vive la pens\u00e9e positive<\/a><\/li>\n\n\n\n<li><a href=\"https:\/\/lerevedelouise.fr\/index.php\/2022\/03\/03\/une-envie-de-bonheur\/\">Une envie de bonheur<\/a><\/li>\n\n\n\n<li><a href=\"https:\/\/lerevedelouise.fr\/index.php\/2020\/06\/01\/la-perception-l-experience-du-monde\/\">La perception l\u2019exp\u00e9rience du monde<\/a><\/li>\n\n\n\n<li><a href=\"https:\/\/lerevedelouise.fr\/index.php\/2022\/04\/28\/limagination-permet-de-creer\/\">L\u2019imagination permet de cr\u00e9er<\/a><\/li>\n\n\n\n<li><a href=\"https:\/\/lerevedelouise.fr\/index.php\/2024\/05\/23\/la-maitrise-de-soi\/\">La ma\u00eetrise de soi<\/a><\/li>\n\n\n\n<li><a href=\"https:\/\/lerevedelouise.fr\/index.php\/2025\/04\/16\/organisation-et-quotidien\/\">Organisation et quotidien<\/a><\/li>\n<\/ul>\n","protected":false},"excerpt":{"rendered":"<p>\ud83d\udc49 d\u00e9veloppement int\u00e9rieur, \u00e9motions, \u00e9quilibre<\/p>\n","protected":false},"author":1,"featured_media":0,"parent":0,"menu_order":0,"comment_status":"closed","ping_status":"closed","template":"","meta":{"_eb_attr":"","footnotes":""},"class_list":["post-13207","page","type-page","status-publish","hentry"],"_links":{"self":[{"href":"https:\/\/lerevedelouise.fr\/index.php\/wp-json\/wp\/v2\/pages\/13207","targetHints":{"allow":["GET"]}}],"collection":[{"href":"https:\/\/lerevedelouise.fr\/index.php\/wp-json\/wp\/v2\/pages"}],"about":[{"href":"https:\/\/lerevedelouise.fr\/index.php\/wp-json\/wp\/v2\/types\/page"}],"author":[{"embeddable":true,"href":"https:\/\/lerevedelouise.fr\/index.php\/wp-json\/wp\/v2\/users\/1"}],"replies":[{"embeddable":true,"href":"https:\/\/lerevedelouise.fr\/index.php\/wp-json\/wp\/v2\/comments?post=13207"}],"version-history":[{"count":1,"href":"https:\/\/lerevedelouise.fr\/index.php\/wp-json\/wp\/v2\/pages\/13207\/revisions"}],"predecessor-version":[{"id":13208,"href":"https:\/\/lerevedelouise.fr\/index.php\/wp-json\/wp\/v2\/pages\/13207\/revisions\/13208"}],"wp:attachment":[{"href":"https:\/\/lerevedelouise.fr\/index.php\/wp-json\/wp\/v2\/media?parent=13207"}],"curies":[{"name":"wp","href":"https:\/\/api.w.org\/{rel}","templated":true}]}}