{"id":13277,"date":"2026-04-22T10:57:26","date_gmt":"2026-04-22T08:57:26","guid":{"rendered":"https:\/\/lerevedelouise.fr\/?page_id=13277"},"modified":"2026-04-22T14:38:55","modified_gmt":"2026-04-22T12:38:55","slug":"saison-energie","status":"publish","type":"page","link":"https:\/\/lerevedelouise.fr\/index.php\/sommaire\/saison-energie\/","title":{"rendered":"Saison &amp; Energie"},"content":{"rendered":"<span class=\"span-reading-time rt-reading-time\" style=\"display: block;\"><span class=\"rt-label rt-prefix\">Temps de lecture\u00a0: <\/span> <span class=\"rt-time\"> &lt;\u00a01<\/span> <span class=\"rt-label rt-postfix\">minute<\/span><\/span>\n<p class=\"has-medium-font-size\">\ud83d\udc49 cycles naturels, saisons, ambiance int\u00e9rieure<\/p>\n\n\n\n<ul class=\"wp-block-list has-medium-font-size\">\n<li class=\"has-medium-font-size\"><a href=\"https:\/\/lerevedelouise.fr\/index.php\/2023\/12\/01\/la-luminosite-hivernale\/\">La luminosit\u00e9 hivernale<\/a><\/li>\n\n\n\n<li class=\"has-medium-font-size\"><a href=\"https:\/\/lerevedelouise.fr\/index.php\/2026\/01\/18\/lhiver-invite-a-lecoute\/\">L\u2019hiver invite \u00e0 l\u2019\u00e9coute<\/a><\/li>\n\n\n\n<li class=\"has-medium-font-size\"><a href=\"https:\/\/lerevedelouise.fr\/index.php\/2025\/12\/08\/les-preparatifs-de-noel\/\">Les pr\u00e9paratifs de No\u00ebl<\/a><\/li>\n\n\n\n<li class=\"has-medium-font-size\"><a href=\"https:\/\/lerevedelouise.fr\/index.php\/2025\/05\/23\/relaxation-du-printemps\/\">Relaxation du printemps<\/a><\/li>\n\n\n\n<li class=\"has-medium-font-size\"><a href=\"https:\/\/lerevedelouise.fr\/index.php\/2026\/04\/14\/contempler-le-printemps\/\">Contempler le printemps<\/a><\/li>\n\n\n\n<li class=\"has-medium-font-size\"><a href=\"https:\/\/lerevedelouise.fr\/index.php\/2025\/08\/31\/la-rentree-en-relaxation\/\">La rentr\u00e9e en relaxation<\/a><\/li>\n\n\n\n<li class=\"has-medium-font-size\"><a href=\"https:\/\/lerevedelouise.fr\/index.php\/2024\/10\/05\/meditation-en-automne\/\">M\u00e9ditation en automne<\/a><\/li>\n\n\n\n<li class=\"has-medium-font-size\"><a href=\"https:\/\/lerevedelouise.fr\/index.php\/2024\/03\/29\/meditation-contre-le-stress\/\">M\u00e9ditation contre le stress<\/a><\/li>\n<\/ul>\n\n\n<div class=\"wp-block-themezee-magazine-blocks-list tz-magazine-block \"><div class=\"tz-magazine-list tz-magazine-list-50-50\"><div class=\"tz-post-wrap\"><article id=\"post-12959\" class=\"tz-magazine-post post-12959 post tz-type-post status-publish format-standard has-post-thumbnail hentry category-saison-energie tag-cycle tag-harmonie\"><div class=\"tz-post-image\"><figure class=\"tz-entry-image entry-image\"><a href=\"https:\/\/lerevedelouise.fr\/index.php\/2026\/04\/14\/contempler-le-printemps\/\" rel=\"bookmark\"><img loading=\"lazy\" decoding=\"async\" width=\"300\" height=\"200\" src=\"https:\/\/lerevedelouise.fr\/wp-content\/uploads\/2026\/04\/contempler-le-printemps-300x200.jpg\" class=\"attachment-medium size-medium wp-post-image\" alt=\"Contempler le printemps\" \/><\/a><\/figure><\/div><div class=\"tz-post-content\"><header class=\"tz-entry-header entry-header\"><h2 class=\"tz-entry-title entry-title\"><a href=\"https:\/\/lerevedelouise.fr\/index.php\/2026\/04\/14\/contempler-le-printemps\/\" rel=\"bookmark\">Contempler le printemps<\/a><\/h2><div class=\"tz-entry-meta entry-meta\"><span class=\"tz-meta-date meta-date tz-meta-field\"><a href=\"https:\/\/lerevedelouise.fr\/index.php\/2026\/04\/14\/contempler-le-printemps\/\" title=\"15 h 53 min\" rel=\"bookmark\"><time class=\"published updated\" datetime=\"2026-04-14T15:53:25+02:00\">14 avril 2026<\/time><\/a><\/span><span class=\"tz-meta-author meta-author tz-meta-field author vcard\"><a class=\"url fn n\" href=\"https:\/\/lerevedelouise.fr\/author\/admin\/\" title=\"View all posts by Pascale\" rel=\"author\">Pascale<\/a><\/span><\/div><\/header><div class=\"tz-entry-content entry-content\"><p>Sommaire Quand le printemps vous invite \u00e0 \u00e9cloreLe langage silencieux des fleursLes arbres, une sagesse enracin\u00e9eLa couleur comme porte int\u00e9rieureRalentir pour \u00e9cloreUne pratique simple pour <span class=\"tz-excerpt-more\">[&hellip;]<\/span><\/p><\/div><\/div><\/article><\/div><div class=\"tz-post-wrap\"><article id=\"post-12503\" class=\"tz-magazine-post post-12503 post tz-type-post status-publish format-standard has-post-thumbnail hentry category-saison-energie tag-cycle tag-harmonie\"><div class=\"tz-post-image\"><figure class=\"tz-entry-image entry-image\"><a href=\"https:\/\/lerevedelouise.fr\/index.php\/2026\/01\/18\/lhiver-invite-a-lecoute\/\" rel=\"bookmark\"><img loading=\"lazy\" decoding=\"async\" width=\"300\" height=\"200\" src=\"https:\/\/lerevedelouise.fr\/wp-content\/uploads\/2026\/01\/l-hiver-invite-a-l-ecoute-300x200.jpg\" class=\"attachment-medium size-medium wp-post-image\" alt=\"L&#039;hiver invite \u00e0 l&#039;\u00e9coute\" \/><\/a><\/figure><\/div><div class=\"tz-post-content\"><header class=\"tz-entry-header entry-header\"><h2 class=\"tz-entry-title entry-title\"><a href=\"https:\/\/lerevedelouise.fr\/index.php\/2026\/01\/18\/lhiver-invite-a-lecoute\/\" rel=\"bookmark\">L&rsquo;hiver invite \u00e0 l&rsquo;\u00e9coute<\/a><\/h2><div class=\"tz-entry-meta entry-meta\"><span class=\"tz-meta-date meta-date tz-meta-field\"><a href=\"https:\/\/lerevedelouise.fr\/index.php\/2026\/01\/18\/lhiver-invite-a-lecoute\/\" title=\"20 h 50 min\" rel=\"bookmark\"><time class=\"published updated\" datetime=\"2026-01-18T20:50:25+01:00\">18 janvier 2026<\/time><\/a><\/span><span class=\"tz-meta-author meta-author tz-meta-field author vcard\"><a class=\"url fn n\" href=\"https:\/\/lerevedelouise.fr\/author\/admin\/\" title=\"View all posts by Pascale\" rel=\"author\">Pascale<\/a><\/span><\/div><\/header><div class=\"tz-entry-content entry-content\"><p>SommaireEn hiver, le monde ext\u00e9rieur semble suspenduLe seuil invisible de la saisonLe silence comme langageLes r\u00eaves d\u2019hiverLe feu int\u00e9rieurSe lib\u00e9rer de l\u2019injonction du renouveauLes signes <span class=\"tz-excerpt-more\">[&hellip;]<\/span><\/p><\/div><\/div><\/article><\/div><\/div><\/div>","protected":false},"excerpt":{"rendered":"<p>\ud83d\udc49 cycles naturels, saisons, ambiance int\u00e9rieure<\/p>\n","protected":false},"author":1,"featured_media":0,"parent":412,"menu_order":0,"comment_status":"closed","ping_status":"closed","template":"","meta":{"_eb_attr":"","footnotes":""},"class_list":["post-13277","page","type-page","status-publish","hentry"],"_links":{"self":[{"href":"https:\/\/lerevedelouise.fr\/index.php\/wp-json\/wp\/v2\/pages\/13277","targetHints":{"allow":["GET"]}}],"collection":[{"href":"https:\/\/lerevedelouise.fr\/index.php\/wp-json\/wp\/v2\/pages"}],"about":[{"href":"https:\/\/lerevedelouise.fr\/index.php\/wp-json\/wp\/v2\/types\/page"}],"author":[{"embeddable":true,"href":"https:\/\/lerevedelouise.fr\/index.php\/wp-json\/wp\/v2\/users\/1"}],"replies":[{"embeddable":true,"href":"https:\/\/lerevedelouise.fr\/index.php\/wp-json\/wp\/v2\/comments?post=13277"}],"version-history":[{"count":6,"href":"https:\/\/lerevedelouise.fr\/index.php\/wp-json\/wp\/v2\/pages\/13277\/revisions"}],"predecessor-version":[{"id":13308,"href":"https:\/\/lerevedelouise.fr\/index.php\/wp-json\/wp\/v2\/pages\/13277\/revisions\/13308"}],"up":[{"embeddable":true,"href":"https:\/\/lerevedelouise.fr\/index.php\/wp-json\/wp\/v2\/pages\/412"}],"wp:attachment":[{"href":"https:\/\/lerevedelouise.fr\/index.php\/wp-json\/wp\/v2\/media?parent=13277"}],"curies":[{"name":"wp","href":"https:\/\/api.w.org\/{rel}","templated":true}]}}