{"id":1329,"date":"2020-06-03T00:19:14","date_gmt":"2020-06-02T22:19:14","guid":{"rendered":"https:\/\/lerevedelouise.fr\/?page_id=1329"},"modified":"2024-02-05T16:10:52","modified_gmt":"2024-02-05T15:10:52","slug":"case-10","status":"publish","type":"page","link":"https:\/\/lerevedelouise.fr\/index.php\/case-0\/case-10\/","title":{"rendered":"Case 10"},"content":{"rendered":"<span class=\"span-reading-time rt-reading-time\" style=\"display: block;\"><span class=\"rt-label rt-prefix\">Temps de lecture\u00a0: <\/span> <span class=\"rt-time\"> &lt;\u00a01<\/span> <span class=\"rt-label rt-postfix\">minute<\/span><\/span>\n<h4 class=\"wp-block-heading\"><span style=\"color:#d7760e\" class=\"has-inline-color\">Le coquillage<\/span><\/h4>\n\n\n\n<div class=\"wp-block-image\"><figure class=\"aligncenter size-medium\"><a href=\"https:\/\/lerevedelouise.fr\/wp-content\/uploads\/2020\/06\/coquillage.jpg\"><img loading=\"lazy\" decoding=\"async\" width=\"300\" height=\"225\" src=\"https:\/\/lerevedelouise.fr\/wp-content\/uploads\/2020\/06\/coquillage-300x225.jpg\" alt=\"\" class=\"wp-image-1331\" srcset=\"https:\/\/lerevedelouise.fr\/wp-content\/uploads\/2020\/06\/coquillage-300x225.jpg 300w, https:\/\/lerevedelouise.fr\/wp-content\/uploads\/2020\/06\/coquillage-600x450.jpg 600w, https:\/\/lerevedelouise.fr\/wp-content\/uploads\/2020\/06\/coquillage-1024x768.jpg 1024w, https:\/\/lerevedelouise.fr\/wp-content\/uploads\/2020\/06\/coquillage-768x576.jpg 768w, https:\/\/lerevedelouise.fr\/wp-content\/uploads\/2020\/06\/coquillage.jpg 1280w\" sizes=\"auto, (max-width: 300px) 100vw, 300px\" \/><\/a><\/figure><\/div>\n\n\n\n<p>Le symbole qui s&rsquo;y rattache, c&rsquo;est \u00e9videmment celui de la spirale. Ce n&rsquo;est donc pas son analogie avec la spirale  que l&rsquo;on verra ici. Le coquillage et la coquille ont souvent \u00e9t\u00e9 employ\u00e9s par nos anc\u00eatres pour figurer l&rsquo;\u00e2me contenue dans l&rsquo;enveloppe corporelle.<\/p>\n\n\n\n<h4 class=\"wp-block-heading\"><span style=\"color:#d7760e\" class=\"has-inline-color\">Signification<\/span><\/h4>\n\n\n\n<p>Si vous faites une halte sur cette case c&rsquo;est que vous avez quelques pr\u00e9occupations m\u00e9taphysiques ou des \u00e9tats d&rsquo;\u00e2me. Mais gr\u00e2ce \u00e0 vos efforts et \u00e0 vos initiatives personnelles, ce coquillage peut \u00eatre aussi en ce qui vous concerne, une promesse de richesses, de prosp\u00e9rit\u00e9, de satisfaction, de plaisirs. Et m\u00eame l&rsquo;occasion qu&rsquo;il saura vous donner de r\u00e9aliser, cr\u00e9er ou faire quelque chose de neuf ou de nouveau, d&rsquo;in\u00e9dit dans votre vie. <\/p>\n\n\n\n<p class=\"has-small-font-size\"><span style=\"color:#d7760e\" class=\"has-inline-color\">Image par : <\/span> <a href=\"https:\/\/pixabay.com\/fr\/users\/manfredrichter-4055600\/?utm_source=link-attribution&amp;utm_medium=referral&amp;utm_campaign=image&amp;utm_content=2479374\" target=\"_blank\" rel=\"noreferrer noopener\">Manfred Richter<\/a> <span style=\"color:#d7760e\" class=\"has-inline-color\">de<\/span> <a href=\"https:\/\/pixabay.com\/fr\/\" target=\"_blank\" rel=\"noreferrer noopener\">Pixabay<\/a><\/p>\n\n\n\n<p class=\"has-small-font-size\"><span style=\"color:#d7760e\" class=\"has-inline-color\">Source :<\/span> <a href=\"https:\/\/www.hachette-collections.com\/fr-fr\/?gclid=CjwKCAjw8J32BRBCEiwApQEKgdiFVIkH2wypRsYiCjhK4KTn5ifV_DR1FX_lAZt9mKdtG8ksfXzYzxoCfegQAvD_BwE\" target=\"_blank\" rel=\"noreferrer noopener\">les arts divina<em>toires \u2013 Hachette Collection<\/em><\/a><\/p>\n","protected":false},"excerpt":{"rendered":"<p>Le coquillage Le symbole qui s&rsquo;y rattache, c&rsquo;est \u00e9videmment celui de la spirale. Ce n&rsquo;est donc pas son analogie avec la spirale que l&rsquo;on verra ici. Le coquillage et la coquille ont souvent \u00e9t\u00e9 employ\u00e9s par nos anc\u00eatres pour figurer l&rsquo;\u00e2me contenue dans l&rsquo;enveloppe corporelle. Signification Si vous faites une halte sur cette case c&rsquo;est [&hellip;]<\/p>\n","protected":false},"author":1,"featured_media":0,"parent":480,"menu_order":10,"comment_status":"closed","ping_status":"closed","template":"","meta":{"_eb_attr":"","footnotes":""},"class_list":["post-1329","page","type-page","status-publish","hentry"],"_links":{"self":[{"href":"https:\/\/lerevedelouise.fr\/index.php\/wp-json\/wp\/v2\/pages\/1329","targetHints":{"allow":["GET"]}}],"collection":[{"href":"https:\/\/lerevedelouise.fr\/index.php\/wp-json\/wp\/v2\/pages"}],"about":[{"href":"https:\/\/lerevedelouise.fr\/index.php\/wp-json\/wp\/v2\/types\/page"}],"author":[{"embeddable":true,"href":"https:\/\/lerevedelouise.fr\/index.php\/wp-json\/wp\/v2\/users\/1"}],"replies":[{"embeddable":true,"href":"https:\/\/lerevedelouise.fr\/index.php\/wp-json\/wp\/v2\/comments?post=1329"}],"version-history":[{"count":10,"href":"https:\/\/lerevedelouise.fr\/index.php\/wp-json\/wp\/v2\/pages\/1329\/revisions"}],"predecessor-version":[{"id":4278,"href":"https:\/\/lerevedelouise.fr\/index.php\/wp-json\/wp\/v2\/pages\/1329\/revisions\/4278"}],"up":[{"embeddable":true,"href":"https:\/\/lerevedelouise.fr\/index.php\/wp-json\/wp\/v2\/pages\/480"}],"wp:attachment":[{"href":"https:\/\/lerevedelouise.fr\/index.php\/wp-json\/wp\/v2\/media?parent=1329"}],"curies":[{"name":"wp","href":"https:\/\/api.w.org\/{rel}","templated":true}]}}