{"id":13418,"date":"2026-04-25T15:59:24","date_gmt":"2026-04-25T13:59:24","guid":{"rendered":"https:\/\/lerevedelouise.fr\/?page_id=13418"},"modified":"2026-04-25T16:09:30","modified_gmt":"2026-04-25T14:09:30","slug":"mythe-archetype","status":"publish","type":"page","link":"https:\/\/lerevedelouise.fr\/index.php\/sommaire\/mythe-archetype\/","title":{"rendered":"Mythe &amp; Arch\u00e9type"},"content":{"rendered":"<span class=\"span-reading-time rt-reading-time\" style=\"display: block;\"><span class=\"rt-label rt-prefix\">Temps de lecture\u00a0: <\/span> <span class=\"rt-time\"> &lt;\u00a01<\/span> <span class=\"rt-label rt-postfix\">minute<\/span><\/span>\n<ul class=\"wp-block-list\">\n<li><a href=\"https:\/\/lerevedelouise.fr\/index.php\/2026\/04\/25\/larchetype-du-feu\/\">L&rsquo;arch\u00e9type du Feu<\/a><\/li>\n<\/ul>\n\n\n<div class=\"wp-block-themezee-magazine-blocks-list tz-magazine-block \"><div class=\"tz-magazine-list tz-magazine-list-50-50\"><div class=\"tz-post-wrap\"><article id=\"post-13408\" class=\"tz-magazine-post post-13408 post tz-type-post status-publish format-standard has-post-thumbnail hentry category-mythe-archetype tag-heritage tag-sagesse\"><div class=\"tz-post-image\"><figure class=\"tz-entry-image entry-image\"><a href=\"https:\/\/lerevedelouise.fr\/index.php\/2026\/04\/25\/larchetype-du-feu\/\" rel=\"bookmark\"><img loading=\"lazy\" decoding=\"async\" width=\"300\" height=\"200\" src=\"https:\/\/lerevedelouise.fr\/wp-content\/uploads\/2026\/04\/l-archetype-du-feu-300x200.jpg\" class=\"attachment-medium size-medium wp-post-image\" alt=\"L&#039;arch\u00e9type du Feu\" \/><\/a><\/figure><\/div><div class=\"tz-post-content\"><header class=\"tz-entry-header entry-header\"><h2 class=\"tz-entry-title entry-title\"><a href=\"https:\/\/lerevedelouise.fr\/index.php\/2026\/04\/25\/larchetype-du-feu\/\" rel=\"bookmark\">L&rsquo;arch\u00e9type du Feu<\/a><\/h2><div class=\"tz-entry-meta entry-meta\"><span class=\"tz-meta-date meta-date tz-meta-field\"><a href=\"https:\/\/lerevedelouise.fr\/index.php\/2026\/04\/25\/larchetype-du-feu\/\" title=\"15 h 55 min\" rel=\"bookmark\"><time class=\"published updated\" datetime=\"2026-04-25T15:55:05+02:00\">25 avril 2026<\/time><\/a><\/span><span class=\"tz-meta-author meta-author tz-meta-field author vcard\"><a class=\"url fn n\" href=\"https:\/\/lerevedelouise.fr\/author\/admin\/\" title=\"View all posts by Pascale\" rel=\"author\">Pascale<\/a><\/span><\/div><\/header><div class=\"tz-entry-content entry-content\"><p>SommaireLe Feu, puissance de transformation et de renaissanceLe principe de transformationLa lumi\u00e8re de la conscienceLa volont\u00e9 et l\u2019\u00e9lan vitalLe feu sacr\u00e9 du c\u0153urLa destruction n\u00e9cessaireLes <span class=\"tz-excerpt-more\">[&hellip;]<\/span><\/p><\/div><\/div><\/article><\/div><\/div><\/div>","protected":false},"excerpt":{"rendered":"","protected":false},"author":1,"featured_media":0,"parent":412,"menu_order":0,"comment_status":"closed","ping_status":"closed","template":"","meta":{"_eb_attr":"","footnotes":""},"class_list":["post-13418","page","type-page","status-publish","hentry"],"_links":{"self":[{"href":"https:\/\/lerevedelouise.fr\/index.php\/wp-json\/wp\/v2\/pages\/13418","targetHints":{"allow":["GET"]}}],"collection":[{"href":"https:\/\/lerevedelouise.fr\/index.php\/wp-json\/wp\/v2\/pages"}],"about":[{"href":"https:\/\/lerevedelouise.fr\/index.php\/wp-json\/wp\/v2\/types\/page"}],"author":[{"embeddable":true,"href":"https:\/\/lerevedelouise.fr\/index.php\/wp-json\/wp\/v2\/users\/1"}],"replies":[{"embeddable":true,"href":"https:\/\/lerevedelouise.fr\/index.php\/wp-json\/wp\/v2\/comments?post=13418"}],"version-history":[{"count":4,"href":"https:\/\/lerevedelouise.fr\/index.php\/wp-json\/wp\/v2\/pages\/13418\/revisions"}],"predecessor-version":[{"id":13424,"href":"https:\/\/lerevedelouise.fr\/index.php\/wp-json\/wp\/v2\/pages\/13418\/revisions\/13424"}],"up":[{"embeddable":true,"href":"https:\/\/lerevedelouise.fr\/index.php\/wp-json\/wp\/v2\/pages\/412"}],"wp:attachment":[{"href":"https:\/\/lerevedelouise.fr\/index.php\/wp-json\/wp\/v2\/media?parent=13418"}],"curies":[{"name":"wp","href":"https:\/\/api.w.org\/{rel}","templated":true}]}}