{"id":1365,"date":"2020-06-03T15:35:39","date_gmt":"2020-06-03T13:35:39","guid":{"rendered":"https:\/\/lerevedelouise.fr\/?page_id=1365"},"modified":"2024-11-06T17:12:33","modified_gmt":"2024-11-06T16:12:33","slug":"le-mat-avec-le-tarot","status":"publish","type":"page","link":"https:\/\/lerevedelouise.fr\/index.php\/le-mat-avec-le-tarot\/","title":{"rendered":"Le Mat avec le Tarot"},"content":{"rendered":"<span class=\"span-reading-time rt-reading-time\" style=\"display: block;\"><span class=\"rt-label rt-prefix\">Temps de lecture\u00a0: <\/span> <span class=\"rt-time\"> 2<\/span> <span class=\"rt-label rt-postfix\">minutes<\/span><\/span>\n<h2 class=\"wp-block-heading\"><mark style=\"background-color:rgba(0, 0, 0, 0);color:#d7760e\" class=\"has-inline-color\">Description<\/mark><\/h2>\n\n\n<div class=\"wp-block-image is-style-default\">\n<figure class=\"aligncenter size-medium\"><a href=\"https:\/\/lerevedelouise.fr\/wp-content\/uploads\/2022\/04\/0-Le-Mat.jpg\"><img loading=\"lazy\" decoding=\"async\" width=\"186\" height=\"300\" src=\"https:\/\/lerevedelouise.fr\/wp-content\/uploads\/2022\/04\/0-Le-Mat-186x300.jpg\" alt=\"\" class=\"wp-image-6497\" srcset=\"https:\/\/lerevedelouise.fr\/wp-content\/uploads\/2022\/04\/0-Le-Mat-186x300.jpg 186w, https:\/\/lerevedelouise.fr\/wp-content\/uploads\/2022\/04\/0-Le-Mat.jpg 339w\" sizes=\"auto, (max-width: 186px) 100vw, 186px\" \/><\/a><\/figure>\n<\/div>\n\n\n<p class=\"has-medium-font-size\">Le Mat symbolise un \u00e9tat primordial \u00e9ternel, la source originelle dont chacun d\u2019entre nous est issu. C\u2019est un personnage qui marche, un voyageur, un p\u00e8lerin accompagn\u00e9 par un fid\u00e8le compagnon. Le Mat n\u2019a pas peur de se lancer dans son p\u00e9riple, il se sent l\u00e9ger et m\u00eame pr\u00eat \u00e0 d\u00e9fier la gravit\u00e9. Il se moque de ce que l\u2019on pense de lui, il n\u2019est pas dans l\u2019apparence. Il voyage tranquillement sans se pr\u00e9occuper de son devenir, il se laisse guider par son intuition et son b\u00e2ton sur lequel il peut s\u2019appuyer en cas de d\u00e9faillance. Il ira jusqu\u2019au bout pour atteindre son but. Pour tout bagages il porte un baluchon dans lequel sont enferm\u00e9s des objets myst\u00e9rieux et les secrets de ses exp\u00e9riences. Dans son p\u00e9riple au regard des autres, il peut montrer son extr\u00eame sagesse ou son extr\u00eame folie. Car, il veut aussi rester libre et sans attache, mais avec une grande ouverture d\u2019esprit et de g\u00e9n\u00e9rosit\u00e9 envers les gens qu\u2019il rencontre. Le Mat est un illusionniste, un r\u00eaveur celui qui exp\u00e9rimente, il est \u00e0 la fois l\u2019Alpha et l\u2019Om\u00e9ga.<\/p>\n\n\n\n<h2 class=\"wp-block-heading\"><mark style=\"background-color:rgba(0, 0, 0, 0);color:#d7760e\" class=\"has-inline-color\">Symbolisme<\/mark><\/h2>\n\n\n\n<ul class=\"wp-block-list\">\n<li>Le chien : il est reli\u00e9 \u00e0 la loyaut\u00e9 et la vigilance, c\u2019est un gardien, un protecteur. Il est aussi le gardien des portes de l\u2019au-del\u00e0.<\/li>\n\n\n\n<li class=\"has-medium-font-size\">Le b\u00e2ton : c\u2019est celui sur lequel on s\u2019appuie pour avancer et en qui on fait confiance.<\/li>\n\n\n\n<li class=\"has-medium-font-size\">Le sac : permet de transporter en s\u00e9curit\u00e9 des objets, des secrets.<\/li>\n\n\n\n<li class=\"has-medium-font-size\">La rose : est le symbole de l\u2019\u00e9quilibre et de l\u2019harmonie. Elle exprime la promesse de renouveau et d\u2019espoir. <a href=\"https:\/\/fr.wikipedia.org\/wiki\/Rose_mystique\" target=\"_blank\" rel=\"noreferrer noopener\">La rose blanche <\/a>repr\u00e9sente aussi l\u2019\u0153uvre blanche des alchimistes.<\/li>\n\n\n\n<li class=\"has-medium-font-size\">Le soleil : est un principe masculin actif, il repr\u00e9sente le pouvoir, mais aussi l\u2019int\u00e9rieur de tout ce qui gravite autour.<\/li>\n<\/ul>\n\n\n\n<h2 class=\"wp-block-heading\"><mark style=\"background-color:rgba(0, 0, 0, 0);color:#d7760e\" class=\"has-inline-color\">M\u00e9ditation avec le Mat<\/mark><\/h2>\n\n\n\n<p class=\"has-medium-font-size\">Si vous choisissez l\u2019Arcane du Mat, vous devez vous impr\u00e9gner de sa l\u00e9g\u00e8ret\u00e9 et de son insouciance. Vous devez vous imaginer entrain de rire et de danser. Vous devez laisser la joie envahir votre corps et votre esprit. Laissez entrer en vous un bien \u00eatre de libert\u00e9 et de s\u00e9r\u00e9nit\u00e9.<\/p>\n\n\n\n<p class=\"has-medium-font-size\">Quand vous doutez, ce petit exercice pourra vous aider \u00e0 mieux vous concentrer sur vos objectifs et atteindre avec plus de patience les buts que vous vous \u00eates fix\u00e9s.<\/p>\n\n\n\n<p class=\"has-small-font-size\"><mark style=\"background-color:rgba(0, 0, 0, 0);color:#d7760e\" class=\"has-inline-color\">Le Tarot du Rider-Waite<\/mark><\/p>\n","protected":false},"excerpt":{"rendered":"<p>Description Le Mat symbolise un \u00e9tat primordial \u00e9ternel, la source originelle dont chacun d\u2019entre nous est issu. C\u2019est un personnage qui marche, un voyageur, un p\u00e8lerin accompagn\u00e9 par un fid\u00e8le compagnon. Le Mat n\u2019a pas peur de se lancer dans son p\u00e9riple, il se sent l\u00e9ger et m\u00eame pr\u00eat \u00e0 d\u00e9fier la gravit\u00e9. Il se [&hellip;]<\/p>\n","protected":false},"author":1,"featured_media":0,"parent":0,"menu_order":0,"comment_status":"closed","ping_status":"closed","template":"","meta":{"_eb_attr":"","footnotes":""},"class_list":["post-1365","page","type-page","status-publish","hentry"],"_links":{"self":[{"href":"https:\/\/lerevedelouise.fr\/index.php\/wp-json\/wp\/v2\/pages\/1365","targetHints":{"allow":["GET"]}}],"collection":[{"href":"https:\/\/lerevedelouise.fr\/index.php\/wp-json\/wp\/v2\/pages"}],"about":[{"href":"https:\/\/lerevedelouise.fr\/index.php\/wp-json\/wp\/v2\/types\/page"}],"author":[{"embeddable":true,"href":"https:\/\/lerevedelouise.fr\/index.php\/wp-json\/wp\/v2\/users\/1"}],"replies":[{"embeddable":true,"href":"https:\/\/lerevedelouise.fr\/index.php\/wp-json\/wp\/v2\/comments?post=1365"}],"version-history":[{"count":18,"href":"https:\/\/lerevedelouise.fr\/index.php\/wp-json\/wp\/v2\/pages\/1365\/revisions"}],"predecessor-version":[{"id":10457,"href":"https:\/\/lerevedelouise.fr\/index.php\/wp-json\/wp\/v2\/pages\/1365\/revisions\/10457"}],"wp:attachment":[{"href":"https:\/\/lerevedelouise.fr\/index.php\/wp-json\/wp\/v2\/media?parent=1365"}],"curies":[{"name":"wp","href":"https:\/\/api.w.org\/{rel}","templated":true}]}}