{"id":1373,"date":"2020-06-03T16:13:29","date_gmt":"2020-06-03T14:13:29","guid":{"rendered":"https:\/\/lerevedelouise.fr\/?page_id=1373"},"modified":"2022-04-12T14:03:31","modified_gmt":"2022-04-12T12:03:31","slug":"le-bateleur-avec-le-tarot","status":"publish","type":"page","link":"https:\/\/lerevedelouise.fr\/index.php\/le-mat-avec-le-tarot\/le-bateleur-avec-le-tarot\/","title":{"rendered":"Le Bateleur avec le Tarot"},"content":{"rendered":"<span class=\"span-reading-time rt-reading-time\" style=\"display: block;\"><span class=\"rt-label rt-prefix\">Temps de lecture\u00a0: <\/span> <span class=\"rt-time\"> 3<\/span> <span class=\"rt-label rt-postfix\">minutes<\/span><\/span>\n<h2 class=\"wp-block-heading\"><mark style=\"background-color:rgba(0, 0, 0, 0);color:#d7760e\" class=\"has-inline-color\">Description<\/mark><\/h2>\n\n\n\n<div class=\"wp-block-image is-style-rounded\"><figure class=\"alignleft size-thumbnail\"><a href=\"https:\/\/lerevedelouise.fr\/wp-content\/uploads\/2022\/04\/1-Le-Bateleur.jpg\"><img loading=\"lazy\" decoding=\"async\" width=\"150\" height=\"150\" src=\"https:\/\/lerevedelouise.fr\/wp-content\/uploads\/2022\/04\/1-Le-Bateleur-150x150.jpg\" alt=\"\" class=\"wp-image-6499\" srcset=\"https:\/\/lerevedelouise.fr\/wp-content\/uploads\/2022\/04\/1-Le-Bateleur-150x150.jpg 150w, https:\/\/lerevedelouise.fr\/wp-content\/uploads\/2022\/04\/1-Le-Bateleur-100x100.jpg 100w, https:\/\/lerevedelouise.fr\/wp-content\/uploads\/2022\/04\/1-Le-Bateleur-80x80.jpg 80w\" sizes=\"auto, (max-width: 150px) 100vw, 150px\" \/><\/a><\/figure><\/div>\n\n\n\n<p>Le Bateleur symbolise un \u00e9tat d\u2019illusion, la cr\u00e9ativit\u00e9 dont chacun d\u2019entre nous est capable. C\u2019est un personnage dynamique et entreprenant qui ose prendre des risques dans la vie. Il a une intelligence vive et spontan\u00e9e toujours en qu\u00eate de nouveaut\u00e9s, sont esprit est souple et sa parole est persuasive. On le voit se tenir debout solidement camp\u00e9 sur ses deux pieds, cette apparence exprime l\u2019individualit\u00e9, la responsabilit\u00e9 et la libert\u00e9. Devant lui sur une table plusieurs objets se trouvent \u00e0 sa disposition. Ces objets repr\u00e9sentent les \u00e9nergies avec lesquelles il va travailler, le B\u00e2ton l\u2019\u00e9nergie du Feu, la Coupe l\u2019\u00e9nergie de l\u2019Eau, L&rsquo;\u00c9p\u00e9e l\u2019\u00e9nergie de l\u2019Air et le Denier l\u2019\u00e9nergie de la Terre. Avec ces quatre \u00e9nergies qui repr\u00e9sentent aussi les quatre \u00e9l\u00e9ments primordiaux, le Bateleur d\u00e9tient le potentiel de cr\u00e9ation. Et c\u2019est avec la vivacit\u00e9 et la souplesse de son esprit qu\u2019il va m\u00e9langer et harmoniser ces quatre \u00e9nergies. Cette transformation est symbolis\u00e9e par le mouvement de ses bras qui relient le ciel avec la terre. Maintenant tout est possible, il devient prestidigitateur, il peut d\u00e8s \u00e0 pr\u00e9sent se projeter sur des id\u00e9es nouvelles et devenir le cr\u00e9ateur de tout ce qui va se pr\u00e9senter sur son chemin. Il est \u00e0 la fois la volont\u00e9 de r\u00e9aliser et de se r\u00e9aliser.<\/p>\n\n\n\n<h2 class=\"wp-block-heading\"><mark style=\"background-color:rgba(0, 0, 0, 0);color:#d7760e\" class=\"has-inline-color\">Symbolisme<\/mark><\/h2>\n\n\n\n<ul class=\"wp-block-list\"><li>La baguette : symbolise le pouvoir magique, le feu de l\u2019autorit\u00e9, l\u2019axe du monde.<\/li><li>La table : c\u2019est un principe unificateur, son symbolisme le rattachement \u00e0 l\u2019autel des sacrifices et \u00e0 la sc\u00e8ne du th\u00e9\u00e2tre. Elle est le lieu d\u2019\u00e9change entre l\u2019homme et l\u2019univers.<\/li><li>L\u2019\u00c9p\u00e9e est l\u2019image de l\u2019activit\u00e9 mentale et de l\u2019intelligence qui d\u00e9cortique, s\u00e9pare pour cr\u00e9er de nouveaux liens.<\/li><li>Le Denier est le reflet du principe fondamental, d\u2019une notion d\u2019\u00e9change et de la r\u00e9alisation.<\/li><li>La Coupe : elle catalyse les v\u00e9rit\u00e9s spirituelles, elle peut contenir, elle symbolise l\u2019op\u00e9ration des mutations.<\/li><li>Le B\u00e2ton : symbolise la puissance de la cr\u00e9ativit\u00e9, de l\u2019intuition et de la vitalit\u00e9.<\/li><li>La lemniscate (symbole math\u00e9matique de l\u2019infini) : qui montre l\u2019infini potentiel du Bateleur, mais aussi que tout est encore \u00e0 faire et \u00e0 apprendre. La lemniscate symbolise \u00e9galement la loi d\u2019<a href=\"https:\/\/fr.wikipedia.org\/wiki\/Herm%C3%A8s_Trism%C3%A9giste\" target=\"_blank\" rel=\"noreferrer noopener\">Herm\u00e8s Trism\u00e9giste<\/a> <em>\u00ab&nbsp;ce qui est en haut est comme ce qui est en bas et ce qui est en bas est comme ce qui est en haut pour accomplir les miracles d\u2019une seule chose&nbsp;\u00bb<\/em>.<\/li><\/ul>\n\n\n\n<h2 class=\"wp-block-heading\"><mark style=\"background-color:rgba(0, 0, 0, 0);color:#d7760e\" class=\"has-inline-color\">M\u00e9ditation avec le Bateleur<\/mark><\/h2>\n\n\n\n<p>Si vous choisissez l\u2019Arcane du Bateleur, vous devez vous impr\u00e9gnez de sa cr\u00e9ativit\u00e9 et de sa spontan\u00e9it\u00e9. Dans un premier temps vous devez ramener votre attention sur vous-m\u00eame. Puis, dans un deuxi\u00e8me temps contemplez tout ce qui vous entoure et ressentir votre propre pr\u00e9sence. L\u00e2chez prise, ne pensez \u00e0 rien, contentez-vous de sentir que vous existez et que vous pouvez ma\u00eetriser pour quelques minutes votre espace et votre temps.<\/p>\n\n\n\n<p>Quand vous doutez, ce petit exercice pourra vous aider \u00e0 mieux ma\u00eetriser votre esprit cr\u00e9atif et laisser libre cours \u00e0 vos envies et \u00e0 vos r\u00eaves, car vous pouvez vous aussi devenir cr\u00e9ateur de votre propre r\u00e9alit\u00e9.<\/p>\n\n\n\n<p class=\"has-small-font-size\"><mark style=\"background-color:rgba(0, 0, 0, 0);color:#d7760e\" class=\"has-inline-color\">Le Tarot du Rider-Waite<\/mark><\/p>\n","protected":false},"excerpt":{"rendered":"<p>Description Le Bateleur symbolise un \u00e9tat d\u2019illusion, la cr\u00e9ativit\u00e9 dont chacun d\u2019entre nous est capable. C\u2019est un personnage dynamique et entreprenant qui ose prendre des risques dans la vie. Il a une intelligence vive et spontan\u00e9e toujours en qu\u00eate de nouveaut\u00e9s, sont esprit est souple et sa parole est persuasive. On le voit se tenir [&hellip;]<\/p>\n","protected":false},"author":1,"featured_media":0,"parent":1365,"menu_order":0,"comment_status":"closed","ping_status":"closed","template":"","meta":{"_eb_attr":"","footnotes":""},"class_list":["post-1373","page","type-page","status-publish","hentry"],"_links":{"self":[{"href":"https:\/\/lerevedelouise.fr\/index.php\/wp-json\/wp\/v2\/pages\/1373","targetHints":{"allow":["GET"]}}],"collection":[{"href":"https:\/\/lerevedelouise.fr\/index.php\/wp-json\/wp\/v2\/pages"}],"about":[{"href":"https:\/\/lerevedelouise.fr\/index.php\/wp-json\/wp\/v2\/types\/page"}],"author":[{"embeddable":true,"href":"https:\/\/lerevedelouise.fr\/index.php\/wp-json\/wp\/v2\/users\/1"}],"replies":[{"embeddable":true,"href":"https:\/\/lerevedelouise.fr\/index.php\/wp-json\/wp\/v2\/comments?post=1373"}],"version-history":[{"count":9,"href":"https:\/\/lerevedelouise.fr\/index.php\/wp-json\/wp\/v2\/pages\/1373\/revisions"}],"predecessor-version":[{"id":6519,"href":"https:\/\/lerevedelouise.fr\/index.php\/wp-json\/wp\/v2\/pages\/1373\/revisions\/6519"}],"up":[{"embeddable":true,"href":"https:\/\/lerevedelouise.fr\/index.php\/wp-json\/wp\/v2\/pages\/1365"}],"wp:attachment":[{"href":"https:\/\/lerevedelouise.fr\/index.php\/wp-json\/wp\/v2\/media?parent=1373"}],"curies":[{"name":"wp","href":"https:\/\/api.w.org\/{rel}","templated":true}]}}