{"id":1377,"date":"2020-06-03T17:22:49","date_gmt":"2020-06-03T15:22:49","guid":{"rendered":"https:\/\/lerevedelouise.fr\/?page_id=1377"},"modified":"2024-02-05T16:12:33","modified_gmt":"2024-02-05T15:12:33","slug":"cycle-1-de-parcours-et-dinterpretation","status":"publish","type":"page","link":"https:\/\/lerevedelouise.fr\/index.php\/cycle-1-de-parcours-et-dinterpretation\/","title":{"rendered":"Cycle 1 de parcours et d&rsquo;interpr\u00e9tation"},"content":{"rendered":"<span class=\"span-reading-time rt-reading-time\" style=\"display: block;\"><span class=\"rt-label rt-prefix\">Temps de lecture\u00a0: <\/span> <span class=\"rt-time\"> 3<\/span> <span class=\"rt-label rt-postfix\">minutes<\/span><\/span>\n<p class=\"has-text-align-right\" style=\"font-size:15px\"><a href=\"https:\/\/lerevedelouise.fr\/index.php\/cycle-1-de-parcours-et-dinterpretation\/cycle-2-de-parcours-et-dinterpretation\/\">Parcours et cycle 2 d&rsquo;interpr\u00e9tation <\/a><\/p>\n\n\n\n<div class=\"wp-block-columns is-layout-flex wp-container-core-columns-is-layout-9d6595d7 wp-block-columns-is-layout-flex\">\n<div class=\"wp-block-column is-layout-flow wp-block-column-is-layout-flow\">\n<h6 class=\"wp-block-heading\"><mark style=\"background-color:rgba(0, 0, 0, 0);color:#d7760e\" class=\"has-inline-color\">Case 1<\/mark><\/h6>\n\n\n\n<div class=\"wp-block-image\"><figure class=\"aligncenter size-thumbnail\"><img loading=\"lazy\" decoding=\"async\" width=\"150\" height=\"150\" src=\"https:\/\/lerevedelouise.fr\/wp-content\/uploads\/2020\/05\/dragon-150x150.jpg\" alt=\"Jeu de l'oie\" class=\"wp-image-549\" srcset=\"https:\/\/lerevedelouise.fr\/wp-content\/uploads\/2020\/05\/dragon-150x150.jpg 150w, https:\/\/lerevedelouise.fr\/wp-content\/uploads\/2020\/05\/dragon-100x100.jpg 100w, https:\/\/lerevedelouise.fr\/wp-content\/uploads\/2020\/05\/dragon-80x80.jpg 80w\" sizes=\"auto, (max-width: 150px) 100vw, 150px\" \/><\/figure><\/div>\n\n\n\n<h6 class=\"wp-block-heading\"><mark style=\"background-color:rgba(0, 0, 0, 0);color:#d7760e\" class=\"has-inline-color\">Le dragon<\/mark><\/h6>\n\n\n\n<p>C&rsquo;est un symbole d&rsquo;\u00e9nergies primordiales et instinctives, qui peuvent \u00eatre \u00e0 la fois cr\u00e9atrices et destructrices. Le dragon vous montre&#8230; <a href=\"https:\/\/lerevedelouise.fr\/index.php\/case-0\/case-1\/\">Lire la suite<\/a><\/p>\n<\/div>\n\n\n\n<div class=\"wp-block-column is-layout-flow wp-block-column-is-layout-flow\">\n<h6 class=\"wp-block-heading\"><mark style=\"background-color:rgba(0, 0, 0, 0);color:#d7760e\" class=\"has-inline-color\">Case 2<\/mark><\/h6>\n\n\n\n<div class=\"wp-block-image\"><figure class=\"aligncenter size-thumbnail\"><img loading=\"lazy\" decoding=\"async\" width=\"150\" height=\"150\" src=\"https:\/\/lerevedelouise.fr\/wp-content\/uploads\/2020\/05\/for\u00eat-150x150.jpg\" alt=\"Jeu de l'oie\" class=\"wp-image-552\" srcset=\"https:\/\/lerevedelouise.fr\/wp-content\/uploads\/2020\/05\/for\u00eat-150x150.jpg 150w, https:\/\/lerevedelouise.fr\/wp-content\/uploads\/2020\/05\/for\u00eat-100x100.jpg 100w, https:\/\/lerevedelouise.fr\/wp-content\/uploads\/2020\/05\/for\u00eat-600x600.jpg 600w, https:\/\/lerevedelouise.fr\/wp-content\/uploads\/2020\/05\/for\u00eat-300x300.jpg 300w, https:\/\/lerevedelouise.fr\/wp-content\/uploads\/2020\/05\/for\u00eat-1024x1024.jpg 1024w, https:\/\/lerevedelouise.fr\/wp-content\/uploads\/2020\/05\/for\u00eat-768x768.jpg 768w, https:\/\/lerevedelouise.fr\/wp-content\/uploads\/2020\/05\/for\u00eat-80x80.jpg 80w, https:\/\/lerevedelouise.fr\/wp-content\/uploads\/2020\/05\/for\u00eat.jpg 1280w\" sizes=\"auto, (max-width: 150px) 100vw, 150px\" \/><\/figure><\/div>\n\n\n\n<h6 class=\"wp-block-heading\"><mark style=\"background-color:rgba(0, 0, 0, 0);color:#d7760e\" class=\"has-inline-color\">La for\u00eat<\/mark><\/h6>\n\n\n\n<p>La for\u00eat symbolise les myst\u00e8res de la nature sauvage et par analogie tout ce qui est enfoui, cach\u00e9, dissimul\u00e9 au fond de vous&#8230; <a href=\"https:\/\/lerevedelouise.fr\/index.php\/case-0\/case-2\/\">Lire la suite<\/a><\/p>\n<\/div>\n\n\n\n<div class=\"wp-block-column is-layout-flow wp-block-column-is-layout-flow\">\n<h6 class=\"wp-block-heading\"><mark style=\"background-color:rgba(0, 0, 0, 0);color:#d7760e\" class=\"has-inline-color\">Case 3<\/mark><\/h6>\n\n\n\n<div class=\"wp-block-image\"><figure class=\"aligncenter size-thumbnail\"><img loading=\"lazy\" decoding=\"async\" width=\"150\" height=\"150\" src=\"https:\/\/lerevedelouise.fr\/wp-content\/uploads\/2020\/05\/Mon-arbre-150x150.jpg\" alt=\"Le journal de Louise\" class=\"wp-image-79\" srcset=\"https:\/\/lerevedelouise.fr\/wp-content\/uploads\/2020\/05\/Mon-arbre-150x150.jpg 150w, https:\/\/lerevedelouise.fr\/wp-content\/uploads\/2020\/05\/Mon-arbre-100x100.jpg 100w\" sizes=\"auto, (max-width: 150px) 100vw, 150px\" \/><\/figure><\/div>\n\n\n\n<h6 class=\"has-text-color wp-block-heading\" style=\"color:#d7760e\">L&rsquo;arbre<\/h6>\n\n\n\n<p>L&rsquo;arbre est le symbole de la vie, de l&rsquo;axe du monde, de l&rsquo;\u00eatre humain dont la t\u00eate est plong\u00e9e dans la terre et les pieds tourn\u00e9s&#8230; <a href=\"https:\/\/lerevedelouise.fr\/index.php\/case-0\/case-3\/\">Lire la suite<\/a><\/p>\n<\/div>\n<\/div>\n\n\n\n<div class=\"wp-block-columns is-layout-flex wp-container-core-columns-is-layout-9d6595d7 wp-block-columns-is-layout-flex\">\n<div class=\"wp-block-column is-layout-flow wp-block-column-is-layout-flow\">\n<h6 class=\"wp-block-heading\"><mark style=\"background-color:rgba(0, 0, 0, 0);color:#d7760e\" class=\"has-inline-color\">Case 4 <\/mark><\/h6>\n\n\n\n<div class=\"wp-block-image\"><figure class=\"aligncenter size-thumbnail\"><img loading=\"lazy\" decoding=\"async\" width=\"150\" height=\"150\" src=\"https:\/\/lerevedelouise.fr\/wp-content\/uploads\/2020\/05\/tour-150x150.jpg\" alt=\"Le journal de Louise\" class=\"wp-image-649\" srcset=\"https:\/\/lerevedelouise.fr\/wp-content\/uploads\/2020\/05\/tour-150x150.jpg 150w, https:\/\/lerevedelouise.fr\/wp-content\/uploads\/2020\/05\/tour-100x100.jpg 100w, https:\/\/lerevedelouise.fr\/wp-content\/uploads\/2020\/05\/tour-80x80.jpg 80w\" sizes=\"auto, (max-width: 150px) 100vw, 150px\" \/><\/figure><\/div>\n\n\n\n<h6 class=\"wp-block-heading\"><mark style=\"background-color:rgba(0, 0, 0, 0);color:#d7760e\" class=\"has-inline-color\">La tour<\/mark><\/h6>\n\n\n\n<p>Il s&rsquo;agit d&rsquo;un symbole de vigilance et d&rsquo;orgueil. En premier lieu, on a la tour dress\u00e9e pour pouvoir guetter et surveiller ce qui se passe&#8230; <a href=\"https:\/\/lerevedelouise.fr\/index.php\/case-4\/\">Lire la suite<\/a><\/p>\n<\/div>\n\n\n\n<div class=\"wp-block-column is-layout-flow wp-block-column-is-layout-flow\">\n<h6 class=\"wp-block-heading\"><mark style=\"background-color:rgba(0, 0, 0, 0);color:#d7760e\" class=\"has-inline-color\">Case 5 <\/mark><\/h6>\n\n\n\n<div class=\"wp-block-image\"><figure class=\"aligncenter size-thumbnail\"><img loading=\"lazy\" decoding=\"async\" width=\"150\" height=\"150\" src=\"https:\/\/lerevedelouise.fr\/wp-content\/uploads\/2020\/05\/grotte-150x150.jpg\" alt=\"Jeu de l'oie\" class=\"wp-image-673\" srcset=\"https:\/\/lerevedelouise.fr\/wp-content\/uploads\/2020\/05\/grotte-150x150.jpg 150w, https:\/\/lerevedelouise.fr\/wp-content\/uploads\/2020\/05\/grotte-100x100.jpg 100w, https:\/\/lerevedelouise.fr\/wp-content\/uploads\/2020\/05\/grotte-80x80.jpg 80w\" sizes=\"auto, (max-width: 150px) 100vw, 150px\" \/><\/figure><\/div>\n\n\n\n<h6 class=\"wp-block-heading\"><mark style=\"background-color:rgba(0, 0, 0, 0);color:#d7760e\" class=\"has-inline-color\">La grotte<\/mark><\/h6>\n\n\n\n<p>On a souvent vu dans la grotte un refuge, l\u2019endroit o\u00f9 les hommes et les femmes de la pr\u00e9histoire vivaient pour se mettre&#8230; <a href=\"https:\/\/lerevedelouise.fr\/index.php\/case-0\/case-5\/\">Lire la suite<\/a><\/p>\n<\/div>\n\n\n\n<div class=\"wp-block-column is-layout-flow wp-block-column-is-layout-flow\">\n<h6 class=\"wp-block-heading\"><mark style=\"background-color:rgba(0, 0, 0, 0);color:#d7760e\" class=\"has-inline-color\">Case 6 <\/mark><\/h6>\n\n\n\n<div class=\"wp-block-image\"><figure class=\"aligncenter size-thumbnail\"><img loading=\"lazy\" decoding=\"async\" width=\"150\" height=\"150\" src=\"https:\/\/lerevedelouise.fr\/wp-content\/uploads\/2020\/05\/aigle-150x150.jpg\" alt=\"Jeu de l'oie\" class=\"wp-image-682\" srcset=\"https:\/\/lerevedelouise.fr\/wp-content\/uploads\/2020\/05\/aigle-150x150.jpg 150w, https:\/\/lerevedelouise.fr\/wp-content\/uploads\/2020\/05\/aigle-100x100.jpg 100w, https:\/\/lerevedelouise.fr\/wp-content\/uploads\/2020\/05\/aigle-80x80.jpg 80w\" sizes=\"auto, (max-width: 150px) 100vw, 150px\" \/><\/figure><\/div>\n\n\n\n<h6 class=\"wp-block-heading\"><mark style=\"background-color:rgba(0, 0, 0, 0);color:#d7760e\" class=\"has-inline-color\">L&rsquo;aigle<\/mark><\/h6>\n\n\n\n<p>L\u2019aigle a symboliquement le r\u00f4le de guide, de protecteur qu\u2019il joue d\u2019ailleurs avec noblesse. Il a une force quasi invincible et la&#8230; <a href=\"https:\/\/lerevedelouise.fr\/index.php\/case-0\/case-6\/\">Lire la suite<\/a><\/p>\n<\/div>\n<\/div>\n\n\n\n<div class=\"wp-block-columns is-layout-flex wp-container-core-columns-is-layout-9d6595d7 wp-block-columns-is-layout-flex\">\n<div class=\"wp-block-column is-layout-flow wp-block-column-is-layout-flow\">\n<h6 class=\"wp-block-heading\"><mark style=\"background-color:rgba(0, 0, 0, 0);color:#d7760e\" class=\"has-inline-color\">Case 7<\/mark><\/h6>\n\n\n\n<div class=\"wp-block-image\"><figure class=\"aligncenter size-thumbnail\"><img loading=\"lazy\" decoding=\"async\" width=\"150\" height=\"150\" src=\"https:\/\/lerevedelouise.fr\/wp-content\/uploads\/2020\/05\/boeuf-et-belier-150x150.jpg\" alt=\"Jeu de l'oie\" class=\"wp-image-999\" srcset=\"https:\/\/lerevedelouise.fr\/wp-content\/uploads\/2020\/05\/boeuf-et-belier-150x150.jpg 150w, https:\/\/lerevedelouise.fr\/wp-content\/uploads\/2020\/05\/boeuf-et-belier-100x100.jpg 100w, https:\/\/lerevedelouise.fr\/wp-content\/uploads\/2020\/05\/boeuf-et-belier-80x80.jpg 80w\" sizes=\"auto, (max-width: 150px) 100vw, 150px\" \/><\/figure><\/div>\n\n\n\n<h6 class=\"wp-block-heading\"><mark style=\"background-color:rgba(0, 0, 0, 0);color:#d7760e\" class=\"has-inline-color\">Le b\u0153uf et le b\u00e9lier<\/mark><\/h6>\n\n\n\n<p>ll semble bien qu\u2019\u00e0 l\u2019origine, l\u2019image repr\u00e9sent\u00e9e ici \u00e9tait celle de l\u2019\u00e9table qui comme chacun sait, devint un symbole chr\u00e9tien&#8230;<a href=\"https:\/\/lerevedelouise.fr\/index.php\/case-0\/case-7\/\"> Lire la suite<\/a><\/p>\n<\/div>\n\n\n\n<div class=\"wp-block-column is-layout-flow wp-block-column-is-layout-flow\">\n<h6 class=\"wp-block-heading\"><mark style=\"background-color:rgba(0, 0, 0, 0);color:#d7760e\" class=\"has-inline-color\">Case 8<\/mark><\/h6>\n\n\n\n<div class=\"wp-block-image\"><figure class=\"aligncenter size-thumbnail\"><img loading=\"lazy\" decoding=\"async\" width=\"150\" height=\"150\" src=\"https:\/\/lerevedelouise.fr\/wp-content\/uploads\/2020\/05\/lion-150x150.jpg\" alt=\"Jeu de l'oie\" class=\"wp-image-788\" srcset=\"https:\/\/lerevedelouise.fr\/wp-content\/uploads\/2020\/05\/lion-150x150.jpg 150w, https:\/\/lerevedelouise.fr\/wp-content\/uploads\/2020\/05\/lion-100x100.jpg 100w, https:\/\/lerevedelouise.fr\/wp-content\/uploads\/2020\/05\/lion-80x80.jpg 80w\" sizes=\"auto, (max-width: 150px) 100vw, 150px\" \/><\/figure><\/div>\n\n\n\n<h6 class=\"wp-block-heading\"><mark style=\"background-color:rgba(0, 0, 0, 0);color:#d7760e\" class=\"has-inline-color\">Le lion<\/mark><\/h6>\n\n\n\n<p>C&rsquo;est un symbole de force, de puissance et de supr\u00e9matie. Le lion repr\u00e9sente le pouvoir moral, mat\u00e9riel, social ou politique&#8230; <a href=\"https:\/\/lerevedelouise.fr\/index.php\/case-0\/case-8\/\">Lire la suite<\/a><\/p>\n<\/div>\n\n\n\n<div class=\"wp-block-column is-layout-flow wp-block-column-is-layout-flow\">\n<h6 class=\"wp-block-heading\"><mark style=\"background-color:rgba(0, 0, 0, 0);color:#d7760e\" class=\"has-inline-color\">Case 9<\/mark><\/h6>\n\n\n\n<div class=\"wp-block-image\"><figure class=\"aligncenter size-thumbnail\"><img loading=\"lazy\" decoding=\"async\" width=\"150\" height=\"150\" src=\"https:\/\/lerevedelouise.fr\/wp-content\/uploads\/2020\/05\/oie-blanche-1-1-150x150.jpg\" alt=\"Jeu de l'oie\" class=\"wp-image-829\" srcset=\"https:\/\/lerevedelouise.fr\/wp-content\/uploads\/2020\/05\/oie-blanche-1-1-150x150.jpg 150w, https:\/\/lerevedelouise.fr\/wp-content\/uploads\/2020\/05\/oie-blanche-1-1-100x100.jpg 100w, https:\/\/lerevedelouise.fr\/wp-content\/uploads\/2020\/05\/oie-blanche-1-1-80x80.jpg 80w\" sizes=\"auto, (max-width: 150px) 100vw, 150px\" \/><\/figure><\/div>\n\n\n\n<h6 class=\"wp-block-heading\"><mark style=\"background-color:rgba(0, 0, 0, 0);color:#d7760e\" class=\"has-inline-color\">La premi\u00e8re Oie<\/mark><\/h6>\n\n\n\n<p>A chaque d\u00e9but de cycle une oie appara\u00eet, il y en a 7 dans le jeu de l\u2019oie. Chacune d\u2019elles a une signification particuli\u00e8re\u2026<a href=\"https:\/\/lerevedelouise.fr\/index.php\/case-0\/case-9\/\"> Lire la suite<\/a><\/p>\n<\/div>\n<\/div>\n\n\n\n<p style=\"font-size:15px\"><a href=\"https:\/\/lerevedelouise.fr\/index.php\/cycle-1-de-parcours-et-dinterpretation\/cycle-2-de-parcours-et-dinterpretation\/\">Parcours et cycle 2 d\u2019interpr\u00e9tation<\/a><\/p>\n","protected":false},"excerpt":{"rendered":"<p>Parcours et cycle 2 d&rsquo;interpr\u00e9tation Case 1 Le dragon C&rsquo;est un symbole d&rsquo;\u00e9nergies primordiales et instinctives, qui peuvent \u00eatre \u00e0 la fois cr\u00e9atrices et destructrices. Le dragon vous montre&#8230; Lire la suite Case 2 La for\u00eat La for\u00eat symbolise les myst\u00e8res de la nature sauvage et par analogie tout ce qui est enfoui, cach\u00e9, dissimul\u00e9 [&hellip;]<\/p>\n","protected":false},"author":1,"featured_media":0,"parent":0,"menu_order":1,"comment_status":"closed","ping_status":"closed","template":"","meta":{"_eb_attr":"","footnotes":""},"class_list":["post-1377","page","type-page","status-publish","hentry"],"_links":{"self":[{"href":"https:\/\/lerevedelouise.fr\/index.php\/wp-json\/wp\/v2\/pages\/1377","targetHints":{"allow":["GET"]}}],"collection":[{"href":"https:\/\/lerevedelouise.fr\/index.php\/wp-json\/wp\/v2\/pages"}],"about":[{"href":"https:\/\/lerevedelouise.fr\/index.php\/wp-json\/wp\/v2\/types\/page"}],"author":[{"embeddable":true,"href":"https:\/\/lerevedelouise.fr\/index.php\/wp-json\/wp\/v2\/users\/1"}],"replies":[{"embeddable":true,"href":"https:\/\/lerevedelouise.fr\/index.php\/wp-json\/wp\/v2\/comments?post=1377"}],"version-history":[{"count":25,"href":"https:\/\/lerevedelouise.fr\/index.php\/wp-json\/wp\/v2\/pages\/1377\/revisions"}],"predecessor-version":[{"id":7626,"href":"https:\/\/lerevedelouise.fr\/index.php\/wp-json\/wp\/v2\/pages\/1377\/revisions\/7626"}],"wp:attachment":[{"href":"https:\/\/lerevedelouise.fr\/index.php\/wp-json\/wp\/v2\/media?parent=1377"}],"curies":[{"name":"wp","href":"https:\/\/api.w.org\/{rel}","templated":true}]}}