{"id":1381,"date":"2020-06-03T17:36:37","date_gmt":"2020-06-03T15:36:37","guid":{"rendered":"https:\/\/lerevedelouise.fr\/?page_id=1381"},"modified":"2024-02-05T16:15:01","modified_gmt":"2024-02-05T15:15:01","slug":"cycle-2-de-parcours-et-dinterpretation","status":"publish","type":"page","link":"https:\/\/lerevedelouise.fr\/index.php\/cycle-1-de-parcours-et-dinterpretation\/cycle-2-de-parcours-et-dinterpretation\/","title":{"rendered":"Cycle 2 de parcours et d&rsquo;interpr\u00e9tation"},"content":{"rendered":"<span class=\"span-reading-time rt-reading-time\" style=\"display: block;\"><span class=\"rt-label rt-prefix\">Temps de lecture\u00a0: <\/span> <span class=\"rt-time\"> 3<\/span> <span class=\"rt-label rt-postfix\">minutes<\/span><\/span>\n<p class=\"has-text-align-right\" style=\"font-size:15px\"><a href=\"https:\/\/lerevedelouise.fr\/index.php\/cycle-1-de-parcours-et-dinterpretation\/cycle-3-de-parcours-et-dinterpretation\/\">Parcours et cycle 3 d&rsquo;interpr\u00e9tation <\/a><\/p>\n\n\n\n<div class=\"wp-block-columns is-layout-flex wp-container-core-columns-is-layout-9d6595d7 wp-block-columns-is-layout-flex\">\n<div class=\"wp-block-column is-layout-flow wp-block-column-is-layout-flow\">\n<h6 class=\"wp-block-heading\"><mark style=\"background-color:rgba(0, 0, 0, 0);color:#d7760e\" class=\"has-inline-color\">Case 10<\/mark><\/h6>\n\n\n\n<div class=\"wp-block-image\"><figure class=\"aligncenter size-thumbnail\"><img loading=\"lazy\" decoding=\"async\" width=\"150\" height=\"150\" src=\"https:\/\/lerevedelouise.fr\/wp-content\/uploads\/2020\/06\/coquillage-150x150.jpg\" alt=\"Jeu de l'oie\" class=\"wp-image-1331\" srcset=\"https:\/\/lerevedelouise.fr\/wp-content\/uploads\/2020\/06\/coquillage-150x150.jpg 150w, https:\/\/lerevedelouise.fr\/wp-content\/uploads\/2020\/06\/coquillage-100x100.jpg 100w, https:\/\/lerevedelouise.fr\/wp-content\/uploads\/2020\/06\/coquillage-80x80.jpg 80w, https:\/\/lerevedelouise.fr\/wp-content\/uploads\/2020\/06\/coquillage-320x320.jpg 320w\" sizes=\"auto, (max-width: 150px) 100vw, 150px\" \/><\/figure><\/div>\n\n\n\n<h6 class=\"wp-block-heading\"><mark style=\"background-color:rgba(0, 0, 0, 0);color:#d7760e\" class=\"has-inline-color\">Le coquillage<\/mark><\/h6>\n\n\n\n<p>Le symbole qui s\u2019y rattache, c\u2019est \u00e9videmment celui de la spirale. Ce n\u2019est donc pas son analogie avec la spirale que l\u2019on verra ici. Le coquillage&#8230; <a href=\"https:\/\/lerevedelouise.fr\/index.php\/case-10\/\">Lire la suite<\/a><\/p>\n<\/div>\n\n\n\n<div class=\"wp-block-column is-layout-flow wp-block-column-is-layout-flow\">\n<h6 class=\"wp-block-heading\"><mark style=\"background-color:rgba(0, 0, 0, 0);color:#d7760e\" class=\"has-inline-color\">Case 11<\/mark><\/h6>\n\n\n\n<div class=\"wp-block-image\"><figure class=\"aligncenter size-thumbnail\"><img loading=\"lazy\" decoding=\"async\" width=\"150\" height=\"150\" src=\"https:\/\/lerevedelouise.fr\/wp-content\/uploads\/2020\/06\/oreille-150x150.jpg\" alt=\"Jeu de l'oie\" class=\"wp-image-1421\" srcset=\"https:\/\/lerevedelouise.fr\/wp-content\/uploads\/2020\/06\/oreille-150x150.jpg 150w, https:\/\/lerevedelouise.fr\/wp-content\/uploads\/2020\/06\/oreille-100x100.jpg 100w, https:\/\/lerevedelouise.fr\/wp-content\/uploads\/2020\/06\/oreille-80x80.jpg 80w, https:\/\/lerevedelouise.fr\/wp-content\/uploads\/2020\/06\/oreille-320x320.jpg 320w\" sizes=\"auto, (max-width: 150px) 100vw, 150px\" \/><\/figure><\/div>\n\n\n\n<h6 class=\"wp-block-heading\"><mark style=\"background-color:rgba(0, 0, 0, 0);color:#d7760e\" class=\"has-inline-color\">L&rsquo;oreille<\/mark><\/h6>\n\n\n\n<p>C\u2019est bien s\u00fbr un symbole de perception, avant toute chose. C\u2019est en effet par l\u2019oreille que l\u2019on per\u00e7oit les sons et les bruits ext\u00e9rieurs&#8230; <a href=\"https:\/\/lerevedelouise.fr\/index.php\/case-0\/case-11\/\">Lire la suite<\/a><\/p>\n<\/div>\n\n\n\n<div class=\"wp-block-column is-layout-flow wp-block-column-is-layout-flow\">\n<h6 class=\"wp-block-heading\"><mark style=\"background-color:rgba(0, 0, 0, 0);color:#d7760e\" class=\"has-inline-color\">Case 12<\/mark><\/h6>\n\n\n\n<div class=\"wp-block-image\"><figure class=\"aligncenter size-thumbnail\"><img loading=\"lazy\" decoding=\"async\" width=\"150\" height=\"150\" src=\"https:\/\/lerevedelouise.fr\/wp-content\/uploads\/2020\/06\/balance-150x150.jpg\" alt=\"Jeu de l'oie\" class=\"wp-image-1436\" srcset=\"https:\/\/lerevedelouise.fr\/wp-content\/uploads\/2020\/06\/balance-150x150.jpg 150w, https:\/\/lerevedelouise.fr\/wp-content\/uploads\/2020\/06\/balance-100x100.jpg 100w, https:\/\/lerevedelouise.fr\/wp-content\/uploads\/2020\/06\/balance-80x80.jpg 80w, https:\/\/lerevedelouise.fr\/wp-content\/uploads\/2020\/06\/balance-320x320.jpg 320w\" sizes=\"auto, (max-width: 150px) 100vw, 150px\" \/><\/figure><\/div>\n\n\n\n<h6 class=\"wp-block-heading\"><mark style=\"background-color:rgba(0, 0, 0, 0);color:#d7760e\" class=\"has-inline-color\">La balance<\/mark><\/h6>\n\n\n\n<p>C&rsquo;est bien s\u00fbr un symbole de justice, depuis la plus haute Antiquit\u00e9. Comme elle figure aussi bien la justice divine, immanente, que la&#8230; <a href=\"https:\/\/lerevedelouise.fr\/index.php\/case-0\/case-12\/\">Lire la sui<\/a><\/p>\n<\/div>\n<\/div>\n\n\n\n<div class=\"wp-block-columns is-layout-flex wp-container-core-columns-is-layout-9d6595d7 wp-block-columns-is-layout-flex\">\n<div class=\"wp-block-column is-layout-flow wp-block-column-is-layout-flow\">\n<h6 class=\"wp-block-heading\"><mark style=\"background-color:rgba(0, 0, 0, 0);color:#d7760e\" class=\"has-inline-color\">Case 13 <\/mark><\/h6>\n\n\n\n<div class=\"wp-block-image\"><figure class=\"aligncenter size-thumbnail\"><img loading=\"lazy\" decoding=\"async\" width=\"150\" height=\"150\" src=\"https:\/\/lerevedelouise.fr\/wp-content\/uploads\/2020\/06\/epee-150x150.jpg\" alt=\"Jeu de l'oie\" class=\"wp-image-1631\" srcset=\"https:\/\/lerevedelouise.fr\/wp-content\/uploads\/2020\/06\/epee-150x150.jpg 150w, https:\/\/lerevedelouise.fr\/wp-content\/uploads\/2020\/06\/epee-100x100.jpg 100w, https:\/\/lerevedelouise.fr\/wp-content\/uploads\/2020\/06\/epee-80x80.jpg 80w, https:\/\/lerevedelouise.fr\/wp-content\/uploads\/2020\/06\/epee-320x320.jpg 320w\" sizes=\"auto, (max-width: 150px) 100vw, 150px\" \/><\/figure><\/div>\n\n\n\n<h6 class=\"wp-block-heading\"><mark style=\"background-color:rgba(0, 0, 0, 0);color:#d7760e\" class=\"has-inline-color\">L&rsquo;\u00e9p\u00e9e<\/mark><\/h6>\n\n\n\n<p>C&rsquo;est l&rsquo;arme noble, l&rsquo;arme du juste par excellence. Il faut moins voir, dans la symbolique s&rsquo;y rattachant, une image de la lutte&#8230; <a href=\"https:\/\/lerevedelouise.fr\/index.php\/case-0\/case-13\/\">Lire la suite<\/a><\/p>\n<\/div>\n\n\n\n<div class=\"wp-block-column is-layout-flow wp-block-column-is-layout-flow\">\n<h6 class=\"wp-block-heading\"><mark style=\"background-color:rgba(0, 0, 0, 0);color:#d7760e\" class=\"has-inline-color\">Case 14<\/mark><\/h6>\n\n\n\n<div class=\"wp-block-image\"><figure class=\"aligncenter size-thumbnail\"><img loading=\"lazy\" decoding=\"async\" width=\"150\" height=\"150\" src=\"https:\/\/lerevedelouise.fr\/wp-content\/uploads\/2020\/06\/toile-araign\u00e9e-150x150.jpg\" alt=\"Jeu de l'oie\" class=\"wp-image-1733\" srcset=\"https:\/\/lerevedelouise.fr\/wp-content\/uploads\/2020\/06\/toile-araign\u00e9e-150x150.jpg 150w, https:\/\/lerevedelouise.fr\/wp-content\/uploads\/2020\/06\/toile-araign\u00e9e-100x100.jpg 100w, https:\/\/lerevedelouise.fr\/wp-content\/uploads\/2020\/06\/toile-araign\u00e9e-80x80.jpg 80w, https:\/\/lerevedelouise.fr\/wp-content\/uploads\/2020\/06\/toile-araign\u00e9e-320x320.jpg 320w\" sizes=\"auto, (max-width: 150px) 100vw, 150px\" \/><\/figure><\/div>\n\n\n\n<h6 class=\"wp-block-heading\"><mark style=\"background-color:rgba(0, 0, 0, 0);color:#d7760e\" class=\"has-inline-color\">La toile d&rsquo;araign\u00e9e<\/mark><\/h6>\n\n\n\n<p>Cette merveilleuse construction, pur produit de la nature, pr\u00e9sente de nombreuses analogies symboliques avec le&#8230; <a href=\"https:\/\/lerevedelouise.fr\/index.php\/case-0\/case-14\/\">Lire la suite<\/a><\/p>\n<\/div>\n\n\n\n<div class=\"wp-block-column is-layout-flow wp-block-column-is-layout-flow\">\n<h6 class=\"wp-block-heading\"><mark style=\"background-color:rgba(0, 0, 0, 0);color:#d7760e\" class=\"has-inline-color\">Case 15<\/mark><\/h6>\n\n\n\n<div class=\"wp-block-image\"><figure class=\"aligncenter size-thumbnail\"><img loading=\"lazy\" decoding=\"async\" width=\"150\" height=\"150\" src=\"https:\/\/lerevedelouise.fr\/wp-content\/uploads\/2020\/06\/cheval-blanc-150x150.jpg\" alt=\"Jeu de l'oie\" class=\"wp-image-2046\" srcset=\"https:\/\/lerevedelouise.fr\/wp-content\/uploads\/2020\/06\/cheval-blanc-150x150.jpg 150w, https:\/\/lerevedelouise.fr\/wp-content\/uploads\/2020\/06\/cheval-blanc-100x100.jpg 100w, https:\/\/lerevedelouise.fr\/wp-content\/uploads\/2020\/06\/cheval-blanc-80x80.jpg 80w, https:\/\/lerevedelouise.fr\/wp-content\/uploads\/2020\/06\/cheval-blanc-320x320.jpg 320w\" sizes=\"auto, (max-width: 150px) 100vw, 150px\" \/><\/figure><\/div>\n\n\n\n<h6 class=\"wp-block-heading\"><mark style=\"background-color:rgba(0, 0, 0, 0);color:#d7760e\" class=\"has-inline-color\">Le cheval blanc<\/mark><\/h6>\n\n\n\n<p>La symbolique de ce superbe animal est d\u2019une grande richesse et tr\u00e8s contrast\u00e9e. C\u2019est la raison pour laquelle 3 chevaux figurent&#8230; <a href=\"https:\/\/lerevedelouise.fr\/index.php\/case-0\/case-15\/\">Lire la suite<\/a><\/p>\n<\/div>\n<\/div>\n\n\n\n<div class=\"wp-block-columns is-layout-flex wp-container-core-columns-is-layout-9d6595d7 wp-block-columns-is-layout-flex\">\n<div class=\"wp-block-column is-layout-flow wp-block-column-is-layout-flow\">\n<h6 class=\"wp-block-heading\"><mark style=\"background-color:rgba(0, 0, 0, 0);color:#d7760e\" class=\"has-inline-color\">Case 16<\/mark><\/h6>\n\n\n\n<div class=\"wp-block-image\"><figure class=\"aligncenter size-thumbnail\"><img loading=\"lazy\" decoding=\"async\" width=\"150\" height=\"150\" src=\"https:\/\/lerevedelouise.fr\/wp-content\/uploads\/2020\/06\/cheval-noir-150x150.jpg\" alt=\"Jeu de l'oie\" class=\"wp-image-2077\" srcset=\"https:\/\/lerevedelouise.fr\/wp-content\/uploads\/2020\/06\/cheval-noir-150x150.jpg 150w, https:\/\/lerevedelouise.fr\/wp-content\/uploads\/2020\/06\/cheval-noir-100x100.jpg 100w, https:\/\/lerevedelouise.fr\/wp-content\/uploads\/2020\/06\/cheval-noir-80x80.jpg 80w, https:\/\/lerevedelouise.fr\/wp-content\/uploads\/2020\/06\/cheval-noir-320x320.jpg 320w\" sizes=\"auto, (max-width: 150px) 100vw, 150px\" \/><\/figure><\/div>\n\n\n\n<h6 class=\"wp-block-heading\"><mark style=\"background-color:rgba(0, 0, 0, 0);color:#d7760e\" class=\"has-inline-color\">Le cheval noir<\/mark><\/h6>\n\n\n\n<p>Bien s\u00fbr, le sens symbolique se rattachant au cheval est identique au cheval blanc. Mais, comme il est indiqu\u00e9 ici, il s\u2019agit cette fois&#8230; <a href=\"https:\/\/lerevedelouise.fr\/index.php\/case-0\/case-16\/\">Lire la suite<\/a><\/p>\n<\/div>\n\n\n\n<div class=\"wp-block-column is-layout-flow wp-block-column-is-layout-flow\">\n<h6 class=\"wp-block-heading\"><mark style=\"background-color:rgba(0, 0, 0, 0);color:#d7760e\" class=\"has-inline-color\">Case 17<\/mark><\/h6>\n\n\n\n<div class=\"wp-block-image\"><figure class=\"aligncenter size-thumbnail\"><img loading=\"lazy\" decoding=\"async\" width=\"150\" height=\"150\" src=\"https:\/\/lerevedelouise.fr\/wp-content\/uploads\/2020\/06\/cheval-aile-150x150.jpg\" alt=\"Jeu de l'oie\" class=\"wp-image-2366\" srcset=\"https:\/\/lerevedelouise.fr\/wp-content\/uploads\/2020\/06\/cheval-aile-150x150.jpg 150w, https:\/\/lerevedelouise.fr\/wp-content\/uploads\/2020\/06\/cheval-aile-100x100.jpg 100w, https:\/\/lerevedelouise.fr\/wp-content\/uploads\/2020\/06\/cheval-aile-80x80.jpg 80w\" sizes=\"auto, (max-width: 150px) 100vw, 150px\" \/><\/figure><\/div>\n\n\n\n<h6 class=\"wp-block-heading\"><mark style=\"background-color:rgba(0, 0, 0, 0);color:#d7760e\" class=\"has-inline-color\">Le cheval ail\u00e9<\/mark><\/h6>\n\n\n\n<p>Dans certaines l\u00e9gendes de la mythologie grecque, un cheval ail\u00e9 appara\u00eet. Il a le nom de P\u00e9gase, ce qui signifie le cheval&#8230; <a href=\"https:\/\/lerevedelouise.fr\/index.php\/case-0\/case-17\/\">Lire la suite<\/a><\/p>\n<\/div>\n\n\n\n<div class=\"wp-block-column is-layout-flow wp-block-column-is-layout-flow\">\n<h6 class=\"wp-block-heading\"><mark style=\"background-color:rgba(0, 0, 0, 0);color:#d7760e\" class=\"has-inline-color\">Case 18<\/mark><\/h6>\n\n\n\n<div class=\"wp-block-image\"><figure class=\"aligncenter size-thumbnail\"><img loading=\"lazy\" decoding=\"async\" width=\"150\" height=\"150\" src=\"https:\/\/lerevedelouise.fr\/wp-content\/uploads\/2023\/12\/oie-2-150x150.jpg\" alt=\"\" class=\"wp-image-8500\" srcset=\"https:\/\/lerevedelouise.fr\/wp-content\/uploads\/2023\/12\/oie-2-150x150.jpg 150w, https:\/\/lerevedelouise.fr\/wp-content\/uploads\/2023\/12\/oie-2-80x80.jpg 80w\" sizes=\"auto, (max-width: 150px) 100vw, 150px\" \/><\/figure><\/div>\n\n\n\n<h6 class=\"wp-block-heading\"><mark style=\"background-color:rgba(0, 0, 0, 0);color:#d7760e\" class=\"has-inline-color\">La deuxi\u00e8me Oie<\/mark><\/h6>\n\n\n\n<p>Cette nouvelle oie inaugure le troisi\u00e8me cycle du parcours et cette oie qui appara\u00eet nous \u00e9claire sur l\u2019\u00e9tat d\u2019esprit dont nous devons nous impr\u00e9gner\u2026 <a href=\"https:\/\/lerevedelouise.fr\/index.php\/case-0\/case-18\/\">Lire la suite<\/a><\/p>\n<\/div>\n<\/div>\n\n\n\n<p style=\"font-size:15px\"><a href=\"https:\/\/lerevedelouise.fr\/index.php\/cycle-1-de-parcours-et-dinterpretation\/cycle-3-de-parcours-et-dinterpretation\/\" title=\"Jeu de l\u2019oie : cycle 3 d\u2019interpr\u00e9tation\">Parcours et cycle 3 d&rsquo;interpr\u00e9tation<\/a><\/p>\n","protected":false},"excerpt":{"rendered":"<p>Parcours et cycle 3 d&rsquo;interpr\u00e9tation Case 10 Le coquillage Le symbole qui s\u2019y rattache, c\u2019est \u00e9videmment celui de la spirale. Ce n\u2019est donc pas son analogie avec la spirale que l\u2019on verra ici. Le coquillage&#8230; Lire la suite Case 11 L&rsquo;oreille C\u2019est bien s\u00fbr un symbole de perception, avant toute chose. C\u2019est en effet par [&hellip;]<\/p>\n","protected":false},"author":1,"featured_media":0,"parent":1377,"menu_order":2,"comment_status":"closed","ping_status":"closed","template":"","meta":{"_eb_attr":"","footnotes":""},"class_list":["post-1381","page","type-page","status-publish","hentry"],"_links":{"self":[{"href":"https:\/\/lerevedelouise.fr\/index.php\/wp-json\/wp\/v2\/pages\/1381","targetHints":{"allow":["GET"]}}],"collection":[{"href":"https:\/\/lerevedelouise.fr\/index.php\/wp-json\/wp\/v2\/pages"}],"about":[{"href":"https:\/\/lerevedelouise.fr\/index.php\/wp-json\/wp\/v2\/types\/page"}],"author":[{"embeddable":true,"href":"https:\/\/lerevedelouise.fr\/index.php\/wp-json\/wp\/v2\/users\/1"}],"replies":[{"embeddable":true,"href":"https:\/\/lerevedelouise.fr\/index.php\/wp-json\/wp\/v2\/comments?post=1381"}],"version-history":[{"count":40,"href":"https:\/\/lerevedelouise.fr\/index.php\/wp-json\/wp\/v2\/pages\/1381\/revisions"}],"predecessor-version":[{"id":8501,"href":"https:\/\/lerevedelouise.fr\/index.php\/wp-json\/wp\/v2\/pages\/1381\/revisions\/8501"}],"up":[{"embeddable":true,"href":"https:\/\/lerevedelouise.fr\/index.php\/wp-json\/wp\/v2\/pages\/1377"}],"wp:attachment":[{"href":"https:\/\/lerevedelouise.fr\/index.php\/wp-json\/wp\/v2\/media?parent=1381"}],"curies":[{"name":"wp","href":"https:\/\/api.w.org\/{rel}","templated":true}]}}