{"id":1419,"date":"2020-06-05T18:11:48","date_gmt":"2020-06-05T16:11:48","guid":{"rendered":"https:\/\/lerevedelouise.fr\/?page_id=1419"},"modified":"2024-02-05T16:09:09","modified_gmt":"2024-02-05T15:09:09","slug":"case-11","status":"publish","type":"page","link":"https:\/\/lerevedelouise.fr\/index.php\/case-0\/case-11\/","title":{"rendered":"Case 11"},"content":{"rendered":"<span class=\"span-reading-time rt-reading-time\" style=\"display: block;\"><span class=\"rt-label rt-prefix\">Temps de lecture\u00a0: <\/span> <span class=\"rt-time\"> 2<\/span> <span class=\"rt-label rt-postfix\">minutes<\/span><\/span>\n<h4 class=\"wp-block-heading\"><mark style=\"background-color:rgba(0, 0, 0, 0);color:#d7760e\" class=\"has-inline-color\">L&rsquo;oreille<\/mark><\/h4>\n\n\n\n<div class=\"wp-block-image\"><figure class=\"aligncenter size-medium\"><a href=\"https:\/\/lerevedelouise.fr\/wp-content\/uploads\/2020\/06\/oreille.jpg\"><img loading=\"lazy\" decoding=\"async\" width=\"251\" height=\"300\" src=\"https:\/\/lerevedelouise.fr\/wp-content\/uploads\/2020\/06\/oreille-251x300.jpg\" alt=\"\" class=\"wp-image-1421\" srcset=\"https:\/\/lerevedelouise.fr\/wp-content\/uploads\/2020\/06\/oreille-251x300.jpg 251w, https:\/\/lerevedelouise.fr\/wp-content\/uploads\/2020\/06\/oreille-600x717.jpg 600w, https:\/\/lerevedelouise.fr\/wp-content\/uploads\/2020\/06\/oreille-857x1024.jpg 857w, https:\/\/lerevedelouise.fr\/wp-content\/uploads\/2020\/06\/oreille-768x918.jpg 768w, https:\/\/lerevedelouise.fr\/wp-content\/uploads\/2020\/06\/oreille.jpg 1071w\" sizes=\"auto, (max-width: 251px) 100vw, 251px\" \/><\/a><\/figure><\/div>\n\n\n\n<p>C&rsquo;est bien s\u00fbr un symbole de perception, avant toute chose. C&rsquo;est en effet par l&rsquo;oreille que l&rsquo;on per\u00e7oit les sons et les bruits ext\u00e9rieurs, mais aussi les paroles, messages, informations que les autres nous transmettent. En ce sens, l&rsquo;oreille est li\u00e9e aussi \u00e0 la communication,  mais alors plus \u00e0 l&rsquo;antenne qui re\u00e7oit qu&rsquo;\u00e0 celle qui \u00e9met, bien s\u00fbr. En dehors du r\u00f4le d&rsquo;instrument de r\u00e9ception qu&rsquo;elle joue, l&rsquo;oreille fut aussi consid\u00e9r\u00e9e parfois comme un symbole sexuel f\u00e9minin. Toutefois, l&rsquo;analogie la plus forte en ce qui la concerne est celle qui existe entre l&rsquo;oreille et le rein, d&rsquo;une part parce que l&rsquo;une et l&rsquo;autre ont des formes tr\u00e8s similaires. Et d&rsquo;autre part parce qu&rsquo;ils sont tous les deux en correspondance avec l&rsquo;\u00e9quilibre, l&rsquo;harmonie, la sagesse et qu&rsquo;il jouent aussi des r\u00f4les de filtres. <\/p>\n\n\n\n<h4 class=\"wp-block-heading\"><mark style=\"background-color:rgba(0, 0, 0, 0);color:#d7760e\" class=\"has-inline-color\">Signification <\/mark><\/h4>\n\n\n\n<p>Si votre pion se pose sur cette case, c&rsquo;est que vous devez \u00e9couter votre voix int\u00e9rieure, ce qui symbolise l&rsquo;oreille unique repr\u00e9sent\u00e9e sur la photo. \u00c9couter votre voix int\u00e9rieure signifie que vous devez vous fier \u00e0 vos intuitions, faire ce que votre conscience dicte de faire et agir en vous inspirant de votre bon sens. Cette voix est donc celle de la sagesse, de l&rsquo;harmonie, de l&rsquo;\u00e9quilibre et m\u00eame de la justice, qui parle et r\u00e9sonne en vous. <\/p>\n\n\n\n<p class=\"has-small-font-size\"><mark style=\"background-color:rgba(0, 0, 0, 0);color:#d7760e\" class=\"has-inline-color\">Image par :<\/mark> <a href=\"https:\/\/pixabay.com\/fr\/users\/anemone123-2637160\/?utm_source=link-attribution&amp;utm_medium=referral&amp;utm_campaign=image&amp;utm_content=2372090\" target=\"_blank\" rel=\"noreferrer noopener\">Anemone123<\/a> <mark style=\"background-color:rgba(0, 0, 0, 0);color:#d7760e\" class=\"has-inline-color\">de<\/mark> <a href=\"https:\/\/pixabay.com\/fr\/\" target=\"_blank\" rel=\"noopener\">Pixabay<\/a><\/p>\n\n\n\n<p class=\"has-small-font-size\"><mark style=\"background-color:rgba(0, 0, 0, 0);color:#d7760e\" class=\"has-inline-color\">Source :<\/mark> <a href=\"https:\/\/www.hachette-collections.com\/fr-fr\/?gclid=CjwKCAjw8J32BRBCEiwApQEKgdiFVIkH2wypRsYiCjhK4KTn5ifV_DR1FX_lAZt9mKdtG8ksfXzYzxoCfegQAvD_BwE\" target=\"_blank\" rel=\"noreferrer noopener\">les arts divina<em>toires \u2013 Hachette Collection<\/em><\/a><\/p>\n","protected":false},"excerpt":{"rendered":"<p>L&rsquo;oreille C&rsquo;est bien s\u00fbr un symbole de perception, avant toute chose. C&rsquo;est en effet par l&rsquo;oreille que l&rsquo;on per\u00e7oit les sons et les bruits ext\u00e9rieurs, mais aussi les paroles, messages, informations que les autres nous transmettent. En ce sens, l&rsquo;oreille est li\u00e9e aussi \u00e0 la communication, mais alors plus \u00e0 l&rsquo;antenne qui re\u00e7oit qu&rsquo;\u00e0 celle [&hellip;]<\/p>\n","protected":false},"author":1,"featured_media":0,"parent":480,"menu_order":11,"comment_status":"closed","ping_status":"closed","template":"","meta":{"_eb_attr":"","footnotes":""},"class_list":["post-1419","page","type-page","status-publish","hentry"],"_links":{"self":[{"href":"https:\/\/lerevedelouise.fr\/index.php\/wp-json\/wp\/v2\/pages\/1419","targetHints":{"allow":["GET"]}}],"collection":[{"href":"https:\/\/lerevedelouise.fr\/index.php\/wp-json\/wp\/v2\/pages"}],"about":[{"href":"https:\/\/lerevedelouise.fr\/index.php\/wp-json\/wp\/v2\/types\/page"}],"author":[{"embeddable":true,"href":"https:\/\/lerevedelouise.fr\/index.php\/wp-json\/wp\/v2\/users\/1"}],"replies":[{"embeddable":true,"href":"https:\/\/lerevedelouise.fr\/index.php\/wp-json\/wp\/v2\/comments?post=1419"}],"version-history":[{"count":15,"href":"https:\/\/lerevedelouise.fr\/index.php\/wp-json\/wp\/v2\/pages\/1419\/revisions"}],"predecessor-version":[{"id":7575,"href":"https:\/\/lerevedelouise.fr\/index.php\/wp-json\/wp\/v2\/pages\/1419\/revisions\/7575"}],"up":[{"embeddable":true,"href":"https:\/\/lerevedelouise.fr\/index.php\/wp-json\/wp\/v2\/pages\/480"}],"wp:attachment":[{"href":"https:\/\/lerevedelouise.fr\/index.php\/wp-json\/wp\/v2\/media?parent=1419"}],"curies":[{"name":"wp","href":"https:\/\/api.w.org\/{rel}","templated":true}]}}