{"id":1435,"date":"2020-06-08T23:20:59","date_gmt":"2020-06-08T21:20:59","guid":{"rendered":"https:\/\/lerevedelouise.fr\/?page_id=1435"},"modified":"2024-02-05T16:09:20","modified_gmt":"2024-02-05T15:09:20","slug":"case-12","status":"publish","type":"page","link":"https:\/\/lerevedelouise.fr\/index.php\/case-0\/case-12\/","title":{"rendered":"Case 12"},"content":{"rendered":"<span class=\"span-reading-time rt-reading-time\" style=\"display: block;\"><span class=\"rt-label rt-prefix\">Temps de lecture\u00a0: <\/span> <span class=\"rt-time\"> 2<\/span> <span class=\"rt-label rt-postfix\">minutes<\/span><\/span>\n<h4 class=\"wp-block-heading\"><span style=\"color:#d7760e\" class=\"has-inline-color\">La balance<\/span><\/h4>\n\n\n\n<div class=\"wp-block-image\"><figure class=\"aligncenter size-medium\"><a href=\"https:\/\/lerevedelouise.fr\/wp-content\/uploads\/2020\/06\/balance.jpg\"><img loading=\"lazy\" decoding=\"async\" width=\"300\" height=\"225\" src=\"https:\/\/lerevedelouise.fr\/wp-content\/uploads\/2020\/06\/balance-300x225.jpg\" alt=\"\" class=\"wp-image-1436\" srcset=\"https:\/\/lerevedelouise.fr\/wp-content\/uploads\/2020\/06\/balance-300x225.jpg 300w, https:\/\/lerevedelouise.fr\/wp-content\/uploads\/2020\/06\/balance-600x450.jpg 600w, https:\/\/lerevedelouise.fr\/wp-content\/uploads\/2020\/06\/balance-1024x768.jpg 1024w, https:\/\/lerevedelouise.fr\/wp-content\/uploads\/2020\/06\/balance-768x576.jpg 768w, https:\/\/lerevedelouise.fr\/wp-content\/uploads\/2020\/06\/balance.jpg 1280w\" sizes=\"auto, (max-width: 300px) 100vw, 300px\" \/><\/a><\/figure><\/div>\n\n\n\n<p>C&rsquo;est bien s\u00fbr un symbole de justice, depuis la plus haute Antiquit\u00e9. Comme elle figure aussi bien la justice divine, immanente, que la justice des hommes, selon les diverses repr\u00e9sentations qui furent faites de cet instrument de mesure au fil des si\u00e8cles et m\u00eame des mill\u00e9naires, on la nomme parfois tout simplement la justice. Par analogie avec le respect de l&rsquo;ordre, des r\u00e8gles et des lois qu&rsquo;elle indique, on lui attribue \u00e9galement les qualit\u00e9s d&rsquo;\u00e9quilibre maintenu ou pr\u00e9serv\u00e9, de recherche d&rsquo;harmonie ou de perfection, tant au plan physique que moral, artistique que spirituel. La balance est pr\u00e9sente dans de tr\u00e8s nombreuses civilisations et cultures. Comme dans l\u2019\u00c9gypte antique, notamment entre les mains de Ma\u00e2t, la peseuse d&rsquo;\u00e2me.<\/p>\n\n\n\n<h4 class=\"wp-block-heading\"><span style=\"color:#d7760e\" class=\"has-inline-color\">Signification <\/span><\/h4>\n\n\n\n<p>Si dans votre parcours votre pion se pose sur cette case, c&rsquo;est que vous voulez rendre justice, de trouver la juste mesure, d&rsquo;\u00e9tablir ou de pr\u00e9server, selon le cas, un \u00e9quilibre ou une harmonie. En effet la balance repr\u00e9sent\u00e9e ici souligne le r\u00f4le que vous devez tenir pour faire intervenir la justice, pour qu&rsquo;un \u00e9quilibre soit trouv\u00e9 ou maintenu pour faire r\u00e9gner l&rsquo;harmonie. Et parfois m\u00eame pour faire un choix assez radical, sans lequel votre situation ou votre vie pourrait se r\u00e9v\u00e9ler assez chaotique.<\/p>\n\n\n\n<p class=\"has-small-font-size\"><span style=\"color:#d7760e\" class=\"has-inline-color\">Image par :<\/span> <a href=\"https:\/\/pixabay.com\/fr\/users\/montgomster-1505794\/?utm_source=link-attribution&amp;utm_medium=referral&amp;utm_campaign=image&amp;utm_content=982903\" target=\"_blank\" rel=\"noreferrer noopener\">Richard Montgomery<\/a> <span style=\"color:#d7760e\" class=\"has-inline-color\">de<\/span> <a href=\"https:\/\/pixabay.com\/fr\/\" target=\"_blank\" rel=\"noreferrer noopener\">Pixabay<\/a><\/p>\n\n\n\n<p class=\"has-small-font-size\"><span style=\"color:#d7760e\" class=\"has-inline-color\">Source :<\/span> <a href=\"https:\/\/www.hachette-collections.com\/fr-fr\/?gclid=CjwKCAjw8J32BRBCEiwApQEKgdiFVIkH2wypRsYiCjhK4KTn5ifV_DR1FX_lAZt9mKdtG8ksfXzYzxoCfegQAvD_BwE\" target=\"_blank\" rel=\"noreferrer noopener\">les arts divina<em>toires \u2013 Hachette Collection<\/em><\/a><\/p>\n","protected":false},"excerpt":{"rendered":"<p>La balance C&rsquo;est bien s\u00fbr un symbole de justice, depuis la plus haute Antiquit\u00e9. Comme elle figure aussi bien la justice divine, immanente, que la justice des hommes, selon les diverses repr\u00e9sentations qui furent faites de cet instrument de mesure au fil des si\u00e8cles et m\u00eame des mill\u00e9naires, on la nomme parfois tout simplement la [&hellip;]<\/p>\n","protected":false},"author":1,"featured_media":0,"parent":480,"menu_order":12,"comment_status":"closed","ping_status":"closed","template":"","meta":{"_eb_attr":"","footnotes":""},"class_list":["post-1435","page","type-page","status-publish","hentry"],"_links":{"self":[{"href":"https:\/\/lerevedelouise.fr\/index.php\/wp-json\/wp\/v2\/pages\/1435","targetHints":{"allow":["GET"]}}],"collection":[{"href":"https:\/\/lerevedelouise.fr\/index.php\/wp-json\/wp\/v2\/pages"}],"about":[{"href":"https:\/\/lerevedelouise.fr\/index.php\/wp-json\/wp\/v2\/types\/page"}],"author":[{"embeddable":true,"href":"https:\/\/lerevedelouise.fr\/index.php\/wp-json\/wp\/v2\/users\/1"}],"replies":[{"embeddable":true,"href":"https:\/\/lerevedelouise.fr\/index.php\/wp-json\/wp\/v2\/comments?post=1435"}],"version-history":[{"count":13,"href":"https:\/\/lerevedelouise.fr\/index.php\/wp-json\/wp\/v2\/pages\/1435\/revisions"}],"predecessor-version":[{"id":4280,"href":"https:\/\/lerevedelouise.fr\/index.php\/wp-json\/wp\/v2\/pages\/1435\/revisions\/4280"}],"up":[{"embeddable":true,"href":"https:\/\/lerevedelouise.fr\/index.php\/wp-json\/wp\/v2\/pages\/480"}],"wp:attachment":[{"href":"https:\/\/lerevedelouise.fr\/index.php\/wp-json\/wp\/v2\/media?parent=1435"}],"curies":[{"name":"wp","href":"https:\/\/api.w.org\/{rel}","templated":true}]}}