{"id":1452,"date":"2020-06-09T18:46:12","date_gmt":"2020-06-09T16:46:12","guid":{"rendered":"https:\/\/lerevedelouise.fr\/?page_id=1452"},"modified":"2022-04-12T13:58:30","modified_gmt":"2022-04-12T11:58:30","slug":"la-papesse-avec-le-tarot","status":"publish","type":"page","link":"https:\/\/lerevedelouise.fr\/index.php\/le-mat-avec-le-tarot\/la-papesse-avec-le-tarot\/","title":{"rendered":"La Papesse avec le Tarot"},"content":{"rendered":"<span class=\"span-reading-time rt-reading-time\" style=\"display: block;\"><span class=\"rt-label rt-prefix\">Temps de lecture\u00a0: <\/span> <span class=\"rt-time\"> 3<\/span> <span class=\"rt-label rt-postfix\">minutes<\/span><\/span>\n<h2 class=\"wp-block-heading\"><mark style=\"background-color:rgba(0, 0, 0, 0);color:#d7760e\" class=\"has-inline-color\">Description<\/mark><\/h2>\n\n\n\n<div class=\"wp-block-image is-style-rounded\"><figure class=\"alignleft size-thumbnail\"><a href=\"https:\/\/lerevedelouise.fr\/wp-content\/uploads\/2022\/04\/2-La-Papesse.jpg\"><img loading=\"lazy\" decoding=\"async\" width=\"150\" height=\"150\" src=\"https:\/\/lerevedelouise.fr\/wp-content\/uploads\/2022\/04\/2-La-Papesse-150x150.jpg\" alt=\"\" class=\"wp-image-6503\" srcset=\"https:\/\/lerevedelouise.fr\/wp-content\/uploads\/2022\/04\/2-La-Papesse-150x150.jpg 150w, https:\/\/lerevedelouise.fr\/wp-content\/uploads\/2022\/04\/2-La-Papesse-100x100.jpg 100w, https:\/\/lerevedelouise.fr\/wp-content\/uploads\/2022\/04\/2-La-Papesse-80x80.jpg 80w\" sizes=\"auto, (max-width: 150px) 100vw, 150px\" \/><\/a><\/figure><\/div>\n\n\n\n<p>La Papesse, c&rsquo;est le symbole de la matrice, le lieu o\u00f9 tout commence, de la vie qui prend forme, elle est cr\u00e9atrice et f\u00e9conde. La Papesse porte en elle une dualit\u00e9, elle peut avoir un regard bienveillant, \u00eatre accueillante, apporter soutient, chaleur et r\u00e9confort, car elle est maternelle. Mais elle peut parfois faire preuve d&rsquo;autorit\u00e9 et d&rsquo;intransigeance. Elle repr\u00e9sente aussi une puissance consid\u00e9rable, car elle est souveraine sur les trois plans, spirituel, intellectuel et physique. Elle fait figure de Grande M\u00e8re dans sa mani\u00e8re d&rsquo;\u00eatre qui sont la transcendance, l&rsquo;universalit\u00e9 et l&rsquo;individualit\u00e9. La Papesse sait que la v\u00e9rit\u00e9 se cache derri\u00e8re le voile, mais par sa volont\u00e9 le myst\u00e8re reste entier. Car, elle reste imperturbable et garde avec dignit\u00e9 et sagesse l&rsquo;entr\u00e9e du temple sacr\u00e9. Elle prot\u00e8ge aussi en tenant pr\u00e9cieusement dans sa main le livre de la connaissance, car elle est l&rsquo;initiatrice aux myst\u00e8res les plus insondables. La Papesse est un personnage qui repr\u00e9sente la virginit\u00e9, la patiente, la discr\u00e9tion, l&rsquo;int\u00e9grit\u00e9, la confiance et l&rsquo;humilit\u00e9. Elle est centr\u00e9e sur son monde int\u00e9rieur et ses ressentis, elle est \u00e0 la fois dans la Lumi\u00e8re et l&rsquo;Obscurit\u00e9, lumineuse et myst\u00e9rieuse. <\/p>\n\n\n\n<h2 class=\"wp-block-heading\"><mark style=\"background-color:rgba(0, 0, 0, 0);color:#d7760e\" class=\"has-inline-color\">Symbolisme<\/mark><\/h2>\n\n\n\n<ul class=\"wp-block-list\"><li>La tiare : la ma\u00eetrise, l&rsquo;autorit\u00e9, le pouvoir dans le domaine spirituel. Sa forme rappel la lune avec ses phases, le cercle au centre la pleine lune et les deux cornes de chaque c\u00f4t\u00e9 la lune montante et descendante. <\/li><li>Le livre : le symbole de la connaissance et de la sagesse, il repr\u00e9sente la manifestation universelle.<\/li><li>Le voile : il est orn\u00e9 de grenades symbole d\u2019initiation. Le voile s\u00e9pare, cache, marque le secret et la connaissance cach\u00e9e, seul les initi\u00e9s peuvent le soulever. <\/li><li>Les colonnes :  elles repr\u00e9sentent les deux colonnes Jakin et Boaz du <a href=\"https:\/\/fr.wikipedia.org\/wiki\/Temple_de_Salomon\" target=\"_blank\" rel=\"noreferrer noopener\">temple de Salomon<\/a>, passer entre ses deux colonnes c&rsquo;est recevoir l&rsquo;initiation, car elles marquent le passage vers l&rsquo;inconnu et l&rsquo;autre monde. Le symbole de colonnes jumelles est le gardien de portes vers des lieux sacr\u00e9s et des royaumes myst\u00e9rieux. <\/li><li>Le croissant de lune : montre l&rsquo;appartenance de la papesse aux myst\u00e8res, aux secrets, au monde de la nuit et son analogie avec l&rsquo;eau.<\/li><\/ul>\n\n\n\n<h2 class=\"wp-block-heading\"><mark style=\"background-color:rgba(0, 0, 0, 0);color:#d7760e\" class=\"has-inline-color\">M\u00e9ditation avec la Papesse<\/mark><\/h2>\n\n\n\n<p>Si vous choisissez l&rsquo;Arcane de la Papesse, vous devez vous impr\u00e9gnez de son c\u00f4t\u00e9 myst\u00e9rieux, pour vous y aider choisissez le soir \u00e0 la lueur d&rsquo;une bougie. Tout d&rsquo;abord cherchez le point le plus sombre de la pi\u00e8ce et fixez le vide. L&rsquo;obscurit\u00e9 n&rsquo;est pas un objet, elle est omnipr\u00e9sente, elle est myst\u00e9rieuse. Laissez cette obscurit\u00e9 entr\u00e9e en vous, laissez-vous portez par elle. Vous allez pouvoir lib\u00e9rer votre c\u00f4t\u00e9 myst\u00e9rieux qui va vous mener \u00e0 d\u00e9couvrir les secrets de votre \u00e2me et vous amener vers votre c\u00f4t\u00e9 lumineux.<\/p>\n\n\n\n<p>Quand vous doutez ce petit exercice pourra vous aider \u00e0 revenir vers votre Source Originelle, celle qui vous guide, vous initie pour vous permettre d&rsquo;acqu\u00e9rir la connaissance et les informations n\u00e9cessaires pour avoir une vision plus \u00e9clair\u00e9e de la vie.<\/p>\n\n\n\n<p class=\"has-small-font-size\"><mark style=\"background-color:rgba(0, 0, 0, 0);color:#d7760e\" class=\"has-inline-color\">Tarot Rider-Waite<\/mark><\/p>\n\n\n\n<p><\/p>\n","protected":false},"excerpt":{"rendered":"<p>Description La Papesse, c&rsquo;est le symbole de la matrice, le lieu o\u00f9 tout commence, de la vie qui prend forme, elle est cr\u00e9atrice et f\u00e9conde. La Papesse porte en elle une dualit\u00e9, elle peut avoir un regard bienveillant, \u00eatre accueillante, apporter soutient, chaleur et r\u00e9confort, car elle est maternelle. Mais elle peut parfois faire preuve [&hellip;]<\/p>\n","protected":false},"author":1,"featured_media":0,"parent":1365,"menu_order":0,"comment_status":"closed","ping_status":"closed","template":"","meta":{"_eb_attr":"","footnotes":""},"class_list":["post-1452","page","type-page","status-publish","hentry"],"_links":{"self":[{"href":"https:\/\/lerevedelouise.fr\/index.php\/wp-json\/wp\/v2\/pages\/1452","targetHints":{"allow":["GET"]}}],"collection":[{"href":"https:\/\/lerevedelouise.fr\/index.php\/wp-json\/wp\/v2\/pages"}],"about":[{"href":"https:\/\/lerevedelouise.fr\/index.php\/wp-json\/wp\/v2\/types\/page"}],"author":[{"embeddable":true,"href":"https:\/\/lerevedelouise.fr\/index.php\/wp-json\/wp\/v2\/users\/1"}],"replies":[{"embeddable":true,"href":"https:\/\/lerevedelouise.fr\/index.php\/wp-json\/wp\/v2\/comments?post=1452"}],"version-history":[{"count":45,"href":"https:\/\/lerevedelouise.fr\/index.php\/wp-json\/wp\/v2\/pages\/1452\/revisions"}],"predecessor-version":[{"id":6515,"href":"https:\/\/lerevedelouise.fr\/index.php\/wp-json\/wp\/v2\/pages\/1452\/revisions\/6515"}],"up":[{"embeddable":true,"href":"https:\/\/lerevedelouise.fr\/index.php\/wp-json\/wp\/v2\/pages\/1365"}],"wp:attachment":[{"href":"https:\/\/lerevedelouise.fr\/index.php\/wp-json\/wp\/v2\/media?parent=1452"}],"curies":[{"name":"wp","href":"https:\/\/api.w.org\/{rel}","templated":true}]}}