{"id":146,"date":"2020-05-19T14:54:08","date_gmt":"2020-05-19T12:54:08","guid":{"rendered":"http:\/\/lerevedelouise.fr\/?page_id=146"},"modified":"2026-01-18T18:44:07","modified_gmt":"2026-01-18T17:44:07","slug":"bienvenue","status":"publish","type":"page","link":"https:\/\/lerevedelouise.fr\/index.php\/bienvenue\/","title":{"rendered":"Bienvenue"},"content":{"rendered":"<span class=\"span-reading-time rt-reading-time\" style=\"display: block;\"><span class=\"rt-label rt-prefix\">Temps de lecture\u00a0: <\/span> <span class=\"rt-time\"> 2<\/span> <span class=\"rt-label rt-postfix\">minutes<\/span><\/span>\n<p class=\"has-text-align-center\"><strong><span style=\"color:#d7760e\" class=\"has-inline-color\">______________________________<\/span><\/strong><\/p>\n\n\n\n<p class=\"has-text-align-center\"><strong><span style=\"color:#d7760e\" class=\"has-inline-color\">_______________<\/span><\/strong><\/p>\n\n\n\n<h2 class=\"wp-block-heading has-text-align-left\"><mark style=\"background-color:rgba(0, 0, 0, 0);color:#d7760e\" class=\"has-inline-color\">Dans la vie d&rsquo;une m\u00e9dium<\/mark><\/h2>\n\n\n<div class=\"wp-block-image is-style-rounded\">\n<figure class=\"alignright size-medium\"><a href=\"https:\/\/lerevedelouise.fr\/wp-content\/uploads\/2025\/10\/page-bienvenue-louise.jpg\"><img loading=\"lazy\" decoding=\"async\" width=\"300\" height=\"300\" src=\"https:\/\/lerevedelouise.fr\/wp-content\/uploads\/2025\/10\/page-bienvenue-louise-300x300.jpg\" alt=\"\" class=\"wp-image-12044\" srcset=\"https:\/\/lerevedelouise.fr\/wp-content\/uploads\/2025\/10\/page-bienvenue-louise-300x300.jpg 300w, https:\/\/lerevedelouise.fr\/wp-content\/uploads\/2025\/10\/page-bienvenue-louise-150x150.jpg 150w, https:\/\/lerevedelouise.fr\/wp-content\/uploads\/2025\/10\/page-bienvenue-louise-768x768.jpg 768w, https:\/\/lerevedelouise.fr\/wp-content\/uploads\/2025\/10\/page-bienvenue-louise-80x80.jpg 80w, https:\/\/lerevedelouise.fr\/wp-content\/uploads\/2025\/10\/page-bienvenue-louise.jpg 1024w\" sizes=\"auto, (max-width: 300px) 100vw, 300px\" \/><\/a><\/figure>\n<\/div>\n\n\n<p class=\"has-text-align-left has-medium-font-size\">J<em>e m\u2019appelle Louise, je vous invite \u00e0 d\u00e9couvrir ma vie \u00ab\u00a0pas tr\u00e8s normale\u00a0\u00bb \u00e0 travers mes intuitions, mes visions, mes r\u00eaves. Je veux vous emmener avec moi dans mes voyages \u00e0 travers le temps et l\u2019espace \u00e0 la recherche des symboles et des signes qui vous m\u00e8neront \u00e0 la d\u00e9couverte de votre \u00e2me et vous donneront l&rsquo;envie d&rsquo;apprendre \u00e0 d\u00e9veloppe<\/em>r votre intuition.<\/p>\n\n\n\n<p class=\"has-medium-font-size\"><em>J\u2019aimerais qu\u2019apr\u00e8s la lecture de mes articles et de mon journal vous vous posez les bonnes questions. A la fois sur vous-m\u00eame, sur votre environnement. Mais aussi sur vos capacit\u00e9s \u00e0 \u00e9couter, \u00e0 ressentir, \u00e0 regarder. Car vous pouvez mettre en pratique vos intuitions pour avancer dans votre vie et dans votre d\u00e9veloppement personnel<\/em>.<\/p>\n\n\n\n<p class=\"has-medium-font-size\"><em><strong>Mon r\u00eave<\/strong> est de vous apporter la richesse int\u00e9rieure. C\u2019est ce travail sur vous-m\u00eame qui va vous permettre de r\u00e9aliser vos d\u00e9sirs, vos souhaits. Vous ne subirez plus votre vie vous la vivrez pleinement.<\/em><\/p>\n\n\n\n<p class=\"has-medium-font-size\"><em>Louise<\/em><\/p>\n\n\n\n<p class=\"has-text-align-center\"><strong><span style=\"color:#d7760e\" class=\"has-inline-color\">______________________________<\/span><\/strong><\/p>\n\n\n\n<p class=\"has-text-align-center\"><strong><span style=\"color:#d7760e\" class=\"has-inline-color\">_______________<\/span><\/strong><\/p>\n\n\n\n<h2 class=\"wp-block-heading\"><mark style=\"background-color:rgba(0, 0, 0, 0);color:#d7760e\" class=\"has-inline-color\">Le monde de la nuit me parle&#8230;<\/mark><\/h2>\n\n\n\n<div class=\"wp-block-columns is-layout-flex wp-container-core-columns-is-layout-9d6595d7 wp-block-columns-is-layout-flex\">\n<div class=\"wp-block-column is-layout-flow wp-block-column-is-layout-flow\">\n<figure class=\"wp-block-image size-full is-style-default\"><a href=\"https:\/\/lerevedelouise.fr\/wp-content\/uploads\/2025\/09\/Louise-1-3.jpg\"><img loading=\"lazy\" decoding=\"async\" width=\"1024\" height=\"1024\" src=\"https:\/\/lerevedelouise.fr\/wp-content\/uploads\/2025\/09\/Louise-1-3.jpg\" alt=\"\" class=\"wp-image-11815\" srcset=\"https:\/\/lerevedelouise.fr\/wp-content\/uploads\/2025\/09\/Louise-1-3.jpg 1024w, https:\/\/lerevedelouise.fr\/wp-content\/uploads\/2025\/09\/Louise-1-3-300x300.jpg 300w, https:\/\/lerevedelouise.fr\/wp-content\/uploads\/2025\/09\/Louise-1-3-150x150.jpg 150w, https:\/\/lerevedelouise.fr\/wp-content\/uploads\/2025\/09\/Louise-1-3-768x768.jpg 768w, https:\/\/lerevedelouise.fr\/wp-content\/uploads\/2025\/09\/Louise-1-3-80x80.jpg 80w\" sizes=\"auto, (max-width: 1024px) 100vw, 1024px\" \/><\/a><\/figure>\n<\/div>\n\n\n\n<div class=\"wp-block-column is-layout-flow wp-block-column-is-layout-flow\">\n<blockquote class=\"wp-block-quote is-layout-flow wp-block-quote-is-layout-flow\" style=\"font-size:16px\">\n<p style=\"font-size:16px\">En chacun de nous existe un autre \u00eatre que nous ne connaissons pas. Il nous parle \u00e0 travers le r\u00eave et nous fait savoir qu\u2019il nous voit bien diff\u00e9rent de ce que nous croyons \u00eatre.<\/p>\n\n\n\n<p><a href=\"https:\/\/www.cgjung.net\/qui.htm\" target=\"_blank\" rel=\"noreferrer noopener\">Carl Gustav Yung<\/a><\/p>\n<\/blockquote>\n\n\n\n<p><\/p>\n<\/div>\n<\/div>\n\n\n\n<p class=\"has-text-align-center\"><strong><span style=\"color:#d7760e\" class=\"has-inline-color\">______________________________<\/span><\/strong><\/p>\n\n\n\n<p class=\"has-text-align-center\"><strong><span style=\"color:#d7760e\" class=\"has-inline-color\">_______________<\/span><\/strong><\/p>\n\n\n\n<h2 class=\"wp-block-heading\"><mark style=\"background-color:rgba(0, 0, 0, 0);color:#d7760e\" class=\"has-inline-color\">Mon journal, ma vie, mes secrets&#8230;<\/mark><\/h2>\n\n\n\n<div class=\"wp-block-media-text alignwide has-media-on-the-right is-stacked-on-mobile\"><div class=\"wp-block-media-text__content\">\n<p class=\"has-drop-cap\" style=\"font-size:16px\"><em><mark style=\"background-color:rgba(0, 0, 0, 0);color:#d7760e\" class=\"has-inline-color\">M<\/mark>a vie est une succession de faits particuliers qui m\u2019ont mise en marge de la vie dite \u201cnormale\u201d. Toute petite j\u2019ai ressenti que je n\u2019\u00e9tais pas comme les autres, je voyais et entendais des personnes autour de moi que je ne connaissais pas et que les autres ne percevaient pas. Mes parents disaient \u201celle a de l\u2019imagination la petite\u201d, moi je savais que c\u2019\u00e9tait r\u00e9el..<\/em>.<mark style=\"background-color:rgba(0, 0, 0, 0)\" class=\"has-inline-color has-vivid-cyan-blue-color\"> <\/mark><a href=\"https:\/\/lerevedelouise.fr\/index.php\/a-propos\/\">En savoir plus<\/a><\/p>\n<\/div><figure class=\"wp-block-media-text__media\"><a href=\"https:\/\/lerevedelouise.fr\/wp-content\/uploads\/2020\/05\/le-journal-de-louise.jpg\"><img loading=\"lazy\" decoding=\"async\" width=\"1024\" height=\"682\" src=\"https:\/\/lerevedelouise.fr\/wp-content\/uploads\/2020\/05\/le-journal-de-louise-1024x682.jpg\" alt=\"Le journal de Louise\" class=\"wp-image-293 size-full\" srcset=\"https:\/\/lerevedelouise.fr\/wp-content\/uploads\/2020\/05\/le-journal-de-louise-1024x682.jpg 1024w, https:\/\/lerevedelouise.fr\/wp-content\/uploads\/2020\/05\/le-journal-de-louise-600x400.jpg 600w, https:\/\/lerevedelouise.fr\/wp-content\/uploads\/2020\/05\/le-journal-de-louise-300x200.jpg 300w, https:\/\/lerevedelouise.fr\/wp-content\/uploads\/2020\/05\/le-journal-de-louise-768x512.jpg 768w, https:\/\/lerevedelouise.fr\/wp-content\/uploads\/2020\/05\/le-journal-de-louise-272x182.jpg 272w, https:\/\/lerevedelouise.fr\/wp-content\/uploads\/2020\/05\/le-journal-de-louise.jpg 1280w\" sizes=\"auto, (max-width: 1024px) 100vw, 1024px\" \/><\/a><\/figure><\/div>\n\n\n\n<p class=\"has-text-align-center\"><strong><span style=\"color:#d7760e\" class=\"has-inline-color\">______________________________<\/span><\/strong><\/p>\n\n\n\n<p class=\"has-text-align-center\"><strong><mark style=\"background-color:rgba(0, 0, 0, 0);color:#d7760e\" class=\"has-inline-color\">_______________<\/mark><\/strong><\/p>\n\n\n\n<h2 class=\"wp-block-heading\"><mark style=\"background-color:rgba(0, 0, 0, 0);color:#d7760e\" class=\"has-inline-color\">Manu me souffle<\/mark><mark style=\"background-color:rgba(0, 0, 0, 0);color:#1558b5\" class=\"has-inline-color\"> <\/mark><mark style=\"background-color:rgba(0, 0, 0, 0);color:#d7760e\" class=\"has-inline-color\">\u00e0 l&rsquo;oreille<\/mark><\/h2>\n\n\n\n<div class=\"wp-block-columns is-layout-flex wp-container-core-columns-is-layout-9d6595d7 wp-block-columns-is-layout-flex\">\n<div class=\"wp-block-column is-layout-flow wp-block-column-is-layout-flow\"><ul class=\"wp-block-latest-posts__list wp-block-latest-posts\"><li><div class=\"wp-block-latest-posts__featured-image\"><a href=\"https:\/\/lerevedelouise.fr\/index.php\/2026\/03\/12\/au-coeur-du-poltergeist\/\" aria-label=\"Au c\u0153ur du poltergeist\"><img loading=\"lazy\" decoding=\"async\" width=\"640\" height=\"537\" src=\"https:\/\/lerevedelouise.fr\/wp-content\/uploads\/2026\/03\/au-coeur-du-poltergeist.jpg\" class=\"attachment-large size-large wp-post-image\" alt=\"Au coeur du poltergeist\" style=\"\" srcset=\"https:\/\/lerevedelouise.fr\/wp-content\/uploads\/2026\/03\/au-coeur-du-poltergeist.jpg 940w, https:\/\/lerevedelouise.fr\/wp-content\/uploads\/2026\/03\/au-coeur-du-poltergeist-300x251.jpg 300w, https:\/\/lerevedelouise.fr\/wp-content\/uploads\/2026\/03\/au-coeur-du-poltergeist-768x644.jpg 768w\" sizes=\"auto, (max-width: 640px) 100vw, 640px\" \/><\/a><\/div><a class=\"wp-block-latest-posts__post-title\" href=\"https:\/\/lerevedelouise.fr\/index.php\/2026\/03\/12\/au-coeur-du-poltergeist\/\">Au c\u0153ur du poltergeist<\/a><div class=\"wp-block-latest-posts__post-excerpt\">Quand un poltergeist hante une maison ordinaire Le poltergeist d\u2019Enfield, \u00e0 la fin de l\u2019\u00e9t\u00e9 1977, dans une maison mitoyenne de Green Street, un quartier calme du nord de Londres, la vie quotidienne de la famille Hodgson bascule sans pr\u00e9venir. Peggy Hodgson, m\u00e8re\u2026 <a class=\"wp-block-latest-posts__read-more\" href=\"https:\/\/lerevedelouise.fr\/index.php\/2026\/03\/12\/au-coeur-du-poltergeist\/\" rel=\"noopener noreferrer\">Lire la suite<span class=\"screen-reader-text\">\u00a0: Au c\u0153ur du poltergeist<\/span><\/a><\/div><\/li>\n<\/ul><\/div>\n\n\n\n<div class=\"wp-block-column is-layout-flow wp-block-column-is-layout-flow\">\n<blockquote class=\"wp-block-quote is-layout-flow wp-block-quote-is-layout-flow\" style=\"font-size:16px\">\n<p style=\"font-size:16px\">Voil\u00e0 comment sont les yeux des anges, ils peuvent voir jusqu&rsquo;au fond du c\u0153ur.<\/p>\n\n\n\n<p>Th\u00e9odore Roszak <\/p>\n<\/blockquote>\n<\/div>\n<\/div>\n\n\n\n<p class=\"has-text-align-center\"><strong><span style=\"color:#d7760e\" class=\"has-inline-color\">______________________________<\/span><\/strong><\/p>\n\n\n\n<p class=\"has-text-align-center\"><strong><span style=\"color:#d7760e\" class=\"has-inline-color\">_______________<\/span><\/strong><\/p>\n\n\n\n<h2 class=\"wp-block-heading has-text-color\" style=\"color:#d7760e\">Les myst\u00e8res de l&rsquo;invisible<\/h2>\n\n\n\n<p class=\"has-text-align-center\"><strong><mark style=\"background-color:rgba(0, 0, 0, 0);color:#d7760e\" class=\"has-inline-color\">______________________________<\/mark><\/strong><\/p>\n\n\n<div class=\"wp-block-themezee-magazine-blocks-list tz-magazine-block \"><div class=\"tz-magazine-list tz-magazine-list-50-50\"><div class=\"tz-post-wrap\"><article id=\"post-12142\" class=\"tz-magazine-post post-12142 post tz-type-post status-publish format-standard has-post-thumbnail hentry category-providence-quantique tag-providence\"><div class=\"tz-post-image\"><figure class=\"tz-entry-image entry-image\"><a href=\"https:\/\/lerevedelouise.fr\/index.php\/2025\/11\/08\/la-voix-du-mystere\/\" rel=\"bookmark\"><img loading=\"lazy\" decoding=\"async\" width=\"300\" height=\"251\" src=\"https:\/\/lerevedelouise.fr\/wp-content\/uploads\/2025\/11\/la-voix-du-mystere-300x251.jpg\" class=\"attachment-medium size-medium wp-post-image\" alt=\"La voix du myst\u00e8re\" \/><\/a><\/figure><\/div><div class=\"tz-post-content\"><header class=\"tz-entry-header entry-header\"><h2 class=\"tz-entry-title entry-title\"><a href=\"https:\/\/lerevedelouise.fr\/index.php\/2025\/11\/08\/la-voix-du-mystere\/\" rel=\"bookmark\">La voix du myst\u00e8re<\/a><\/h2><div class=\"tz-entry-meta entry-meta\"><span class=\"tz-meta-date meta-date tz-meta-field\"><a href=\"https:\/\/lerevedelouise.fr\/index.php\/2025\/11\/08\/la-voix-du-mystere\/\" title=\"14 h 19 min\" rel=\"bookmark\"><time class=\"published updated\" datetime=\"2025-11-08T14:19:37+01:00\">8 novembre 2025<\/time><\/a><\/span><span class=\"tz-meta-author meta-author tz-meta-field author vcard\"><a class=\"url fn n\" href=\"https:\/\/lerevedelouise.fr\/author\/admin\/\" title=\"View all posts by Pascale\" rel=\"author\">Pascale<\/a><\/span><\/div><\/header><div class=\"tz-entry-content entry-content\"><p>SommaireQuand le myst\u00e8re vous appelleL&#039;appel de l&#039;invisibleRetrouver la capacit\u00e9 d\u2019\u00e9merveillementLe myst\u00e8re dans les gestes simplesL\u2019art de ne pas savoirUne invitation int\u00e9rieure Quand le myst\u00e8re vous <span class=\"tz-excerpt-more\">[&hellip;]<\/span><\/p><p class=\"tz-read-more read-more\"><a href=\"https:\/\/lerevedelouise.fr\/index.php\/2025\/11\/08\/la-voix-du-mystere\/\" class=\"tz-more-link more-link\" rel=\"bookmark\">Lire la suite<\/a><\/p><\/div><\/div><\/article><\/div><div class=\"tz-post-wrap\"><article id=\"post-11121\" class=\"tz-magazine-post post-11121 post tz-type-post status-publish format-standard has-post-thumbnail hentry category-providence-quantique tag-quantique\"><div class=\"tz-post-image\"><figure class=\"tz-entry-image entry-image\"><a href=\"https:\/\/lerevedelouise.fr\/index.php\/2025\/06\/10\/le-mystere-quantique\/\" rel=\"bookmark\"><img loading=\"lazy\" decoding=\"async\" width=\"300\" height=\"251\" src=\"https:\/\/lerevedelouise.fr\/wp-content\/uploads\/2025\/06\/le-mystere-quantique-300x251.jpg\" class=\"attachment-medium size-medium wp-post-image\" alt=\"Le myst\u00e8re quantique\" \/><\/a><\/figure><\/div><div class=\"tz-post-content\"><header class=\"tz-entry-header entry-header\"><h2 class=\"tz-entry-title entry-title\"><a href=\"https:\/\/lerevedelouise.fr\/index.php\/2025\/06\/10\/le-mystere-quantique\/\" rel=\"bookmark\">Le myst\u00e8re quantique<\/a><\/h2><div class=\"tz-entry-meta entry-meta\"><span class=\"tz-meta-date meta-date tz-meta-field\"><a href=\"https:\/\/lerevedelouise.fr\/index.php\/2025\/06\/10\/le-mystere-quantique\/\" title=\"18 h 43 min\" rel=\"bookmark\"><time class=\"published updated\" datetime=\"2025-06-10T18:43:04+02:00\">10 juin 2025<\/time><\/a><\/span><span class=\"tz-meta-author meta-author tz-meta-field author vcard\"><a class=\"url fn n\" href=\"https:\/\/lerevedelouise.fr\/author\/admin\/\" title=\"View all posts by Pascale\" rel=\"author\">Pascale<\/a><\/span><\/div><\/header><div class=\"tz-entry-content entry-content\"><p>SommaireQuand la physique quantique \u00e9claire la voie spirituelleAu-del\u00e0 des particules, l\u2019\u00e9veil du myst\u00e8reQuand la science rejoint l\u2019intuition spirituelleUne invitation \u00e0 l\u2019\u00e9merveillementAu seuil d\u2019une nouvelle conscience <span class=\"tz-excerpt-more\">[&hellip;]<\/span><\/p><p class=\"tz-read-more read-more\"><a href=\"https:\/\/lerevedelouise.fr\/index.php\/2025\/06\/10\/le-mystere-quantique\/\" class=\"tz-more-link more-link\" rel=\"bookmark\">Lire la suite<\/a><\/p><\/div><\/div><\/article><\/div><\/div><\/div>\n\n\n<p class=\"has-text-align-center\"><strong><span style=\"color:#d7760e\" class=\"has-inline-color\">_______________<\/span><\/strong><\/p>\n\n\n\n<h2 class=\"wp-block-heading\"><mark style=\"background-color:rgba(0, 0, 0, 0);color:#d7760e\" class=\"has-inline-color\">Les t\u00e9moignages de l&rsquo;au-del\u00e0<\/mark><\/h2>\n\n\n<div class=\"wp-block-themezee-magazine-blocks-list tz-magazine-block \"><div class=\"tz-magazine-list tz-magazine-list-50-50\"><div class=\"tz-post-wrap\"><article id=\"post-12773\" class=\"tz-magazine-post post-12773 post tz-type-post status-publish format-standard has-post-thumbnail hentry category-temoignage-message category-article-recent tag-paranormal\"><div class=\"tz-post-image\"><figure class=\"tz-entry-image entry-image\"><a href=\"https:\/\/lerevedelouise.fr\/index.php\/2026\/03\/12\/au-coeur-du-poltergeist\/\" rel=\"bookmark\"><img loading=\"lazy\" decoding=\"async\" width=\"300\" height=\"251\" src=\"https:\/\/lerevedelouise.fr\/wp-content\/uploads\/2026\/03\/au-coeur-du-poltergeist-300x251.jpg\" class=\"attachment-medium size-medium wp-post-image\" alt=\"Au coeur du poltergeist\" \/><\/a><\/figure><\/div><div class=\"tz-post-content\"><header class=\"tz-entry-header entry-header\"><h2 class=\"tz-entry-title entry-title\"><a href=\"https:\/\/lerevedelouise.fr\/index.php\/2026\/03\/12\/au-coeur-du-poltergeist\/\" rel=\"bookmark\">Au c\u0153ur du poltergeist<\/a><\/h2><div class=\"tz-entry-meta entry-meta\"><span class=\"tz-meta-date meta-date tz-meta-field\"><a href=\"https:\/\/lerevedelouise.fr\/index.php\/2026\/03\/12\/au-coeur-du-poltergeist\/\" title=\"13 h 44 min\" rel=\"bookmark\"><time class=\"published updated\" datetime=\"2026-03-12T13:44:24+01:00\">12 mars 2026<\/time><\/a><\/span><span class=\"tz-meta-author meta-author tz-meta-field author vcard\"><a class=\"url fn n\" href=\"https:\/\/lerevedelouise.fr\/author\/admin\/\" title=\"View all posts by Pascale\" rel=\"author\">Pascale<\/a><\/span><\/div><\/header><div class=\"tz-entry-content entry-content\"><p>SommaireQuand un poltergeist hante une maison ordinaireLa voix venue de nulle partCe qui d\u00e9range vraiment Quand un poltergeist hante une maison ordinaire Le poltergeist d\u2019Enfield, <span class=\"tz-excerpt-more\">[&hellip;]<\/span><\/p><p class=\"tz-read-more read-more\"><a href=\"https:\/\/lerevedelouise.fr\/index.php\/2026\/03\/12\/au-coeur-du-poltergeist\/\" class=\"tz-more-link more-link\" rel=\"bookmark\">Lire la suite<\/a><\/p><\/div><\/div><\/article><\/div><div class=\"tz-post-wrap\"><article id=\"post-759\" class=\"tz-magazine-post post-759 post tz-type-post status-publish format-image has-post-thumbnail hentry category-temoignage-message tag-guide post_format-post-format-image\"><div class=\"tz-post-image\"><figure class=\"tz-entry-image entry-image\"><a href=\"https:\/\/lerevedelouise.fr\/index.php\/2023\/08\/27\/la-connexion-avec-la-source-ultime\/\" rel=\"bookmark\"><img loading=\"lazy\" decoding=\"async\" width=\"300\" height=\"189\" src=\"https:\/\/lerevedelouise.fr\/wp-content\/uploads\/2020\/05\/mon-ange-1-300x189.jpg\" class=\"attachment-medium size-medium wp-post-image\" alt=\"Un message de mon ange\" \/><\/a><\/figure><\/div><div class=\"tz-post-content\"><header class=\"tz-entry-header entry-header\"><h2 class=\"tz-entry-title entry-title\"><a href=\"https:\/\/lerevedelouise.fr\/index.php\/2023\/08\/27\/la-connexion-avec-la-source-ultime\/\" rel=\"bookmark\">La connexion avec la Source ultime<\/a><\/h2><div class=\"tz-entry-meta entry-meta\"><span class=\"tz-meta-date meta-date tz-meta-field\"><a href=\"https:\/\/lerevedelouise.fr\/index.php\/2023\/08\/27\/la-connexion-avec-la-source-ultime\/\" title=\"2 h 10 min\" rel=\"bookmark\"><time class=\"published updated\" datetime=\"2023-08-27T02:10:00+02:00\">27 ao\u00fbt 2023<\/time><\/a><\/span><span class=\"tz-meta-author meta-author tz-meta-field author vcard\"><a class=\"url fn n\" href=\"https:\/\/lerevedelouise.fr\/author\/admin\/\" title=\"View all posts by Pascale\" rel=\"author\">Pascale<\/a><\/span><\/div><\/header><div class=\"tz-entry-content entry-content\"><p>Un message d&#039;Amour pour vous De Manu \u00e0 Louise 27\/08\/20 Manu est venu cette nuit me r\u00e9veiller pour que je vous transmette un message sur <span class=\"tz-excerpt-more\">[&hellip;]<\/span><\/p><p class=\"tz-read-more read-more\"><a href=\"https:\/\/lerevedelouise.fr\/index.php\/2023\/08\/27\/la-connexion-avec-la-source-ultime\/\" class=\"tz-more-link more-link\" rel=\"bookmark\">Lire la suite<\/a><\/p><\/div><\/div><\/article><\/div><\/div><\/div>\n\n\n<p class=\"has-text-align-center\"><strong><span style=\"color:#d7760e\" class=\"has-inline-color\">______________________________<\/span><span style=\"color:#d7760e\" class=\"has-inline-color\"><\/span><\/strong><\/p>\n\n\n\n<p class=\"has-text-align-center\"><strong><span style=\"color:#d7760e\" class=\"has-inline-color\">_______________<\/span><\/strong><\/p>\n\n\n\n<p class=\"has-small-font-size\"><mark style=\"background-color:rgba(0, 0, 0, 0);color:#d7760e\" class=\"has-inline-color\">Image de<\/mark> <a href=\"https:\/\/pixabay.com\/fr\/\" target=\"_blank\" rel=\"noreferrer noopener\">Pixabay<\/a><\/p>\n\n\n\n<p class=\"has-text-color has-link-color has-small-font-size wp-elements-cd0be80c94eddc526a9b0aae7c5f747e\" style=\"color:#d7760e\">Toutes les images et illustrations de Louise sont la propri\u00e9t\u00e9 exclusive de Pascale Lebeur<\/p>\n\n\n\n<p class=\"has-small-font-size\"><strong><mark style=\"background-color:rgba(0, 0, 0, 0)\" class=\"has-inline-color has-luminous-vivid-amber-color\">\u00a9 2020-2026 Le r\u00eave de Louise<\/mark><\/strong><\/p>\n","protected":false},"excerpt":{"rendered":"<p>______________________________ _______________ Dans la vie d&rsquo;une m\u00e9dium Je m\u2019appelle Louise, je vous invite \u00e0 d\u00e9couvrir ma vie \u00ab\u00a0pas tr\u00e8s normale\u00a0\u00bb \u00e0 travers mes intuitions, mes visions, mes r\u00eaves. Je veux vous emmener avec moi dans mes voyages \u00e0 travers le temps et l\u2019espace \u00e0 la recherche des symboles et des signes qui vous m\u00e8neront \u00e0 [&hellip;]<\/p>\n","protected":false},"author":1,"featured_media":0,"parent":0,"menu_order":0,"comment_status":"closed","ping_status":"closed","template":"","meta":{"_eb_attr":"","footnotes":""},"class_list":["post-146","page","type-page","status-publish","hentry"],"_links":{"self":[{"href":"https:\/\/lerevedelouise.fr\/index.php\/wp-json\/wp\/v2\/pages\/146","targetHints":{"allow":["GET"]}}],"collection":[{"href":"https:\/\/lerevedelouise.fr\/index.php\/wp-json\/wp\/v2\/pages"}],"about":[{"href":"https:\/\/lerevedelouise.fr\/index.php\/wp-json\/wp\/v2\/types\/page"}],"author":[{"embeddable":true,"href":"https:\/\/lerevedelouise.fr\/index.php\/wp-json\/wp\/v2\/users\/1"}],"replies":[{"embeddable":true,"href":"https:\/\/lerevedelouise.fr\/index.php\/wp-json\/wp\/v2\/comments?post=146"}],"version-history":[{"count":268,"href":"https:\/\/lerevedelouise.fr\/index.php\/wp-json\/wp\/v2\/pages\/146\/revisions"}],"predecessor-version":[{"id":12510,"href":"https:\/\/lerevedelouise.fr\/index.php\/wp-json\/wp\/v2\/pages\/146\/revisions\/12510"}],"wp:attachment":[{"href":"https:\/\/lerevedelouise.fr\/index.php\/wp-json\/wp\/v2\/media?parent=146"}],"curies":[{"name":"wp","href":"https:\/\/api.w.org\/{rel}","templated":true}]}}