{"id":1626,"date":"2020-06-10T21:00:56","date_gmt":"2020-06-10T19:00:56","guid":{"rendered":"https:\/\/lerevedelouise.fr\/?page_id=1626"},"modified":"2024-02-05T16:09:32","modified_gmt":"2024-02-05T15:09:32","slug":"case-13","status":"publish","type":"page","link":"https:\/\/lerevedelouise.fr\/index.php\/case-0\/case-13\/","title":{"rendered":"Case 13"},"content":{"rendered":"<span class=\"span-reading-time rt-reading-time\" style=\"display: block;\"><span class=\"rt-label rt-prefix\">Temps de lecture\u00a0: <\/span> <span class=\"rt-time\"> 2<\/span> <span class=\"rt-label rt-postfix\">minutes<\/span><\/span>\n<h4 class=\"wp-block-heading\"><span style=\"color:#d7760e\" class=\"has-inline-color\">L&rsquo;\u00e9p\u00e9e<\/span><\/h4>\n\n\n\n<div class=\"wp-block-image\"><figure class=\"aligncenter size-medium\"><a href=\"https:\/\/lerevedelouise.fr\/wp-content\/uploads\/2020\/06\/epee.jpg\"><img loading=\"lazy\" decoding=\"async\" width=\"300\" height=\"228\" src=\"https:\/\/lerevedelouise.fr\/wp-content\/uploads\/2020\/06\/epee-300x228.jpg\" alt=\"\" class=\"wp-image-1631\" srcset=\"https:\/\/lerevedelouise.fr\/wp-content\/uploads\/2020\/06\/epee-300x228.jpg 300w, https:\/\/lerevedelouise.fr\/wp-content\/uploads\/2020\/06\/epee-600x455.jpg 600w, https:\/\/lerevedelouise.fr\/wp-content\/uploads\/2020\/06\/epee-1024x777.jpg 1024w, https:\/\/lerevedelouise.fr\/wp-content\/uploads\/2020\/06\/epee-768x583.jpg 768w, https:\/\/lerevedelouise.fr\/wp-content\/uploads\/2020\/06\/epee.jpg 1280w\" sizes=\"auto, (max-width: 300px) 100vw, 300px\" \/><\/a><\/figure><\/div>\n\n\n\n<p>C&rsquo;est l&rsquo;arme noble, l&rsquo;arme du juste par excellence. Il faut moins voir, dans la symbolique s&rsquo;y rattachant, une image de la lutte, de la guerre, de la violence, qu&rsquo;une figure d&rsquo;une d\u00e9cision prise fermement, d&rsquo;une difficult\u00e9 tranch\u00e9e ou d&rsquo;une lib\u00e9ration. En effet, l&rsquo;\u00e9p\u00e9e est un symbole de d\u00e9livrance et de libert\u00e9. C&rsquo;est elle qui d\u00e9fend, maintient ou gagne la paix et la justice. De ce fait, elle fut aussi assimil\u00e9e \u00e0 la manifestation du Verbe, c&rsquo;est \u00e0 dire de la parole sacr\u00e9e qui agit exerce un pouvoir magique sur les hommes, les guide ou les aveugles selon le cas. Mais, dans l&rsquo;id\u00e9al, elle est un guide bien s\u00fbr. Elle est donc aussi en rapport avec la lumi\u00e8re, la flamme, la v\u00e9rit\u00e9, l&rsquo;\u00e9clair. A l&rsquo;instar de la foudre, quand elle tombe ou frappe, c&rsquo;est avec une telle violence qu&rsquo;on ne peut l&rsquo;\u00e9viter.<\/p>\n\n\n\n<h4 class=\"wp-block-heading\"><span style=\"color:#d7760e\" class=\"has-inline-color\">Signification     <\/span><\/h4>\n\n\n\n<p>Lorsque votre pion se pose sur cette case, il n&rsquo;est plus temps de tergiverser, de r\u00e9fl\u00e9chir, de peser le pour et le contre, comme vous pouviez encore le faire. Ici, il n&rsquo;est d&rsquo;autre solution que de vous r\u00e9soudre \u00e0 trancher. Cette \u00e9p\u00e9e vous indique alors que vous \u00eates bien arm\u00e9 pour agir de la sorte. Car le choix, la d\u00e9cision, la r\u00e9solution qui tranche, d\u00e9livre, fait \u00e9clater la v\u00e9rit\u00e9 n&rsquo;appartient qu&rsquo;\u00e0 vous. Vous pouvez faire toute la lumi\u00e8re sur votre situation ou sur votre vie. <\/p>\n\n\n\n<p class=\"has-small-font-size\"><span style=\"color:#d7760e\" class=\"has-inline-color\">Image par : <\/span> <a href=\"https:\/\/pixabay.com\/fr\/users\/dieter_g-359839\/?utm_source=link-attribution&amp;utm_medium=referral&amp;utm_campaign=image&amp;utm_content=1960797\" target=\"_blank\" rel=\"noreferrer noopener\">Dieter_G<\/a> <span style=\"color:#d7760e\" class=\"has-inline-color\">de<\/span> <a href=\"https:\/\/pixabay.com\/fr\/\" target=\"_blank\" rel=\"noreferrer noopener\">Pixabay<\/a><\/p>\n\n\n\n<p class=\"has-small-font-size\"><span style=\"color:#d7760e\" class=\"has-inline-color\">Source :<\/span> <a href=\"https:\/\/www.hachette-collections.com\/fr-fr\/?gclid=CjwKCAjw8J32BRBCEiwApQEKgdiFVIkH2wypRsYiCjhK4KTn5ifV_DR1FX_lAZt9mKdtG8ksfXzYzxoCfegQAvD_BwE\" target=\"_blank\" rel=\"noreferrer noopener\">les arts divina<em>toires \u2013 Hachette Collection<\/em><\/a><\/p>\n","protected":false},"excerpt":{"rendered":"<p>L&rsquo;\u00e9p\u00e9e C&rsquo;est l&rsquo;arme noble, l&rsquo;arme du juste par excellence. Il faut moins voir, dans la symbolique s&rsquo;y rattachant, une image de la lutte, de la guerre, de la violence, qu&rsquo;une figure d&rsquo;une d\u00e9cision prise fermement, d&rsquo;une difficult\u00e9 tranch\u00e9e ou d&rsquo;une lib\u00e9ration. En effet, l&rsquo;\u00e9p\u00e9e est un symbole de d\u00e9livrance et de libert\u00e9. C&rsquo;est elle qui [&hellip;]<\/p>\n","protected":false},"author":1,"featured_media":0,"parent":480,"menu_order":13,"comment_status":"closed","ping_status":"closed","template":"","meta":{"_eb_attr":"","footnotes":""},"class_list":["post-1626","page","type-page","status-publish","hentry"],"_links":{"self":[{"href":"https:\/\/lerevedelouise.fr\/index.php\/wp-json\/wp\/v2\/pages\/1626","targetHints":{"allow":["GET"]}}],"collection":[{"href":"https:\/\/lerevedelouise.fr\/index.php\/wp-json\/wp\/v2\/pages"}],"about":[{"href":"https:\/\/lerevedelouise.fr\/index.php\/wp-json\/wp\/v2\/types\/page"}],"author":[{"embeddable":true,"href":"https:\/\/lerevedelouise.fr\/index.php\/wp-json\/wp\/v2\/users\/1"}],"replies":[{"embeddable":true,"href":"https:\/\/lerevedelouise.fr\/index.php\/wp-json\/wp\/v2\/comments?post=1626"}],"version-history":[{"count":9,"href":"https:\/\/lerevedelouise.fr\/index.php\/wp-json\/wp\/v2\/pages\/1626\/revisions"}],"predecessor-version":[{"id":4263,"href":"https:\/\/lerevedelouise.fr\/index.php\/wp-json\/wp\/v2\/pages\/1626\/revisions\/4263"}],"up":[{"embeddable":true,"href":"https:\/\/lerevedelouise.fr\/index.php\/wp-json\/wp\/v2\/pages\/480"}],"wp:attachment":[{"href":"https:\/\/lerevedelouise.fr\/index.php\/wp-json\/wp\/v2\/media?parent=1626"}],"curies":[{"name":"wp","href":"https:\/\/api.w.org\/{rel}","templated":true}]}}