{"id":1731,"date":"2020-06-17T16:08:43","date_gmt":"2020-06-17T14:08:43","guid":{"rendered":"https:\/\/lerevedelouise.fr\/?page_id=1731"},"modified":"2024-02-05T16:09:42","modified_gmt":"2024-02-05T15:09:42","slug":"case-14","status":"publish","type":"page","link":"https:\/\/lerevedelouise.fr\/index.php\/case-0\/case-14\/","title":{"rendered":"Case 14"},"content":{"rendered":"<span class=\"span-reading-time rt-reading-time\" style=\"display: block;\"><span class=\"rt-label rt-prefix\">Temps de lecture\u00a0: <\/span> <span class=\"rt-time\"> 2<\/span> <span class=\"rt-label rt-postfix\">minutes<\/span><\/span>\n<h4 class=\"wp-block-heading\"><span style=\"color:#d7760e\" class=\"has-inline-color\">La toile d&rsquo;araign\u00e9e<\/span><\/h4>\n\n\n\n<div class=\"wp-block-image\"><figure class=\"aligncenter size-medium\"><a href=\"https:\/\/lerevedelouise.fr\/wp-content\/uploads\/2020\/06\/toile-araign\u00e9e.jpg\"><img loading=\"lazy\" decoding=\"async\" width=\"300\" height=\"222\" src=\"https:\/\/lerevedelouise.fr\/wp-content\/uploads\/2020\/06\/toile-araign\u00e9e-300x222.jpg\" alt=\"\" class=\"wp-image-1733\" srcset=\"https:\/\/lerevedelouise.fr\/wp-content\/uploads\/2020\/06\/toile-araign\u00e9e-300x222.jpg 300w, https:\/\/lerevedelouise.fr\/wp-content\/uploads\/2020\/06\/toile-araign\u00e9e-600x443.jpg 600w, https:\/\/lerevedelouise.fr\/wp-content\/uploads\/2020\/06\/toile-araign\u00e9e-1024x757.jpg 1024w, https:\/\/lerevedelouise.fr\/wp-content\/uploads\/2020\/06\/toile-araign\u00e9e-768x568.jpg 768w, https:\/\/lerevedelouise.fr\/wp-content\/uploads\/2020\/06\/toile-araign\u00e9e.jpg 1280w\" sizes=\"auto, (max-width: 300px) 100vw, 300px\" \/><\/a><\/figure><\/div>\n\n\n\n<p>Cette merveilleuse construction, pur produit de la nature, pr\u00e9sente de nombreuses analogies symboliques avec le labyrinthe. Toutefois, de m\u00eame que l&rsquo;araign\u00e9e r\u00e9alise sa toile en utilisant une substance produite par son propre corps, ce que cette toile repr\u00e9sente symboliquement, le plus souvent, ce sont les pi\u00e8ges que l&rsquo;on se tend \u00e0 soi-m\u00eame, les id\u00e9es, pens\u00e9es, fantasmes que notre mental tisse parfois \u00e0 notre insu, jour apr\u00e8s jour et dont nous sommes prisonniers, malgr\u00e9 nous. Ce peut \u00eatre aussi une figure de l&rsquo;\u00e9cheveau des circonstances que nous engendrons nous-m\u00eames par nos actes ou nos r\u00e9flexes comportementaux r\u00e9p\u00e9titifs, immuables terrifiants, d&rsquo;o\u00f9 la r\u00e9pulsion que nous inspire les araign\u00e9es, car elles nous figent nous fixent, nous paralysent peu \u00e0 peu, \u00e0 notre insu toujours. <\/p>\n\n\n\n<h4 class=\"wp-block-heading\"><span style=\"color:#d7760e\" class=\"has-inline-color\">Signification<\/span><\/h4>\n\n\n\n<p>Lorsque votre pion se pose sur cette case, cela vous montre que vous n&rsquo;avez pas arriver \u00e0 trouver un certain \u00e9quilibre ou une certaine harmonie et que vous n&rsquo;avez pas su trancher quand il \u00e9tait encore temps. Vous risquez de tomber dans un pi\u00e8ge que vous avez vous-m\u00eame construit sans vous en rendre compte. Cette menace qui p\u00e8se sur vous, vous l&rsquo;avez cr\u00e9e de toutes pi\u00e8ces , il faut donc en d\u00e9faire la trame, lentement d\u00e9nouer ces liens qui vous emp\u00eachent d&rsquo;exercer votre libre arbitre. Et il n&rsquo;y a que vous qui puissiez le faire.  <\/p>\n\n\n\n<p class=\"has-small-font-size\"><span style=\"color:#d7760e\" class=\"has-inline-color\">Image par :<\/span> <a href=\"https:\/\/pixabay.com\/fr\/photos\/toile-d-araign%C3%A9e-gouttes-humide-3811712\/\" target=\"_blank\" rel=\"noreferrer noopener\">Adina Voicu<\/a> <span style=\"color:#d7760e\" class=\"has-inline-color\">de<\/span> <a href=\"https:\/\/pixabay.com\/fr\/\" target=\"_blank\" rel=\"noreferrer noopener\">Pixabay<\/a><\/p>\n\n\n\n<p class=\"has-small-font-size\"><span style=\"color:#d7760e\" class=\"has-inline-color\">Source :<\/span> <a href=\"https:\/\/www.hachette-collections.com\/fr-fr\/?gclid=CjwKCAjw8J32BRBCEiwApQEKgdiFVIkH2wypRsYiCjhK4KTn5ifV_DR1FX_lAZt9mKdtG8ksfXzYzxoCfegQAvD_BwE\" target=\"_blank\" rel=\"noreferrer noopener\">les arts divina<em>toires \u2013 Hachette Collection<\/em><\/a><\/p>\n\n\n\n<p><\/p>\n","protected":false},"excerpt":{"rendered":"<p>La toile d&rsquo;araign\u00e9e Cette merveilleuse construction, pur produit de la nature, pr\u00e9sente de nombreuses analogies symboliques avec le labyrinthe. Toutefois, de m\u00eame que l&rsquo;araign\u00e9e r\u00e9alise sa toile en utilisant une substance produite par son propre corps, ce que cette toile repr\u00e9sente symboliquement, le plus souvent, ce sont les pi\u00e8ges que l&rsquo;on se tend \u00e0 soi-m\u00eame, [&hellip;]<\/p>\n","protected":false},"author":1,"featured_media":0,"parent":480,"menu_order":14,"comment_status":"closed","ping_status":"closed","template":"","meta":{"_eb_attr":"","footnotes":""},"class_list":["post-1731","page","type-page","status-publish","hentry"],"_links":{"self":[{"href":"https:\/\/lerevedelouise.fr\/index.php\/wp-json\/wp\/v2\/pages\/1731","targetHints":{"allow":["GET"]}}],"collection":[{"href":"https:\/\/lerevedelouise.fr\/index.php\/wp-json\/wp\/v2\/pages"}],"about":[{"href":"https:\/\/lerevedelouise.fr\/index.php\/wp-json\/wp\/v2\/types\/page"}],"author":[{"embeddable":true,"href":"https:\/\/lerevedelouise.fr\/index.php\/wp-json\/wp\/v2\/users\/1"}],"replies":[{"embeddable":true,"href":"https:\/\/lerevedelouise.fr\/index.php\/wp-json\/wp\/v2\/comments?post=1731"}],"version-history":[{"count":13,"href":"https:\/\/lerevedelouise.fr\/index.php\/wp-json\/wp\/v2\/pages\/1731\/revisions"}],"predecessor-version":[{"id":4264,"href":"https:\/\/lerevedelouise.fr\/index.php\/wp-json\/wp\/v2\/pages\/1731\/revisions\/4264"}],"up":[{"embeddable":true,"href":"https:\/\/lerevedelouise.fr\/index.php\/wp-json\/wp\/v2\/pages\/480"}],"wp:attachment":[{"href":"https:\/\/lerevedelouise.fr\/index.php\/wp-json\/wp\/v2\/media?parent=1731"}],"curies":[{"name":"wp","href":"https:\/\/api.w.org\/{rel}","templated":true}]}}