{"id":2364,"date":"2020-06-24T17:51:39","date_gmt":"2020-06-24T15:51:39","guid":{"rendered":"https:\/\/lerevedelouise.fr\/?page_id=2364"},"modified":"2024-02-05T16:10:55","modified_gmt":"2024-02-05T15:10:55","slug":"case-17","status":"publish","type":"page","link":"https:\/\/lerevedelouise.fr\/index.php\/case-0\/case-17\/","title":{"rendered":"Case 17"},"content":{"rendered":"<span class=\"span-reading-time rt-reading-time\" style=\"display: block;\"><span class=\"rt-label rt-prefix\">Temps de lecture\u00a0: <\/span> <span class=\"rt-time\"> 2<\/span> <span class=\"rt-label rt-postfix\">minutes<\/span><\/span>\n<h4 class=\"wp-block-heading\"><span style=\"color:#d7760e\" class=\"has-inline-color\">Le cheval ail\u00e9<\/span><\/h4>\n\n\n\n<div class=\"wp-block-image\"><figure class=\"aligncenter size-medium\"><a href=\"https:\/\/lerevedelouise.fr\/wp-content\/uploads\/2020\/06\/cheval-aile.jpg\"><img loading=\"lazy\" decoding=\"async\" width=\"300\" height=\"232\" src=\"https:\/\/lerevedelouise.fr\/wp-content\/uploads\/2020\/06\/cheval-aile-300x232.jpg\" alt=\"\" class=\"wp-image-2366\" srcset=\"https:\/\/lerevedelouise.fr\/wp-content\/uploads\/2020\/06\/cheval-aile-300x232.jpg 300w, https:\/\/lerevedelouise.fr\/wp-content\/uploads\/2020\/06\/cheval-aile-600x463.jpg 600w, https:\/\/lerevedelouise.fr\/wp-content\/uploads\/2020\/06\/cheval-aile-1024x790.jpg 1024w, https:\/\/lerevedelouise.fr\/wp-content\/uploads\/2020\/06\/cheval-aile-768x593.jpg 768w, https:\/\/lerevedelouise.fr\/wp-content\/uploads\/2020\/06\/cheval-aile.jpg 1280w\" sizes=\"auto, (max-width: 300px) 100vw, 300px\" \/><\/a><\/figure><\/div>\n\n\n\n<p>Dans certaines l\u00e9gendes de la mythologie grecque, un cheval ail\u00e9 appara\u00eet. Il a le nom de P\u00e9gase, ce qui signifie le cheval \u00ab\u00a0des puits\u00a0\u00bb ou \u00ab\u00a0des sources\u00a0\u00bb. En effet, on situait sa naissance \u00ab\u00a0aux sources de l&rsquo;Oc\u00e9an\u00a0\u00bb, car il \u00e9tait consid\u00e9r\u00e9 comme le fils de la terre, issu de son sang transform\u00e9 en sources. P\u00e9gase \u00e9tait un cheval divin, pouvant voler jusqu&rsquo;\u00e0 l&rsquo;Olympe o\u00f9  selon une l\u00e9gende mythique qui s&rsquo;y rattache, bien s\u00fbr, il remit la foudre \u00e0 Zeus qui en fit l&rsquo;arme redoutable que l&rsquo;on sait. N\u00e9 des sources, P\u00e9gase poss\u00e9dait aussi le pouvoir d&rsquo;en faire jaillir de la terre d&rsquo;un seul coup de sabot. Comme on le voit donc quoi qu&rsquo;\u00e9tant pourvu d&rsquo;ailes et pouvant voler, ce n&rsquo;est pas l&rsquo;air son \u00e9l\u00e9ment primordial, mais l&rsquo;eau. Le cheval ail\u00e9 est donc une divinit\u00e9 des eaux.<\/p>\n\n\n\n<h4 class=\"wp-block-heading\"><span style=\"color:#d7760e\" class=\"has-inline-color\">Signification <\/span><\/h4>\n\n\n\n<p>Si votre pion se pose sur cette case, cela vous montre tout ce qui est en rapport avec votre imagination, votre inspiration, votre cr\u00e9ativit\u00e9, votre esprit inventif, mais aussi vos intuitions, vos pr\u00e9monitions, vos sensibilit\u00e9s, vos r\u00e9ceptivit\u00e9s. Cette case repr\u00e9sente aussi votre psychisme avec vos r\u00eaves, vos id\u00e9es lumineuses, vos pens\u00e9es nobles et g\u00e9n\u00e9reuses, vos trouvailles, vos sp\u00e9culations. Et aussi, vos sentiments et la sympathie que vous \u00e9prouvez pour les autres qui volent au-del\u00e0 des limites de l&rsquo;espace et du temps et qui vous permettent de vous comprendre, de vous rejoindre, de vous accorder et m\u00eame de vous unir. Cette case montre aussi que vous pouvez avoir une nouvelle situation dans votre vie dont vous serez \u00e0 l&rsquo;origine.    <\/p>\n\n\n\n<p class=\"has-small-font-size\"><span style=\"color:#d7760e\" class=\"has-inline-color\">Image par :<\/span> <a href=\"https:\/\/pixabay.com\/fr\/users\/kudybadorota-6300591\/?utm_source=link-attribution&amp;utm_medium=referral&amp;utm_campaign=image&amp;utm_content=2743045\" target=\"_blank\" rel=\"noreferrer noopener\">Dorota Kudyba<\/a> <span style=\"color:#d7760e\" class=\"has-inline-color\">de<\/span> <a href=\"https:\/\/pixabay.com\/fr\/\" target=\"_blank\" rel=\"noreferrer noopener\">Pixabay<\/a><\/p>\n\n\n\n<p class=\"has-small-font-size\"><span style=\"color:#d7760e\" class=\"has-inline-color\">Source :<\/span> <a href=\"https:\/\/www.hachette-collections.com\/fr-fr\/?gclid=CjwKCAjw8J32BRBCEiwApQEKgdiFVIkH2wypRsYiCjhK4KTn5ifV_DR1FX_lAZt9mKdtG8ksfXzYzxoCfegQAvD_BwE\" target=\"_blank\" rel=\"noreferrer noopener\">les arts divina<em>toires \u2013 Hachette Collection<\/em><\/a><\/p>\n\n\n\n<p><\/p>\n","protected":false},"excerpt":{"rendered":"<p>Le cheval ail\u00e9 Dans certaines l\u00e9gendes de la mythologie grecque, un cheval ail\u00e9 appara\u00eet. Il a le nom de P\u00e9gase, ce qui signifie le cheval \u00ab\u00a0des puits\u00a0\u00bb ou \u00ab\u00a0des sources\u00a0\u00bb. En effet, on situait sa naissance \u00ab\u00a0aux sources de l&rsquo;Oc\u00e9an\u00a0\u00bb, car il \u00e9tait consid\u00e9r\u00e9 comme le fils de la terre, issu de son sang transform\u00e9 [&hellip;]<\/p>\n","protected":false},"author":1,"featured_media":0,"parent":480,"menu_order":17,"comment_status":"closed","ping_status":"closed","template":"","meta":{"_eb_attr":"","footnotes":""},"class_list":["post-2364","page","type-page","status-publish","hentry"],"_links":{"self":[{"href":"https:\/\/lerevedelouise.fr\/index.php\/wp-json\/wp\/v2\/pages\/2364","targetHints":{"allow":["GET"]}}],"collection":[{"href":"https:\/\/lerevedelouise.fr\/index.php\/wp-json\/wp\/v2\/pages"}],"about":[{"href":"https:\/\/lerevedelouise.fr\/index.php\/wp-json\/wp\/v2\/types\/page"}],"author":[{"embeddable":true,"href":"https:\/\/lerevedelouise.fr\/index.php\/wp-json\/wp\/v2\/users\/1"}],"replies":[{"embeddable":true,"href":"https:\/\/lerevedelouise.fr\/index.php\/wp-json\/wp\/v2\/comments?post=2364"}],"version-history":[{"count":6,"href":"https:\/\/lerevedelouise.fr\/index.php\/wp-json\/wp\/v2\/pages\/2364\/revisions"}],"predecessor-version":[{"id":4267,"href":"https:\/\/lerevedelouise.fr\/index.php\/wp-json\/wp\/v2\/pages\/2364\/revisions\/4267"}],"up":[{"embeddable":true,"href":"https:\/\/lerevedelouise.fr\/index.php\/wp-json\/wp\/v2\/pages\/480"}],"wp:attachment":[{"href":"https:\/\/lerevedelouise.fr\/index.php\/wp-json\/wp\/v2\/media?parent=2364"}],"curies":[{"name":"wp","href":"https:\/\/api.w.org\/{rel}","templated":true}]}}