{"id":2390,"date":"2020-06-25T20:04:18","date_gmt":"2020-06-25T18:04:18","guid":{"rendered":"https:\/\/lerevedelouise.fr\/?page_id=2390"},"modified":"2024-02-05T16:10:19","modified_gmt":"2024-02-05T15:10:19","slug":"case-18","status":"publish","type":"page","link":"https:\/\/lerevedelouise.fr\/index.php\/case-0\/case-18\/","title":{"rendered":"Case 18"},"content":{"rendered":"<span class=\"span-reading-time rt-reading-time\" style=\"display: block;\"><span class=\"rt-label rt-prefix\">Temps de lecture\u00a0: <\/span> <span class=\"rt-time\"> 2<\/span> <span class=\"rt-label rt-postfix\">minutes<\/span><\/span>\n<h4 class=\"wp-block-heading\"><mark style=\"background-color:rgba(0, 0, 0, 0);color:#d7760e\" class=\"has-inline-color\">La deuxi\u00e8me Oie<\/mark><\/h4>\n\n\n\n<div class=\"wp-block-image\"><figure class=\"aligncenter size-medium\"><a href=\"https:\/\/lerevedelouise.fr\/wp-content\/uploads\/2023\/12\/oie-2.jpg\"><img loading=\"lazy\" decoding=\"async\" width=\"300\" height=\"200\" src=\"https:\/\/lerevedelouise.fr\/wp-content\/uploads\/2023\/12\/oie-2-300x200.jpg\" alt=\"\" class=\"wp-image-8500\" srcset=\"https:\/\/lerevedelouise.fr\/wp-content\/uploads\/2023\/12\/oie-2-300x200.jpg 300w, https:\/\/lerevedelouise.fr\/wp-content\/uploads\/2023\/12\/oie-2-1024x684.jpg 1024w, https:\/\/lerevedelouise.fr\/wp-content\/uploads\/2023\/12\/oie-2-768x513.jpg 768w, https:\/\/lerevedelouise.fr\/wp-content\/uploads\/2023\/12\/oie-2-272x182.jpg 272w, https:\/\/lerevedelouise.fr\/wp-content\/uploads\/2023\/12\/oie-2.jpg 1280w\" sizes=\"auto, (max-width: 300px) 100vw, 300px\" \/><\/a><\/figure><\/div>\n\n\n\n<p>Cette nouvelle oie inaugure le troisi\u00e8me cycle du parcours et cette oie qui appara\u00eet nous \u00e9claire sur l&rsquo;\u00e9tat d&rsquo;esprit dont nous devons nous impr\u00e9gner pour tirer parti des r\u00e9v\u00e9lations qui nous sont offertes. Cette oie enseigne ici le savoir vivre auxquelles chacun de nous se soumet avec plus ou moins d&rsquo;aisance et de bonheur. Qu&rsquo;on ne s&rsquo;y trompe pas  : ces r\u00e8gles font partie de nos m\u0153urs, de nos habitudes. Voire m\u00eame pour certaines d&rsquo;entre elles, des structures originelles de notre pens\u00e9e, tant elles sont anciennes, plus anciennes en tout cas que tout ce qu&rsquo;est capable de se souvenir notre m\u00e9moire consciente. Il s&rsquo;agit de vieux r\u00e9flexes comportementaux, de rep\u00e8res ou de valeurs que nous avons tout int\u00e9r\u00eat \u00e0 employer \u00e0 bon escient, car ils sont n\u00e9cessaires \u00e0 notre bien-\u00eatre et parfois m\u00eame \u00e0 notre survie.<\/p>\n\n\n\n<h4 class=\"wp-block-heading\"><mark style=\"background-color:rgba(0, 0, 0, 0);color:#d7760e\" class=\"has-inline-color\">Signification<\/mark><\/h4>\n\n\n\n<p>Si votre pion se fixe sur cette case, dites-vous que l&rsquo;oie qui y figure vous conseille de bien vous souvenir des r\u00e8gles, principes, valeurs qui vous ont \u00e9t\u00e9 inculqu\u00e9s durant votre enfance, qui sont profond\u00e9ment inscrits dans votre m\u00e9moire et de vous interroger \u00e0 leur propos : les exploitez-vous \u00e0 bon escient ou les ignorez-vous et les subissez-vous ? Sont-ils pour vous des atouts ou des handicaps ? Chaque case qui compose ce troisi\u00e8me cycle am\u00e8nera \u00e0 vous poser ces questions. <\/p>\n\n\n\n<p class=\"has-text-color has-small-font-size\" style=\"color:#d7760e\">Image par <a href=\"https:\/\/pixabay.com\/fr\/users\/elsemargriet-1614842\/?utm_source=link-attribution&amp;utm_medium=referral&amp;utm_campaign=image&amp;utm_content=7883323\" target=\"_blank\" rel=\"noopener\">Elsemargriet<\/a> de <a href=\"https:\/\/pixabay.com\/fr\/\/?utm_source=link-attribution&amp;utm_medium=referral&amp;utm_campaign=image&amp;utm_content=7883323\" target=\"_blank\" rel=\"noopener\">Pixabay<\/a><\/p>\n\n\n\n<p class=\"has-small-font-size\"><mark style=\"background-color:rgba(0, 0, 0, 0);color:#d7760e\" class=\"has-inline-color\">Source :<\/mark> <a href=\"https:\/\/www.hachette-collections.com\/fr-fr\/?gclid=CjwKCAjw8J32BRBCEiwApQEKgdiFVIkH2wypRsYiCjhK4KTn5ifV_DR1FX_lAZt9mKdtG8ksfXzYzxoCfegQAvD_BwE\" target=\"_blank\" rel=\"noreferrer noopener\">les arts divina<em>toires \u2013 Hachette Collection<\/em><\/a><\/p>\n","protected":false},"excerpt":{"rendered":"<p>La deuxi\u00e8me Oie Cette nouvelle oie inaugure le troisi\u00e8me cycle du parcours et cette oie qui appara\u00eet nous \u00e9claire sur l&rsquo;\u00e9tat d&rsquo;esprit dont nous devons nous impr\u00e9gner pour tirer parti des r\u00e9v\u00e9lations qui nous sont offertes. Cette oie enseigne ici le savoir vivre auxquelles chacun de nous se soumet avec plus ou moins d&rsquo;aisance et [&hellip;]<\/p>\n","protected":false},"author":1,"featured_media":0,"parent":480,"menu_order":18,"comment_status":"closed","ping_status":"closed","template":"","meta":{"_eb_attr":"","footnotes":""},"class_list":["post-2390","page","type-page","status-publish","hentry"],"_links":{"self":[{"href":"https:\/\/lerevedelouise.fr\/index.php\/wp-json\/wp\/v2\/pages\/2390","targetHints":{"allow":["GET"]}}],"collection":[{"href":"https:\/\/lerevedelouise.fr\/index.php\/wp-json\/wp\/v2\/pages"}],"about":[{"href":"https:\/\/lerevedelouise.fr\/index.php\/wp-json\/wp\/v2\/types\/page"}],"author":[{"embeddable":true,"href":"https:\/\/lerevedelouise.fr\/index.php\/wp-json\/wp\/v2\/users\/1"}],"replies":[{"embeddable":true,"href":"https:\/\/lerevedelouise.fr\/index.php\/wp-json\/wp\/v2\/comments?post=2390"}],"version-history":[{"count":18,"href":"https:\/\/lerevedelouise.fr\/index.php\/wp-json\/wp\/v2\/pages\/2390\/revisions"}],"predecessor-version":[{"id":8503,"href":"https:\/\/lerevedelouise.fr\/index.php\/wp-json\/wp\/v2\/pages\/2390\/revisions\/8503"}],"up":[{"embeddable":true,"href":"https:\/\/lerevedelouise.fr\/index.php\/wp-json\/wp\/v2\/pages\/480"}],"wp:attachment":[{"href":"https:\/\/lerevedelouise.fr\/index.php\/wp-json\/wp\/v2\/media?parent=2390"}],"curies":[{"name":"wp","href":"https:\/\/api.w.org\/{rel}","templated":true}]}}