{"id":2426,"date":"2020-06-29T13:55:51","date_gmt":"2020-06-29T11:55:51","guid":{"rendered":"https:\/\/lerevedelouise.fr\/?page_id=2426"},"modified":"2024-02-05T16:11:09","modified_gmt":"2024-02-05T15:11:09","slug":"case-19","status":"publish","type":"page","link":"https:\/\/lerevedelouise.fr\/index.php\/case-0\/case-19\/","title":{"rendered":"Case 19"},"content":{"rendered":"<span class=\"span-reading-time rt-reading-time\" style=\"display: block;\"><span class=\"rt-label rt-prefix\">Temps de lecture\u00a0: <\/span> <span class=\"rt-time\"> 2<\/span> <span class=\"rt-label rt-postfix\">minutes<\/span><\/span>\n<h4 class=\"wp-block-heading\"><span style=\"color:#d7760e\" class=\"has-inline-color\">L&rsquo;auberge<\/span><\/h4>\n\n\n\n<div class=\"wp-block-image\"><figure class=\"aligncenter size-medium\"><a href=\"https:\/\/lerevedelouise.fr\/wp-content\/uploads\/2020\/06\/auberge.jpg\"><img loading=\"lazy\" decoding=\"async\" width=\"300\" height=\"225\" src=\"https:\/\/lerevedelouise.fr\/wp-content\/uploads\/2020\/06\/auberge-300x225.jpg\" alt=\"\" class=\"wp-image-2435\" srcset=\"https:\/\/lerevedelouise.fr\/wp-content\/uploads\/2020\/06\/auberge-300x225.jpg 300w, https:\/\/lerevedelouise.fr\/wp-content\/uploads\/2020\/06\/auberge-600x450.jpg 600w, https:\/\/lerevedelouise.fr\/wp-content\/uploads\/2020\/06\/auberge-1024x768.jpg 1024w, https:\/\/lerevedelouise.fr\/wp-content\/uploads\/2020\/06\/auberge-768x576.jpg 768w, https:\/\/lerevedelouise.fr\/wp-content\/uploads\/2020\/06\/auberge.jpg 1280w\" sizes=\"auto, (max-width: 300px) 100vw, 300px\" \/><\/a><\/figure><\/div>\n\n\n\n<p>Que fait-on dans une auberge ? On y vient pour prendre un repos bien m\u00e9rit\u00e9, faire une \u00e9tape au cours d&rsquo;un voyage avant de poursuivre son chemin. Certes, aujourd&rsquo;hui, les auberges sont ce que l&rsquo;on appelle h\u00f4tels-restaurants. Mais nagu\u00e8re, lorsque les voyages se faisaient \u00e0 pied, \u00e0 cheval, en attelage ou en \u00e9quipage, que l&rsquo;on mettait ainsi plusieurs mois, semaines ou jours pour parcourir une certaine distance, elles \u00e9taient d&rsquo;authentiques et de n\u00e9cessaires \u00e9tapes o\u00f9 l&rsquo;on faisait une halte pour la nuit. <\/p>\n\n\n\n<h4 class=\"wp-block-heading\"><span style=\"color:#d7760e\" class=\"has-inline-color\">Signification<\/span><\/h4>\n\n\n\n<p>Lorsque  votre pion se pose sur cette case lors de votre parcours, cette auberge vous montre la n\u00e9cessit\u00e9 de faire une halte dans votre vie, de prendre un moment de d\u00e9tente qui vous est impos\u00e9 ou donner de go\u00fbter, selon le cas et dont vous devez tirer profit pour retrouver vos forces, vous r\u00e9g\u00e9n\u00e9rer, vous pr\u00e9parer pour franchir une nouvelle distance, une nouvelle \u00e9tape dans votre vie. Cette case vous indique que vous \u00eates un voyageur et que le voyage que vous avez entrepris c&rsquo;est celui de votre vie. Mais, si vous avez encore du chemin \u00e0 faire, pour le moment il vous est permis de vous d\u00e9tendre, de vous reposer, de vous ressourcer. Faites-le en sachant que bient\u00f4t vous devrez reprendre votre route&#8230;   <\/p>\n\n\n\n<p class=\"has-small-font-size\"><span style=\"color:#d7760e\" class=\"has-inline-color\">Image par :<\/span><a href=\"https:\/\/pixabay.com\/fr\/users\/joakant-313743\/?utm_source=link-attribution&amp;utm_medium=referral&amp;utm_campaign=image&amp;utm_content=1656586\" target=\"_blank\" rel=\"noreferrer noopener\"><span style=\"color:#d7760e\" class=\"has-inline-color\"> <\/span>Joakant <\/a><span style=\"color:#d7760e\" class=\"has-inline-color\">de<\/span> <a href=\"https:\/\/pixabay.com\/fr\/\" target=\"_blank\" rel=\"noreferrer noopener\">Pixabay <\/a><\/p>\n\n\n\n<p class=\"has-small-font-size\"><span style=\"color:#d7760e\" class=\"has-inline-color\">Source :<\/span> <a href=\"https:\/\/www.hachette-collections.com\/fr-fr\/?gclid=CjwKCAjw8J32BRBCEiwApQEKgdiFVIkH2wypRsYiCjhK4KTn5ifV_DR1FX_lAZt9mKdtG8ksfXzYzxoCfegQAvD_BwE\" target=\"_blank\" rel=\"noreferrer noopener\">les arts divina<em>toires \u2013 Hachette Collection<\/em><\/a><\/p>\n","protected":false},"excerpt":{"rendered":"<p>L&rsquo;auberge Que fait-on dans une auberge ? On y vient pour prendre un repos bien m\u00e9rit\u00e9, faire une \u00e9tape au cours d&rsquo;un voyage avant de poursuivre son chemin. Certes, aujourd&rsquo;hui, les auberges sont ce que l&rsquo;on appelle h\u00f4tels-restaurants. Mais nagu\u00e8re, lorsque les voyages se faisaient \u00e0 pied, \u00e0 cheval, en attelage ou en \u00e9quipage, que [&hellip;]<\/p>\n","protected":false},"author":1,"featured_media":0,"parent":480,"menu_order":19,"comment_status":"closed","ping_status":"closed","template":"","meta":{"_eb_attr":"","footnotes":""},"class_list":["post-2426","page","type-page","status-publish","hentry"],"_links":{"self":[{"href":"https:\/\/lerevedelouise.fr\/index.php\/wp-json\/wp\/v2\/pages\/2426","targetHints":{"allow":["GET"]}}],"collection":[{"href":"https:\/\/lerevedelouise.fr\/index.php\/wp-json\/wp\/v2\/pages"}],"about":[{"href":"https:\/\/lerevedelouise.fr\/index.php\/wp-json\/wp\/v2\/types\/page"}],"author":[{"embeddable":true,"href":"https:\/\/lerevedelouise.fr\/index.php\/wp-json\/wp\/v2\/users\/1"}],"replies":[{"embeddable":true,"href":"https:\/\/lerevedelouise.fr\/index.php\/wp-json\/wp\/v2\/comments?post=2426"}],"version-history":[{"count":8,"href":"https:\/\/lerevedelouise.fr\/index.php\/wp-json\/wp\/v2\/pages\/2426\/revisions"}],"predecessor-version":[{"id":4283,"href":"https:\/\/lerevedelouise.fr\/index.php\/wp-json\/wp\/v2\/pages\/2426\/revisions\/4283"}],"up":[{"embeddable":true,"href":"https:\/\/lerevedelouise.fr\/index.php\/wp-json\/wp\/v2\/pages\/480"}],"wp:attachment":[{"href":"https:\/\/lerevedelouise.fr\/index.php\/wp-json\/wp\/v2\/media?parent=2426"}],"curies":[{"name":"wp","href":"https:\/\/api.w.org\/{rel}","templated":true}]}}