{"id":2428,"date":"2020-06-26T13:11:33","date_gmt":"2020-06-26T11:11:33","guid":{"rendered":"https:\/\/lerevedelouise.fr\/?page_id=2428"},"modified":"2024-02-05T16:15:23","modified_gmt":"2024-02-05T15:15:23","slug":"cycle-3-de-parcours-et-dinterpretation","status":"publish","type":"page","link":"https:\/\/lerevedelouise.fr\/index.php\/cycle-1-de-parcours-et-dinterpretation\/cycle-3-de-parcours-et-dinterpretation\/","title":{"rendered":"Cycle 3 de parcours et d&rsquo;interpr\u00e9tation"},"content":{"rendered":"<span class=\"span-reading-time rt-reading-time\" style=\"display: block;\"><span class=\"rt-label rt-prefix\">Temps de lecture\u00a0: <\/span> <span class=\"rt-time\"> 3<\/span> <span class=\"rt-label rt-postfix\">minutes<\/span><\/span>\n<p class=\"has-text-align-right\" style=\"font-size:15px\"><a href=\"https:\/\/lerevedelouise.fr\/index.php\/cycle-1-de-parcours-et-dinterpretation\/cycle-4-de-parcours-et-dinterpretation\/\">Parcours et cycle 4 d&rsquo;interpr\u00e9tation <\/a><a href=\"https:\/\/lerevedelouise.fr\/index.php\/jeu-de-loie-cycle-1-dinterpretation\/jeu-de-loie-cycle-4-dinterpretation\/\"> <\/a><\/p>\n\n\n\n<div class=\"wp-block-columns is-layout-flex wp-container-core-columns-is-layout-9d6595d7 wp-block-columns-is-layout-flex\">\n<div class=\"wp-block-column is-layout-flow wp-block-column-is-layout-flow\">\n<h6 class=\"wp-block-heading\"><mark style=\"background-color:rgba(0, 0, 0, 0);color:#d7760e\" class=\"has-inline-color\">Case 19<\/mark><\/h6>\n\n\n\n<div class=\"wp-block-image\"><figure class=\"aligncenter size-thumbnail\"><img loading=\"lazy\" decoding=\"async\" width=\"150\" height=\"150\" src=\"https:\/\/lerevedelouise.fr\/wp-content\/uploads\/2020\/06\/auberge-150x150.jpg\" alt=\"Jeu de l'oie\" class=\"wp-image-2435\" srcset=\"https:\/\/lerevedelouise.fr\/wp-content\/uploads\/2020\/06\/auberge-150x150.jpg 150w, https:\/\/lerevedelouise.fr\/wp-content\/uploads\/2020\/06\/auberge-100x100.jpg 100w, https:\/\/lerevedelouise.fr\/wp-content\/uploads\/2020\/06\/auberge-80x80.jpg 80w\" sizes=\"auto, (max-width: 150px) 100vw, 150px\" \/><\/figure><\/div>\n\n\n\n<h6 class=\"wp-block-heading\"><mark style=\"background-color:rgba(0, 0, 0, 0);color:#d7760e\" class=\"has-inline-color\">L&rsquo;auberge<\/mark><\/h6>\n\n\n\n<p>Que fait-on dans une auberge ? On y vient pour prendre un repos bien m\u00e9rit\u00e9, faire une \u00e9tape au cours d\u2019un voyage avant de poursuivre&#8230; <a href=\"https:\/\/lerevedelouise.fr\/index.php\/case-0\/case-19\/\">Lire la suite<\/a><\/p>\n<\/div>\n\n\n\n<div class=\"wp-block-column is-layout-flow wp-block-column-is-layout-flow\">\n<h6 class=\"wp-block-heading\"><mark style=\"background-color:rgba(0, 0, 0, 0);color:#d7760e\" class=\"has-inline-color\">Case 20<\/mark><\/h6>\n\n\n\n<div class=\"wp-block-image\"><figure class=\"aligncenter size-thumbnail\"><img loading=\"lazy\" decoding=\"async\" width=\"150\" height=\"150\" src=\"https:\/\/lerevedelouise.fr\/wp-content\/uploads\/2020\/06\/coq-150x150.jpg\" alt=\"Jeu de l'oieC\" class=\"wp-image-2498\" srcset=\"https:\/\/lerevedelouise.fr\/wp-content\/uploads\/2020\/06\/coq-150x150.jpg 150w, https:\/\/lerevedelouise.fr\/wp-content\/uploads\/2020\/06\/coq-100x100.jpg 100w, https:\/\/lerevedelouise.fr\/wp-content\/uploads\/2020\/06\/coq-80x80.jpg 80w\" sizes=\"auto, (max-width: 150px) 100vw, 150px\" \/><\/figure><\/div>\n\n\n\n<h6 class=\"wp-block-heading\"><mark style=\"background-color:rgba(0, 0, 0, 0);color:#d7760e\" class=\"has-inline-color\">Le coq<\/mark><\/h6>\n\n\n\n<p>Le coq est un symbole d\u2019\u00e9veil, de naissance, de renouveau ou bien de fiert\u00e9, d\u2019orgueil, de pr\u00e9somption. A propos de ces trois&#8230; <a href=\"https:\/\/lerevedelouise.fr\/index.php\/case-0\/case-20\/\">Lire la suite<\/a><\/p>\n<\/div>\n\n\n\n<div class=\"wp-block-column is-layout-flow wp-block-column-is-layout-flow\">\n<h6 class=\"wp-block-heading\"><mark style=\"background-color:rgba(0, 0, 0, 0);color:#d7760e\" class=\"has-inline-color\">Case 21<\/mark><\/h6>\n\n\n\n<div class=\"wp-block-image\"><figure class=\"aligncenter size-thumbnail\"><img loading=\"lazy\" decoding=\"async\" width=\"150\" height=\"150\" src=\"https:\/\/lerevedelouise.fr\/wp-content\/uploads\/2020\/07\/sorci\u00e8re-150x150.jpg\" alt=\"Jeu de l'oie\" class=\"wp-image-2577\" srcset=\"https:\/\/lerevedelouise.fr\/wp-content\/uploads\/2020\/07\/sorci\u00e8re-150x150.jpg 150w, https:\/\/lerevedelouise.fr\/wp-content\/uploads\/2020\/07\/sorci\u00e8re-100x100.jpg 100w, https:\/\/lerevedelouise.fr\/wp-content\/uploads\/2020\/07\/sorci\u00e8re-80x80.jpg 80w\" sizes=\"auto, (max-width: 150px) 100vw, 150px\" \/><\/figure><\/div>\n\n\n\n<h6 class=\"wp-block-heading\"><mark style=\"background-color:rgba(0, 0, 0, 0);color:#d7760e\" class=\"has-inline-color\">La sorci\u00e8re<\/mark><\/h6>\n\n\n\n<p>Si, il est un personnage inqui\u00e9tant qui a l\u2019art de cr\u00e9er des illusions, d\u2019agir sur l\u2019esprit des \u00eatres sur lesquels elle focalise son propre &#8230; <a href=\"https:\/\/lerevedelouise.fr\/index.php\/case-0\/case-21\/\">Lire la suite<\/a><\/p>\n<\/div>\n<\/div>\n\n\n\n<div class=\"wp-block-columns is-layout-flex wp-container-core-columns-is-layout-9d6595d7 wp-block-columns-is-layout-flex\">\n<div class=\"wp-block-column is-layout-flow wp-block-column-is-layout-flow\">\n<h6 class=\"wp-block-heading\"><mark style=\"background-color:rgba(0, 0, 0, 0);color:#d7760e\" class=\"has-inline-color\">Case 22<\/mark><\/h6>\n\n\n\n<div class=\"wp-block-image\"><figure class=\"aligncenter size-thumbnail\"><img loading=\"lazy\" decoding=\"async\" width=\"150\" height=\"150\" src=\"https:\/\/lerevedelouise.fr\/wp-content\/uploads\/2020\/07\/f\u00e9e-2-150x150.jpg\" alt=\"Jeu de l'oie\" class=\"wp-image-2625\" srcset=\"https:\/\/lerevedelouise.fr\/wp-content\/uploads\/2020\/07\/f\u00e9e-2-150x150.jpg 150w, https:\/\/lerevedelouise.fr\/wp-content\/uploads\/2020\/07\/f\u00e9e-2-100x100.jpg 100w, https:\/\/lerevedelouise.fr\/wp-content\/uploads\/2020\/07\/f\u00e9e-2-80x80.jpg 80w\" sizes=\"auto, (max-width: 150px) 100vw, 150px\" \/><\/figure><\/div>\n\n\n\n<h6 class=\"wp-block-heading\"><mark style=\"background-color:rgba(0, 0, 0, 0);color:#d7760e\" class=\"has-inline-color\">La f\u00e9e<\/mark><\/h6>\n\n\n\n<p>La f\u00e9e qui suit imm\u00e9diatement la sorci\u00e8re dans ce parcours est \u00e9videment un vrai symbole de protection. Elle figure&#8230; <a href=\"https:\/\/lerevedelouise.fr\/index.php\/case-0\/case-22\/\">Lire la suite<\/a><\/p>\n<\/div>\n\n\n\n<div class=\"wp-block-column is-layout-flow wp-block-column-is-layout-flow\">\n<h6 class=\"wp-block-heading\"><mark style=\"background-color:rgba(0, 0, 0, 0);color:#d7760e\" class=\"has-inline-color\">Case 23<\/mark><\/h6>\n\n\n\n<div class=\"wp-block-image\"><figure class=\"aligncenter size-thumbnail\"><img loading=\"lazy\" decoding=\"async\" width=\"150\" height=\"150\" src=\"https:\/\/lerevedelouise.fr\/wp-content\/uploads\/2020\/07\/montagne-150x150.jpg\" alt=\"Jeu de l'oie\" class=\"wp-image-2656\" srcset=\"https:\/\/lerevedelouise.fr\/wp-content\/uploads\/2020\/07\/montagne-150x150.jpg 150w, https:\/\/lerevedelouise.fr\/wp-content\/uploads\/2020\/07\/montagne-100x100.jpg 100w, https:\/\/lerevedelouise.fr\/wp-content\/uploads\/2020\/07\/montagne-80x80.jpg 80w\" sizes=\"auto, (max-width: 150px) 100vw, 150px\" \/><\/figure><\/div>\n\n\n\n<h6 class=\"wp-block-heading\"><mark style=\"background-color:rgba(0, 0, 0, 0);color:#d7760e\" class=\"has-inline-color\">La montagne<\/mark><\/h6>\n\n\n\n<p>La montagne est une esp\u00e8ce de pont entre la terre et le ciel. Elle se dresse, fi\u00e8re, depuis les profondeurs de la terre&#8230;. <a href=\"https:\/\/lerevedelouise.fr\/index.php\/case-0\/case-23\/\">Lire la suite<\/a><\/p>\n<\/div>\n\n\n\n<div class=\"wp-block-column is-layout-flow wp-block-column-is-layout-flow\">\n<h6 class=\"wp-block-heading\"><mark style=\"background-color:rgba(0, 0, 0, 0);color:#d7760e\" class=\"has-inline-color\">Case 24<\/mark><\/h6>\n\n\n\n<div class=\"wp-block-image\"><figure class=\"aligncenter size-thumbnail\"><img loading=\"lazy\" decoding=\"async\" width=\"150\" height=\"150\" src=\"https:\/\/lerevedelouise.fr\/wp-content\/uploads\/2020\/07\/pont-1-150x150.jpg\" alt=\"Jeu de l'oie\" class=\"wp-image-2730\" srcset=\"https:\/\/lerevedelouise.fr\/wp-content\/uploads\/2020\/07\/pont-1-150x150.jpg 150w, https:\/\/lerevedelouise.fr\/wp-content\/uploads\/2020\/07\/pont-1-100x100.jpg 100w, https:\/\/lerevedelouise.fr\/wp-content\/uploads\/2020\/07\/pont-1-80x80.jpg 80w\" sizes=\"auto, (max-width: 150px) 100vw, 150px\" \/><\/figure><\/div>\n\n\n\n<h6 class=\"wp-block-heading\"><mark style=\"background-color:rgba(0, 0, 0, 0);color:#d7760e\" class=\"has-inline-color\">Le pont<\/mark><\/h6>\n\n\n\n<p>Le pont est un lien. Il relie les deux rives d&rsquo;un fleuve. Il permet donc de passer d&rsquo;une rive \u00e0 l&rsquo;autre. C&rsquo;est \u00e0 ce point \u00e9vident que&#8230; <a href=\"https:\/\/lerevedelouise.fr\/index.php\/case-0\/case-24\/\">Lire la suite<\/a><\/p>\n<\/div>\n<\/div>\n\n\n\n<div class=\"wp-block-columns is-layout-flex wp-container-core-columns-is-layout-9d6595d7 wp-block-columns-is-layout-flex\">\n<div class=\"wp-block-column is-layout-flow wp-block-column-is-layout-flow\">\n<h6 class=\"wp-block-heading\"><mark style=\"background-color:rgba(0, 0, 0, 0);color:#d7760e\" class=\"has-inline-color\">Case 25<\/mark><\/h6>\n\n\n\n<div class=\"wp-block-image\"><figure class=\"aligncenter size-thumbnail\"><img loading=\"lazy\" decoding=\"async\" width=\"150\" height=\"150\" src=\"https:\/\/lerevedelouise.fr\/wp-content\/uploads\/2021\/05\/gouffre-150x150.jpg\" alt=\"\" class=\"wp-image-3256\" srcset=\"https:\/\/lerevedelouise.fr\/wp-content\/uploads\/2021\/05\/gouffre-150x150.jpg 150w, https:\/\/lerevedelouise.fr\/wp-content\/uploads\/2021\/05\/gouffre-100x100.jpg 100w, https:\/\/lerevedelouise.fr\/wp-content\/uploads\/2021\/05\/gouffre-80x80.jpg 80w\" sizes=\"auto, (max-width: 150px) 100vw, 150px\" \/><\/figure><\/div>\n\n\n\n<h6 class=\"wp-block-heading\"><mark style=\"background-color:rgba(0, 0, 0, 0);color:#d7760e\" class=\"has-inline-color\">Le gouffre<\/mark><\/h6>\n\n\n\n<p>Le sens symbolique n\u2019est pas tr\u00e8s difficile \u00e0 comprendre, il s\u2019agit presque toujours d\u2019un trou b\u00e9ant qui peut donner&#8230; <a href=\"https:\/\/lerevedelouise.fr\/index.php\/case-0\/case-25\/\">Lire la suite<\/a><\/p>\n<\/div>\n\n\n\n<div class=\"wp-block-column is-layout-flow wp-block-column-is-layout-flow\">\n<h6 class=\"wp-block-heading\"><mark style=\"background-color:rgba(0, 0, 0, 0);color:#d7760e\" class=\"has-inline-color\">Case 26<\/mark><\/h6>\n\n\n\n<div class=\"wp-block-image\"><figure class=\"aligncenter size-thumbnail\"><img loading=\"lazy\" decoding=\"async\" width=\"150\" height=\"150\" src=\"https:\/\/lerevedelouise.fr\/wp-content\/uploads\/2022\/02\/les-des-150x150.jpg\" alt=\"\" class=\"wp-image-3630\" srcset=\"https:\/\/lerevedelouise.fr\/wp-content\/uploads\/2022\/02\/les-des-150x150.jpg 150w, https:\/\/lerevedelouise.fr\/wp-content\/uploads\/2022\/02\/les-des-100x100.jpg 100w, https:\/\/lerevedelouise.fr\/wp-content\/uploads\/2022\/02\/les-des-80x80.jpg 80w\" sizes=\"auto, (max-width: 150px) 100vw, 150px\" \/><\/figure><\/div>\n\n\n\n<h6 class=\"wp-block-heading\"><mark style=\"background-color:rgba(0, 0, 0, 0);color:#d7760e\" class=\"has-inline-color\">Les d\u00e9s<\/mark><\/h6>\n\n\n\n<p>Les d\u00e9s symbolisent le hasard signifiant, c&rsquo;est \u00e0 dire tout ce qui nous semble relativement impr\u00e9visible et al\u00e9atoire&#8230; <a href=\"https:\/\/lerevedelouise.fr\/index.php\/case-0\/case-26\/\">Lire la suite<\/a><\/p>\n<\/div>\n\n\n\n<div class=\"wp-block-column is-layout-flow wp-block-column-is-layout-flow\">\n<h6 class=\"wp-block-heading\"><mark style=\"background-color:rgba(0, 0, 0, 0);color:#d7760e\" class=\"has-inline-color\">Case 27<\/mark><\/h6>\n\n\n\n<div class=\"wp-block-image\"><figure class=\"aligncenter size-thumbnail\"><img loading=\"lazy\" decoding=\"async\" width=\"150\" height=\"150\" src=\"https:\/\/lerevedelouise.fr\/wp-content\/uploads\/2023\/12\/oie-7-150x150.webp\" alt=\"\" class=\"wp-image-8504\" srcset=\"https:\/\/lerevedelouise.fr\/wp-content\/uploads\/2023\/12\/oie-7-150x150.webp 150w, https:\/\/lerevedelouise.fr\/wp-content\/uploads\/2023\/12\/oie-7-80x80.webp 80w\" sizes=\"auto, (max-width: 150px) 100vw, 150px\" \/><\/figure><\/div>\n\n\n\n<h6 class=\"wp-block-heading\"><mark style=\"background-color:rgba(0, 0, 0, 0);color:#d7760e\" class=\"has-inline-color\">La troisi\u00e8me Oie<\/mark><\/h6>\n\n\n\n<p>La fonction symbolique de l\u2019oie est toujours de pr\u00e9voir et de pr\u00e9venir pour que l\u2019on puisse anticiper les \u00e9v\u00e9nements futurs, nous pr\u00e9munir contre certains\u2026 <a href=\"https:\/\/lerevedelouise.fr\/index.php\/case-0\/case-27\/\">lire la suite<\/a><\/p>\n<\/div>\n<\/div>\n\n\n\n<p style=\"font-size:15px\"><a href=\"https:\/\/lerevedelouise.fr\/index.php\/cycle-1-de-parcours-et-dinterpretation\/cycle-4-de-parcours-et-dinterpretation\/\" title=\"Cycle 4 d'interpr\u00e9tation\">Parcours et cycle 4 d&rsquo;interpr\u00e9tation<\/a><\/p>\n","protected":false},"excerpt":{"rendered":"<p>Parcours et cycle 4 d&rsquo;interpr\u00e9tation Case 19 L&rsquo;auberge Que fait-on dans une auberge ? On y vient pour prendre un repos bien m\u00e9rit\u00e9, faire une \u00e9tape au cours d\u2019un voyage avant de poursuivre&#8230; Lire la suite Case 20 Le coq Le coq est un symbole d\u2019\u00e9veil, de naissance, de renouveau ou bien de fiert\u00e9, d\u2019orgueil, [&hellip;]<\/p>\n","protected":false},"author":1,"featured_media":0,"parent":1377,"menu_order":3,"comment_status":"closed","ping_status":"closed","template":"","meta":{"_eb_attr":"","footnotes":""},"class_list":["post-2428","page","type-page","status-publish","hentry"],"_links":{"self":[{"href":"https:\/\/lerevedelouise.fr\/index.php\/wp-json\/wp\/v2\/pages\/2428","targetHints":{"allow":["GET"]}}],"collection":[{"href":"https:\/\/lerevedelouise.fr\/index.php\/wp-json\/wp\/v2\/pages"}],"about":[{"href":"https:\/\/lerevedelouise.fr\/index.php\/wp-json\/wp\/v2\/types\/page"}],"author":[{"embeddable":true,"href":"https:\/\/lerevedelouise.fr\/index.php\/wp-json\/wp\/v2\/users\/1"}],"replies":[{"embeddable":true,"href":"https:\/\/lerevedelouise.fr\/index.php\/wp-json\/wp\/v2\/comments?post=2428"}],"version-history":[{"count":34,"href":"https:\/\/lerevedelouise.fr\/index.php\/wp-json\/wp\/v2\/pages\/2428\/revisions"}],"predecessor-version":[{"id":8507,"href":"https:\/\/lerevedelouise.fr\/index.php\/wp-json\/wp\/v2\/pages\/2428\/revisions\/8507"}],"up":[{"embeddable":true,"href":"https:\/\/lerevedelouise.fr\/index.php\/wp-json\/wp\/v2\/pages\/1377"}],"wp:attachment":[{"href":"https:\/\/lerevedelouise.fr\/index.php\/wp-json\/wp\/v2\/media?parent=2428"}],"curies":[{"name":"wp","href":"https:\/\/api.w.org\/{rel}","templated":true}]}}