{"id":2496,"date":"2020-06-30T00:40:44","date_gmt":"2020-06-29T22:40:44","guid":{"rendered":"https:\/\/lerevedelouise.fr\/?page_id=2496"},"modified":"2024-02-05T16:16:32","modified_gmt":"2024-02-05T15:16:32","slug":"case-20","status":"publish","type":"page","link":"https:\/\/lerevedelouise.fr\/index.php\/case-0\/case-20\/","title":{"rendered":"Case 20"},"content":{"rendered":"<span class=\"span-reading-time rt-reading-time\" style=\"display: block;\"><span class=\"rt-label rt-prefix\">Temps de lecture\u00a0: <\/span> <span class=\"rt-time\"> 2<\/span> <span class=\"rt-label rt-postfix\">minutes<\/span><\/span>\n<h4 class=\"wp-block-heading\"><span style=\"color:#d7760e\" class=\"has-inline-color\">Le coq<\/span><\/h4>\n\n\n\n<div class=\"wp-block-image\"><figure class=\"aligncenter size-medium\"><a href=\"https:\/\/lerevedelouise.fr\/wp-content\/uploads\/2020\/06\/coq.jpg\"><img loading=\"lazy\" decoding=\"async\" width=\"300\" height=\"200\" src=\"https:\/\/lerevedelouise.fr\/wp-content\/uploads\/2020\/06\/coq-300x200.jpg\" alt=\"\" class=\"wp-image-2498\" srcset=\"https:\/\/lerevedelouise.fr\/wp-content\/uploads\/2020\/06\/coq-300x200.jpg 300w, https:\/\/lerevedelouise.fr\/wp-content\/uploads\/2020\/06\/coq-600x400.jpg 600w, https:\/\/lerevedelouise.fr\/wp-content\/uploads\/2020\/06\/coq-1024x682.jpg 1024w, https:\/\/lerevedelouise.fr\/wp-content\/uploads\/2020\/06\/coq-768x512.jpg 768w, https:\/\/lerevedelouise.fr\/wp-content\/uploads\/2020\/06\/coq-272x182.jpg 272w, https:\/\/lerevedelouise.fr\/wp-content\/uploads\/2020\/06\/coq.jpg 1280w\" sizes=\"auto, (max-width: 300px) 100vw, 300px\" \/><\/a><\/figure><\/div>\n\n\n\n<p>Le coq est un symbole d&rsquo;\u00e9veil, de naissance, de renouveau ou bien de fiert\u00e9, d&rsquo;orgueil, de pr\u00e9somption. A propos de ces trois derni\u00e8res qualit\u00e9s \u00e0 connotation n\u00e9gative qui viennent d&rsquo;\u00eatre \u00e9num\u00e9r\u00e9es, il est bon de souligner en effet que le coq pourtant pourvu de belles ailes fr\u00e9n\u00e9tiquement. Il est donc facile de comprendre comment on a vu en lui une figure symbolique de l&rsquo;\u00eatre vaniteux et vell\u00e9itaire. Il aspire \u00e0 s&rsquo;\u00e9lever vers le soleil et parfois il est m\u00eame sinc\u00e8re, mais ses d\u00e9sirs et ses ambitions sont souvent au-dessus de ses moyens physiques. De m\u00eame en observant un coq dans une basse-cour, on ne peut que constater sa propension un peu ridicule \u00e0 parader, son allure et sa d\u00e9marche qui donnent l&rsquo;impression qu&rsquo;il nourrit tr\u00e8s nettement un complexe de sup\u00e9riorit\u00e9.  <\/p>\n\n\n\n<h4 class=\"wp-block-heading\"><span style=\"color:#d7760e\" class=\"has-inline-color\">Signification<\/span><\/h4>\n\n\n\n<p>Ainsi, lorsque votre pion fait une halte sur cette case de votre parcours, c&rsquo;est un avertissement qui peut vous \u00eatre donn\u00e9 de ne pas c\u00e9der \u00e0 la tentation de l&rsquo;orgueil ou de la vanit\u00e9 qui rend aveugle. Mais, c&rsquo;est surtout l&rsquo;\u00e9veil de votre conscience qui est soulign\u00e9 par le coq qui s&rsquo;y trouve ou l&rsquo;annonce d&rsquo;une situation enti\u00e8rement nouvelle qui va se produire dans votre vie. La repr\u00e9sentation du coq est positive car la fiert\u00e9, la pr\u00e9somption et haute id\u00e9e que vous pouvez vous faire de vous ne sont que sugg\u00e9r\u00e9es. Ce sont des pi\u00e8ges que vous pouvez \u00e9ventuellement vous tendre \u00e0 vous m\u00eame.<\/p>\n\n\n\n<p class=\"has-small-font-size\"><span style=\"color:#d7760e\" class=\"has-inline-color\">Image par :<\/span> <a href=\"https:\/\/pixabay.com\/fr\/users\/pexels-2286921\/?utm_source=link-attribution&amp;utm_medium=referral&amp;utm_campaign=image&amp;utm_content=1867562\" target=\"_blank\" rel=\"noreferrer noopener\">Pexels<\/a> <span style=\"color:#d7760e\" class=\"has-inline-color\">de<\/span> <a href=\"https:\/\/pixabay.com\/fr\/\" target=\"_blank\" rel=\"noreferrer noopener\">Pixabay<\/a><\/p>\n\n\n\n<p class=\"has-small-font-size\"><span style=\"color:#d7760e\" class=\"has-inline-color\">Source :<\/span> <a href=\"https:\/\/www.hachette-collections.com\/fr-fr\/?gclid=CjwKCAjw8J32BRBCEiwApQEKgdiFVIkH2wypRsYiCjhK4KTn5ifV_DR1FX_lAZt9mKdtG8ksfXzYzxoCfegQAvD_BwE\" target=\"_blank\" rel=\"noreferrer noopener\">les arts divina<em>toires \u2013 Hachette Collection<\/em><\/a><\/p>\n\n\n\n<p><\/p>\n","protected":false},"excerpt":{"rendered":"<p>Le coq Le coq est un symbole d&rsquo;\u00e9veil, de naissance, de renouveau ou bien de fiert\u00e9, d&rsquo;orgueil, de pr\u00e9somption. A propos de ces trois derni\u00e8res qualit\u00e9s \u00e0 connotation n\u00e9gative qui viennent d&rsquo;\u00eatre \u00e9num\u00e9r\u00e9es, il est bon de souligner en effet que le coq pourtant pourvu de belles ailes fr\u00e9n\u00e9tiquement. Il est donc facile de comprendre [&hellip;]<\/p>\n","protected":false},"author":1,"featured_media":0,"parent":480,"menu_order":20,"comment_status":"closed","ping_status":"closed","template":"","meta":{"_eb_attr":"","footnotes":""},"class_list":["post-2496","page","type-page","status-publish","hentry"],"_links":{"self":[{"href":"https:\/\/lerevedelouise.fr\/index.php\/wp-json\/wp\/v2\/pages\/2496","targetHints":{"allow":["GET"]}}],"collection":[{"href":"https:\/\/lerevedelouise.fr\/index.php\/wp-json\/wp\/v2\/pages"}],"about":[{"href":"https:\/\/lerevedelouise.fr\/index.php\/wp-json\/wp\/v2\/types\/page"}],"author":[{"embeddable":true,"href":"https:\/\/lerevedelouise.fr\/index.php\/wp-json\/wp\/v2\/users\/1"}],"replies":[{"embeddable":true,"href":"https:\/\/lerevedelouise.fr\/index.php\/wp-json\/wp\/v2\/comments?post=2496"}],"version-history":[{"count":11,"href":"https:\/\/lerevedelouise.fr\/index.php\/wp-json\/wp\/v2\/pages\/2496\/revisions"}],"predecessor-version":[{"id":4285,"href":"https:\/\/lerevedelouise.fr\/index.php\/wp-json\/wp\/v2\/pages\/2496\/revisions\/4285"}],"up":[{"embeddable":true,"href":"https:\/\/lerevedelouise.fr\/index.php\/wp-json\/wp\/v2\/pages\/480"}],"wp:attachment":[{"href":"https:\/\/lerevedelouise.fr\/index.php\/wp-json\/wp\/v2\/media?parent=2496"}],"curies":[{"name":"wp","href":"https:\/\/api.w.org\/{rel}","templated":true}]}}