{"id":2576,"date":"2020-07-02T23:44:27","date_gmt":"2020-07-02T21:44:27","guid":{"rendered":"https:\/\/lerevedelouise.fr\/?page_id=2576"},"modified":"2024-02-05T16:16:42","modified_gmt":"2024-02-05T15:16:42","slug":"case-21","status":"publish","type":"page","link":"https:\/\/lerevedelouise.fr\/index.php\/case-0\/case-21\/","title":{"rendered":"Case 21"},"content":{"rendered":"<span class=\"span-reading-time rt-reading-time\" style=\"display: block;\"><span class=\"rt-label rt-prefix\">Temps de lecture\u00a0: <\/span> <span class=\"rt-time\"> 2<\/span> <span class=\"rt-label rt-postfix\">minutes<\/span><\/span>\n<h4 class=\"wp-block-heading\"><span style=\"color:#d7760e\" class=\"has-inline-color\">La sorci\u00e8re<\/span><\/h4>\n\n\n\n<div class=\"wp-block-image\"><figure class=\"aligncenter size-medium\"><a href=\"https:\/\/lerevedelouise.fr\/wp-content\/uploads\/2020\/07\/sorci\u00e8re.jpg\"><img loading=\"lazy\" decoding=\"async\" width=\"300\" height=\"200\" src=\"https:\/\/lerevedelouise.fr\/wp-content\/uploads\/2020\/07\/sorci\u00e8re-300x200.jpg\" alt=\"\" class=\"wp-image-2577\" srcset=\"https:\/\/lerevedelouise.fr\/wp-content\/uploads\/2020\/07\/sorci\u00e8re-300x200.jpg 300w, https:\/\/lerevedelouise.fr\/wp-content\/uploads\/2020\/07\/sorci\u00e8re-600x400.jpg 600w, https:\/\/lerevedelouise.fr\/wp-content\/uploads\/2020\/07\/sorci\u00e8re-1024x683.jpg 1024w, https:\/\/lerevedelouise.fr\/wp-content\/uploads\/2020\/07\/sorci\u00e8re-768x512.jpg 768w, https:\/\/lerevedelouise.fr\/wp-content\/uploads\/2020\/07\/sorci\u00e8re-272x182.jpg 272w, https:\/\/lerevedelouise.fr\/wp-content\/uploads\/2020\/07\/sorci\u00e8re.jpg 1280w\" sizes=\"auto, (max-width: 300px) 100vw, 300px\" \/><\/a><\/figure><\/div>\n\n\n\n<p>Si, il est un personnage inqui\u00e9tant qui a l&rsquo;art de cr\u00e9er des illusions, d&rsquo;agir sur l&rsquo;esprit des \u00eatres sur lesquels elle focalise son propre esprit, ses pouvoirs, ses forces psychiques et de jeter des sorts, de tendre des pi\u00e8ges donc, \u00e0 ceux qui sont r\u00e9ceptifs \u00e0 ses charmes, c&rsquo;est bien la sorci\u00e8re. Elle symbolise ici le mauvais usage que l&rsquo;on peut faire des \u00e9l\u00e9ments et principes de la nature qui, en soi, ne sont ni bons ni mauvais. Ils sont ce qu&rsquo;ils doivent faire. De m\u00eame, chacun d&rsquo;entre nous poss\u00e8de un instinct de nature, qui l&rsquo;incline \u00e0 agir ou r\u00e9agir d&rsquo;une certaine fa\u00e7on qui lui ressemble, selon les circonstances. Mais la sorci\u00e8re incarne vraiment la face obscure qui pousse \u00e0 intervenir, \u00e0 exercer un ascendant, \u00e0 poss\u00e9der tout en d\u00e9poss\u00e9dant autrui, \u00e0 dominer, \u00e0 d\u00e9truire.<\/p>\n\n\n\n<h4 class=\"wp-block-heading\"><span style=\"color:#d7760e\" class=\"has-inline-color\">Signification<\/span><\/h4>\n\n\n\n<p>Lorsque votre pion se place sur cette case, cela vous montre que cette face obscure est aussi une composante de votre personnalit\u00e9. Elle se manifeste presque toujours par le biais de votre mental. Celui-ci vous tend alors des pi\u00e8ges en vous induisant \u00e0 agir de telle ou telle mani\u00e8re, \u00e0 \u00eatre retors, menteur, dissimulateur, manipulateur, parfois avec beaucoup d&rsquo;astuce et d&rsquo;habilet\u00e9. Mais t\u00f4t ou tard, cette face obscure figur\u00e9e par la sorci\u00e8re et incarn\u00e9e par l&rsquo;aspect pervers et d\u00e9brid\u00e9 de votre mental, vous devez sinon l&rsquo;affronter, du moins vous y confronter. C&rsquo;est ce qui vous invite \u00e0 faire cette sorci\u00e8re. Elle vous r\u00e9v\u00e8le que vous avez peut-\u00eatre de mauvaises intentions ou pens\u00e9es, des d\u00e9sirs ou des volont\u00e9s cach\u00e9s, que vous nourrissez ou semez des id\u00e9es n\u00e9gatives et ce faisant, que vous vous tendez des pi\u00e8ges \u00e0 vous m\u00eame&#8230;<\/p>\n\n\n\n<p class=\"has-small-font-size\"><span style=\"color:#d7760e\" class=\"has-inline-color\">Images par : <\/span><a href=\"https:\/\/pixabay.com\/fr\/users\/plukdedag64-6966402\/?utm_source=link-attribution&amp;utm_medium=referral&amp;utm_campaign=image&amp;utm_content=4545992\" target=\"_blank\" rel=\"noreferrer noopener\">plukdedag64<\/a> <span style=\"color:#d7760e\" class=\"has-inline-color\">de<\/span> <a href=\"https:\/\/pixabay.com\/fr\/\" target=\"_blank\" rel=\"noreferrer noopener\">Pixabay<\/a><\/p>\n\n\n\n<p class=\"has-small-font-size\"><span style=\"color:#d7760e\" class=\"has-inline-color\">Source :<\/span> <a href=\"https:\/\/www.hachette-collections.com\/fr-fr\/?gclid=CjwKCAjw8J32BRBCEiwApQEKgdiFVIkH2wypRsYiCjhK4KTn5ifV_DR1FX_lAZt9mKdtG8ksfXzYzxoCfegQAvD_BwE\" target=\"_blank\" rel=\"noreferrer noopener\">les arts divina<em>toires \u2013 Hachette Collection<\/em><\/a><\/p>\n","protected":false},"excerpt":{"rendered":"<p>La sorci\u00e8re Si, il est un personnage inqui\u00e9tant qui a l&rsquo;art de cr\u00e9er des illusions, d&rsquo;agir sur l&rsquo;esprit des \u00eatres sur lesquels elle focalise son propre esprit, ses pouvoirs, ses forces psychiques et de jeter des sorts, de tendre des pi\u00e8ges donc, \u00e0 ceux qui sont r\u00e9ceptifs \u00e0 ses charmes, c&rsquo;est bien la sorci\u00e8re. Elle [&hellip;]<\/p>\n","protected":false},"author":1,"featured_media":0,"parent":480,"menu_order":21,"comment_status":"closed","ping_status":"closed","template":"","meta":{"_eb_attr":"","footnotes":""},"class_list":["post-2576","page","type-page","status-publish","hentry"],"_links":{"self":[{"href":"https:\/\/lerevedelouise.fr\/index.php\/wp-json\/wp\/v2\/pages\/2576","targetHints":{"allow":["GET"]}}],"collection":[{"href":"https:\/\/lerevedelouise.fr\/index.php\/wp-json\/wp\/v2\/pages"}],"about":[{"href":"https:\/\/lerevedelouise.fr\/index.php\/wp-json\/wp\/v2\/types\/page"}],"author":[{"embeddable":true,"href":"https:\/\/lerevedelouise.fr\/index.php\/wp-json\/wp\/v2\/users\/1"}],"replies":[{"embeddable":true,"href":"https:\/\/lerevedelouise.fr\/index.php\/wp-json\/wp\/v2\/comments?post=2576"}],"version-history":[{"count":7,"href":"https:\/\/lerevedelouise.fr\/index.php\/wp-json\/wp\/v2\/pages\/2576\/revisions"}],"predecessor-version":[{"id":4286,"href":"https:\/\/lerevedelouise.fr\/index.php\/wp-json\/wp\/v2\/pages\/2576\/revisions\/4286"}],"up":[{"embeddable":true,"href":"https:\/\/lerevedelouise.fr\/index.php\/wp-json\/wp\/v2\/pages\/480"}],"wp:attachment":[{"href":"https:\/\/lerevedelouise.fr\/index.php\/wp-json\/wp\/v2\/media?parent=2576"}],"curies":[{"name":"wp","href":"https:\/\/api.w.org\/{rel}","templated":true}]}}