{"id":2597,"date":"2020-07-07T17:50:11","date_gmt":"2020-07-07T15:50:11","guid":{"rendered":"https:\/\/lerevedelouise.fr\/?page_id=2597"},"modified":"2024-02-05T16:16:52","modified_gmt":"2024-02-05T15:16:52","slug":"case-22","status":"publish","type":"page","link":"https:\/\/lerevedelouise.fr\/index.php\/case-0\/case-22\/","title":{"rendered":"Case 22"},"content":{"rendered":"<span class=\"span-reading-time rt-reading-time\" style=\"display: block;\"><span class=\"rt-label rt-prefix\">Temps de lecture\u00a0: <\/span> <span class=\"rt-time\"> 2<\/span> <span class=\"rt-label rt-postfix\">minutes<\/span><\/span>\n<h4 class=\"wp-block-heading\"><span style=\"color:#d7760e\" class=\"has-inline-color\">La f\u00e9e<\/span><\/h4>\n\n\n\n<div class=\"wp-block-image\"><figure class=\"aligncenter size-medium\"><a href=\"https:\/\/lerevedelouise.fr\/wp-content\/uploads\/2020\/07\/f\u00e9e-2.jpg\"><img loading=\"lazy\" decoding=\"async\" width=\"300\" height=\"213\" src=\"https:\/\/lerevedelouise.fr\/wp-content\/uploads\/2020\/07\/f\u00e9e-2-300x213.jpg\" alt=\"\" class=\"wp-image-2625\" srcset=\"https:\/\/lerevedelouise.fr\/wp-content\/uploads\/2020\/07\/f\u00e9e-2-300x213.jpg 300w, https:\/\/lerevedelouise.fr\/wp-content\/uploads\/2020\/07\/f\u00e9e-2-600x426.jpg 600w, https:\/\/lerevedelouise.fr\/wp-content\/uploads\/2020\/07\/f\u00e9e-2-768x545.jpg 768w, https:\/\/lerevedelouise.fr\/wp-content\/uploads\/2020\/07\/f\u00e9e-2.jpg 821w\" sizes=\"auto, (max-width: 300px) 100vw, 300px\" \/><\/a><\/figure><\/div>\n\n\n\n<p>La f\u00e9e qui suit imm\u00e9diatement la sorci\u00e8re dans ce parcours est \u00e9videment un vrai symbole de protection. Elle figure la bonne pens\u00e9e salutaire, qui soutient, r\u00e9conforte, soulage ou d\u00e9livre, qui indique la solution, apporte la gu\u00e9rison, offre une issue. La f\u00e9e joue un r\u00f4le tr\u00e8s important dans ce troisi\u00e8me cycle, elle est en relation avec la deuxi\u00e8me Oie, car elle fait \u00e9cho aux indications r\u00e9v\u00e9l\u00e9es par elle.<\/p>\n\n\n\n<h4 class=\"wp-block-heading\"><span style=\"color:#d7760e\" class=\"has-inline-color\">Signification <\/span><\/h4>\n\n\n\n<p>En effet, lorsque votre pion se fixe sur cette case, vous pouvez consid\u00e9rer que vous poss\u00e9dez des dons, qualit\u00e9s, talents que vous n&rsquo;exploitez pas \u00e0 bon escients, que vous laissez en sommeil, que vous n\u00e9gligez de cultivez. Or la f\u00e9e vous invite \u00e0 changer d&rsquo;attitude \u00e0 ce sujet, car les dons ou talents ne servent \u00e0 rien, si l&rsquo;on n&rsquo;en fait pas usage. Elle vous conseille donc d&rsquo;en \u00eatre plus conscient et d&rsquo;envisager d&#8217;employer toutes vos qualit\u00e9s et non une partie d&rsquo;entre elles. Par ailleurs, cette case peut aussi annoncer que toujours gr\u00e2ce \u00e0 vos qualit\u00e9s et talents personnels, vous serez en mesure de trouver une issue favorable \u00e0 un probl\u00e8me crucial qui se pose \u00e0 vous ou que vous allez rencontrer. <\/p>\n\n\n\n<p class=\"has-small-font-size\"><span style=\"color:#d7760e\" class=\"has-inline-color\">Image par :<\/span> <a href=\"https:\/\/pixabay.com\/fr\/users\/kellepics-4893063\/?utm_source=link-attribution&amp;utm_medium=referral&amp;utm_campaign=image&amp;utm_content=3554698\" target=\"_blank\" rel=\"noreferrer noopener\">Stefan Keller<\/a><a href=\"https:\/\/pixabay.com\/fr\/users\/spirit111-5026413\/?utm_source=link-attribution&amp;utm_medium=referral&amp;utm_campaign=image&amp;utm_content=3041679\" target=\"_blank\" rel=\"noreferrer noopener\"> <\/a><span style=\"color:#d7760e\" class=\"has-inline-color\">de<\/span> <a href=\"https:\/\/pixabay.com\/fr\/\" target=\"_blank\" rel=\"noreferrer noopener\">Pixabay<\/a><\/p>\n\n\n\n<p class=\"has-small-font-size\"><span style=\"color:#d7760e\" class=\"has-inline-color\">Source :<\/span> <a href=\"https:\/\/www.hachette-collections.com\/fr-fr\/?gclid=CjwKCAjw8J32BRBCEiwApQEKgdiFVIkH2wypRsYiCjhK4KTn5ifV_DR1FX_lAZt9mKdtG8ksfXzYzxoCfegQAvD_BwE\" target=\"_blank\" rel=\"noreferrer noopener\">les arts divina<em>toires \u2013 Hachette Collection<\/em><\/a><\/p>\n\n\n\n<p><\/p>\n","protected":false},"excerpt":{"rendered":"<p>La f\u00e9e La f\u00e9e qui suit imm\u00e9diatement la sorci\u00e8re dans ce parcours est \u00e9videment un vrai symbole de protection. Elle figure la bonne pens\u00e9e salutaire, qui soutient, r\u00e9conforte, soulage ou d\u00e9livre, qui indique la solution, apporte la gu\u00e9rison, offre une issue. La f\u00e9e joue un r\u00f4le tr\u00e8s important dans ce troisi\u00e8me cycle, elle est en [&hellip;]<\/p>\n","protected":false},"author":1,"featured_media":0,"parent":480,"menu_order":22,"comment_status":"closed","ping_status":"closed","template":"","meta":{"_eb_attr":"","footnotes":""},"class_list":["post-2597","page","type-page","status-publish","hentry"],"_links":{"self":[{"href":"https:\/\/lerevedelouise.fr\/index.php\/wp-json\/wp\/v2\/pages\/2597","targetHints":{"allow":["GET"]}}],"collection":[{"href":"https:\/\/lerevedelouise.fr\/index.php\/wp-json\/wp\/v2\/pages"}],"about":[{"href":"https:\/\/lerevedelouise.fr\/index.php\/wp-json\/wp\/v2\/types\/page"}],"author":[{"embeddable":true,"href":"https:\/\/lerevedelouise.fr\/index.php\/wp-json\/wp\/v2\/users\/1"}],"replies":[{"embeddable":true,"href":"https:\/\/lerevedelouise.fr\/index.php\/wp-json\/wp\/v2\/comments?post=2597"}],"version-history":[{"count":8,"href":"https:\/\/lerevedelouise.fr\/index.php\/wp-json\/wp\/v2\/pages\/2597\/revisions"}],"predecessor-version":[{"id":4287,"href":"https:\/\/lerevedelouise.fr\/index.php\/wp-json\/wp\/v2\/pages\/2597\/revisions\/4287"}],"up":[{"embeddable":true,"href":"https:\/\/lerevedelouise.fr\/index.php\/wp-json\/wp\/v2\/pages\/480"}],"wp:attachment":[{"href":"https:\/\/lerevedelouise.fr\/index.php\/wp-json\/wp\/v2\/media?parent=2597"}],"curies":[{"name":"wp","href":"https:\/\/api.w.org\/{rel}","templated":true}]}}