{"id":2696,"date":"2021-05-29T20:36:39","date_gmt":"2021-05-29T18:36:39","guid":{"rendered":"https:\/\/lerevedelouise.fr\/?page_id=2696"},"modified":"2024-02-05T16:17:11","modified_gmt":"2024-02-05T15:17:11","slug":"case-24","status":"publish","type":"page","link":"https:\/\/lerevedelouise.fr\/index.php\/case-0\/case-24\/","title":{"rendered":"Case 24"},"content":{"rendered":"<span class=\"span-reading-time rt-reading-time\" style=\"display: block;\"><span class=\"rt-label rt-prefix\">Temps de lecture\u00a0: <\/span> <span class=\"rt-time\"> 2<\/span> <span class=\"rt-label rt-postfix\">minutes<\/span><\/span>\n<div class=\"wp-block-image\"><figure class=\"aligncenter size-medium\"><a href=\"https:\/\/lerevedelouise.fr\/wp-content\/uploads\/2020\/07\/pont-1.jpg\"><img loading=\"lazy\" decoding=\"async\" width=\"300\" height=\"199\" src=\"https:\/\/lerevedelouise.fr\/wp-content\/uploads\/2020\/07\/pont-1-300x199.jpg\" alt=\"\" class=\"wp-image-2730\" srcset=\"https:\/\/lerevedelouise.fr\/wp-content\/uploads\/2020\/07\/pont-1-300x199.jpg 300w, https:\/\/lerevedelouise.fr\/wp-content\/uploads\/2020\/07\/pont-1-600x397.jpg 600w, https:\/\/lerevedelouise.fr\/wp-content\/uploads\/2020\/07\/pont-1-1024x678.jpg 1024w, https:\/\/lerevedelouise.fr\/wp-content\/uploads\/2020\/07\/pont-1-768x508.jpg 768w, https:\/\/lerevedelouise.fr\/wp-content\/uploads\/2020\/07\/pont-1.jpg 1280w\" sizes=\"auto, (max-width: 300px) 100vw, 300px\" \/><\/a><\/figure><\/div>\n\n\n\n<h4 class=\"wp-block-heading\"><span style=\"color:#d7760e\" class=\"has-inline-color\">Le pont<\/span><\/h4>\n\n\n\n<p>Le pont est un lien. Il relie les deux rives d&rsquo;un fleuve. Il permet donc de passer d&rsquo;une rive \u00e0 l&rsquo;autre. C&rsquo;est \u00e0 ce point \u00e9vident que, aujourd&rsquo;hui, lorsqu&rsquo;on traverse un pont, on n&rsquo;y pense m\u00eame plus. D&rsquo;autant que les hommes en ont b\u00e2ti ailleurs qu&rsquo;au dessus des fleuves et qu&rsquo;il est donc assez fr\u00e9quent d&rsquo;en trouver, petits et grands, dont l&rsquo;utilit\u00e9 est de faciliter la circulation ou le passage des trains et des automobiles. Mais il n&#8217;emp\u00eache, le pont est toujours un lieu de passage, un lien entre deux rives et par analogie, symboliquement, entre deux mondes. Il est aussi souvent une repr\u00e9sentation, symbolique elle aussi, de la vie d&rsquo;un \u00eatre humain, qui part d&rsquo;une rive le jour de sa naissance pour atteindre l&rsquo;autre le jour de sa mort&#8230;  <\/p>\n\n\n\n<h4 class=\"wp-block-heading\"><span style=\"color:#d7760e\" class=\"has-inline-color\">Signification<\/span><\/h4>\n\n\n\n<p>Lorsque votre pion se place sur cette case, c&rsquo;est l&rsquo;indice que vous \u00eates en train ou sur le point de franchir un cap, une \u00e9tape, un passage important dans votre vie ou que vous allez devoir vous y r\u00e9soudre. Cette case vous indique qu&rsquo;un changement important peut \u00eatre \u00e9minent, il peut s&rsquo;agir d&rsquo;un d\u00e9m\u00e9nagement, d&rsquo;un d\u00e9placement dans une autre r\u00e9gion voir m\u00eame un autre pays ou tout simplement d&rsquo;une \u00e9volution remarquable dans vos id\u00e9es, vos convictions ou vos croyances personnelles qui vous incite \u00e0 changer de cap ou de camp. Parfois en franchissant ce pont vous passez \u00e0 autre chose et vous tournez le dos \u00e0 votre pass\u00e9.<\/p>\n\n\n\n<p class=\"has-small-font-size\"><span style=\"color:#d7760e\" class=\"has-inline-color\">Image par :<\/span> <a href=\"https:\/\/pixabay.com\/fr\/users\/usa-reiseblogger-328188\/?utm_source=link-attribution&amp;utm_medium=referral&amp;utm_campaign=image&amp;utm_content=1674049\" target=\"_blank\" rel=\"noreferrer noopener\">USA-Reiseblogger<\/a> <span style=\"color:#d7760e\" class=\"has-inline-color\">de<\/span> <a href=\"https:\/\/pixabay.com\/fr\/\" target=\"_blank\" rel=\"noreferrer noopener\">Pixabay<\/a><\/p>\n\n\n\n<p class=\"has-small-font-size\"><span style=\"color:#d7760e\" class=\"has-inline-color\">Source :<\/span> <a href=\"https:\/\/www.hachette-collections.com\/fr-fr\/?gclid=CjwKCAjw8J32BRBCEiwApQEKgdiFVIkH2wypRsYiCjhK4KTn5ifV_DR1FX_lAZt9mKdtG8ksfXzYzxoCfegQAvD_BwE\" target=\"_blank\" rel=\"noreferrer noopener\">les arts divina<em>toires \u2013 Hachette Collection<\/em><\/a><\/p>\n\n\n\n<p><\/p>\n\n\n\n<p><\/p>\n","protected":false},"excerpt":{"rendered":"<p>Le pont Le pont est un lien. Il relie les deux rives d&rsquo;un fleuve. Il permet donc de passer d&rsquo;une rive \u00e0 l&rsquo;autre. C&rsquo;est \u00e0 ce point \u00e9vident que, aujourd&rsquo;hui, lorsqu&rsquo;on traverse un pont, on n&rsquo;y pense m\u00eame plus. D&rsquo;autant que les hommes en ont b\u00e2ti ailleurs qu&rsquo;au dessus des fleuves et qu&rsquo;il est donc [&hellip;]<\/p>\n","protected":false},"author":1,"featured_media":0,"parent":480,"menu_order":24,"comment_status":"closed","ping_status":"closed","template":"","meta":{"_eb_attr":"","footnotes":""},"class_list":["post-2696","page","type-page","status-publish","hentry"],"_links":{"self":[{"href":"https:\/\/lerevedelouise.fr\/index.php\/wp-json\/wp\/v2\/pages\/2696","targetHints":{"allow":["GET"]}}],"collection":[{"href":"https:\/\/lerevedelouise.fr\/index.php\/wp-json\/wp\/v2\/pages"}],"about":[{"href":"https:\/\/lerevedelouise.fr\/index.php\/wp-json\/wp\/v2\/types\/page"}],"author":[{"embeddable":true,"href":"https:\/\/lerevedelouise.fr\/index.php\/wp-json\/wp\/v2\/users\/1"}],"replies":[{"embeddable":true,"href":"https:\/\/lerevedelouise.fr\/index.php\/wp-json\/wp\/v2\/comments?post=2696"}],"version-history":[{"count":9,"href":"https:\/\/lerevedelouise.fr\/index.php\/wp-json\/wp\/v2\/pages\/2696\/revisions"}],"predecessor-version":[{"id":4290,"href":"https:\/\/lerevedelouise.fr\/index.php\/wp-json\/wp\/v2\/pages\/2696\/revisions\/4290"}],"up":[{"embeddable":true,"href":"https:\/\/lerevedelouise.fr\/index.php\/wp-json\/wp\/v2\/pages\/480"}],"wp:attachment":[{"href":"https:\/\/lerevedelouise.fr\/index.php\/wp-json\/wp\/v2\/media?parent=2696"}],"curies":[{"name":"wp","href":"https:\/\/api.w.org\/{rel}","templated":true}]}}