{"id":292,"date":"2020-05-20T23:41:25","date_gmt":"2020-05-20T21:41:25","guid":{"rendered":"https:\/\/lerevedelouise.fr\/?page_id=292"},"modified":"2026-01-18T18:44:43","modified_gmt":"2026-01-18T17:44:43","slug":"a-propos","status":"publish","type":"page","link":"https:\/\/lerevedelouise.fr\/index.php\/a-propos\/","title":{"rendered":"A propos"},"content":{"rendered":"<span class=\"span-reading-time rt-reading-time\" style=\"display: block;\"><span class=\"rt-label rt-prefix\">Temps de lecture\u00a0: <\/span> <span class=\"rt-time\"> 3<\/span> <span class=\"rt-label rt-postfix\">minutes<\/span><\/span>\n<h2 class=\"wp-block-heading has-text-align-left\"><mark style=\"background-color:rgba(0, 0, 0, 0);color:#d7760e\" class=\"has-inline-color\">Mon journal, ma vie, mes secrets  <\/mark><\/h2>\n\n\n<div class=\"wp-block-image is-resized is-style-rounded\">\n<figure class=\"alignright size-medium\"><a href=\"https:\/\/lerevedelouise.fr\/wp-content\/uploads\/2025\/10\/a-propos-louise-1-1.jpg\"><img loading=\"lazy\" decoding=\"async\" width=\"300\" height=\"300\" src=\"https:\/\/lerevedelouise.fr\/wp-content\/uploads\/2025\/10\/a-propos-louise-1-1-300x300.jpg\" alt=\"\" class=\"wp-image-12051\" srcset=\"https:\/\/lerevedelouise.fr\/wp-content\/uploads\/2025\/10\/a-propos-louise-1-1-300x300.jpg 300w, https:\/\/lerevedelouise.fr\/wp-content\/uploads\/2025\/10\/a-propos-louise-1-1-150x150.jpg 150w, https:\/\/lerevedelouise.fr\/wp-content\/uploads\/2025\/10\/a-propos-louise-1-1-768x768.jpg 768w, https:\/\/lerevedelouise.fr\/wp-content\/uploads\/2025\/10\/a-propos-louise-1-1-80x80.jpg 80w, https:\/\/lerevedelouise.fr\/wp-content\/uploads\/2025\/10\/a-propos-louise-1-1.jpg 1024w\" sizes=\"auto, (max-width: 300px) 100vw, 300px\" \/><\/a><\/figure>\n<\/div>\n\n\n<p class=\"has-medium-font-size\"><em><strong>M<\/strong>a vie est une succession de faits particuliers qui m&rsquo;ont mise en marge de la vie dite \u00ab\u00a0normale\u00a0\u00bb. Toute petite j&rsquo;ai ressenti que je n&rsquo;\u00e9tais pas comme les autres,<\/em> <em>je voyais et entendais des personnes autour de moi que je ne connaissais pas et que les autres ne percevaient pas. Mes parents disaient \u00ab\u00a0elle a de l&rsquo;imagination la petite\u00a0\u00bb, moi je savais que c&rsquo;\u00e9tait r\u00e9el, en grandissant d&rsquo;autres ph\u00e9nom\u00e8nes sont venus se greffer par exemple conna\u00eetre \u00e0 l&rsquo;avance des \u00e9v\u00e9nements futur par visions ou r\u00eaves pr\u00e9monitoires.<\/em><mark style=\"background-color:rgba(0, 0, 0, 0);color:#395a6f\" class=\"has-inline-color\"><em> <\/em><\/mark><\/p>\n\n\n\n<p class=\"has-medium-font-size\"><em><strong>P<\/strong>our ne pas effrayer mon entourage je me suis confi\u00e9e \u00e0 mon journal intime, voil\u00e0 pourquoi aujourd&rsquo;hui j&rsquo;en ai fait un <\/em>recueil <em>avec les \u00e9v\u00e9nements le<\/em>s <em>plus marquants.<\/em> <em>Mes amis proches me disent que je suis m\u00e9dium et ils me sollicitent souvent pour des conseils sur leur avenir ou pour les aider quand un d\u00e9c\u00e8s survient dans leur famille.<\/em> <em>Je sais que mon aide leur fait du bien, avant chaque conversation je m&rsquo;entretiens avec mon guide spirituel, jamais je n&rsquo;interviens sans lui demander conseil ou autorisation. <\/em><\/p>\n\n\n\n<p class=\"has-medium-font-size\"><em><strong>J&rsquo;<\/strong>ai appris avec le temps \u00e0 contr\u00f4ler certains \u00e9v\u00e9nements comme les sorties hors de mon corps, le dialogue avec les personnes d\u00e9c\u00e9d\u00e9es, par contre je ne ma\u00eetrise en aucun cas mes visions, elles peuvent \u00eatre parfois agr\u00e9ables mais aussi terrifiantes. J&rsquo;essaye malgr\u00e9 tout d&rsquo;avoir une vie normale, d&rsquo;\u00eatre positive et d&rsquo;apporter du r\u00e9confort aux personnes qui m&rsquo;entourent<\/em>. <em>J&rsquo;esp\u00e8re que mes t\u00e9moignages vous ouvriront des portes, vous donneront certaines r\u00e9ponses \u00e0 vos questions. Pour certains d&rsquo;entre vous se sera peut-\u00eatre une d\u00e9couverte de l&rsquo;autre monde, pour d&rsquo;autres une confirmation qu&rsquo;il se passe bien des choses m\u00eame si elles ne sont pas visibles.<\/em><\/p>\n\n\n\n<h2 class=\"wp-block-heading has-text-align-center has-text-color\" style=\"color:#d7760e\">Mes q<mark style=\"background-color:rgba(0, 0, 0, 0);color:#d7760e\" class=\"has-inline-color\">uelques souvenirs<\/mark><\/h2>\n\n\n\n<p class=\"has-text-align-center\"><strong><mark style=\"background-color:rgba(0, 0, 0, 0);color:#d7760e\" class=\"has-inline-color\">______________________________<\/mark><\/strong><\/p>\n\n\n\n<div class=\"wp-block-columns is-layout-flex wp-container-core-columns-is-layout-9d6595d7 wp-block-columns-is-layout-flex\">\n<div class=\"wp-block-column is-layout-flow wp-block-column-is-layout-flow\"><div class=\"wp-block-image is-style-default\">\n<figure class=\"aligncenter size-thumbnail\"><a href=\"https:\/\/lerevedelouise.fr\/wp-content\/uploads\/2020\/06\/le-monde-de-la-nuit.jpg\"><img loading=\"lazy\" decoding=\"async\" width=\"150\" height=\"150\" src=\"https:\/\/lerevedelouise.fr\/wp-content\/uploads\/2020\/06\/le-monde-de-la-nuit-150x150.jpg\" alt=\"\" class=\"wp-image-1980\" srcset=\"https:\/\/lerevedelouise.fr\/wp-content\/uploads\/2020\/06\/le-monde-de-la-nuit-150x150.jpg 150w, https:\/\/lerevedelouise.fr\/wp-content\/uploads\/2020\/06\/le-monde-de-la-nuit-100x100.jpg 100w, https:\/\/lerevedelouise.fr\/wp-content\/uploads\/2020\/06\/le-monde-de-la-nuit-80x80.jpg 80w, https:\/\/lerevedelouise.fr\/wp-content\/uploads\/2020\/06\/le-monde-de-la-nuit-320x320.jpg 320w\" sizes=\"auto, (max-width: 150px) 100vw, 150px\" \/><\/a><figcaption class=\"wp-element-caption\">Le monde de la nuit<\/figcaption><\/figure>\n<\/div><\/div>\n\n\n\n<div class=\"wp-block-column is-layout-flow wp-block-column-is-layout-flow\"><div class=\"wp-block-image is-style-default\">\n<figure class=\"aligncenter size-thumbnail\"><a href=\"https:\/\/lerevedelouise.fr\/wp-content\/uploads\/2020\/05\/Mon-secret.jpg\"><img loading=\"lazy\" decoding=\"async\" width=\"150\" height=\"150\" src=\"https:\/\/lerevedelouise.fr\/wp-content\/uploads\/2020\/05\/Mon-secret-150x150.jpg\" alt=\"Le journal de Louise\" class=\"wp-image-82\" srcset=\"https:\/\/lerevedelouise.fr\/wp-content\/uploads\/2020\/05\/Mon-secret-150x150.jpg 150w, https:\/\/lerevedelouise.fr\/wp-content\/uploads\/2020\/05\/Mon-secret-100x100.jpg 100w\" sizes=\"auto, (max-width: 150px) 100vw, 150px\" \/><\/a><figcaption class=\"wp-element-caption\">Mon secret<\/figcaption><\/figure>\n<\/div><\/div>\n\n\n\n<div class=\"wp-block-column is-layout-flow wp-block-column-is-layout-flow\"><div class=\"wp-block-image is-style-default\">\n<figure class=\"aligncenter size-thumbnail\"><a href=\"https:\/\/lerevedelouise.fr\/wp-content\/uploads\/2020\/05\/mon-livre-de-chevet.jpg\"><img loading=\"lazy\" decoding=\"async\" width=\"150\" height=\"150\" src=\"https:\/\/lerevedelouise.fr\/wp-content\/uploads\/2020\/05\/mon-livre-de-chevet-150x150.jpg\" alt=\"Le journal de Louise\" class=\"wp-image-81\" srcset=\"https:\/\/lerevedelouise.fr\/wp-content\/uploads\/2020\/05\/mon-livre-de-chevet-150x150.jpg 150w, https:\/\/lerevedelouise.fr\/wp-content\/uploads\/2020\/05\/mon-livre-de-chevet-100x100.jpg 100w\" sizes=\"auto, (max-width: 150px) 100vw, 150px\" \/><\/a><figcaption class=\"wp-element-caption\">Mon livre de chevet<\/figcaption><\/figure>\n<\/div><\/div>\n<\/div>\n\n\n\n<div class=\"wp-block-columns is-layout-flex wp-container-core-columns-is-layout-9d6595d7 wp-block-columns-is-layout-flex\">\n<div class=\"wp-block-column is-layout-flow wp-block-column-is-layout-flow\"><div class=\"wp-block-image is-style-default\">\n<figure class=\"aligncenter size-thumbnail\"><a href=\"https:\/\/lerevedelouise.fr\/wp-content\/uploads\/2020\/05\/le-temps-perdu-1.jpg\"><img loading=\"lazy\" decoding=\"async\" width=\"150\" height=\"150\" src=\"https:\/\/lerevedelouise.fr\/wp-content\/uploads\/2020\/05\/le-temps-perdu-1-150x150.jpg\" alt=\"Le journal de Louise\" class=\"wp-image-78\" srcset=\"https:\/\/lerevedelouise.fr\/wp-content\/uploads\/2020\/05\/le-temps-perdu-1-150x150.jpg 150w, https:\/\/lerevedelouise.fr\/wp-content\/uploads\/2020\/05\/le-temps-perdu-1-100x100.jpg 100w\" sizes=\"auto, (max-width: 150px) 100vw, 150px\" \/><\/a><figcaption class=\"wp-element-caption\">Le temps qui passe<\/figcaption><\/figure>\n<\/div><\/div>\n\n\n\n<div class=\"wp-block-column is-layout-flow wp-block-column-is-layout-flow\"><div class=\"wp-block-image is-style-default\">\n<figure class=\"aligncenter size-thumbnail\"><a href=\"https:\/\/lerevedelouise.fr\/wp-content\/uploads\/2020\/05\/Mon-arbre.jpg\"><img loading=\"lazy\" decoding=\"async\" width=\"150\" height=\"150\" src=\"https:\/\/lerevedelouise.fr\/wp-content\/uploads\/2020\/05\/Mon-arbre-150x150.jpg\" alt=\"Le journal de Louise\" class=\"wp-image-79\" srcset=\"https:\/\/lerevedelouise.fr\/wp-content\/uploads\/2020\/05\/Mon-arbre-150x150.jpg 150w, https:\/\/lerevedelouise.fr\/wp-content\/uploads\/2020\/05\/Mon-arbre-100x100.jpg 100w\" sizes=\"auto, (max-width: 150px) 100vw, 150px\" \/><\/a><figcaption class=\"wp-element-caption\">Mon arbre<\/figcaption><\/figure>\n<\/div><\/div>\n\n\n\n<div class=\"wp-block-column is-layout-flow wp-block-column-is-layout-flow\"><div class=\"wp-block-image is-style-default\">\n<figure class=\"aligncenter size-thumbnail\"><a href=\"https:\/\/lerevedelouise.fr\/wp-content\/uploads\/2020\/05\/Toi-et-Moi.jpg\"><img loading=\"lazy\" decoding=\"async\" width=\"150\" height=\"150\" src=\"https:\/\/lerevedelouise.fr\/wp-content\/uploads\/2020\/05\/Toi-et-Moi-150x150.jpg\" alt=\"Le journal de Louise\" class=\"wp-image-80\" srcset=\"https:\/\/lerevedelouise.fr\/wp-content\/uploads\/2020\/05\/Toi-et-Moi-150x150.jpg 150w, https:\/\/lerevedelouise.fr\/wp-content\/uploads\/2020\/05\/Toi-et-Moi-100x100.jpg 100w\" sizes=\"auto, (max-width: 150px) 100vw, 150px\" \/><\/a><figcaption class=\"wp-element-caption\">Toi et Moi<\/figcaption><\/figure>\n<\/div><\/div>\n<\/div>\n\n\n\n<div class=\"wp-block-columns is-layout-flex wp-container-core-columns-is-layout-9d6595d7 wp-block-columns-is-layout-flex\">\n<div class=\"wp-block-column is-layout-flow wp-block-column-is-layout-flow\"><div class=\"wp-block-image is-style-default\">\n<figure class=\"aligncenter size-medium\"><a href=\"https:\/\/lerevedelouise.fr\/wp-content\/uploads\/2020\/05\/la-maison-de-mes-r\u00eaves.jpg\"><img loading=\"lazy\" decoding=\"async\" width=\"300\" height=\"200\" src=\"https:\/\/lerevedelouise.fr\/wp-content\/uploads\/2020\/05\/la-maison-de-mes-r\u00eaves-300x200.jpg\" alt=\"Le journal de Louise\" class=\"wp-image-76\" srcset=\"https:\/\/lerevedelouise.fr\/wp-content\/uploads\/2020\/05\/la-maison-de-mes-r\u00eaves-300x200.jpg 300w, https:\/\/lerevedelouise.fr\/wp-content\/uploads\/2020\/05\/la-maison-de-mes-r\u00eaves-600x400.jpg 600w, https:\/\/lerevedelouise.fr\/wp-content\/uploads\/2020\/05\/la-maison-de-mes-r\u00eaves-1024x682.jpg 1024w, https:\/\/lerevedelouise.fr\/wp-content\/uploads\/2020\/05\/la-maison-de-mes-r\u00eaves-768x512.jpg 768w, https:\/\/lerevedelouise.fr\/wp-content\/uploads\/2020\/05\/la-maison-de-mes-r\u00eaves.jpg 1280w\" sizes=\"auto, (max-width: 300px) 100vw, 300px\" \/><\/a><figcaption class=\"wp-element-caption\">La maison de Grany<\/figcaption><\/figure>\n<\/div><\/div>\n<\/div>\n\n\n\n<p class=\"has-text-color has-small-font-size\" style=\"color:#d7760e\"><em>1. <a href=\"https:\/\/pixabay.com\/fr\/users\/bessi-909086\/?utm_source=link-attribution&amp;utm_medium=referral&amp;utm_campaign=image&amp;utm_content=736877\" target=\"_blank\" rel=\"noreferrer noopener\">Le monde de la nuit<\/a> 2. <a href=\"https:\/\/pixabay.com\/fr\/users\/pixundfertig-683277\/?utm_source=link-attribution&amp;utm_medium=referral&amp;utm_campaign=image&amp;utm_content=3581809\" target=\"_blank\" rel=\"noreferrer noopener\">Mon secret<\/a> 3. <a href=\"https:\/\/pixabay.com\/fr\/users\/congerdesign-509903\/?utm_source=link-attribution&amp;utm_medium=referral&amp;utm_campaign=image&amp;utm_content=2447393\" target=\"_blank\" rel=\"noreferrer noopener\">Mon livre de chevet<\/a> 4. <a href=\"https:\/\/pixabay.com\/fr\/users\/annca-1564471\/?utm_source=link-attribution&amp;utm_medium=referral&amp;utm_campaign=image&amp;utm_content=3156771\" target=\"_blank\" rel=\"noreferrer noopener\">Le temps qui passe<\/a> 5. <a href=\"https:\/\/pixabay.com\/photos\/?utm_source=link-attribution&amp;utm_medium=referral&amp;utm_campaign=image&amp;utm_content=1209774\" target=\"_blank\" rel=\"noreferrer noopener\">Mon arbre<\/a> 6. <em><a href=\"https:\/\/pixabay.com\/fr\/users\/pixel2013-2364555\/?utm_source=link-attribution&amp;utm_medium=referral&amp;utm_campaign=image&amp;utm_content=3798371\" target=\"_blank\" rel=\"noreferrer noopener\">Toi et Moi<\/a><\/em> 7. <\/em><em><a href=\"https:\/\/pixabay.com\/fr\/users\/tama66-1032521\/?utm_source=link-attribution&amp;utm_medium=referral&amp;utm_campaign=image&amp;utm_content=3237114\" target=\"_blank\" rel=\"noreferrer noopener\">La maison de Granny<\/a> <\/em><\/p>\n\n\n\n<p class=\"has-text-align-center\"><mark style=\"background-color:rgba(0, 0, 0, 0);color:#d7760e\" class=\"has-inline-color\">______________________________<\/mark><\/p>\n\n\n\n<div class=\"wp-block-group\"><div class=\"wp-block-group__inner-container is-layout-flow wp-block-group-is-layout-flow\">\n<p class=\"has-small-font-size\"><mark style=\"background-color:rgba(0, 0, 0, 0)\" class=\"has-inline-color has-vivid-cyan-blue-color\"><a class=\"aioseop-link\" href=\"https:\/\/lerevedelouise.fr\/index.php\/le-journal-de-louise\/ma-meilleure-amie-sappelle-intuition\/\">Extrait Journal de Louise<\/a><\/mark><\/p>\n<\/div><\/div>\n\n\n\n<p class=\"has-small-font-size\"><mark style=\"background-color:rgba(0, 0, 0, 0);color:#d7760e\" class=\"has-inline-color\">Image<\/mark> <mark style=\"background-color:rgba(0, 0, 0, 0);color:#d7760e\" class=\"has-inline-color\">de<\/mark> <a href=\"https:\/\/pixabay.com\/fr\/\" target=\"_blank\" rel=\"noreferrer noopener\">Pixabay<\/a><\/p>\n\n\n\n<p class=\"has-text-color has-link-color has-small-font-size wp-elements-cd0be80c94eddc526a9b0aae7c5f747e\" style=\"color:#d7760e\">Toutes les images et illustrations de Louise sont la propri\u00e9t\u00e9 exclusive de Pascale Lebeur<\/p>\n\n\n\n<p class=\"has-small-font-size\"><strong><mark style=\"background-color:rgba(0, 0, 0, 0)\" class=\"has-inline-color has-luminous-vivid-amber-color\">\u00a9 2020-2026 Le r\u00eave de Louise<\/mark><\/strong><\/p>\n","protected":false},"excerpt":{"rendered":"<p>Mon journal, ma vie, mes secrets Ma vie est une succession de faits particuliers qui m&rsquo;ont mise en marge de la vie dite \u00ab\u00a0normale\u00a0\u00bb. Toute petite j&rsquo;ai ressenti que je n&rsquo;\u00e9tais pas comme les autres, je voyais et entendais des personnes autour de moi que je ne connaissais pas et que les autres ne percevaient [&hellip;]<\/p>\n","protected":false},"author":1,"featured_media":0,"parent":0,"menu_order":0,"comment_status":"closed","ping_status":"closed","template":"","meta":{"_eb_attr":"","footnotes":""},"class_list":["post-292","page","type-page","status-publish","hentry"],"_links":{"self":[{"href":"https:\/\/lerevedelouise.fr\/index.php\/wp-json\/wp\/v2\/pages\/292","targetHints":{"allow":["GET"]}}],"collection":[{"href":"https:\/\/lerevedelouise.fr\/index.php\/wp-json\/wp\/v2\/pages"}],"about":[{"href":"https:\/\/lerevedelouise.fr\/index.php\/wp-json\/wp\/v2\/types\/page"}],"author":[{"embeddable":true,"href":"https:\/\/lerevedelouise.fr\/index.php\/wp-json\/wp\/v2\/users\/1"}],"replies":[{"embeddable":true,"href":"https:\/\/lerevedelouise.fr\/index.php\/wp-json\/wp\/v2\/comments?post=292"}],"version-history":[{"count":107,"href":"https:\/\/lerevedelouise.fr\/index.php\/wp-json\/wp\/v2\/pages\/292\/revisions"}],"predecessor-version":[{"id":12511,"href":"https:\/\/lerevedelouise.fr\/index.php\/wp-json\/wp\/v2\/pages\/292\/revisions\/12511"}],"wp:attachment":[{"href":"https:\/\/lerevedelouise.fr\/index.php\/wp-json\/wp\/v2\/media?parent=292"}],"curies":[{"name":"wp","href":"https:\/\/api.w.org\/{rel}","templated":true}]}}