{"id":3255,"date":"2022-02-07T16:45:19","date_gmt":"2022-02-07T15:45:19","guid":{"rendered":"https:\/\/lerevedelouise.fr\/?page_id=3255"},"modified":"2024-02-05T16:17:21","modified_gmt":"2024-02-05T15:17:21","slug":"case-25","status":"publish","type":"page","link":"https:\/\/lerevedelouise.fr\/index.php\/case-0\/case-25\/","title":{"rendered":"Case 25"},"content":{"rendered":"<span class=\"span-reading-time rt-reading-time\" style=\"display: block;\"><span class=\"rt-label rt-prefix\">Temps de lecture\u00a0: <\/span> <span class=\"rt-time\"> 2<\/span> <span class=\"rt-label rt-postfix\">minutes<\/span><\/span>\n<div class=\"wp-block-image is-style-default\"><figure class=\"aligncenter size-medium\"><a href=\"https:\/\/lerevedelouise.fr\/wp-content\/uploads\/2021\/05\/gouffre.jpg\"><img loading=\"lazy\" decoding=\"async\" width=\"300\" height=\"193\" src=\"https:\/\/lerevedelouise.fr\/wp-content\/uploads\/2021\/05\/gouffre-300x193.jpg\" alt=\"\" class=\"wp-image-3256\" srcset=\"https:\/\/lerevedelouise.fr\/wp-content\/uploads\/2021\/05\/gouffre-300x193.jpg 300w, https:\/\/lerevedelouise.fr\/wp-content\/uploads\/2021\/05\/gouffre-600x386.jpg 600w, https:\/\/lerevedelouise.fr\/wp-content\/uploads\/2021\/05\/gouffre-1024x658.jpg 1024w, https:\/\/lerevedelouise.fr\/wp-content\/uploads\/2021\/05\/gouffre-768x494.jpg 768w, https:\/\/lerevedelouise.fr\/wp-content\/uploads\/2021\/05\/gouffre.jpg 1280w\" sizes=\"auto, (max-width: 300px) 100vw, 300px\" \/><\/a><\/figure><\/div>\n\n\n\n<h4 class=\"wp-block-heading\"><span style=\"color:#d7760e\" class=\"has-inline-color\">Le gouffre<\/span><\/h4>\n\n\n\n<p>Le sens symbolique n&rsquo;est pas tr\u00e8s difficile \u00e0 comprendre, il s&rsquo;agit presque toujours d&rsquo;un trou b\u00e9ant qui peut donner l&rsquo;impression qu&rsquo;il est sans fond, tant qu&rsquo;il est profond. Longtemps nos anc\u00eatres ont apparent\u00e9 le gouffre \u00e0 la baie voyant en lui ce vide dans lequel, si l&rsquo;on plonge on perd tout contr\u00f4le, toute ma\u00eetrise de soi et on est entra\u00een\u00e9 dans le vide absorb\u00e9 par lui. Toutefois, le gouffre peut \u00eatre lui aussi un lieu de passage n\u00e9cessaire qu&rsquo;il faut franchir pour se retrouver dans un autre monde.<\/p>\n\n\n\n<h4 class=\"wp-block-heading\"><span style=\"color:#d7760e\" class=\"has-inline-color\">Signification<\/span><\/h4>\n\n\n\n<p>Lorsque votre pion se pose sur cette case, il y a deux significations possibles. La premi\u00e8re interpr\u00e9tation est plut\u00f4t b\u00e9n\u00e9fique, m\u00eame si elle implique un passage difficile et \u00e9prouvant dans votre vie. Cette case vous annonce une chute, une perte in\u00e9vitable des moyens que vous disposez, mais volontaire. Donc vous n&rsquo;\u00eates pas oblig\u00e9s de tomber dans ce gouffre. Mais si vous ne sautez pas le pas, vous finirez par \u00eatre absorb\u00e9 par lui. Sachant qu&rsquo;une fois que vous aurez franchi le pas vous vous sentirez soulag\u00e9. La seconde interpr\u00e9tation proc\u00e8de d&rsquo;un pi\u00e8ge qui vous est tendu ou que vous vous tendez \u00e0 vous m\u00eame. Dans ce cas cette case vous indique que si vous manquez de discernement pour vous ou vos actions du moment, vous risquez fort de tomber dans un gouffre et de perdre tous vos moyens.<\/p>\n\n\n\n<p class=\"has-small-font-size\"><span style=\"color:#d7760e\" class=\"has-inline-color\">Images par :<\/span>  <a href=\"https:\/\/pixabay.com\/fr\/users\/photo-graphe-2867425\/?utm_source=link-attribution&amp;utm_medium=referral&amp;utm_campaign=image&amp;utm_content=3853958\" target=\"_blank\" rel=\"noopener\">Patricia Alexandre<\/a> <span style=\"color:#d7760e\" class=\"has-inline-color\">de<\/span> <a href=\"https:\/\/pixabay.com\/fr\/\" target=\"_blank\" rel=\"noopener\">Pixabay<\/a><\/p>\n\n\n\n<p class=\"has-small-font-size\"><span style=\"color:#d7760e\" class=\"has-inline-color\">Source :<\/span> <a href=\"https:\/\/www.hachette-collections.com\/fr-fr\/?gclid=CjwKCAjw8J32BRBCEiwApQEKgdiFVIkH2wypRsYiCjhK4KTn5ifV_DR1FX_lAZt9mKdtG8ksfXzYzxoCfegQAvD_BwE\" target=\"_blank\" rel=\"noreferrer noopener\">les arts divina<em>toires \u2013 Hachette Collection<\/em><\/a><\/p>\n","protected":false},"excerpt":{"rendered":"<p>Le gouffre Le sens symbolique n&rsquo;est pas tr\u00e8s difficile \u00e0 comprendre, il s&rsquo;agit presque toujours d&rsquo;un trou b\u00e9ant qui peut donner l&rsquo;impression qu&rsquo;il est sans fond, tant qu&rsquo;il est profond. Longtemps nos anc\u00eatres ont apparent\u00e9 le gouffre \u00e0 la baie voyant en lui ce vide dans lequel, si l&rsquo;on plonge on perd tout contr\u00f4le, toute [&hellip;]<\/p>\n","protected":false},"author":1,"featured_media":0,"parent":480,"menu_order":25,"comment_status":"closed","ping_status":"closed","template":"","meta":{"_eb_attr":"","footnotes":""},"class_list":["post-3255","page","type-page","status-publish","hentry"],"_links":{"self":[{"href":"https:\/\/lerevedelouise.fr\/index.php\/wp-json\/wp\/v2\/pages\/3255","targetHints":{"allow":["GET"]}}],"collection":[{"href":"https:\/\/lerevedelouise.fr\/index.php\/wp-json\/wp\/v2\/pages"}],"about":[{"href":"https:\/\/lerevedelouise.fr\/index.php\/wp-json\/wp\/v2\/types\/page"}],"author":[{"embeddable":true,"href":"https:\/\/lerevedelouise.fr\/index.php\/wp-json\/wp\/v2\/users\/1"}],"replies":[{"embeddable":true,"href":"https:\/\/lerevedelouise.fr\/index.php\/wp-json\/wp\/v2\/comments?post=3255"}],"version-history":[{"count":12,"href":"https:\/\/lerevedelouise.fr\/index.php\/wp-json\/wp\/v2\/pages\/3255\/revisions"}],"predecessor-version":[{"id":3968,"href":"https:\/\/lerevedelouise.fr\/index.php\/wp-json\/wp\/v2\/pages\/3255\/revisions\/3968"}],"up":[{"embeddable":true,"href":"https:\/\/lerevedelouise.fr\/index.php\/wp-json\/wp\/v2\/pages\/480"}],"wp:attachment":[{"href":"https:\/\/lerevedelouise.fr\/index.php\/wp-json\/wp\/v2\/media?parent=3255"}],"curies":[{"name":"wp","href":"https:\/\/api.w.org\/{rel}","templated":true}]}}