{"id":3297,"date":"2022-02-23T15:49:49","date_gmt":"2022-02-23T14:49:49","guid":{"rendered":"https:\/\/lerevedelouise.fr\/?page_id=3297"},"modified":"2024-08-30T16:01:37","modified_gmt":"2024-08-30T14:01:37","slug":"le-signe-du-belier","status":"publish","type":"page","link":"https:\/\/lerevedelouise.fr\/index.php\/le-signe-du-belier\/","title":{"rendered":"Le signe du  B\u00e9lier"},"content":{"rendered":"<span class=\"span-reading-time rt-reading-time\" style=\"display: block;\"><span class=\"rt-label rt-prefix\">Temps de lecture\u00a0: <\/span> <span class=\"rt-time\"> 2<\/span> <span class=\"rt-label rt-postfix\">minutes<\/span><\/span>\n<h2 class=\"wp-block-heading\" id=\"une-energie-impulsive-et-combative\"><mark style=\"background-color:rgba(0, 0, 0, 0);color:#d7760e\" class=\"has-inline-color\">Une \u00e9nergie impulsive et combative<\/mark><\/h2>\n\n\n\n<div class=\"wp-block-columns is-layout-flex wp-container-core-columns-is-layout-9d6595d7 wp-block-columns-is-layout-flex\">\n<div class=\"wp-block-column is-layout-flow wp-block-column-is-layout-flow\" style=\"flex-basis:33.33%\">\n<figure class=\"wp-block-image size-large\"><a href=\"https:\/\/lerevedelouise.fr\/wp-content\/uploads\/2022\/02\/belier-zodiaque-1.jpg\"><img loading=\"lazy\" decoding=\"async\" width=\"1024\" height=\"1024\" src=\"https:\/\/lerevedelouise.fr\/wp-content\/uploads\/2022\/02\/belier-zodiaque-1-1024x1024.jpg\" alt=\"\" class=\"wp-image-4141\" srcset=\"https:\/\/lerevedelouise.fr\/wp-content\/uploads\/2022\/02\/belier-zodiaque-1-1024x1024.jpg 1024w, https:\/\/lerevedelouise.fr\/wp-content\/uploads\/2022\/02\/belier-zodiaque-1-100x100.jpg 100w, https:\/\/lerevedelouise.fr\/wp-content\/uploads\/2022\/02\/belier-zodiaque-1-600x600.jpg 600w, https:\/\/lerevedelouise.fr\/wp-content\/uploads\/2022\/02\/belier-zodiaque-1-300x300.jpg 300w, https:\/\/lerevedelouise.fr\/wp-content\/uploads\/2022\/02\/belier-zodiaque-1-150x150.jpg 150w, https:\/\/lerevedelouise.fr\/wp-content\/uploads\/2022\/02\/belier-zodiaque-1-768x768.jpg 768w, https:\/\/lerevedelouise.fr\/wp-content\/uploads\/2022\/02\/belier-zodiaque-1-80x80.jpg 80w, https:\/\/lerevedelouise.fr\/wp-content\/uploads\/2022\/02\/belier-zodiaque-1.jpg 1280w\" sizes=\"auto, (max-width: 1024px) 100vw, 1024px\" \/><\/a><\/figure>\n\n\n\n<p><mark style=\"background-color:rgba(0, 0, 0, 0)\" class=\"has-inline-color has-luminous-vivid-amber-color\">Mots cl\u00e9s\u00a0:<\/mark><strong> <\/strong>Impulsion, \u00e9nergie, enthousiasme, combativit\u00e9, g\u00e9n\u00e9rosit\u00e9, impatience.<\/p>\n\n\n\n<p><mark style=\"background-color:rgba(0, 0, 0, 0)\" class=\"has-inline-color has-luminous-vivid-amber-color\">Signe compl\u00e9mentaire :<\/mark> B\u00e9lier \/ Balance<\/p>\n<\/div>\n\n\n\n<div class=\"wp-block-column is-layout-flow wp-block-column-is-layout-flow\" style=\"flex-basis:66.66%\">\n<p><mark style=\"background-color:rgba(0, 0, 0, 0)\" class=\"has-inline-color has-luminous-vivid-amber-color\">Le B\u00e9lier<\/mark> est le premier signe du zodiaque du 21 mars au 20 avril, sa saison le printemps, c&rsquo;est un signe cardinal masculin, son \u00e9l\u00e9ment le feu, gouvern\u00e9 par Mars, sa couleur est le rouge, sa pierre le rubis.<\/p>\n\n\n\n<p><mark style=\"background-color:rgba(0, 0, 0, 0)\" class=\"has-inline-color has-luminous-vivid-amber-color\">La symbolique de votre signe :<\/mark> les cornes du b\u00e9lier, en forme de spirale, symbolisent l&rsquo;\u00e9lan vers la vie, l&rsquo;\u00e9ternel recommencement qui correspond au d\u00e9but du printemps.<\/p>\n\n\n\n<p><mark style=\"background-color:rgba(0, 0, 0, 0)\" class=\"has-inline-color has-luminous-vivid-amber-color\">Vos traits de caract\u00e8re\u00a0:<\/mark> Vous \u00eates une personne dynamique, conqu\u00e9rante, pionni\u00e8re et qui fonce. Vous \u00eates audacieuse et pleine d\u2019ardeur. Obstin\u00e9e, impatiente, extravertie, vous vous laissez guider par vos coups de t\u00eate. Vous \u00eates ambitieuse et vous cherchez le succ\u00e8s. Combative, forte et brave, vous aimez la confrontation, vous pouvez \u00eatre impulsive et col\u00e9rique. En amour, vous vous enflammez comme un brasier et vous avez besoin de passion et de stimulation.<\/p>\n\n\n\n<p>Vous ne vous d\u00e9couragez jamais devant l\u2019\u00e9chec, vous \u00eates une personne combattante et vous vous relevez toujours pour recommencer. Vous avez du mal \u00e0 suivre les conseils, car, malgr\u00e9 votre c\u00f4t\u00e9 sympathique et g\u00e9n\u00e9reux, Vous aimez dire votre fa\u00e7on de penser. Vous pr\u00e9f\u00e9rez vous fier \u00e0 votre instinct tr\u00e8s s\u00fbr pour d\u00e9velopper votre c\u00f4t\u00e9 cr\u00e9atif et original, mais attention de ne pas \u00eatre trop inconstante.<\/p>\n<\/div>\n<\/div>\n\n\n\n<h2 class=\"wp-block-heading has-text-align-left\" id=\"les-decans-dans-votre-signe\"><mark style=\"background-color:rgba(0, 0, 0, 0);color:#d7760e\" class=\"has-inline-color\">Les d\u00e9cans dans votre signe<\/mark><\/h2>\n\n\n\n<div class=\"wp-block-columns is-layout-flex wp-container-core-columns-is-layout-9d6595d7 wp-block-columns-is-layout-flex\">\n<div class=\"wp-block-column is-layout-flow wp-block-column-is-layout-flow\">\n<p>De 0 \u00e0 10\u00b0- 1er d\u00e9can-du 21 au 31 mars  <\/p>\n\n\n\n<h5 class=\"wp-block-heading has-text-align-left\" id=\"lardeur\"><mark style=\"background-color:rgba(0, 0, 0, 0);color:#d7760e\" class=\"has-inline-color\">L&rsquo;ardeur<\/mark><\/h5>\n\n\n\n<p>Le ma\u00eetre de ce d\u00e9can est Pluton. On retrouve  la combinaison de Mars\/Pluton. Votre d\u00e9can est donc celui de l&rsquo;ardeur, de la passion, des pulsions. Vous \u00eates une personne combative et impulsive. Vous \u00e9prouvez aussi le besoin de vous interroger, de r\u00e9fl\u00e9chir sur votre pass\u00e9, vos origines et de vous en inspirer pour votre futur.<\/p>\n<\/div>\n\n\n\n<div class=\"wp-block-column is-layout-flow wp-block-column-is-layout-flow\">\n<p>De 10 \u00e0 20\u00b0-2\u00e8me d\u00e9can-du 1er au 11 avril <\/p>\n\n\n\n<h5 class=\"wp-block-heading has-text-align-left\" id=\"le-charisme\"><mark style=\"background-color:rgba(0, 0, 0, 0);color:#d7760e\" class=\"has-inline-color\">Le charisme<\/mark><\/h5>\n\n\n\n<p>Le ma\u00eetre de ce d\u00e9can est le Soleil. On retrouve  la combinaison de Mars\/Soleil. Votre d\u00e9can est donc celui de l&rsquo;exaltation, de projection, d&rsquo;affirmation. Vous \u00eates une personne de pouvoir et d&rsquo;influence. Vous d\u00e9gagez aussi un charme naturel qui fascine et incite \u00e0 vous suivre et \u00e0 marcher dans votre sillage.<\/p>\n<\/div>\n\n\n\n<div class=\"wp-block-column is-layout-flow wp-block-column-is-layout-flow\">\n<p>De 20 \u00e0 30\u00b0-3\u00e8me d\u00e9can-du 12 au 20 avril<\/p>\n\n\n\n<h5 class=\"wp-block-heading has-text-align-left\" id=\"la-passion\"><mark style=\"background-color:rgba(0, 0, 0, 0);color:#d7760e\" class=\"has-inline-color\">La passion<\/mark><\/h5>\n\n\n\n<p>Le ma\u00eetre de ce d\u00e9can est V\u00e9nus. On retrouve la combinaison de Mars\/V\u00e9nus. Votre d\u00e9can est celui de la sensualit\u00e9, de la sublimation, d&rsquo;intensit\u00e9. Vous \u00eates une personne passionn\u00e9e et fusionnelle. Vous avez aussi la fougue en vous, car vous vous investissez \u00e0 fond dans tout ce que vous entreprenez.<\/p>\n<\/div>\n<\/div>\n\n\n\n<p class=\"has-small-font-size\"><mark style=\"background-color:rgba(0, 0, 0, 0);color:#d7760e\" class=\"has-inline-color\">Image par<\/mark> <a href=\"https:\/\/pixabay.com\/fr\/users\/thedigitalartist-202249\/\" target=\"_blank\" rel=\"noreferrer noopener\">TheDigitalArtist<mark style=\"background-color:rgba(0, 0, 0, 0);color:#d7760e\" class=\"has-inline-color\"> <\/mark><\/a><mark style=\"background-color:rgba(0, 0, 0, 0);color:#d7760e\" class=\"has-inline-color\"> de<\/mark> <a title=\"Pixabay\" href=\"https:\/\/www.google.com\/search?channel=trow5&amp;client=firefox-b-d&amp;q=pixabay\" target=\"_blank\" rel=\"noreferrer noopener\">Pixabay<\/a><\/p>\n","protected":false},"excerpt":{"rendered":"<p>Une \u00e9nergie impulsive et combative Mots cl\u00e9s\u00a0: Impulsion, \u00e9nergie, enthousiasme, combativit\u00e9, g\u00e9n\u00e9rosit\u00e9, impatience. Signe compl\u00e9mentaire : B\u00e9lier \/ Balance Le B\u00e9lier est le premier signe du zodiaque du 21 mars au 20 avril, sa saison le printemps, c&rsquo;est un signe cardinal masculin, son \u00e9l\u00e9ment le feu, gouvern\u00e9 par Mars, sa couleur est le rouge, sa [&hellip;]<\/p>\n","protected":false},"author":1,"featured_media":0,"parent":0,"menu_order":0,"comment_status":"closed","ping_status":"closed","template":"","meta":{"_eb_attr":"","footnotes":""},"class_list":["post-3297","page","type-page","status-publish","hentry"],"_links":{"self":[{"href":"https:\/\/lerevedelouise.fr\/index.php\/wp-json\/wp\/v2\/pages\/3297","targetHints":{"allow":["GET"]}}],"collection":[{"href":"https:\/\/lerevedelouise.fr\/index.php\/wp-json\/wp\/v2\/pages"}],"about":[{"href":"https:\/\/lerevedelouise.fr\/index.php\/wp-json\/wp\/v2\/types\/page"}],"author":[{"embeddable":true,"href":"https:\/\/lerevedelouise.fr\/index.php\/wp-json\/wp\/v2\/users\/1"}],"replies":[{"embeddable":true,"href":"https:\/\/lerevedelouise.fr\/index.php\/wp-json\/wp\/v2\/comments?post=3297"}],"version-history":[{"count":42,"href":"https:\/\/lerevedelouise.fr\/index.php\/wp-json\/wp\/v2\/pages\/3297\/revisions"}],"predecessor-version":[{"id":10190,"href":"https:\/\/lerevedelouise.fr\/index.php\/wp-json\/wp\/v2\/pages\/3297\/revisions\/10190"}],"wp:attachment":[{"href":"https:\/\/lerevedelouise.fr\/index.php\/wp-json\/wp\/v2\/media?parent=3297"}],"curies":[{"name":"wp","href":"https:\/\/api.w.org\/{rel}","templated":true}]}}