{"id":3626,"date":"2022-02-08T15:44:29","date_gmt":"2022-02-08T14:44:29","guid":{"rendered":"https:\/\/lerevedelouise.fr\/?page_id=3626"},"modified":"2024-02-05T16:17:30","modified_gmt":"2024-02-05T15:17:30","slug":"case-26","status":"publish","type":"page","link":"https:\/\/lerevedelouise.fr\/index.php\/case-0\/case-26\/","title":{"rendered":"Case 26"},"content":{"rendered":"<span class=\"span-reading-time rt-reading-time\" style=\"display: block;\"><span class=\"rt-label rt-prefix\">Temps de lecture\u00a0: <\/span> <span class=\"rt-time\"> &lt;\u00a01<\/span> <span class=\"rt-label rt-postfix\">minute<\/span><\/span>\n<div class=\"wp-block-image\"><figure class=\"aligncenter size-medium\"><img loading=\"lazy\" decoding=\"async\" width=\"300\" height=\"224\" src=\"https:\/\/lerevedelouise.fr\/wp-content\/uploads\/2022\/02\/les-des-300x224.jpg\" alt=\"\" class=\"wp-image-3630\" srcset=\"https:\/\/lerevedelouise.fr\/wp-content\/uploads\/2022\/02\/les-des-300x224.jpg 300w, https:\/\/lerevedelouise.fr\/wp-content\/uploads\/2022\/02\/les-des-600x449.jpg 600w, https:\/\/lerevedelouise.fr\/wp-content\/uploads\/2022\/02\/les-des-1024x766.jpg 1024w, https:\/\/lerevedelouise.fr\/wp-content\/uploads\/2022\/02\/les-des-768x574.jpg 768w, https:\/\/lerevedelouise.fr\/wp-content\/uploads\/2022\/02\/les-des.jpg 1280w\" sizes=\"auto, (max-width: 300px) 100vw, 300px\" \/><\/figure><\/div>\n\n\n\n<p class=\"has-text-align-right\"><span class=\"has-inline-color has-light-green-cyan-color\">sur cette case lancez les deux d\u00e9s<\/span> <span class=\"has-inline-color has-light-green-cyan-color\">pour continuer<\/span><\/p>\n\n\n\n<h4 class=\"wp-block-heading\"><span style=\"color:#d7760e\" class=\"has-inline-color\">Les d\u00e9s<\/span><\/h4>\n\n\n\n<p>Les d\u00e9s symbolisent le hasard signifiant, c&rsquo;est \u00e0 dire tout ce qui nous semble relativement impr\u00e9visible et al\u00e9atoire, mais qui r\u00e9sulte pourtant d&rsquo;un ordre diff\u00e9rent, d&rsquo;une force immanente et qui a un sens. C&rsquo;est ainsi que, dans l&rsquo;Antiquit\u00e9, les d\u00e9s furent utilis\u00e9s tr\u00e8s souvent pour rendre la justice ou attribuer des titres honorifiques, ce que l&rsquo;on per\u00e7oit encore dans l&rsquo;expression populaire \u00ab\u00a0les d\u00e9s sont jet\u00e9s\u00a0\u00bb qui correspond \u00e0 un arr\u00eat du destin.<\/p>\n\n\n\n<h4 class=\"wp-block-heading\"><span style=\"color:#d7760e\" class=\"has-inline-color\">Signification<\/span><\/h4>\n\n\n\n<p>Si votre pion ce pose sur cette case, c&rsquo;est soit une b\u00e9n\u00e9diction que l&rsquo;on vous donne si vous avez tir\u00e9 profit des valeurs et principes qui sont les v\u00f4tres, soit un avertissement au cas o\u00f9 vous les auriez bafou\u00e9s. Cette case vous confronte aux cons\u00e9quences de vos actes, bonnes ou mauvaises, selon que vous avez bien ou mal agi, mais dont vous ne pouvez plus \u00eatre dupe.<\/p>\n\n\n\n<p class=\"has-small-font-size\"><span style=\"color:#d7760e\" class=\"has-inline-color\">Images par :<\/span> <a href=\"https:\/\/pixabay.com\/fr\/users\/wilhei-883152\/\" title=\"wilhei\" target=\"_blank\" rel=\"noopener\">wilhei<\/a> <span style=\"color:#d7760e\" class=\"has-inline-color\">de<\/span> <a href=\"https:\/\/pixabay.com\/fr\/\" target=\"_blank\" rel=\"noopener\">Pixabay<\/a><\/p>\n\n\n\n<p class=\"has-small-font-size\"><span style=\"color:#d7760e\" class=\"has-inline-color\">Source : <\/span><a href=\"https:\/\/www.hachette-collections.com\/fr-fr\/?gclid=CjwKCAjw8J32BRBCEiwApQEKgdiFVIkH2wypRsYiCjhK4KTn5ifV_DR1FX_lAZt9mKdtG8ksfXzYzxoCfegQAvD_BwE\" target=\"_blank\" rel=\"noreferrer noopener\">les arts divina<em>toires \u2013 Hachette Collection<\/em><\/a><\/p>\n","protected":false},"excerpt":{"rendered":"<p>sur cette case lancez les deux d\u00e9s pour continuer Les d\u00e9s Les d\u00e9s symbolisent le hasard signifiant, c&rsquo;est \u00e0 dire tout ce qui nous semble relativement impr\u00e9visible et al\u00e9atoire, mais qui r\u00e9sulte pourtant d&rsquo;un ordre diff\u00e9rent, d&rsquo;une force immanente et qui a un sens. C&rsquo;est ainsi que, dans l&rsquo;Antiquit\u00e9, les d\u00e9s furent utilis\u00e9s tr\u00e8s souvent [&hellip;]<\/p>\n","protected":false},"author":1,"featured_media":0,"parent":480,"menu_order":26,"comment_status":"closed","ping_status":"closed","template":"","meta":{"_eb_attr":"","footnotes":""},"class_list":["post-3626","page","type-page","status-publish","hentry"],"_links":{"self":[{"href":"https:\/\/lerevedelouise.fr\/index.php\/wp-json\/wp\/v2\/pages\/3626","targetHints":{"allow":["GET"]}}],"collection":[{"href":"https:\/\/lerevedelouise.fr\/index.php\/wp-json\/wp\/v2\/pages"}],"about":[{"href":"https:\/\/lerevedelouise.fr\/index.php\/wp-json\/wp\/v2\/types\/page"}],"author":[{"embeddable":true,"href":"https:\/\/lerevedelouise.fr\/index.php\/wp-json\/wp\/v2\/users\/1"}],"replies":[{"embeddable":true,"href":"https:\/\/lerevedelouise.fr\/index.php\/wp-json\/wp\/v2\/comments?post=3626"}],"version-history":[{"count":14,"href":"https:\/\/lerevedelouise.fr\/index.php\/wp-json\/wp\/v2\/pages\/3626\/revisions"}],"predecessor-version":[{"id":4331,"href":"https:\/\/lerevedelouise.fr\/index.php\/wp-json\/wp\/v2\/pages\/3626\/revisions\/4331"}],"up":[{"embeddable":true,"href":"https:\/\/lerevedelouise.fr\/index.php\/wp-json\/wp\/v2\/pages\/480"}],"wp:attachment":[{"href":"https:\/\/lerevedelouise.fr\/index.php\/wp-json\/wp\/v2\/media?parent=3626"}],"curies":[{"name":"wp","href":"https:\/\/api.w.org\/{rel}","templated":true}]}}