{"id":3695,"date":"2022-02-09T16:44:12","date_gmt":"2022-02-09T15:44:12","guid":{"rendered":"https:\/\/lerevedelouise.fr\/?page_id=3695"},"modified":"2024-02-05T16:13:00","modified_gmt":"2024-02-05T15:13:00","slug":"cycle-4-de-parcours-et-dinterpretation","status":"publish","type":"page","link":"https:\/\/lerevedelouise.fr\/index.php\/cycle-1-de-parcours-et-dinterpretation\/cycle-4-de-parcours-et-dinterpretation\/","title":{"rendered":"Cycle 4 de parcours et d&rsquo;interpr\u00e9tation"},"content":{"rendered":"<span class=\"span-reading-time rt-reading-time\" style=\"display: block;\"><span class=\"rt-label rt-prefix\">Temps de lecture\u00a0: <\/span> <span class=\"rt-time\"> 3<\/span> <span class=\"rt-label rt-postfix\">minutes<\/span><\/span>\n<p class=\"has-text-align-right\" style=\"font-size:15px\"><mark style=\"background-color:rgba(0, 0, 0, 0);color:#395a6e\" class=\"has-inline-color\"><a href=\"https:\/\/lerevedelouise.fr\/index.php\/cycle-1-de-parcours-et-dinterpretation\/cycle-5-de-parcours-et-dinterpretation\/\">Parcours et cycle 5 d&rsquo;interpr\u00e9tation<\/a><\/mark><\/p>\n\n\n\n<div class=\"wp-block-columns is-layout-flex wp-container-core-columns-is-layout-9d6595d7 wp-block-columns-is-layout-flex\">\n<div class=\"wp-block-column is-layout-flow wp-block-column-is-layout-flow\">\n<h6 class=\"wp-block-heading\"><mark style=\"background-color:rgba(0, 0, 0, 0);color:#d7760e\" class=\"has-inline-color\">Case 28<\/mark><\/h6>\n\n\n\n<div class=\"wp-block-image\"><figure class=\"aligncenter size-thumbnail\"><img loading=\"lazy\" decoding=\"async\" width=\"150\" height=\"150\" src=\"https:\/\/lerevedelouise.fr\/wp-content\/uploads\/2022\/02\/le-rossignol-150x150.jpg\" alt=\"jeu de l'oie\" class=\"wp-image-3972\" srcset=\"https:\/\/lerevedelouise.fr\/wp-content\/uploads\/2022\/02\/le-rossignol-150x150.jpg 150w, https:\/\/lerevedelouise.fr\/wp-content\/uploads\/2022\/02\/le-rossignol-100x100.jpg 100w, https:\/\/lerevedelouise.fr\/wp-content\/uploads\/2022\/02\/le-rossignol-80x80.jpg 80w\" sizes=\"auto, (max-width: 150px) 100vw, 150px\" \/><\/figure><\/div>\n\n\n\n<h6 class=\"wp-block-heading\"><mark style=\"background-color:rgba(0, 0, 0, 0);color:#d7760e\" class=\"has-inline-color\">Le rossignol<\/mark><\/h6>\n\n\n\n<p>A l\u2019instar de l\u2019hirondelle, le rossignol symbolise l\u2019av\u00e8nement du printemps, le renouveau de la nature. Toutefois, son chant a toujours \u00e9t\u00e9 per\u00e7u comme l\u2019expression&#8230; <a href=\"https:\/\/lerevedelouise.fr\/index.php\/case-0\/case-28\/\" title=\"Case 28\">Lire la suite<\/a><\/p>\n<\/div>\n\n\n\n<div class=\"wp-block-column is-layout-flow wp-block-column-is-layout-flow\">\n<h6 class=\"wp-block-heading\"><mark style=\"background-color:rgba(0, 0, 0, 0);color:#d7760e\" class=\"has-inline-color\">Case 29<\/mark><\/h6>\n\n\n\n<div class=\"wp-block-image\"><figure class=\"aligncenter size-thumbnail\"><img loading=\"lazy\" decoding=\"async\" width=\"150\" height=\"150\" src=\"https:\/\/lerevedelouise.fr\/wp-content\/uploads\/2022\/02\/eclair-150x150.jpg\" alt=\"jeu de l'oie\" class=\"wp-image-4033\" srcset=\"https:\/\/lerevedelouise.fr\/wp-content\/uploads\/2022\/02\/eclair-150x150.jpg 150w, https:\/\/lerevedelouise.fr\/wp-content\/uploads\/2022\/02\/eclair-100x100.jpg 100w, https:\/\/lerevedelouise.fr\/wp-content\/uploads\/2022\/02\/eclair-80x80.jpg 80w\" sizes=\"auto, (max-width: 150px) 100vw, 150px\" \/><\/figure><\/div>\n\n\n\n<h6 class=\"wp-block-heading\"><mark style=\"background-color:rgba(0, 0, 0, 0);color:#d7760e\" class=\"has-inline-color\">L&rsquo;\u00e9clair<\/mark><\/h6>\n\n\n\n<p>L\u2019\u00e9clair, la foudre et le tonnerre sont li\u00e9s. Il y bien s\u00fbr une relation de cause \u00e0 effet entre eux , qui peut s\u2019expliquer scientifiquement aujourd\u2019hui, mais que&#8230; <a href=\"https:\/\/lerevedelouise.fr\/index.php\/case-0\/case-29\/\" title=\"Case 29\">Lire la su<\/a><\/p>\n<\/div>\n\n\n\n<div class=\"wp-block-column is-layout-flow wp-block-column-is-layout-flow\">\n<h6 class=\"wp-block-heading\"><mark style=\"background-color:rgba(0, 0, 0, 0);color:#d7760e\" class=\"has-inline-color\">Case 30<\/mark><\/h6>\n\n\n\n<div class=\"wp-block-image\"><figure class=\"aligncenter size-thumbnail\"><img loading=\"lazy\" decoding=\"async\" width=\"150\" height=\"150\" src=\"https:\/\/lerevedelouise.fr\/wp-content\/uploads\/2022\/02\/rose-150x150.jpg\" alt=\"jeu de l'oie\" class=\"wp-image-4065\" srcset=\"https:\/\/lerevedelouise.fr\/wp-content\/uploads\/2022\/02\/rose-150x150.jpg 150w, https:\/\/lerevedelouise.fr\/wp-content\/uploads\/2022\/02\/rose-100x100.jpg 100w, https:\/\/lerevedelouise.fr\/wp-content\/uploads\/2022\/02\/rose-80x80.jpg 80w\" sizes=\"auto, (max-width: 150px) 100vw, 150px\" \/><\/figure><\/div>\n\n\n\n<h6 class=\"wp-block-heading\"><mark style=\"background-color:rgba(0, 0, 0, 0);color:#d7760e\" class=\"has-inline-color\">La rose<\/mark><\/h6>\n\n\n\n<p>C\u2019est un symbole de naissance et de renaissance, de cr\u00e9ation et de r\u00e9surrection, d\u2019amour pur, absolu, de vie \u00e9ternelle, de beaut\u00e9 et de perfection&#8230; <a href=\"https:\/\/lerevedelouise.fr\/index.php\/case-0\/case-30\/\" title=\"Case 30 \">Lire la suite <\/a><\/p>\n<\/div>\n<\/div>\n\n\n\n<div class=\"wp-block-columns is-layout-flex wp-container-core-columns-is-layout-9d6595d7 wp-block-columns-is-layout-flex\">\n<div class=\"wp-block-column is-layout-flow wp-block-column-is-layout-flow\">\n<h6 class=\"wp-block-heading\"><mark style=\"background-color:rgba(0, 0, 0, 0);color:#d7760e\" class=\"has-inline-color\">Case 31<\/mark><\/h6>\n\n\n\n<div class=\"wp-block-image\"><figure class=\"aligncenter size-thumbnail\"><a href=\"https:\/\/lerevedelouise.fr\/wp-content\/uploads\/2022\/02\/Le-puits.jpg\"><img loading=\"lazy\" decoding=\"async\" width=\"150\" height=\"150\" src=\"https:\/\/lerevedelouise.fr\/wp-content\/uploads\/2022\/02\/Le-puits-150x150.jpg\" alt=\"jeu de l'oie\" class=\"wp-image-4155\" srcset=\"https:\/\/lerevedelouise.fr\/wp-content\/uploads\/2022\/02\/Le-puits-150x150.jpg 150w, https:\/\/lerevedelouise.fr\/wp-content\/uploads\/2022\/02\/Le-puits-100x100.jpg 100w, https:\/\/lerevedelouise.fr\/wp-content\/uploads\/2022\/02\/Le-puits-600x600.jpg 600w, https:\/\/lerevedelouise.fr\/wp-content\/uploads\/2022\/02\/Le-puits-300x300.jpg 300w, https:\/\/lerevedelouise.fr\/wp-content\/uploads\/2022\/02\/Le-puits-1024x1024.jpg 1024w, https:\/\/lerevedelouise.fr\/wp-content\/uploads\/2022\/02\/Le-puits-768x768.jpg 768w, https:\/\/lerevedelouise.fr\/wp-content\/uploads\/2022\/02\/Le-puits-80x80.jpg 80w, https:\/\/lerevedelouise.fr\/wp-content\/uploads\/2022\/02\/Le-puits.jpg 1280w\" sizes=\"auto, (max-width: 150px) 100vw, 150px\" \/><\/a><\/figure><\/div>\n\n\n\n<h6 class=\"wp-block-heading\"><mark style=\"background-color:rgba(0, 0, 0, 0);color:#d7760e\" class=\"has-inline-color\">Le puits<\/mark><\/h6>\n\n\n\n<p>L\u2019eau du puits est aliment\u00e9e par une source. A moins que le climat n\u2019y soit pas propice et que s\u00e9visse une p\u00e9riode de s\u00e9cheresse, celle-ci est relativement&#8230; <a href=\"https:\/\/lerevedelouise.fr\/index.php\/case-0\/case-31\/\" title=\"Case 31 \">Lire la<\/a><\/p>\n<\/div>\n\n\n\n<div class=\"wp-block-column is-layout-flow wp-block-column-is-layout-flow\">\n<h6 class=\"wp-block-heading\"><mark style=\"background-color:rgba(0, 0, 0, 0);color:#d7760e\" class=\"has-inline-color\">Case 32<\/mark><\/h6>\n\n\n\n<div class=\"wp-block-image\"><figure class=\"aligncenter size-thumbnail\"><img loading=\"lazy\" decoding=\"async\" width=\"150\" height=\"150\" src=\"https:\/\/lerevedelouise.fr\/wp-content\/uploads\/2022\/02\/vent-150x150.jpg\" alt=\"jeu de l'oie\" class=\"wp-image-4232\" srcset=\"https:\/\/lerevedelouise.fr\/wp-content\/uploads\/2022\/02\/vent-150x150.jpg 150w, https:\/\/lerevedelouise.fr\/wp-content\/uploads\/2022\/02\/vent-100x100.jpg 100w, https:\/\/lerevedelouise.fr\/wp-content\/uploads\/2022\/02\/vent-80x80.jpg 80w\" sizes=\"auto, (max-width: 150px) 100vw, 150px\" \/><\/figure><\/div>\n\n\n\n<h6 class=\"wp-block-heading\"><mark style=\"background-color:rgba(0, 0, 0, 0);color:#d7760e\" class=\"has-inline-color\">Le vent<\/mark><\/h6>\n\n\n\n<p>Si le plus souvent il symbolise l\u2019inconstance, l\u2019aspect \u00e9ph\u00e9m\u00e8re de la vie. Les changements et l\u2019instabilit\u00e9, tout ce qui peut \u00eatre&#8230; <a href=\"https:\/\/lerevedelouise.fr\/index.php\/case-0\/case-32\/\" title=\"Case 32\">Lire la suite<\/a><\/p>\n<\/div>\n\n\n\n<div class=\"wp-block-column is-layout-flow wp-block-column-is-layout-flow\">\n<h6 class=\"wp-block-heading\"><mark style=\"background-color:rgba(0, 0, 0, 0);color:#d7760e\" class=\"has-inline-color\">Case 33<\/mark><\/h6>\n\n\n\n<div class=\"wp-block-image\"><figure class=\"aligncenter size-thumbnail\"><img loading=\"lazy\" decoding=\"async\" width=\"150\" height=\"150\" src=\"https:\/\/lerevedelouise.fr\/wp-content\/uploads\/2022\/02\/licorne-150x150.png\" alt=\"jeu de l'oie\" class=\"wp-image-4313\" srcset=\"https:\/\/lerevedelouise.fr\/wp-content\/uploads\/2022\/02\/licorne-150x150.png 150w, https:\/\/lerevedelouise.fr\/wp-content\/uploads\/2022\/02\/licorne-100x100.png 100w, https:\/\/lerevedelouise.fr\/wp-content\/uploads\/2022\/02\/licorne-80x80.png 80w\" sizes=\"auto, (max-width: 150px) 100vw, 150px\" \/><\/figure><\/div>\n\n\n\n<h6 class=\"wp-block-heading\"><mark style=\"background-color:rgba(0, 0, 0, 0);color:#d7760e\" class=\"has-inline-color\">La licorne<\/mark><\/h6>\n\n\n\n<p>C\u2019est un symbole de puret\u00e9, mais aussi de puissance virile. En effet, la licorne est un animal fantasmagorique et l\u00e9gendaire. Elle n\u2019existe donc que&#8230; <a href=\"https:\/\/lerevedelouise.fr\/index.php\/case-0\/case-33\/\" title=\"Case 33\">Lire la suite<\/a><\/p>\n<\/div>\n<\/div>\n\n\n\n<div class=\"wp-block-columns is-layout-flex wp-container-core-columns-is-layout-9d6595d7 wp-block-columns-is-layout-flex\">\n<div class=\"wp-block-column is-layout-flow wp-block-column-is-layout-flow\">\n<h6 class=\"wp-block-heading\"><mark style=\"background-color:rgba(0, 0, 0, 0);color:#d7760e\" class=\"has-inline-color\">Case 34<\/mark><\/h6>\n\n\n\n<div class=\"wp-block-image\"><figure class=\"aligncenter size-thumbnail\"><img loading=\"lazy\" decoding=\"async\" width=\"150\" height=\"150\" src=\"https:\/\/lerevedelouise.fr\/wp-content\/uploads\/2022\/02\/fontaine-150x150.jpg\" alt=\"jeu de l'oie\" class=\"wp-image-4342\" srcset=\"https:\/\/lerevedelouise.fr\/wp-content\/uploads\/2022\/02\/fontaine-150x150.jpg 150w, https:\/\/lerevedelouise.fr\/wp-content\/uploads\/2022\/02\/fontaine-100x100.jpg 100w, https:\/\/lerevedelouise.fr\/wp-content\/uploads\/2022\/02\/fontaine-80x80.jpg 80w\" sizes=\"auto, (max-width: 150px) 100vw, 150px\" \/><\/figure><\/div>\n\n\n\n<h6 class=\"wp-block-heading\"><mark style=\"background-color:rgba(0, 0, 0, 0);color:#d7760e\" class=\"has-inline-color\">La fontaine<\/mark><\/h6>\n\n\n\n<p>Elle pr\u00e9sente de nombreuses analogies symboliques avec le puits. Toutefois, son interpr\u00e9tation diff\u00e8re de celle du puits, en cela que la fontaine&#8230; <a href=\"https:\/\/lerevedelouise.fr\/index.php\/case-0\/case-34\/\" title=\"Case 34\">Lire la suite<\/a><\/p>\n<\/div>\n\n\n\n<div class=\"wp-block-column is-layout-flow wp-block-column-is-layout-flow\">\n<h6 class=\"wp-block-heading\"><mark style=\"background-color:rgba(0, 0, 0, 0);color:#d7760e\" class=\"has-inline-color\">Case 35<\/mark><\/h6>\n\n\n\n<div class=\"wp-block-image\"><figure class=\"aligncenter size-thumbnail\"><img loading=\"lazy\" decoding=\"async\" width=\"150\" height=\"150\" src=\"https:\/\/lerevedelouise.fr\/wp-content\/uploads\/2022\/03\/prince-150x150.jpg\" alt=\"jeu de l'oie\" class=\"wp-image-4406\" srcset=\"https:\/\/lerevedelouise.fr\/wp-content\/uploads\/2022\/03\/prince-150x150.jpg 150w, https:\/\/lerevedelouise.fr\/wp-content\/uploads\/2022\/03\/prince-100x100.jpg 100w, https:\/\/lerevedelouise.fr\/wp-content\/uploads\/2022\/03\/prince-80x80.jpg 80w\" sizes=\"auto, (max-width: 150px) 100vw, 150px\" \/><\/figure><\/div>\n\n\n\n<h6 class=\"wp-block-heading\"><mark style=\"background-color:rgba(0, 0, 0, 0);color:#d7760e\" class=\"has-inline-color\">Le prince<\/mark><\/h6>\n\n\n\n<p>ll est la repr\u00e9sentation symbolique de la promesse des temps futurs. Car bien s\u00fbr, le prince est un futur roi, un roi en formation en quelque sorte&#8230; <a href=\"https:\/\/lerevedelouise.fr\/index.php\/case-0\/case-35\/\" title=\"Case 35\">Lire la suite<\/a><\/p>\n<\/div>\n\n\n\n<div class=\"wp-block-column is-layout-flow wp-block-column-is-layout-flow\">\n<h6 class=\"wp-block-heading\"><mark style=\"background-color:rgba(0, 0, 0, 0);color:#d7760e\" class=\"has-inline-color\">Case 36<\/mark><\/h6>\n\n\n\n<div class=\"wp-block-image\"><figure class=\"aligncenter size-thumbnail\"><img loading=\"lazy\" decoding=\"async\" width=\"150\" height=\"150\" src=\"https:\/\/lerevedelouise.fr\/wp-content\/uploads\/2022\/03\/quatrieme-oie-150x150.jpg\" alt=\"jeu de l'oie\" class=\"wp-image-4469\" srcset=\"https:\/\/lerevedelouise.fr\/wp-content\/uploads\/2022\/03\/quatrieme-oie-150x150.jpg 150w, https:\/\/lerevedelouise.fr\/wp-content\/uploads\/2022\/03\/quatrieme-oie-100x100.jpg 100w, https:\/\/lerevedelouise.fr\/wp-content\/uploads\/2022\/03\/quatrieme-oie-80x80.jpg 80w\" sizes=\"auto, (max-width: 150px) 100vw, 150px\" \/><\/figure><\/div>\n\n\n\n<h6 class=\"wp-block-heading\"><mark style=\"background-color:rgba(0, 0, 0, 0);color:#d7760e\" class=\"has-inline-color\">La quatri\u00e8me Oie<\/mark><\/h6>\n\n\n\n<p>Cette Oie nous invite \u00e0 plonger dans la math\u00e9matique du corps et de l\u2019\u00e2me, une math\u00e9matique subtile et po\u00e9tique, qui a pourtant ses\u2026 <a href=\"https:\/\/lerevedelouise.fr\/index.php\/case-0\/case-36\/\">Lire la suite<\/a><\/p>\n<\/div>\n<\/div>\n\n\n\n<p style=\"font-size:15px\"><a href=\"https:\/\/lerevedelouise.fr\/index.php\/cycle-1-de-parcours-et-dinterpretation\/cycle-5-de-parcours-et-dinterpretation\/\">Parcours et cycle 5 d\u2019interpr\u00e9tation<\/a><\/p>\n","protected":false},"excerpt":{"rendered":"<p>Parcours et cycle 5 d&rsquo;interpr\u00e9tation Case 28 Le rossignol A l\u2019instar de l\u2019hirondelle, le rossignol symbolise l\u2019av\u00e8nement du printemps, le renouveau de la nature. Toutefois, son chant a toujours \u00e9t\u00e9 per\u00e7u comme l\u2019expression&#8230; Lire la suite Case 29 L&rsquo;\u00e9clair L\u2019\u00e9clair, la foudre et le tonnerre sont li\u00e9s. Il y bien s\u00fbr une relation de cause [&hellip;]<\/p>\n","protected":false},"author":1,"featured_media":0,"parent":1377,"menu_order":4,"comment_status":"closed","ping_status":"closed","template":"","meta":{"_eb_attr":"","footnotes":""},"class_list":["post-3695","page","type-page","status-publish","hentry"],"_links":{"self":[{"href":"https:\/\/lerevedelouise.fr\/index.php\/wp-json\/wp\/v2\/pages\/3695","targetHints":{"allow":["GET"]}}],"collection":[{"href":"https:\/\/lerevedelouise.fr\/index.php\/wp-json\/wp\/v2\/pages"}],"about":[{"href":"https:\/\/lerevedelouise.fr\/index.php\/wp-json\/wp\/v2\/types\/page"}],"author":[{"embeddable":true,"href":"https:\/\/lerevedelouise.fr\/index.php\/wp-json\/wp\/v2\/users\/1"}],"replies":[{"embeddable":true,"href":"https:\/\/lerevedelouise.fr\/index.php\/wp-json\/wp\/v2\/comments?post=3695"}],"version-history":[{"count":29,"href":"https:\/\/lerevedelouise.fr\/index.php\/wp-json\/wp\/v2\/pages\/3695\/revisions"}],"predecessor-version":[{"id":7629,"href":"https:\/\/lerevedelouise.fr\/index.php\/wp-json\/wp\/v2\/pages\/3695\/revisions\/7629"}],"up":[{"embeddable":true,"href":"https:\/\/lerevedelouise.fr\/index.php\/wp-json\/wp\/v2\/pages\/1377"}],"wp:attachment":[{"href":"https:\/\/lerevedelouise.fr\/index.php\/wp-json\/wp\/v2\/media?parent=3695"}],"curies":[{"name":"wp","href":"https:\/\/api.w.org\/{rel}","templated":true}]}}