{"id":3701,"date":"2022-02-17T13:53:15","date_gmt":"2022-02-17T12:53:15","guid":{"rendered":"https:\/\/lerevedelouise.fr\/?page_id=3701"},"modified":"2024-02-05T16:17:40","modified_gmt":"2024-02-05T15:17:40","slug":"case-27","status":"publish","type":"page","link":"https:\/\/lerevedelouise.fr\/index.php\/case-0\/case-27\/","title":{"rendered":"Case 27"},"content":{"rendered":"<span class=\"span-reading-time rt-reading-time\" style=\"display: block;\"><span class=\"rt-label rt-prefix\">Temps de lecture\u00a0: <\/span> <span class=\"rt-time\"> 2<\/span> <span class=\"rt-label rt-postfix\">minutes<\/span><\/span>\n<h4 class=\"wp-block-heading\"><mark style=\"background-color:rgba(0, 0, 0, 0);color:#d7760e\" class=\"has-inline-color\">La troisi\u00e8me Oie<\/mark><\/h4>\n\n\n\n<div class=\"wp-block-image\"><figure class=\"aligncenter size-medium\"><a href=\"https:\/\/lerevedelouise.fr\/wp-content\/uploads\/2023\/12\/oie-7.webp\"><img loading=\"lazy\" decoding=\"async\" width=\"300\" height=\"199\" src=\"https:\/\/lerevedelouise.fr\/wp-content\/uploads\/2023\/12\/oie-7-300x199.webp\" alt=\"\" class=\"wp-image-8504\" srcset=\"https:\/\/lerevedelouise.fr\/wp-content\/uploads\/2023\/12\/oie-7-300x199.webp 300w, https:\/\/lerevedelouise.fr\/wp-content\/uploads\/2023\/12\/oie-7.webp 677w\" sizes=\"auto, (max-width: 300px) 100vw, 300px\" \/><\/a><\/figure><\/div>\n\n\n\n<p>La fonction symbolique de l&rsquo;Oie est toujours de pr\u00e9voir et de pr\u00e9venir pour que l&rsquo;on puisse anticiper les \u00e9v\u00e9nements futurs, nous pr\u00e9munir contre certains dangers ou pi\u00e8ges \u00e9ventuels que nous serions susceptible de rencontrer pour prendre conscience de nos forces et de nos faiblesses ou encore de notre destin et de notre libre arbitre. Des choix aussi que nous devons faire, de la mani\u00e8re dont nous devons nous y prendre pour guider nos pas dans le parcours de notre vie.<\/p>\n\n\n\n<h4 class=\"wp-block-heading\"><mark style=\"background-color:rgba(0, 0, 0, 0);color:#d7760e\" class=\"has-inline-color\">Signification<\/mark><\/h4>\n\n\n\n<p>Si votre pion se place sur cette case, la troisi\u00e8me Oie vous r\u00e9v\u00e8le non pas un danger, mais un fait subtil auquel vous n&rsquo;avez peut-\u00eatre jamais pens\u00e9 ou alors tr\u00e8s peu, mais qui devrait pourtant vous aider \u00e0 vivre et agir plus sereinement. En effet, elle vous conseille de ne pas accorder trop d&rsquo;importance \u00e0 vos actes justes ou erron\u00e9s d&rsquo;\u00e9viter toute sublimation ou dramatisation de ceux-ci. Soyez satisfait de ce que vous faites quand vous agissez bien mais sans plus. De m\u00eame soyez conscient de vos erreurs et tirez-en des enseignements. Ayez confiance en vous et foi en la vie. En estimant vos actes avec justesse, vous vous donnez la chance d&rsquo;\u00eatre surpris par les \u00e9v\u00e9nements les retournement de situation. Rien n&rsquo;est d\u00e9finitif ou arr\u00eat\u00e9 une fois pour toutes, vous dit la troisi\u00e8me Oie. Tout passe, tout change et tout est possible, d\u00e8s lors que vous ne vous \u00e9vertuez pas \u00e0 vous rendre ma\u00eetre de tout.  <\/p>\n\n\n\n<p class=\"has-small-font-size\"><mark style=\"background-color:rgba(0, 0, 0, 0);color:#d7760e\" class=\"has-inline-color\">Image par :<\/mark><a href=\"https:\/\/www.google.com\/search?q=oie%20blanche%20sauvage&amp;tbm=isch&amp;client=firefox-b-d&amp;hl=fr&amp;sa=X&amp;ved=0CB4QtI8BKABqFwoTCJCsmezhhvYCFQAAAAAdAAAAABAH&amp;biw=1519&amp;bih=739#imgrc=zRWhaJgAgJJ17M\" target=\"_blank\" rel=\"noreferrer noopener\" title=\" Google.com\"> <\/a><a href=\"https:\/\/www.google.com\/search?q=oie+blanche+sauvage&amp;tbm=isch&amp;ved=2ahUKEwiuivjfmfSCAxV1micCHcVRAwAQ2-cCegQIABAA&amp;oq=oie+blanche+sauvage&amp;gs_lcp=CgNpbWcQAzIECCMQJzIGCAAQCBAeUABYAGDdBmgAcAB4AIABQIgBQJIBATGYAQCqAQtnd3Mtd2l6LWltZ8ABAQ&amp;sclient=img&amp;ei=w_FsZe6cAfW0nsEPxaMN&amp;bih=739&amp;biw=1519&amp;client=firefox-b-d&amp;hl=fr\" target=\"_blank\" rel=\"noopener\" title=\"\">Google.com<\/a><\/p>\n\n\n\n<p class=\"has-small-font-size\"><mark style=\"background-color:rgba(0, 0, 0, 0);color:#d7760e\" class=\"has-inline-color\">Source :<\/mark> <a href=\"https:\/\/www.hachette-collections.com\/fr-fr\/?gclid=CjwKCAjw8J32BRBCEiwApQEKgdiFVIkH2wypRsYiCjhK4KTn5ifV_DR1FX_lAZt9mKdtG8ksfXzYzxoCfegQAvD_BwE\" target=\"_blank\" rel=\"noreferrer noopener\">les arts divina<em>toires \u2013 Hachette Collection<\/em><\/a><\/p>\n","protected":false},"excerpt":{"rendered":"<p>La troisi\u00e8me Oie La fonction symbolique de l&rsquo;Oie est toujours de pr\u00e9voir et de pr\u00e9venir pour que l&rsquo;on puisse anticiper les \u00e9v\u00e9nements futurs, nous pr\u00e9munir contre certains dangers ou pi\u00e8ges \u00e9ventuels que nous serions susceptible de rencontrer pour prendre conscience de nos forces et de nos faiblesses ou encore de notre destin et de notre [&hellip;]<\/p>\n","protected":false},"author":1,"featured_media":0,"parent":480,"menu_order":27,"comment_status":"closed","ping_status":"closed","template":"","meta":{"_eb_attr":"","footnotes":""},"class_list":["post-3701","page","type-page","status-publish","hentry"],"_links":{"self":[{"href":"https:\/\/lerevedelouise.fr\/index.php\/wp-json\/wp\/v2\/pages\/3701","targetHints":{"allow":["GET"]}}],"collection":[{"href":"https:\/\/lerevedelouise.fr\/index.php\/wp-json\/wp\/v2\/pages"}],"about":[{"href":"https:\/\/lerevedelouise.fr\/index.php\/wp-json\/wp\/v2\/types\/page"}],"author":[{"embeddable":true,"href":"https:\/\/lerevedelouise.fr\/index.php\/wp-json\/wp\/v2\/users\/1"}],"replies":[{"embeddable":true,"href":"https:\/\/lerevedelouise.fr\/index.php\/wp-json\/wp\/v2\/comments?post=3701"}],"version-history":[{"count":11,"href":"https:\/\/lerevedelouise.fr\/index.php\/wp-json\/wp\/v2\/pages\/3701\/revisions"}],"predecessor-version":[{"id":8506,"href":"https:\/\/lerevedelouise.fr\/index.php\/wp-json\/wp\/v2\/pages\/3701\/revisions\/8506"}],"up":[{"embeddable":true,"href":"https:\/\/lerevedelouise.fr\/index.php\/wp-json\/wp\/v2\/pages\/480"}],"wp:attachment":[{"href":"https:\/\/lerevedelouise.fr\/index.php\/wp-json\/wp\/v2\/media?parent=3701"}],"curies":[{"name":"wp","href":"https:\/\/api.w.org\/{rel}","templated":true}]}}