{"id":3969,"date":"2022-02-17T15:33:57","date_gmt":"2022-02-17T14:33:57","guid":{"rendered":"https:\/\/lerevedelouise.fr\/?page_id=3969"},"modified":"2024-02-05T16:17:50","modified_gmt":"2024-02-05T15:17:50","slug":"case-28","status":"publish","type":"page","link":"https:\/\/lerevedelouise.fr\/index.php\/case-0\/case-28\/","title":{"rendered":"Case 28"},"content":{"rendered":"<span class=\"span-reading-time rt-reading-time\" style=\"display: block;\"><span class=\"rt-label rt-prefix\">Temps de lecture\u00a0: <\/span> <span class=\"rt-time\"> 2<\/span> <span class=\"rt-label rt-postfix\">minutes<\/span><\/span>\n<div class=\"wp-block-image\"><figure class=\"aligncenter size-medium\"><a href=\"https:\/\/lerevedelouise.fr\/wp-content\/uploads\/2022\/02\/le-rossignol.jpg\"><img loading=\"lazy\" decoding=\"async\" width=\"300\" height=\"202\" src=\"https:\/\/lerevedelouise.fr\/wp-content\/uploads\/2022\/02\/le-rossignol-300x202.jpg\" alt=\"\" class=\"wp-image-3972\" srcset=\"https:\/\/lerevedelouise.fr\/wp-content\/uploads\/2022\/02\/le-rossignol-300x202.jpg 300w, https:\/\/lerevedelouise.fr\/wp-content\/uploads\/2022\/02\/le-rossignol-600x405.jpg 600w, https:\/\/lerevedelouise.fr\/wp-content\/uploads\/2022\/02\/le-rossignol-1024x690.jpg 1024w, https:\/\/lerevedelouise.fr\/wp-content\/uploads\/2022\/02\/le-rossignol-768x518.jpg 768w, https:\/\/lerevedelouise.fr\/wp-content\/uploads\/2022\/02\/le-rossignol-272x182.jpg 272w, https:\/\/lerevedelouise.fr\/wp-content\/uploads\/2022\/02\/le-rossignol.jpg 1280w\" sizes=\"auto, (max-width: 300px) 100vw, 300px\" \/><\/a><\/figure><\/div>\n\n\n\n<h4 class=\"wp-block-heading\"><span style=\"color:#d7760e\" class=\"has-inline-color\">Le rossignol<\/span><\/h4>\n\n\n\n<p>A l&rsquo;instar de l&rsquo;hirondelle, le rossignol symbolise l&rsquo;av\u00e8nement du printemps, le renouveau de la nature. Toutefois, son chant a toujours \u00e9t\u00e9 per\u00e7u comme l&rsquo;expression de la m\u00e9lancolie ou de la nostalgie. De ce fait, si il est en analogie avec la saison du renouveau, on peut dire qu&rsquo;il n&rsquo;est pas totalement tourn\u00e9 vers l&rsquo;avenir, comme l&rsquo;est cette saison tout enti\u00e8re projet\u00e9e vers le futur de l&rsquo;\u00e9t\u00e9, des moissons, de l&rsquo;abondance. Il garde encore une patte, si l&rsquo;on ose dire, dans le pass\u00e9 dont il a la nostalgie. Par ailleurs, le rossignol est r\u00e9put\u00e9 pour chanter \u00e0 la nuit tomb\u00e9e, sans \u00eatre un oiseau nocturne pour autant. Ainsi, son chant est clair \u00e0 l&rsquo;heure o\u00f9 les autres oiseaux sont endormis et ne chantent plus et c&rsquo;est pour cette raison qu&rsquo;il devint aussi bien un signe positif qu&rsquo;une signe n\u00e9gatif.<\/p>\n\n\n\n<h4 class=\"wp-block-heading\"><span style=\"color:#d7760e\" class=\"has-inline-color\">Signification <\/span><\/h4>\n\n\n\n<p>Si votre pion se pose sur cette case, c&rsquo;est que l&rsquo;amour vous enchante, vous ravit, vous enflamme, il risque de vous aveugler. C&rsquo;est ce que vous indique cette case. Toutefois ici, il ne fait pas allusion \u00e0 l&rsquo;amour universel ou spirituel, mais aux sentiments que deux \u00eatres \u00e9prouvent l&rsquo;un envers l&rsquo;autre. Ce sont surtout sur vos sentiments que l&rsquo;accent est mis. Vivez-les en toute s\u00e9r\u00e9nit\u00e9, mais \u00e9vitez de vous laisser submerger par des \u00e9motions qui seraient susceptibles de vous faire perdre le sens des r\u00e9alit\u00e9s. Sinon, t\u00f4t ou tard, vous encourez le risque d&rsquo;une d\u00e9ception dont vous serez alors seul responsable, du fait m\u00eame qu&rsquo;au lieu de vous laisser aller \u00e0 une vie amoureuse saine et sereine symbolis\u00e9e ici par le rossignol, vous pourriez \u00eatre tent\u00e9 de sublimer ou de passionner vos sentiments.  <\/p>\n\n\n\n<p class=\"has-small-font-size\"><span style=\"color:#d7760e\" class=\"has-inline-color\">Image par :<\/span> <a href=\"https:\/\/pixabay.com\/fr\/users\/wal_172619-12138562\/\" target=\"_blank\" rel=\"noreferrer noopener\" title=\"wal_172619\">wal_172619<\/a>  <span style=\"color:#d7760e\" class=\"has-inline-color\">de<\/span> <a href=\"https:\/\/pixabay.com\/fr\/\" target=\"_blank\" rel=\"noreferrer noopener\">Pixabay<\/a><\/p>\n\n\n\n<p class=\"has-small-font-size\"><span style=\"color:#d7760e\" class=\"has-inline-color\">Source :<\/span> <a href=\"https:\/\/www.hachette-collections.com\/fr-fr\/?gclid=CjwKCAjw8J32BRBCEiwApQEKgdiFVIkH2wypRsYiCjhK4KTn5ifV_DR1FX_lAZt9mKdtG8ksfXzYzxoCfegQAvD_BwE\" target=\"_blank\" rel=\"noreferrer noopener\">les arts divina<em>toires \u2013 Hachette Collection<\/em><\/a><\/p>\n","protected":false},"excerpt":{"rendered":"<p>Le rossignol A l&rsquo;instar de l&rsquo;hirondelle, le rossignol symbolise l&rsquo;av\u00e8nement du printemps, le renouveau de la nature. Toutefois, son chant a toujours \u00e9t\u00e9 per\u00e7u comme l&rsquo;expression de la m\u00e9lancolie ou de la nostalgie. De ce fait, si il est en analogie avec la saison du renouveau, on peut dire qu&rsquo;il n&rsquo;est pas totalement tourn\u00e9 vers [&hellip;]<\/p>\n","protected":false},"author":1,"featured_media":0,"parent":480,"menu_order":28,"comment_status":"closed","ping_status":"closed","template":"","meta":{"_eb_attr":"","footnotes":""},"class_list":["post-3969","page","type-page","status-publish","hentry"],"_links":{"self":[{"href":"https:\/\/lerevedelouise.fr\/index.php\/wp-json\/wp\/v2\/pages\/3969","targetHints":{"allow":["GET"]}}],"collection":[{"href":"https:\/\/lerevedelouise.fr\/index.php\/wp-json\/wp\/v2\/pages"}],"about":[{"href":"https:\/\/lerevedelouise.fr\/index.php\/wp-json\/wp\/v2\/types\/page"}],"author":[{"embeddable":true,"href":"https:\/\/lerevedelouise.fr\/index.php\/wp-json\/wp\/v2\/users\/1"}],"replies":[{"embeddable":true,"href":"https:\/\/lerevedelouise.fr\/index.php\/wp-json\/wp\/v2\/comments?post=3969"}],"version-history":[{"count":3,"href":"https:\/\/lerevedelouise.fr\/index.php\/wp-json\/wp\/v2\/pages\/3969\/revisions"}],"predecessor-version":[{"id":3973,"href":"https:\/\/lerevedelouise.fr\/index.php\/wp-json\/wp\/v2\/pages\/3969\/revisions\/3973"}],"up":[{"embeddable":true,"href":"https:\/\/lerevedelouise.fr\/index.php\/wp-json\/wp\/v2\/pages\/480"}],"wp:attachment":[{"href":"https:\/\/lerevedelouise.fr\/index.php\/wp-json\/wp\/v2\/media?parent=3969"}],"curies":[{"name":"wp","href":"https:\/\/api.w.org\/{rel}","templated":true}]}}