{"id":3977,"date":"2022-03-08T16:00:27","date_gmt":"2022-03-08T15:00:27","guid":{"rendered":"https:\/\/lerevedelouise.fr\/?page_id=3977"},"modified":"2026-02-22T19:34:58","modified_gmt":"2026-02-22T18:34:58","slug":"la-maison-aux-roses-pourpres","status":"publish","type":"page","link":"https:\/\/lerevedelouise.fr\/index.php\/mon-journal\/la-maison-aux-roses-pourpres\/","title":{"rendered":"La maison aux roses pourpres"},"content":{"rendered":"<span class=\"span-reading-time rt-reading-time\" style=\"display: block;\"><span class=\"rt-label rt-prefix\">Temps de lecture\u00a0: <\/span> <span class=\"rt-time\"> 5<\/span> <span class=\"rt-label rt-postfix\">minutes<\/span><\/span>\n<h2 class=\"wp-block-heading has-text-color\" style=\"color:#aa94d1\">Mes pr\u00e9monitions :<\/h2>\n\n\n\n<p class=\"has-text-color\" style=\"color:#aa94d1\">___________<\/p>\n\n\n<div class=\"wp-block-image is-resized is-style-rounded\">\n<figure class=\"alignright size-medium\"><a href=\"https:\/\/lerevedelouise.fr\/wp-content\/uploads\/2025\/09\/Louise-1-4.jpg\"><img loading=\"lazy\" decoding=\"async\" width=\"300\" height=\"300\" src=\"https:\/\/lerevedelouise.fr\/wp-content\/uploads\/2025\/09\/Louise-1-4-300x300.jpg\" alt=\"\" class=\"wp-image-11863\" srcset=\"https:\/\/lerevedelouise.fr\/wp-content\/uploads\/2025\/09\/Louise-1-4-300x300.jpg 300w, https:\/\/lerevedelouise.fr\/wp-content\/uploads\/2025\/09\/Louise-1-4-150x150.jpg 150w, https:\/\/lerevedelouise.fr\/wp-content\/uploads\/2025\/09\/Louise-1-4-768x768.jpg 768w, https:\/\/lerevedelouise.fr\/wp-content\/uploads\/2025\/09\/Louise-1-4-80x80.jpg 80w, https:\/\/lerevedelouise.fr\/wp-content\/uploads\/2025\/09\/Louise-1-4.jpg 1024w\" sizes=\"auto, (max-width: 300px) 100vw, 300px\" \/><\/a><\/figure>\n<\/div>\n\n\n<p class=\"has-medium-font-size\"><em><span style=\"color:#9392c7\" class=\"has-inline-color\">Mon amie Charl\u00e8ne voulait acheter avec son mari une magnifique maison ancienne dans un charmant petit village au bord de la Loire. Cette demeure de caract\u00e8re avait \u00e9t\u00e9 construite \u00e0 la fin du XIXe si\u00e8cle et avait vu pass\u00e9e quelques g\u00e9n\u00e9rations en son c\u0153ur. Mon amie avait la connaissance de mes dons m\u00e9diumniques et elle me pria de l&rsquo;accompagner dans sa prochaine visite. J&rsquo;acceptais son invitation avec gravit\u00e9, car, je savais que je lui devais toute la v\u00e9rit\u00e9. Et, j&rsquo;esp\u00e9rais au plus profond de moi ne rien ressentir d&rsquo;\u00e9trange lors de cette visite. Je voyais tellement d&rsquo;\u00e9toiles dans les yeux de mon amie que je ne voulais pas la d\u00e9cevoir.<\/span><\/em><\/p>\n\n\n\n<p class=\"has-medium-font-size\"><em><span style=\"color:#9392c7\" class=\"has-inline-color\">D&rsquo;un premier abord la maison me plut tout de suite, elle \u00e9tait imposante, bien plant\u00e9e sur ses fondations et je sentais la force des ann\u00e9es avoir pris possession d&rsquo;elle. Je gravis le perron en toute s\u00e9r\u00e9nit\u00e9, la premi\u00e8re approche ne me donnait aucune impression n\u00e9gative. Mon amie ouvrit la porte et je me retrouvais dans une vaste entr\u00e9e qui desservait plusieurs pi\u00e8ces, la premi\u00e8re \u00e9tait une superbe biblioth\u00e8que, la deuxi\u00e8me un petit salon. Tout \u00e9tait d&rsquo;\u00e9poque et le temps semblait fig\u00e9. Je regardais mon amie en lui posant cette question : <\/span><\/em><\/p>\n\n\n\n<p class=\"has-medium-font-size\"><em><span style=\"color:#9392c7\" class=\"has-inline-color\">\u00ab\u00a0Comment comptes-tu agencer cette maison pour qu&rsquo;elle vous plaise \u00e0 tous les deux\u00a0\u00bb ?<\/span><\/em><\/p>\n\n\n\n<p class=\"has-medium-font-size\"><em><span style=\"color:#9392c7\" class=\"has-inline-color\">Elle me r\u00e9pondit en souriant qu&rsquo;elle comptait laisser tout en l&rsquo;\u00e9tat. Sa r\u00e9ponse me surpris, car, mon amie et son mari aimaient ce m\u00e9lange d&rsquo;ancien et de moderne. Puis elle m&rsquo;ouvrit une porte donnant sur un salon un peu plus grand et l\u00e0 tout mon corps frissonna.<\/span><\/em><\/p>\n\n\n\n<p class=\"has-medium-font-size\"><em><mark style=\"background-color:rgba(0, 0, 0, 0);color:#9392c7\" class=\"has-inline-color\">Je vis tout d&rsquo;abord une belle dame \u00e9l\u00e9gante assise dans le fauteuil de gauche, puis \u00e0 c\u00f4t\u00e9 de celui de droite se tenait debout un homme \u00e0 l&rsquo;aspect froid et autoritaire. Tous les deux me fixaient avec insistance et la dame me faisait signe de partir. Je ne me sentais pas la bienvenue, par contre, elle souriait tout en s&rsquo;adressant \u00e0 mon amie : <\/mark><\/em><\/p>\n\n\n\n<p class=\"has-medium-font-size\"><em><mark style=\"background-color:rgba(0, 0, 0, 0);color:#9392c7\" class=\"has-inline-color\">\u00ab\u00a0Soyez la bienvenue dans notre demeure\u00a0\u00bb.<\/mark><\/em><\/p>\n\n\n\n<p class=\"has-medium-font-size\"><em><span style=\"color:#9392c7\" class=\"has-inline-color\">Elle r\u00e9p\u00e9tait avec obstination cette m\u00eame phrase. Je remarquais que mon amie \u00e9tait tr\u00e8s \u00e0 l&rsquo;aise et elle me demanda ce que je pensais de cette belle pi\u00e8ce. Aucun son n&rsquo;arrivait \u00e0 sortir de ma bouche, j&rsquo;\u00e9tais comme fig\u00e9e. Quand soudain, l&rsquo;homme brandit un couteau ensanglant\u00e9 et s&rsquo;avan\u00e7a vers moi les yeux exorbit\u00e9s. Je poussais un cri de terreur, quand je sentis la lame du couteau s&rsquo;enfoncer dans ma chair. La douleur \u00e9tait si vive que mes yeux se remplirent de larmes, autour de moi tout vacillait. En prot\u00e9geant mon ventre de mes mains,  Je sentis la chaleur de mon sang glisser entre mes doigts et je m&rsquo;\u00e9croulais lourdement sur le sol. L&rsquo;homme \u00e0 nouveau brandit son couteau et je pouvais sentir son souffle court pr\u00e8s de mon visage. D&rsquo;une voix grave et forte il dit en me regardant avec haine : <\/span><\/em><\/p>\n\n\n\n<p class=\"has-medium-font-size\"><em><mark style=\"background-color:rgba(0, 0, 0, 0);color:#9392c7\" class=\"has-inline-color\">\u00ab\u00a0Tu vas mourir garce, tu vas mourir\u00a0\u00bb. <\/mark><\/em><\/p>\n\n\n\n<p class=\"has-medium-font-size\"><em><mark style=\"background-color:rgba(0, 0, 0, 0);color:#9392c7\" class=\"has-inline-color\">J&rsquo;\u00e9tais l\u00e0 allong\u00e9e sur le tapis mon corps baignant dans son sang, la douleur atroce avait disparu, mon corps n&rsquo;\u00e9tait plus que plaies et doucement la vie s&rsquo;en allait, j&rsquo;\u00e9tais en train de mourir. Charl\u00e8ne me secouait dans tout les sens en hurlant, j&rsquo;ouvris les yeux et je lui dis : <\/mark><\/em><\/p>\n\n\n\n<p class=\"has-medium-font-size\"><em><mark style=\"background-color:rgba(0, 0, 0, 0);color:#9392c7\" class=\"has-inline-color\">\u00ab\u00a0Je suis morte, Charl\u00e8ne je suis morte\u00a0\u00bb. <\/mark><\/em><\/p>\n\n\n\n<p class=\"has-medium-font-size\"><em><span style=\"color:#9392c7\" class=\"has-inline-color\">Mon amie m&rsquo;expliqua que j&rsquo;\u00e9tais devenue livide et que je m&rsquo;\u00e9tais affaiss\u00e9e sur le tapis en hurlant :<\/span><\/em><\/p>\n\n\n\n<p class=\"has-medium-font-size\"><em><mark style=\"background-color:rgba(0, 0, 0, 0);color:#9392c7\" class=\"has-inline-color\">\u00ab\u00a0Ne me tuez pas, je vous en supplie ce n&rsquo;est pas moi, ce n&rsquo;est pas moi\u00a0\u00bb.<\/mark><\/em><\/p>\n\n\n\n<p class=\"has-medium-font-size\"> <em><mark style=\"background-color:rgba(0, 0, 0, 0);color:#9392c7\" class=\"has-inline-color\">La pi\u00e8ce \u00e9tait vide, les personnes avaient disparues, je tremblais si fort que mon amie me fit sortir de la maison. Une fois dehors tous mes sympt\u00f4mes se sont \u00e9vanouis. Je dis \u00e0 mon amie : <\/mark><\/em><\/p>\n\n\n\n<p class=\"has-medium-font-size\"><em><mark style=\"background-color:rgba(0, 0, 0, 0);color:#9392c7\" class=\"has-inline-color\">\u00ab\u00a0N&rsquo;ach\u00e8te pas cette maison, il s&rsquo;est pass\u00e9 un drame terrible.\u00a0\u00bb <\/mark><\/em><\/p>\n\n\n\n<p class=\"has-medium-font-size\"><em><span style=\"color:#9392c7\" class=\"has-inline-color\">Et je lui expliquais en d\u00e9tail ce qui m&rsquo;\u00e9tait arriv\u00e9e. Malheureusement, Charl\u00e8ne ne m&rsquo;a pas \u00e9cout\u00e9e, elle \u00e9tait fascin\u00e9e par cette demeure. Elle et son mari quelques mois plus tard en sont devenus les heureux propri\u00e9taires. Durant plusieurs mois des probl\u00e8mes plus ou moins graves se sont succ\u00e9d\u00e9s, d\u00e9stabilisant le couple et leur amour. Jusqu&rsquo;\u00e0 cette journ\u00e9e fatidique o\u00f9 sont mari poignarda avec une extr\u00eame violence mon amie Charl\u00e8ne dans le grand salon. Heureusement pour Charl\u00e8ne, elle a surv\u00e9cu \u00e0 ses blessures, son mari, malgr\u00e9 son geste effroyable et inexpliqu\u00e9 avait arriv\u00e9 \u00e0 appeler les secours \u00e0 temps.<\/span><\/em><\/p>\n\n\n\n<p class=\"has-medium-font-size\"><em><span style=\"color:#9392c7\" class=\"has-inline-color\">Quand, mon amie f\u00fbt sortie de l&rsquo;h\u00f4pital, Je fis des recherches, mais aucun drame de ce genre n&rsquo;avait eu lieu dans cette maison, elle appartenait \u00e0 une famille qui l&rsquo;avait transmise de g\u00e9n\u00e9ration en g\u00e9n\u00e9ration. Et pourtant j&rsquo;avais bien v\u00e9cu cette sc\u00e8ne avant mon amie, ce n&rsquo;\u00e9tait pas un r\u00eave, peut \u00eatre une pr\u00e9monition ? Mais, j&rsquo;avais un doute alors je me suis permise d&rsquo;aller voir l&rsquo;ancien propri\u00e9taire de cette maison, je voulais comprendre. Cet homme m\u2019accueillit avec gentillesse et compr\u00e9hension et c&rsquo;est le regard triste et la gorge serr\u00e9e qu&rsquo;il me dit :<\/span><\/em><\/p>\n\n\n\n<p class=\"has-medium-font-size\"><em><mark style=\"background-color:rgba(0, 0, 0, 0);color:#9392c7\" class=\"has-inline-color\">\u00ab\u00a0Je suis tr\u00e8s affect\u00e9 par ce drame qui a touch\u00e9 gravement votre amie. Je ne comprends pas, cette maison \u00e9tait celle de l&rsquo;amour et du bonheur, je ne garde dans mon c\u0153ur que de merveilleux souvenirs.<\/mark><\/em><\/p>\n\n\n\n<p class=\"has-medium-font-size\"><em><span style=\"color:#9392c7\" class=\"has-inline-color\">Il secoua la t\u00eate et \u00e9couta attentivement le r\u00e9cit de mon incroyable m\u00e9saventure. A la fin de mon histoire, il m&rsquo;expliqua ceci d&rsquo;un air grave :<\/span><\/em><\/p>\n\n\n\n<p class=\"has-medium-font-size\"><em><span style=\"color:#9392c7\" class=\"has-inline-color\">\u00ab\u00a0Au d\u00e9c\u00e8s de ma femme, j&rsquo;ai donn\u00e9 \u00e0 mon petit fils les deux fauteuils en cuir qui se trouvaient dans le grand salon. Et j&rsquo;ai donc rachet\u00e9 quelques semaines plus tard \u00e0 un brocanteur, les deux fauteuils que vous m&rsquo;avez d\u00e9crit.<\/span><\/em><\/p>\n\n\n\n<p class=\"has-medium-font-size\"><em><span style=\"color:#9392c7\" class=\"has-inline-color\">Donc, les deux fauteuils ne venaient pas de la famille de l&rsquo;ancien propri\u00e9taire. Il avait eu un coup de c\u0153ur pour eux, car, sur l&rsquo;arri\u00e8re du dossier une rose pourpre y \u00e9tait grav\u00e9e. Il me confia avec g\u00eane, que dans ce grand salon, il ne se sentait plus \u00e0 l&rsquo;aise, ni m\u00eame dans l&rsquo;ensemble de la maison, d&rsquo;ailleurs. Et c&rsquo;est ce mal \u00eatre qui grandissait en lui un peu plus chaque jour, qui avait aussi pr\u00e9cipit\u00e9 la vente de sa demeure. Malheureusement, Je n&rsquo;ai pas pu pousser plus loin mon investigation, car, le brocanteur, pauvre homme, \u00e9tait d\u00e9c\u00e9d\u00e9 depuis quelques mois dans le violent incendie qui a ravag\u00e9 totalement son entrep\u00f4t. La provenance de ces fauteuils restera donc un myst\u00e8re \u00e0 tout jamais. <\/span><\/em><\/p>\n\n\n\n<p class=\"has-medium-font-size\"><em><mark style=\"background-color:rgba(0, 0, 0, 0);color:#9392c7\" class=\"has-inline-color\">Apr\u00e8s plusieurs mois, Charl\u00e8ne pris conscience que le drame qui avait an\u00e9anti leur vie, n&rsquo;\u00e9tait pas d&rsquo;ordre naturel. Ils ont donc pris la d\u00e9cision et sur mes conseils de br\u00fbler les deux fauteuils du grand salon et de mettre en vente&#8230; La maison aux roses pourpres.<\/mark><\/em><\/p>\n\n\n\n<p class=\"has-text-color\" style=\"color:#aa94d1\">__________<\/p>\n\n\n\n<figure class=\"wp-block-image size-medium\"><a href=\"https:\/\/lerevedelouise.fr\/wp-content\/uploads\/2025\/09\/salon.jpg\"><img loading=\"lazy\" decoding=\"async\" width=\"300\" height=\"300\" src=\"https:\/\/lerevedelouise.fr\/wp-content\/uploads\/2025\/09\/salon-300x300.jpg\" alt=\"\" class=\"wp-image-11724\" srcset=\"https:\/\/lerevedelouise.fr\/wp-content\/uploads\/2025\/09\/salon-300x300.jpg 300w, https:\/\/lerevedelouise.fr\/wp-content\/uploads\/2025\/09\/salon-150x150.jpg 150w, https:\/\/lerevedelouise.fr\/wp-content\/uploads\/2025\/09\/salon-768x768.jpg 768w, https:\/\/lerevedelouise.fr\/wp-content\/uploads\/2025\/09\/salon-80x80.jpg 80w, https:\/\/lerevedelouise.fr\/wp-content\/uploads\/2025\/09\/salon.jpg 1024w\" sizes=\"auto, (max-width: 300px) 100vw, 300px\" \/><\/a><\/figure>\n\n\n\n<p class=\"has-small-font-size\">La vision dessin de Manu<\/p>\n\n\n\n<p class=\"has-text-color has-link-color has-small-font-size wp-elements-ef186570456d689d71cdfc110c7fb2a1\" style=\"color:#aa94d1\">__________<\/p>\n\n\n\n<p class=\"has-text-color has-link-color has-small-font-size wp-elements-99791da9bf3de38900eea5ac0d454a7d\" style=\"color:#d7760e\">Auteur : Pascale &#8211; Design : Bruno<br>Tous les textes, les illustrations et dessins du journal de Louise et de Louise sont la propri\u00e9t\u00e9 exclusive de Pascale LEBEUR<br><strong><mark style=\"background-color:rgba(0, 0, 0, 0)\" class=\"has-inline-color has-luminous-vivid-amber-color\">\u00a9 2020-2026 Le r\u00eave de Louise<\/mark><\/strong><\/p>\n","protected":false},"excerpt":{"rendered":"<p>Mes pr\u00e9monitions : ___________ Mon amie Charl\u00e8ne voulait acheter avec son mari une magnifique maison ancienne dans un charmant petit village au bord de la Loire. Cette demeure de caract\u00e8re avait \u00e9t\u00e9 construite \u00e0 la fin du XIXe si\u00e8cle et avait vu pass\u00e9e quelques g\u00e9n\u00e9rations en son c\u0153ur. Mon amie avait la connaissance de mes [&hellip;]<\/p>\n","protected":false},"author":1,"featured_media":0,"parent":1703,"menu_order":0,"comment_status":"closed","ping_status":"closed","template":"","meta":{"_eb_attr":"","footnotes":""},"class_list":["post-3977","page","type-page","status-publish","hentry"],"_links":{"self":[{"href":"https:\/\/lerevedelouise.fr\/index.php\/wp-json\/wp\/v2\/pages\/3977","targetHints":{"allow":["GET"]}}],"collection":[{"href":"https:\/\/lerevedelouise.fr\/index.php\/wp-json\/wp\/v2\/pages"}],"about":[{"href":"https:\/\/lerevedelouise.fr\/index.php\/wp-json\/wp\/v2\/types\/page"}],"author":[{"embeddable":true,"href":"https:\/\/lerevedelouise.fr\/index.php\/wp-json\/wp\/v2\/users\/1"}],"replies":[{"embeddable":true,"href":"https:\/\/lerevedelouise.fr\/index.php\/wp-json\/wp\/v2\/comments?post=3977"}],"version-history":[{"count":84,"href":"https:\/\/lerevedelouise.fr\/index.php\/wp-json\/wp\/v2\/pages\/3977\/revisions"}],"predecessor-version":[{"id":12658,"href":"https:\/\/lerevedelouise.fr\/index.php\/wp-json\/wp\/v2\/pages\/3977\/revisions\/12658"}],"up":[{"embeddable":true,"href":"https:\/\/lerevedelouise.fr\/index.php\/wp-json\/wp\/v2\/pages\/1703"}],"wp:attachment":[{"href":"https:\/\/lerevedelouise.fr\/index.php\/wp-json\/wp\/v2\/media?parent=3977"}],"curies":[{"name":"wp","href":"https:\/\/api.w.org\/{rel}","templated":true}]}}