{"id":4032,"date":"2022-02-19T19:15:28","date_gmt":"2022-02-19T18:15:28","guid":{"rendered":"https:\/\/lerevedelouise.fr\/?page_id=4032"},"modified":"2024-02-05T16:17:59","modified_gmt":"2024-02-05T15:17:59","slug":"case-29","status":"publish","type":"page","link":"https:\/\/lerevedelouise.fr\/index.php\/case-0\/case-29\/","title":{"rendered":"Case 29"},"content":{"rendered":"<span class=\"span-reading-time rt-reading-time\" style=\"display: block;\"><span class=\"rt-label rt-prefix\">Temps de lecture\u00a0: <\/span> <span class=\"rt-time\"> 2<\/span> <span class=\"rt-label rt-postfix\">minutes<\/span><\/span>\n<div class=\"wp-block-image\"><figure class=\"aligncenter size-medium\"><a href=\"https:\/\/lerevedelouise.fr\/wp-content\/uploads\/2022\/02\/eclair.jpg\"><img loading=\"lazy\" decoding=\"async\" width=\"300\" height=\"200\" src=\"https:\/\/lerevedelouise.fr\/wp-content\/uploads\/2022\/02\/eclair-300x200.jpg\" alt=\"\" class=\"wp-image-4033\" srcset=\"https:\/\/lerevedelouise.fr\/wp-content\/uploads\/2022\/02\/eclair-300x200.jpg 300w, https:\/\/lerevedelouise.fr\/wp-content\/uploads\/2022\/02\/eclair-600x400.jpg 600w, https:\/\/lerevedelouise.fr\/wp-content\/uploads\/2022\/02\/eclair-1024x682.jpg 1024w, https:\/\/lerevedelouise.fr\/wp-content\/uploads\/2022\/02\/eclair-768x512.jpg 768w, https:\/\/lerevedelouise.fr\/wp-content\/uploads\/2022\/02\/eclair-272x182.jpg 272w, https:\/\/lerevedelouise.fr\/wp-content\/uploads\/2022\/02\/eclair.jpg 1280w\" sizes=\"auto, (max-width: 300px) 100vw, 300px\" \/><\/a><\/figure><\/div>\n\n\n\n<h4 class=\"wp-block-heading\"><span style=\"color:#d7760e\" class=\"has-inline-color\">L&rsquo;\u00e9clair<\/span><\/h4>\n\n\n\n<p>L&rsquo;\u00e9clair, la foudre et le tonnerre sont li\u00e9s. Il y bien s\u00fbr une relation de cause \u00e0 effet entre eux , qui peut s&rsquo;expliquer scientifiquement aujourd&rsquo;hui, mais que nos anc\u00eatres avaient comprise depuis longtemps, m\u00eame s&rsquo;ils \u00e9taient enclins \u00e0 croire que ce genre de ph\u00e9nom\u00e8nes avait un caract\u00e8re divin. Toutefois, ici, c&rsquo;est simplement l&rsquo;\u00e9clair qui z\u00e8bre et illumine le ciel sur lequel notre attention est sollicit\u00e9. Il s&rsquo;agit donc d&rsquo;un symbole d&rsquo;\u00e9v\u00e9nement impr\u00e9vu, inattendu, de bouleversement ou de brusque prise de conscience. Par ailleurs , l&rsquo;\u00e9clair dans le ciel pr\u00e9c\u00e8de \u00e9videmment toujours le bruit du tonnerre, mais aussi souvent la pluie d&rsquo;orage. Il symbolise donc les pr\u00e9mices d&rsquo;un bouleversement.<\/p>\n\n\n\n<h4 class=\"wp-block-heading\"><span style=\"color:#d7760e\" class=\"has-inline-color\">Signification<\/span><\/h4>\n\n\n\n<p>Si votre pion ce place sur cette case, c&rsquo;est que vous avez per\u00e7u ou que vous allez conna\u00eetre tr\u00e8s prochainement les signes avant-coureurs d&rsquo;un changement, d&rsquo;un bouleversement dans votre vie ou votre situation. Cet \u00e9v\u00e9nement est sans doute pr\u00e9visible, mais sans savoir \u00e0 quel moments il va se produire, ni sous quelle forme. Toutefois, vous pouvez donc agir en pr\u00e9ventif pour en minimiser les effets. Mais, sachez qu&rsquo;un tel bouleversement semble n\u00e9cessaire et qu&rsquo;une fois qu&rsquo;il se sera produit, vous ressentirez un soulagement.<\/p>\n\n\n\n<p class=\"has-small-font-size\"><span style=\"color:#d7760e\" class=\"has-inline-color\">Image par : <\/span><a href=\"https:\/\/pixabay.com\/fr\/users\/sethink-348886\/\" target=\"_blank\" rel=\"noreferrer noopener\" title=\"sethink \">sethink <\/a><span style=\"color:#d7760e\" class=\"has-inline-color\">de<\/span> <a href=\"https:\/\/pixabay.com\/fr\/\" target=\"_blank\" rel=\"noreferrer noopener\">Pixabay<\/a><\/p>\n\n\n\n<p class=\"has-small-font-size\"><span style=\"color:#d7760e\" class=\"has-inline-color\">Source :<\/span> <a href=\"https:\/\/www.hachette-collections.com\/fr-fr\/?gclid=CjwKCAjw8J32BRBCEiwApQEKgdiFVIkH2wypRsYiCjhK4KTn5ifV_DR1FX_lAZt9mKdtG8ksfXzYzxoCfegQAvD_BwE\" target=\"_blank\" rel=\"noreferrer noopener\">les arts divina<em>toires \u2013 Hachette Collection<\/em><\/a><\/p>\n","protected":false},"excerpt":{"rendered":"<p>L&rsquo;\u00e9clair L&rsquo;\u00e9clair, la foudre et le tonnerre sont li\u00e9s. Il y bien s\u00fbr une relation de cause \u00e0 effet entre eux , qui peut s&rsquo;expliquer scientifiquement aujourd&rsquo;hui, mais que nos anc\u00eatres avaient comprise depuis longtemps, m\u00eame s&rsquo;ils \u00e9taient enclins \u00e0 croire que ce genre de ph\u00e9nom\u00e8nes avait un caract\u00e8re divin. Toutefois, ici, c&rsquo;est simplement l&rsquo;\u00e9clair [&hellip;]<\/p>\n","protected":false},"author":1,"featured_media":0,"parent":480,"menu_order":29,"comment_status":"closed","ping_status":"closed","template":"","meta":{"_eb_attr":"","footnotes":""},"class_list":["post-4032","page","type-page","status-publish","hentry"],"_links":{"self":[{"href":"https:\/\/lerevedelouise.fr\/index.php\/wp-json\/wp\/v2\/pages\/4032","targetHints":{"allow":["GET"]}}],"collection":[{"href":"https:\/\/lerevedelouise.fr\/index.php\/wp-json\/wp\/v2\/pages"}],"about":[{"href":"https:\/\/lerevedelouise.fr\/index.php\/wp-json\/wp\/v2\/types\/page"}],"author":[{"embeddable":true,"href":"https:\/\/lerevedelouise.fr\/index.php\/wp-json\/wp\/v2\/users\/1"}],"replies":[{"embeddable":true,"href":"https:\/\/lerevedelouise.fr\/index.php\/wp-json\/wp\/v2\/comments?post=4032"}],"version-history":[{"count":10,"href":"https:\/\/lerevedelouise.fr\/index.php\/wp-json\/wp\/v2\/pages\/4032\/revisions"}],"predecessor-version":[{"id":4053,"href":"https:\/\/lerevedelouise.fr\/index.php\/wp-json\/wp\/v2\/pages\/4032\/revisions\/4053"}],"up":[{"embeddable":true,"href":"https:\/\/lerevedelouise.fr\/index.php\/wp-json\/wp\/v2\/pages\/480"}],"wp:attachment":[{"href":"https:\/\/lerevedelouise.fr\/index.php\/wp-json\/wp\/v2\/media?parent=4032"}],"curies":[{"name":"wp","href":"https:\/\/api.w.org\/{rel}","templated":true}]}}