{"id":4064,"date":"2022-02-20T18:49:34","date_gmt":"2022-02-20T17:49:34","guid":{"rendered":"https:\/\/lerevedelouise.fr\/?page_id=4064"},"modified":"2024-02-05T16:18:44","modified_gmt":"2024-02-05T15:18:44","slug":"case-30","status":"publish","type":"page","link":"https:\/\/lerevedelouise.fr\/index.php\/case-0\/case-30\/","title":{"rendered":"Case 30"},"content":{"rendered":"<span class=\"span-reading-time rt-reading-time\" style=\"display: block;\"><span class=\"rt-label rt-prefix\">Temps de lecture\u00a0: <\/span> <span class=\"rt-time\"> 2<\/span> <span class=\"rt-label rt-postfix\">minutes<\/span><\/span>\n<div class=\"wp-block-image\"><figure class=\"aligncenter size-medium\"><a href=\"https:\/\/lerevedelouise.fr\/wp-content\/uploads\/2022\/02\/rose.jpg\"><img loading=\"lazy\" decoding=\"async\" width=\"300\" height=\"232\" src=\"https:\/\/lerevedelouise.fr\/wp-content\/uploads\/2022\/02\/rose-300x232.jpg\" alt=\"\" class=\"wp-image-4065\" srcset=\"https:\/\/lerevedelouise.fr\/wp-content\/uploads\/2022\/02\/rose-300x232.jpg 300w, https:\/\/lerevedelouise.fr\/wp-content\/uploads\/2022\/02\/rose-600x464.jpg 600w, https:\/\/lerevedelouise.fr\/wp-content\/uploads\/2022\/02\/rose-1024x792.jpg 1024w, https:\/\/lerevedelouise.fr\/wp-content\/uploads\/2022\/02\/rose-768x594.jpg 768w, https:\/\/lerevedelouise.fr\/wp-content\/uploads\/2022\/02\/rose.jpg 1280w\" sizes=\"auto, (max-width: 300px) 100vw, 300px\" \/><\/a><\/figure><\/div>\n\n\n\n<h4 class=\"wp-block-heading\"><span style=\"color:#d7760e\" class=\"has-inline-color\">La rose<\/span><\/h4>\n\n\n\n<p>C&rsquo;est un symbole de naissance et de renaissance, de cr\u00e9ation et de r\u00e9surrection, d&rsquo;amour pur, absolu, de vie \u00e9ternelle, de beaut\u00e9 et de perfection. Il s&rsquo;agit donc d&rsquo;un merveilleux symbole dans lequel on ne per\u00e7oit pas une once de mal, auquel on ne peut donc jamais attribuer des qualit\u00e9s obscures, sombres ou mal\u00e9fiques. Il est rare de rencontrer un symbole aux vertus aussi exclusivement b\u00e9n\u00e9fiques. La rose en est un. Mais, comme vous allez pouvoir le constater, son interpr\u00e9tation dans votre parcours du jeu de l&rsquo;Oie peut quand m\u00eame sous entendre une certaine ambigu\u00eft\u00e9.<\/p>\n\n\n\n<h4 class=\"wp-block-heading\"><span style=\"color:#d7760e\" class=\"has-inline-color\">Signification <\/span><\/h4>\n\n\n\n<p>Quand vous faites une halte sur cette case, il faut y voir d&rsquo;abord le signe d&rsquo;une naissance ou d&rsquo;une cr\u00e9ation de quelque chose de neuf et d&rsquo;heureux qui se produit dans votre vie. Cela peut aller de la naissance d&rsquo;un enfant, le plus beau cadeau de la vie, \u00e0 la cr\u00e9ation d&rsquo;une entreprise, en passant par une nouvelle phase de votre vie dans laquelle vous entrez. Toutefois, si nous voulions jouer avec le nom de ce symbole, nous dirions que dans la vie tout n&rsquo;est pas toujours rose. De ce fait, cette case peut aussi vous mettre en garde contre votre tendance \u00e0 voir tout en rose, justement \u00e0 vous montrer trop optimiste ou \u00e0 croire que tout est parfait et d\u2019essayer de voir le monde dans sa r\u00e9alit\u00e9. <\/p>\n\n\n\n<p class=\"has-small-font-size\"><span style=\"color:#d7760e\" class=\"has-inline-color\">Image par :<\/span> <a href=\"https:\/\/pixabay.com\/fr\/users\/josch13-48777\/\" target=\"_blank\" rel=\"noopener\">Josch13<\/a> <a href=\"https:\/\/pixabay.com\/fr\/users\/sethink-348886\/\" target=\"_blank\" rel=\"noreferrer noopener\"> <\/a><span style=\"color:#d7760e\" class=\"has-inline-color\">de<\/span> <a href=\"https:\/\/pixabay.com\/fr\/\" target=\"_blank\" rel=\"noreferrer noopener\">Pixabay<\/a><\/p>\n\n\n\n<p class=\"has-small-font-size\"><span style=\"color:#d7760e\" class=\"has-inline-color\">Source :<\/span> <a href=\"https:\/\/www.hachette-collections.com\/fr-fr\/?gclid=CjwKCAjw8J32BRBCEiwApQEKgdiFVIkH2wypRsYiCjhK4KTn5ifV_DR1FX_lAZt9mKdtG8ksfXzYzxoCfegQAvD_BwE\" target=\"_blank\" rel=\"noreferrer noopener\">les arts divina<em>toires \u2013 Hachette Collection<\/em><\/a><\/p>\n","protected":false},"excerpt":{"rendered":"<p>La rose C&rsquo;est un symbole de naissance et de renaissance, de cr\u00e9ation et de r\u00e9surrection, d&rsquo;amour pur, absolu, de vie \u00e9ternelle, de beaut\u00e9 et de perfection. Il s&rsquo;agit donc d&rsquo;un merveilleux symbole dans lequel on ne per\u00e7oit pas une once de mal, auquel on ne peut donc jamais attribuer des qualit\u00e9s obscures, sombres ou mal\u00e9fiques. [&hellip;]<\/p>\n","protected":false},"author":1,"featured_media":0,"parent":480,"menu_order":30,"comment_status":"closed","ping_status":"closed","template":"","meta":{"_eb_attr":"","footnotes":""},"class_list":["post-4064","page","type-page","status-publish","hentry"],"_links":{"self":[{"href":"https:\/\/lerevedelouise.fr\/index.php\/wp-json\/wp\/v2\/pages\/4064","targetHints":{"allow":["GET"]}}],"collection":[{"href":"https:\/\/lerevedelouise.fr\/index.php\/wp-json\/wp\/v2\/pages"}],"about":[{"href":"https:\/\/lerevedelouise.fr\/index.php\/wp-json\/wp\/v2\/types\/page"}],"author":[{"embeddable":true,"href":"https:\/\/lerevedelouise.fr\/index.php\/wp-json\/wp\/v2\/users\/1"}],"replies":[{"embeddable":true,"href":"https:\/\/lerevedelouise.fr\/index.php\/wp-json\/wp\/v2\/comments?post=4064"}],"version-history":[{"count":5,"href":"https:\/\/lerevedelouise.fr\/index.php\/wp-json\/wp\/v2\/pages\/4064\/revisions"}],"predecessor-version":[{"id":4293,"href":"https:\/\/lerevedelouise.fr\/index.php\/wp-json\/wp\/v2\/pages\/4064\/revisions\/4293"}],"up":[{"embeddable":true,"href":"https:\/\/lerevedelouise.fr\/index.php\/wp-json\/wp\/v2\/pages\/480"}],"wp:attachment":[{"href":"https:\/\/lerevedelouise.fr\/index.php\/wp-json\/wp\/v2\/media?parent=4064"}],"curies":[{"name":"wp","href":"https:\/\/api.w.org\/{rel}","templated":true}]}}