{"id":4231,"date":"2022-02-24T15:38:16","date_gmt":"2022-02-24T14:38:16","guid":{"rendered":"https:\/\/lerevedelouise.fr\/?page_id=4231"},"modified":"2024-02-05T16:19:06","modified_gmt":"2024-02-05T15:19:06","slug":"case-32","status":"publish","type":"page","link":"https:\/\/lerevedelouise.fr\/index.php\/case-0\/case-32\/","title":{"rendered":"Case 32"},"content":{"rendered":"<span class=\"span-reading-time rt-reading-time\" style=\"display: block;\"><span class=\"rt-label rt-prefix\">Temps de lecture\u00a0: <\/span> <span class=\"rt-time\"> 2<\/span> <span class=\"rt-label rt-postfix\">minutes<\/span><\/span>\n<div class=\"wp-block-image\"><figure class=\"aligncenter size-medium\"><a href=\"https:\/\/lerevedelouise.fr\/wp-content\/uploads\/2022\/02\/vent.jpg\"><img loading=\"lazy\" decoding=\"async\" width=\"300\" height=\"200\" src=\"https:\/\/lerevedelouise.fr\/wp-content\/uploads\/2022\/02\/vent-300x200.jpg\" alt=\"\" class=\"wp-image-4232\" srcset=\"https:\/\/lerevedelouise.fr\/wp-content\/uploads\/2022\/02\/vent-300x200.jpg 300w, https:\/\/lerevedelouise.fr\/wp-content\/uploads\/2022\/02\/vent-600x400.jpg 600w, https:\/\/lerevedelouise.fr\/wp-content\/uploads\/2022\/02\/vent-1024x683.jpg 1024w, https:\/\/lerevedelouise.fr\/wp-content\/uploads\/2022\/02\/vent-768x512.jpg 768w, https:\/\/lerevedelouise.fr\/wp-content\/uploads\/2022\/02\/vent-272x182.jpg 272w, https:\/\/lerevedelouise.fr\/wp-content\/uploads\/2022\/02\/vent.jpg 1280w\" sizes=\"auto, (max-width: 300px) 100vw, 300px\" \/><\/a><\/figure><\/div>\n\n\n\n<h4 class=\"wp-block-heading\"><span style=\"color:#d7760e\" class=\"has-inline-color\">Le vent<\/span><\/h4>\n\n\n\n<p>Si le plus souvent il symbolise l&rsquo;inconstance, l&rsquo;aspect \u00e9ph\u00e9m\u00e8re de la vie. Les changements et l&rsquo;instabilit\u00e9, tout ce qui peut \u00eatre balay\u00e9, emport\u00e9, oubli\u00e9 du jour au lendemain, effac\u00e9 en un seul instant, du fait m\u00eame que les courants d&rsquo;air changent souvent de direction et que parfois , ils sont d&rsquo;une telle puissance, que rien ni personne ne peut les arr\u00eater. Il faut aussi prendre en consid\u00e9ration que, symboliquement bien s\u00fbr, le vent est le v\u00e9hicule d&rsquo;\u00e9v\u00e9nements et de circonstances \u00e0 venir, qui existent d\u00e9j\u00e0 quelque part, du moins potentiellement et qu&rsquo;il va amener jusqu&rsquo;\u00e0 nous. D\u00e8s lors, le vent peut \u00eatre per\u00e7u comme l&rsquo;instrument du destin ou du divin, selon le cas, c&rsquo;est-\u00e0-dire d&rsquo;une esp\u00e8ce de justice immanente dont il est alors le souffle, l&rsquo;\u00e9manation, la manifestation, l&rsquo;\u00e9l\u00e9ment magique.<\/p>\n\n\n\n<h4 class=\"wp-block-heading\"><span style=\"color:#d7760e\" class=\"has-inline-color\">Signification <\/span><\/h4>\n\n\n\n<p>Si votre pion ce place sur cette case qui est en parfaite concordance avec les indications  fournies par la troisi\u00e8me Oie, c&rsquo;est pour attirer votre attention sur la vie et les choses \u00e9ph\u00e9m\u00e8res de ce monde et que rien ne dure, tout passe, tout change et se transforme \u00e0 tout instant. De ce fait il vaut mieux \u00e9viter d&rsquo;accorder trop d&rsquo;importance \u00e0 ce que l&rsquo;on fait, de s&rsquo;attacher, de se fixer et poss\u00e9der le moins possible. Ainsi, tout est cyclique et qu&rsquo;il faut savoir appr\u00e9cier les bons moments que la vie vous apporte et que dans les moments difficiles vous savez aussi que le beau temps reviendra. <\/p>\n\n\n\n<p class=\"has-small-font-size\"><span style=\"color:#d7760e\" class=\"has-inline-color\">Image par :<\/span> <a href=\"https:\/\/pixabay.com\/fr\/users\/0fjd125gk87-51581\/\" target=\"_blank\" rel=\"noreferrer noopener\">0fjd125gk87<\/a>  <span style=\"color:#d7760e\" class=\"has-inline-color\">de<\/span> <a href=\"https:\/\/pixabay.com\/fr\/\" target=\"_blank\" rel=\"noopener\">Pixabay<\/a><\/p>\n\n\n\n<p class=\"has-small-font-size\"><span style=\"color:#d7760e\" class=\"has-inline-color\">Source :<\/span> <a href=\"https:\/\/www.hachette-collections.com\/fr-fr\/?gclid=CjwKCAjw8J32BRBCEiwApQEKgdiFVIkH2wypRsYiCjhK4KTn5ifV_DR1FX_lAZt9mKdtG8ksfXzYzxoCfegQAvD_BwE\" target=\"_blank\" rel=\"noreferrer noopener\">les arts divina<em>toires \u2013 Hachette Collection<\/em><\/a><\/p>\n\n\n\n<p><\/p>\n","protected":false},"excerpt":{"rendered":"<p>Le vent Si le plus souvent il symbolise l&rsquo;inconstance, l&rsquo;aspect \u00e9ph\u00e9m\u00e8re de la vie. Les changements et l&rsquo;instabilit\u00e9, tout ce qui peut \u00eatre balay\u00e9, emport\u00e9, oubli\u00e9 du jour au lendemain, effac\u00e9 en un seul instant, du fait m\u00eame que les courants d&rsquo;air changent souvent de direction et que parfois , ils sont d&rsquo;une telle puissance, [&hellip;]<\/p>\n","protected":false},"author":1,"featured_media":0,"parent":480,"menu_order":32,"comment_status":"closed","ping_status":"closed","template":"","meta":{"_eb_attr":"","footnotes":""},"class_list":["post-4231","page","type-page","status-publish","hentry"],"_links":{"self":[{"href":"https:\/\/lerevedelouise.fr\/index.php\/wp-json\/wp\/v2\/pages\/4231","targetHints":{"allow":["GET"]}}],"collection":[{"href":"https:\/\/lerevedelouise.fr\/index.php\/wp-json\/wp\/v2\/pages"}],"about":[{"href":"https:\/\/lerevedelouise.fr\/index.php\/wp-json\/wp\/v2\/types\/page"}],"author":[{"embeddable":true,"href":"https:\/\/lerevedelouise.fr\/index.php\/wp-json\/wp\/v2\/users\/1"}],"replies":[{"embeddable":true,"href":"https:\/\/lerevedelouise.fr\/index.php\/wp-json\/wp\/v2\/comments?post=4231"}],"version-history":[{"count":7,"href":"https:\/\/lerevedelouise.fr\/index.php\/wp-json\/wp\/v2\/pages\/4231\/revisions"}],"predecessor-version":[{"id":4295,"href":"https:\/\/lerevedelouise.fr\/index.php\/wp-json\/wp\/v2\/pages\/4231\/revisions\/4295"}],"up":[{"embeddable":true,"href":"https:\/\/lerevedelouise.fr\/index.php\/wp-json\/wp\/v2\/pages\/480"}],"wp:attachment":[{"href":"https:\/\/lerevedelouise.fr\/index.php\/wp-json\/wp\/v2\/media?parent=4231"}],"curies":[{"name":"wp","href":"https:\/\/api.w.org\/{rel}","templated":true}]}}