{"id":4312,"date":"2022-02-25T14:13:10","date_gmt":"2022-02-25T13:13:10","guid":{"rendered":"https:\/\/lerevedelouise.fr\/?page_id=4312"},"modified":"2024-02-05T16:19:17","modified_gmt":"2024-02-05T15:19:17","slug":"case-33","status":"publish","type":"page","link":"https:\/\/lerevedelouise.fr\/index.php\/case-0\/case-33\/","title":{"rendered":"Case 33"},"content":{"rendered":"<span class=\"span-reading-time rt-reading-time\" style=\"display: block;\"><span class=\"rt-label rt-prefix\">Temps de lecture\u00a0: <\/span> <span class=\"rt-time\"> 1<\/span> <span class=\"rt-label rt-postfix\">minute<\/span><\/span>\n<div class=\"wp-block-image\"><figure class=\"aligncenter size-medium\"><a href=\"https:\/\/lerevedelouise.fr\/wp-content\/uploads\/2022\/02\/licorne.png\"><img loading=\"lazy\" decoding=\"async\" width=\"300\" height=\"289\" src=\"https:\/\/lerevedelouise.fr\/wp-content\/uploads\/2022\/02\/licorne-300x289.png\" alt=\"\" class=\"wp-image-4313\" srcset=\"https:\/\/lerevedelouise.fr\/wp-content\/uploads\/2022\/02\/licorne-300x289.png 300w, https:\/\/lerevedelouise.fr\/wp-content\/uploads\/2022\/02\/licorne-600x578.png 600w, https:\/\/lerevedelouise.fr\/wp-content\/uploads\/2022\/02\/licorne-1024x987.png 1024w, https:\/\/lerevedelouise.fr\/wp-content\/uploads\/2022\/02\/licorne-768x740.png 768w, https:\/\/lerevedelouise.fr\/wp-content\/uploads\/2022\/02\/licorne.png 1280w\" sizes=\"auto, (max-width: 300px) 100vw, 300px\" \/><\/a><\/figure><\/div>\n\n\n\n<h4 class=\"wp-block-heading\"><span style=\"color:#d7760e\" class=\"has-inline-color\">La Licorne<\/span><\/h4>\n\n\n\n<p>C&rsquo;est un symbole de puret\u00e9, mais aussi de puissance virile. En effet, la licorne est un animal fantasmagorique et l\u00e9gendaire. Elle n&rsquo;existe donc que dans l&rsquo;imagination des hommes, des po\u00e8tes et des symbolistes qui ont repr\u00e9sent\u00e9 en elle les pulsions et d\u00e9sirs masculins sublim\u00e9s et parfois m\u00eame divinis\u00e9s. C&rsquo;est ainsi qu&rsquo;\u00e0 l&rsquo;\u00e9poque m\u00e9di\u00e9vale, la Vierge des chr\u00e9tiens fut tr\u00e8s souvent repr\u00e9sent\u00e9e en compagnie d&rsquo;une licorne. Elle figurait  alors l&rsquo;esprit pur et universel, qui est en toute chose et partout le soufre des alchimistes qui selon eux est le grand principe masculin, l&rsquo;expression ou la manifestation de la volont\u00e9 divine qu&rsquo;est la r\u00e9v\u00e9lation spirituelle et mystique.<\/p>\n\n\n\n<h4 class=\"wp-block-heading\"><span style=\"color:#d7760e\" class=\"has-inline-color\">Signification<\/span><\/h4>\n\n\n\n<p>Lorsque votre pion se place sur cette case c&rsquo;est une v\u00e9ritable prise de conscience, vous \u00eates en train ou sur le point de comprendre quelque chose de tr\u00e8s important sur vous-m\u00eame ou dans votre vie. Mais il est aussi possible qu&rsquo;une r\u00e9v\u00e9lation vous soit faite, sur vous-m\u00eame encore une fois, \u00e0 propos d&rsquo;une situation ou d&rsquo;un probl\u00e8me et qu&rsquo;elle vous apporte une solution, une r\u00e9solution ou un soulagement. Car cette r\u00e9v\u00e9lation a toujours un caract\u00e8re b\u00e9n\u00e9fique et salvateur.<\/p>\n\n\n\n<p><span style=\"color:#d7760e\" class=\"has-inline-color\">Image par :<\/span> <a href=\"https:\/\/pixabay.com\/fr\/users\/ractapopulous-24766\/\" target=\"_blank\" rel=\"noreferrer noopener\">ractapopulous<\/a>  <span style=\"color:#d7760e\" class=\"has-inline-color\">de<\/span> <a href=\"https:\/\/pixabay.com\/fr\/\" target=\"_blank\" rel=\"noopener\">Pixabay<\/a><\/p>\n\n\n\n<p><span style=\"color:#d7760e\" class=\"has-inline-color\">Source :<\/span> <a href=\"https:\/\/www.hachette-collections.com\/fr-fr\/?gclid=CjwKCAjw8J32BRBCEiwApQEKgdiFVIkH2wypRsYiCjhK4KTn5ifV_DR1FX_lAZt9mKdtG8ksfXzYzxoCfegQAvD_BwE\" target=\"_blank\" rel=\"noreferrer noopener\">les arts divina<em>toires \u2013 Hachette Collection<\/em><\/a><\/p>\n\n\n\n<p><\/p>\n","protected":false},"excerpt":{"rendered":"<p>La Licorne C&rsquo;est un symbole de puret\u00e9, mais aussi de puissance virile. En effet, la licorne est un animal fantasmagorique et l\u00e9gendaire. Elle n&rsquo;existe donc que dans l&rsquo;imagination des hommes, des po\u00e8tes et des symbolistes qui ont repr\u00e9sent\u00e9 en elle les pulsions et d\u00e9sirs masculins sublim\u00e9s et parfois m\u00eame divinis\u00e9s. C&rsquo;est ainsi qu&rsquo;\u00e0 l&rsquo;\u00e9poque m\u00e9di\u00e9vale, [&hellip;]<\/p>\n","protected":false},"author":1,"featured_media":0,"parent":480,"menu_order":33,"comment_status":"closed","ping_status":"closed","template":"","meta":{"_eb_attr":"","footnotes":""},"class_list":["post-4312","page","type-page","status-publish","hentry"],"_links":{"self":[{"href":"https:\/\/lerevedelouise.fr\/index.php\/wp-json\/wp\/v2\/pages\/4312","targetHints":{"allow":["GET"]}}],"collection":[{"href":"https:\/\/lerevedelouise.fr\/index.php\/wp-json\/wp\/v2\/pages"}],"about":[{"href":"https:\/\/lerevedelouise.fr\/index.php\/wp-json\/wp\/v2\/types\/page"}],"author":[{"embeddable":true,"href":"https:\/\/lerevedelouise.fr\/index.php\/wp-json\/wp\/v2\/users\/1"}],"replies":[{"embeddable":true,"href":"https:\/\/lerevedelouise.fr\/index.php\/wp-json\/wp\/v2\/comments?post=4312"}],"version-history":[{"count":8,"href":"https:\/\/lerevedelouise.fr\/index.php\/wp-json\/wp\/v2\/pages\/4312\/revisions"}],"predecessor-version":[{"id":4325,"href":"https:\/\/lerevedelouise.fr\/index.php\/wp-json\/wp\/v2\/pages\/4312\/revisions\/4325"}],"up":[{"embeddable":true,"href":"https:\/\/lerevedelouise.fr\/index.php\/wp-json\/wp\/v2\/pages\/480"}],"wp:attachment":[{"href":"https:\/\/lerevedelouise.fr\/index.php\/wp-json\/wp\/v2\/media?parent=4312"}],"curies":[{"name":"wp","href":"https:\/\/api.w.org\/{rel}","templated":true}]}}