{"id":4341,"date":"2022-02-26T15:06:21","date_gmt":"2022-02-26T14:06:21","guid":{"rendered":"https:\/\/lerevedelouise.fr\/?page_id=4341"},"modified":"2024-02-05T16:19:27","modified_gmt":"2024-02-05T15:19:27","slug":"case-34","status":"publish","type":"page","link":"https:\/\/lerevedelouise.fr\/index.php\/case-0\/case-34\/","title":{"rendered":"Case 34"},"content":{"rendered":"<span class=\"span-reading-time rt-reading-time\" style=\"display: block;\"><span class=\"rt-label rt-prefix\">Temps de lecture\u00a0: <\/span> <span class=\"rt-time\"> 2<\/span> <span class=\"rt-label rt-postfix\">minutes<\/span><\/span>\n<div class=\"wp-block-image\"><figure class=\"aligncenter size-medium\"><a href=\"https:\/\/lerevedelouise.fr\/wp-content\/uploads\/2022\/02\/fontaine.jpg\"><img loading=\"lazy\" decoding=\"async\" width=\"300\" height=\"200\" src=\"https:\/\/lerevedelouise.fr\/wp-content\/uploads\/2022\/02\/fontaine-300x200.jpg\" alt=\"\" class=\"wp-image-4342\" srcset=\"https:\/\/lerevedelouise.fr\/wp-content\/uploads\/2022\/02\/fontaine-300x200.jpg 300w, https:\/\/lerevedelouise.fr\/wp-content\/uploads\/2022\/02\/fontaine-600x400.jpg 600w, https:\/\/lerevedelouise.fr\/wp-content\/uploads\/2022\/02\/fontaine-1024x682.jpg 1024w, https:\/\/lerevedelouise.fr\/wp-content\/uploads\/2022\/02\/fontaine-768x512.jpg 768w, https:\/\/lerevedelouise.fr\/wp-content\/uploads\/2022\/02\/fontaine-272x182.jpg 272w, https:\/\/lerevedelouise.fr\/wp-content\/uploads\/2022\/02\/fontaine.jpg 1280w\" sizes=\"auto, (max-width: 300px) 100vw, 300px\" \/><\/a><\/figure><\/div>\n\n\n\n<h4 class=\"wp-block-heading\"><span style=\"color:#d7760e\" class=\"has-inline-color\">La fontaine<\/span><\/h4>\n\n\n\n<p>Elle pr\u00e9sente de nombreuses analogies symboliques avec le puits. Toutefois, son interpr\u00e9tation diff\u00e8re de celle du puits, en cela que la fontaine n&rsquo;implique aucun effort personnel pour se rafra\u00eechir ou \u00e9tancher sa soif. A l&rsquo;instar de la source, elle coule en permanence, tandis qu&rsquo;il faut actionner une roue ou une poulie pour remonter l&rsquo;eau d&rsquo;un puits. C&rsquo;est ainsi, que symboliquement toujours, la fontaine figure l&rsquo;eau de vie ou de jouvence, de l&rsquo;\u00e9ternelle jeunesse, du renouvellement, de la connaissance, de l&rsquo;enseignement et de l&rsquo;immortalit\u00e9, que chacun d&rsquo;entre nous peut boire \u00e0 tout instant.<\/p>\n\n\n\n<h4 class=\"wp-block-heading\"> <span style=\"color:#d7760e\" class=\"has-inline-color\">Signification<\/span><\/h4>\n\n\n\n<p>En simplifiant, on peut dire que lorsque votre pion se pose sur cette case, c&rsquo;est s\u00fbrement que vous avez grand besoin de vous rafra\u00eechir les id\u00e9es. En effet, si vous \u00eates sous tension et m\u00eame si vous avez de tr\u00e8s bonnes raisons de l&rsquo;\u00eatre, vos id\u00e9es fixes y sont aussi et sans doute m\u00eame surtout pour beaucoup. Il faut donc vous d\u00e9tendre, retrouver en vous un peu de cette spontan\u00e9it\u00e9, de cette l\u00e9g\u00e8ret\u00e9, de cette fra\u00eecheur, qui vous aidera \u00e0 vous d\u00e9tendre et aborder vos probl\u00e8mes ou vos soucis avec juste ce qu&rsquo;il faut de d\u00e9tachement ou de distance. D\u00e8s lors, il vous sera beaucoup plus ais\u00e9 de les r\u00e9soudre.<\/p>\n\n\n\n<p class=\"has-small-font-size\"><span style=\"color:#d7760e\" class=\"has-inline-color\">Image par :<\/span> <a href=\"https:\/\/pixabay.com\/fr\/users\/black17bg-10107562\/\" target=\"_blank\" rel=\"noreferrer noopener\" title=\"BLACK17BG\">BLACK17BG<\/a> <span style=\"color:#d7760e\" class=\"has-inline-color\">de<\/span> <a href=\"https:\/\/pixabay.com\/fr\/\" target=\"_blank\" rel=\"noopener\">Pixabay<\/a><\/p>\n\n\n\n<p class=\"has-small-font-size\"><span style=\"color:#d7760e\" class=\"has-inline-color\">Source :<\/span> <a href=\"https:\/\/www.hachette-collections.com\/fr-fr\/?gclid=CjwKCAjw8J32BRBCEiwApQEKgdiFVIkH2wypRsYiCjhK4KTn5ifV_DR1FX_lAZt9mKdtG8ksfXzYzxoCfegQAvD_BwE\" target=\"_blank\" rel=\"noreferrer noopener\">les arts divina<em>toires \u2013 Hachette Collection<\/em><\/a><\/p>\n","protected":false},"excerpt":{"rendered":"<p>La fontaine Elle pr\u00e9sente de nombreuses analogies symboliques avec le puits. Toutefois, son interpr\u00e9tation diff\u00e8re de celle du puits, en cela que la fontaine n&rsquo;implique aucun effort personnel pour se rafra\u00eechir ou \u00e9tancher sa soif. A l&rsquo;instar de la source, elle coule en permanence, tandis qu&rsquo;il faut actionner une roue ou une poulie pour remonter [&hellip;]<\/p>\n","protected":false},"author":1,"featured_media":0,"parent":480,"menu_order":34,"comment_status":"closed","ping_status":"closed","template":"","meta":{"_eb_attr":"","footnotes":""},"class_list":["post-4341","page","type-page","status-publish","hentry"],"_links":{"self":[{"href":"https:\/\/lerevedelouise.fr\/index.php\/wp-json\/wp\/v2\/pages\/4341","targetHints":{"allow":["GET"]}}],"collection":[{"href":"https:\/\/lerevedelouise.fr\/index.php\/wp-json\/wp\/v2\/pages"}],"about":[{"href":"https:\/\/lerevedelouise.fr\/index.php\/wp-json\/wp\/v2\/types\/page"}],"author":[{"embeddable":true,"href":"https:\/\/lerevedelouise.fr\/index.php\/wp-json\/wp\/v2\/users\/1"}],"replies":[{"embeddable":true,"href":"https:\/\/lerevedelouise.fr\/index.php\/wp-json\/wp\/v2\/comments?post=4341"}],"version-history":[{"count":2,"href":"https:\/\/lerevedelouise.fr\/index.php\/wp-json\/wp\/v2\/pages\/4341\/revisions"}],"predecessor-version":[{"id":4345,"href":"https:\/\/lerevedelouise.fr\/index.php\/wp-json\/wp\/v2\/pages\/4341\/revisions\/4345"}],"up":[{"embeddable":true,"href":"https:\/\/lerevedelouise.fr\/index.php\/wp-json\/wp\/v2\/pages\/480"}],"wp:attachment":[{"href":"https:\/\/lerevedelouise.fr\/index.php\/wp-json\/wp\/v2\/media?parent=4341"}],"curies":[{"name":"wp","href":"https:\/\/api.w.org\/{rel}","templated":true}]}}