{"id":4405,"date":"2022-03-01T15:36:33","date_gmt":"2022-03-01T14:36:33","guid":{"rendered":"https:\/\/lerevedelouise.fr\/?page_id=4405"},"modified":"2024-02-05T16:19:37","modified_gmt":"2024-02-05T15:19:37","slug":"case-35","status":"publish","type":"page","link":"https:\/\/lerevedelouise.fr\/index.php\/case-0\/case-35\/","title":{"rendered":"Case 35"},"content":{"rendered":"<span class=\"span-reading-time rt-reading-time\" style=\"display: block;\"><span class=\"rt-label rt-prefix\">Temps de lecture\u00a0: <\/span> <span class=\"rt-time\"> 2<\/span> <span class=\"rt-label rt-postfix\">minutes<\/span><\/span>\n<div class=\"wp-block-image\"><figure class=\"aligncenter size-medium\"><a href=\"https:\/\/lerevedelouise.fr\/wp-content\/uploads\/2022\/03\/prince.jpg\"><img loading=\"lazy\" decoding=\"async\" width=\"300\" height=\"199\" src=\"https:\/\/lerevedelouise.fr\/wp-content\/uploads\/2022\/03\/prince-300x199.jpg\" alt=\"\" class=\"wp-image-4406\" srcset=\"https:\/\/lerevedelouise.fr\/wp-content\/uploads\/2022\/03\/prince-300x199.jpg 300w, https:\/\/lerevedelouise.fr\/wp-content\/uploads\/2022\/03\/prince-600x397.jpg 600w, https:\/\/lerevedelouise.fr\/wp-content\/uploads\/2022\/03\/prince-1024x678.jpg 1024w, https:\/\/lerevedelouise.fr\/wp-content\/uploads\/2022\/03\/prince-768x508.jpg 768w, https:\/\/lerevedelouise.fr\/wp-content\/uploads\/2022\/03\/prince.jpg 1280w\" sizes=\"auto, (max-width: 300px) 100vw, 300px\" \/><\/a><\/figure><\/div>\n\n\n\n<h4 class=\"wp-block-heading\"><span style=\"color:#d7760e\" class=\"has-inline-color\">Le prince<\/span><\/h4>\n\n\n\n<p>Il est la repr\u00e9sentation symbolique de la promesse des temps futurs. Car bien s\u00fbr, le prince est un futur roi, un roi en formation en quelque sorte. Il sera roi un jour. Mais, pour le moment, il doit faire ses armes, \u00eatre instruit et \u00e9duqu\u00e9 pour \u00eatre digne de la responsabilit\u00e9 qu&rsquo;il devra assumer, du r\u00f4le de premier plan qu&rsquo;il devra tenir. D&rsquo;une certaine mani\u00e8re, il est donc la figure symbolique de l&rsquo;adolescence sublim\u00e9e ou id\u00e9alis\u00e9e, dont on sait qu&rsquo;elle correspond \u00e0 une p\u00e9riode de transition entre l&rsquo;enfance et l&rsquo;\u00e2ge adulte, pour l&rsquo;\u00eatre humain. Il faut donc voir dans ce prince tout ce qu&rsquo;un \u00eatre porte en lui de qualit\u00e9s, de vertus, de dons, de talents potentiels.<\/p>\n\n\n\n<h4 class=\"wp-block-heading\"><span style=\"color:#d7760e\" class=\"has-inline-color\">Signification<\/span><\/h4>\n\n\n\n<p>Lorsque votre pion se pose sur cette case, elle vous r\u00e9v\u00e8le que vous n&rsquo;avez pas encore accompli vos v\u0153ux, vos d\u00e9sirs, vos ambitions. Mais peut \u00eatre tout simplement parce que vous n&rsquo;\u00eates pas encore m\u00fbr pour ce faire et que le temps ne sont pas m\u00fbrs non plus pour que vous puissiez les satisfaire. Vous devez donc consid\u00e9rer que vous avez encore du chemin \u00e0 parcourir, que vous \u00eates en formation, que votre route sera sans doute jalonn\u00e9e de pi\u00e8ges, qu&rsquo;il vous reste beaucoup \u00e0 apprendre. Toutefois, n&rsquo;oubliez pas que le prince est une promesse. Cette case vous r\u00e9v\u00e8le donc \u00e9galement que vous finirez par atteindre votre but ou que vous parviendrez \u00e0 vos fins. Mais sachez vous montrer patient et pers\u00e9v\u00e9rant. Ce que vous voulez, vous l&rsquo;aurez. A condition d&rsquo;en \u00eatre digne, bien s\u00fbr.<\/p>\n\n\n\n<p><span style=\"color:#d7760e\" class=\"has-inline-color\">Image par :<\/span> <a href=\"https:\/\/pixabay.com\/fr\/users\/pdpics-44804\/\" target=\"_blank\" rel=\"noreferrer noopener\" title=\"PDPics\">PDPics<\/a> <span style=\"color:#d7760e\" class=\"has-inline-color\">de<\/span> <a href=\"https:\/\/pixabay.com\/fr\/\" target=\"_blank\" rel=\"noopener\">Pixabay<\/a><\/p>\n\n\n\n<p><span style=\"color:#d7760e\" class=\"has-inline-color\">Source :<\/span> <a href=\"https:\/\/www.hachette-collections.com\/fr-fr\/?gclid=CjwKCAjw8J32BRBCEiwApQEKgdiFVIkH2wypRsYiCjhK4KTn5ifV_DR1FX_lAZt9mKdtG8ksfXzYzxoCfegQAvD_BwE\" target=\"_blank\" rel=\"noreferrer noopener\">les arts divina<em>toires \u2013 Hachette Collection<\/em><\/a><\/p>\n","protected":false},"excerpt":{"rendered":"<p>Le prince Il est la repr\u00e9sentation symbolique de la promesse des temps futurs. Car bien s\u00fbr, le prince est un futur roi, un roi en formation en quelque sorte. Il sera roi un jour. Mais, pour le moment, il doit faire ses armes, \u00eatre instruit et \u00e9duqu\u00e9 pour \u00eatre digne de la responsabilit\u00e9 qu&rsquo;il devra [&hellip;]<\/p>\n","protected":false},"author":1,"featured_media":0,"parent":480,"menu_order":35,"comment_status":"closed","ping_status":"closed","template":"","meta":{"_eb_attr":"","footnotes":""},"class_list":["post-4405","page","type-page","status-publish","hentry"],"_links":{"self":[{"href":"https:\/\/lerevedelouise.fr\/index.php\/wp-json\/wp\/v2\/pages\/4405","targetHints":{"allow":["GET"]}}],"collection":[{"href":"https:\/\/lerevedelouise.fr\/index.php\/wp-json\/wp\/v2\/pages"}],"about":[{"href":"https:\/\/lerevedelouise.fr\/index.php\/wp-json\/wp\/v2\/types\/page"}],"author":[{"embeddable":true,"href":"https:\/\/lerevedelouise.fr\/index.php\/wp-json\/wp\/v2\/users\/1"}],"replies":[{"embeddable":true,"href":"https:\/\/lerevedelouise.fr\/index.php\/wp-json\/wp\/v2\/comments?post=4405"}],"version-history":[{"count":2,"href":"https:\/\/lerevedelouise.fr\/index.php\/wp-json\/wp\/v2\/pages\/4405\/revisions"}],"predecessor-version":[{"id":4411,"href":"https:\/\/lerevedelouise.fr\/index.php\/wp-json\/wp\/v2\/pages\/4405\/revisions\/4411"}],"up":[{"embeddable":true,"href":"https:\/\/lerevedelouise.fr\/index.php\/wp-json\/wp\/v2\/pages\/480"}],"wp:attachment":[{"href":"https:\/\/lerevedelouise.fr\/index.php\/wp-json\/wp\/v2\/media?parent=4405"}],"curies":[{"name":"wp","href":"https:\/\/api.w.org\/{rel}","templated":true}]}}