{"id":4464,"date":"2022-03-03T19:45:42","date_gmt":"2022-03-03T18:45:42","guid":{"rendered":"https:\/\/lerevedelouise.fr\/?page_id=4464"},"modified":"2024-02-05T16:16:05","modified_gmt":"2024-02-05T15:16:05","slug":"cycle-5-de-parcours-et-dinterpretation","status":"publish","type":"page","link":"https:\/\/lerevedelouise.fr\/index.php\/cycle-1-de-parcours-et-dinterpretation\/cycle-5-de-parcours-et-dinterpretation\/","title":{"rendered":"Cycle 5 de parcours et d&rsquo;interpr\u00e9tation"},"content":{"rendered":"<span class=\"span-reading-time rt-reading-time\" style=\"display: block;\"><span class=\"rt-label rt-prefix\">Temps de lecture\u00a0: <\/span> <span class=\"rt-time\"> 3<\/span> <span class=\"rt-label rt-postfix\">minutes<\/span><\/span>\n<p class=\"has-text-align-right has-text-color\" style=\"color:#395a6e;font-size:15px\"><a href=\"https:\/\/lerevedelouise.fr\/index.php\/cycle-1-de-parcours-et-dinterpretation\/cycle-6-de-parcours-et-dinterpretation\/\">Parcours et cycle 6 d&rsquo;interpr\u00e9tation<\/a><\/p>\n\n\n\n<div class=\"wp-block-columns is-layout-flex wp-container-core-columns-is-layout-9d6595d7 wp-block-columns-is-layout-flex\">\n<div class=\"wp-block-column is-layout-flow wp-block-column-is-layout-flow\">\n<h6 class=\"wp-block-heading\"><mark style=\"background-color:rgba(0, 0, 0, 0);color:#d7760e\" class=\"has-inline-color\">Case 37<\/mark><\/h6>\n\n\n\n<div class=\"wp-block-image\"><figure class=\"aligncenter size-thumbnail\"><img loading=\"lazy\" decoding=\"async\" width=\"150\" height=\"150\" src=\"https:\/\/lerevedelouise.fr\/wp-content\/uploads\/2022\/03\/souche-150x150.jpg\" alt=\"jeu de l'oie\" class=\"wp-image-4494\" srcset=\"https:\/\/lerevedelouise.fr\/wp-content\/uploads\/2022\/03\/souche-150x150.jpg 150w, https:\/\/lerevedelouise.fr\/wp-content\/uploads\/2022\/03\/souche-100x100.jpg 100w, https:\/\/lerevedelouise.fr\/wp-content\/uploads\/2022\/03\/souche-80x80.jpg 80w\" sizes=\"auto, (max-width: 150px) 100vw, 150px\" \/><\/figure><\/div>\n\n\n\n<h6 class=\"wp-block-heading\"><mark style=\"background-color:rgba(0, 0, 0, 0);color:#d7760e\" class=\"has-inline-color\">La souche<\/mark><\/h6>\n\n\n\n<p>La souche On peut comprendre la souche sous trois angles distincts. D&rsquo;abord, ce terme peut s&#8217;employer pour d\u00e9signer quelque chose ou quelqu&rsquo;un\u2026 <a href=\"https:\/\/lerevedelouise.fr\/index.php\/case-0\/case-37\/\">Lire la suite<\/a><\/p>\n<\/div>\n\n\n\n<div class=\"wp-block-column is-layout-flow wp-block-column-is-layout-flow\">\n<h6 class=\"wp-block-heading\"><mark style=\"background-color:rgba(0, 0, 0, 0);color:#d7760e\" class=\"has-inline-color\">Case 38<\/mark><\/h6>\n\n\n\n<div class=\"wp-block-image\"><figure class=\"aligncenter size-thumbnail\"><img loading=\"lazy\" decoding=\"async\" width=\"150\" height=\"150\" src=\"https:\/\/lerevedelouise.fr\/wp-content\/uploads\/2022\/03\/le-fil-150x150.jpg\" alt=\"jeu de l'oie\" class=\"wp-image-4591\" srcset=\"https:\/\/lerevedelouise.fr\/wp-content\/uploads\/2022\/03\/le-fil-150x150.jpg 150w, https:\/\/lerevedelouise.fr\/wp-content\/uploads\/2022\/03\/le-fil-100x100.jpg 100w, https:\/\/lerevedelouise.fr\/wp-content\/uploads\/2022\/03\/le-fil-80x80.jpg 80w\" sizes=\"auto, (max-width: 150px) 100vw, 150px\" \/><\/figure><\/div>\n\n\n\n<h6 class=\"wp-block-heading\"><mark style=\"background-color:rgba(0, 0, 0, 0);color:#d7760e\" class=\"has-inline-color\">Le fil<\/mark><\/h6>\n\n\n\n<p>Le fil lie ou relie. Il est un lien, un guide ou un trait d\u2019union. Il attache, il montre la voie ou il rassemble. A l\u2019instar de la souche, dont nous venons de&#8230; <a href=\"https:\/\/lerevedelouise.fr\/index.php\/case-0\/case-38\/\">Lire la suite<\/a><\/p>\n<\/div>\n\n\n\n<div class=\"wp-block-column is-layout-flow wp-block-column-is-layout-flow\">\n<h6 class=\"wp-block-heading\"><mark style=\"background-color:rgba(0, 0, 0, 0);color:#d7760e\" class=\"has-inline-color\">Case 39<\/mark><\/h6>\n\n\n\n<div class=\"wp-block-image\"><figure class=\"aligncenter size-thumbnail\"><img loading=\"lazy\" decoding=\"async\" width=\"150\" height=\"150\" src=\"https:\/\/lerevedelouise.fr\/wp-content\/uploads\/2022\/03\/table-ronde-150x150.jpg\" alt=\"jeu de l'oie\" class=\"wp-image-4631\" srcset=\"https:\/\/lerevedelouise.fr\/wp-content\/uploads\/2022\/03\/table-ronde-150x150.jpg 150w, https:\/\/lerevedelouise.fr\/wp-content\/uploads\/2022\/03\/table-ronde-100x100.jpg 100w, https:\/\/lerevedelouise.fr\/wp-content\/uploads\/2022\/03\/table-ronde-80x80.jpg 80w\" sizes=\"auto, (max-width: 150px) 100vw, 150px\" \/><\/figure><\/div>\n\n\n\n<h6 class=\"wp-block-heading\"><mark style=\"background-color:rgba(0, 0, 0, 0);color:#d7760e\" class=\"has-inline-color\">La table ronde<\/mark><\/h6>\n\n\n\n<p>C&rsquo;est la table de l&rsquo;union qui fait la force, la table de la paix et de l&rsquo;harmonie. Comme on le sait, dans la l\u00e9gende Arthur, c&rsquo;est autour de de cette table mythique&#8230; <a href=\"https:\/\/lerevedelouise.fr\/index.php\/case-0\/case-39\/\">Lire la suite <\/a><\/p>\n<\/div>\n<\/div>\n\n\n\n<div class=\"wp-block-columns is-layout-flex wp-container-core-columns-is-layout-9d6595d7 wp-block-columns-is-layout-flex\">\n<div class=\"wp-block-column is-layout-flow wp-block-column-is-layout-flow\">\n<h6 class=\"wp-block-heading\"><mark style=\"background-color:rgba(0, 0, 0, 0);color:#d7760e\" class=\"has-inline-color\">Case 40<\/mark><\/h6>\n\n\n\n<div class=\"wp-block-image\"><figure class=\"aligncenter size-thumbnail\"><img loading=\"lazy\" decoding=\"async\" width=\"150\" height=\"150\" src=\"https:\/\/lerevedelouise.fr\/wp-content\/uploads\/2022\/03\/le-centre-1-150x150.jpg\" alt=\"jeu de l'oie\" class=\"wp-image-4687\" srcset=\"https:\/\/lerevedelouise.fr\/wp-content\/uploads\/2022\/03\/le-centre-1-150x150.jpg 150w, https:\/\/lerevedelouise.fr\/wp-content\/uploads\/2022\/03\/le-centre-1-100x100.jpg 100w, https:\/\/lerevedelouise.fr\/wp-content\/uploads\/2022\/03\/le-centre-1-80x80.jpg 80w\" sizes=\"auto, (max-width: 150px) 100vw, 150px\" \/><\/figure><\/div>\n\n\n\n<h6 class=\"wp-block-heading\"><mark style=\"background-color:rgba(0, 0, 0, 0);color:#d7760e\" class=\"has-inline-color\">Le centre<\/mark><\/h6>\n\n\n\n<p>Le centre est toujours un point de convergence vers lequel se dirigent ou autour duquel se rassemblent tous les \u00e9l\u00e9ments. En sp\u00e9culant, on peut dire que chacun&#8230; <a href=\"https:\/\/lerevedelouise.fr\/index.php\/case-0\/case-40\/\">Lire la suite<\/a><\/p>\n<\/div>\n\n\n\n<div class=\"wp-block-column is-layout-flow wp-block-column-is-layout-flow\">\n<h6 class=\"wp-block-heading\"><mark style=\"background-color:rgba(0, 0, 0, 0);color:#d7760e\" class=\"has-inline-color\">Case 41<\/mark><\/h6>\n\n\n\n<div class=\"wp-block-image\"><figure class=\"aligncenter size-thumbnail\"><img loading=\"lazy\" decoding=\"async\" width=\"150\" height=\"150\" src=\"https:\/\/lerevedelouise.fr\/wp-content\/uploads\/2022\/03\/cristal-1-150x150.jpg\" alt=\"jeu de l'oie\" class=\"wp-image-4826\" srcset=\"https:\/\/lerevedelouise.fr\/wp-content\/uploads\/2022\/03\/cristal-1-150x150.jpg 150w, https:\/\/lerevedelouise.fr\/wp-content\/uploads\/2022\/03\/cristal-1-100x100.jpg 100w, https:\/\/lerevedelouise.fr\/wp-content\/uploads\/2022\/03\/cristal-1-80x80.jpg 80w\" sizes=\"auto, (max-width: 150px) 100vw, 150px\" \/><\/figure><\/div>\n\n\n\n<h6 class=\"wp-block-heading\"><mark style=\"background-color:rgba(0, 0, 0, 0);color:#d7760e\" class=\"has-inline-color\">Le cristal<\/mark><\/h6>\n\n\n\n<p>La \u00ab\u00a0pierre de lumi\u00e8re\u00a0\u00bb appellation donn\u00e9e au cristal de roche par les chamans, ne poss\u00e8de en soi aucune propri\u00e9t\u00e9 particuli\u00e8re. Cependant, sa forme, sa&#8230;<a href=\"https:\/\/lerevedelouise.fr\/index.php\/case-0\/case-41\/\"> Lire la suite <\/a><\/p>\n<\/div>\n\n\n\n<div class=\"wp-block-column is-layout-flow wp-block-column-is-layout-flow\">\n<h6 class=\"wp-block-heading\"><mark style=\"background-color:rgba(0, 0, 0, 0);color:#d7760e\" class=\"has-inline-color\">Case 42<\/mark><\/h6>\n\n\n\n<div class=\"wp-block-image\"><figure class=\"aligncenter size-thumbnail\"><img loading=\"lazy\" decoding=\"async\" width=\"150\" height=\"150\" src=\"https:\/\/lerevedelouise.fr\/wp-content\/uploads\/2022\/03\/labyrinthe-150x150.jpg\" alt=\"jeu de l'oie\" class=\"wp-image-4934\" srcset=\"https:\/\/lerevedelouise.fr\/wp-content\/uploads\/2022\/03\/labyrinthe-150x150.jpg 150w, https:\/\/lerevedelouise.fr\/wp-content\/uploads\/2022\/03\/labyrinthe-100x100.jpg 100w, https:\/\/lerevedelouise.fr\/wp-content\/uploads\/2022\/03\/labyrinthe-80x80.jpg 80w\" sizes=\"auto, (max-width: 150px) 100vw, 150px\" \/><\/figure><\/div>\n\n\n\n<h6 class=\"wp-block-heading\"><mark style=\"background-color:rgba(0, 0, 0, 0);color:#d7760e\" class=\"has-inline-color\">Le labyrinthe<\/mark><\/h6>\n\n\n\n<p>Ce symbole universel figure une gestation n\u00e9cessaire, gr\u00e2ce \u00e0 laquelle l\u2019ordre va sortir du chaos, la lumi\u00e8re de l\u2019obscurit\u00e9, la v\u00e9rit\u00e9 de l\u2019ignorance&#8230; <a href=\"https:\/\/lerevedelouise.fr\/index.php\/case-0\/case-42\/\">Lire la suite <\/a><\/p>\n<\/div>\n<\/div>\n\n\n\n<div class=\"wp-block-columns is-layout-flex wp-container-core-columns-is-layout-9d6595d7 wp-block-columns-is-layout-flex\">\n<div class=\"wp-block-column is-layout-flow wp-block-column-is-layout-flow\">\n<h6 class=\"has-text-color wp-block-heading\" style=\"color:#d7760e\">Case 43<\/h6>\n\n\n\n<div class=\"wp-block-image\"><figure class=\"aligncenter size-thumbnail\"><img loading=\"lazy\" decoding=\"async\" width=\"150\" height=\"150\" src=\"https:\/\/lerevedelouise.fr\/wp-content\/uploads\/2022\/03\/bouclier-1-150x150.png\" alt=\"jeu de l'oie\" class=\"wp-image-5108\" srcset=\"https:\/\/lerevedelouise.fr\/wp-content\/uploads\/2022\/03\/bouclier-1-150x150.png 150w, https:\/\/lerevedelouise.fr\/wp-content\/uploads\/2022\/03\/bouclier-1-100x100.png 100w, https:\/\/lerevedelouise.fr\/wp-content\/uploads\/2022\/03\/bouclier-1-600x600.png 600w, https:\/\/lerevedelouise.fr\/wp-content\/uploads\/2022\/03\/bouclier-1-300x300.png 300w, https:\/\/lerevedelouise.fr\/wp-content\/uploads\/2022\/03\/bouclier-1-1024x1024.png 1024w, https:\/\/lerevedelouise.fr\/wp-content\/uploads\/2022\/03\/bouclier-1-768x768.png 768w, https:\/\/lerevedelouise.fr\/wp-content\/uploads\/2022\/03\/bouclier-1-80x80.png 80w, https:\/\/lerevedelouise.fr\/wp-content\/uploads\/2022\/03\/bouclier-1.png 1280w\" sizes=\"auto, (max-width: 150px) 100vw, 150px\" \/><\/figure><\/div>\n\n\n\n<h6 class=\"has-text-color wp-block-heading\" style=\"color:#d7760e\">Le bouclier<\/h6>\n\n\n\n<p>Le bouclier C&rsquo;est \u00e9videmment un symbole de protection. Toutefois, il faut se souvenir que, dans l&rsquo;esprit de nos anc\u00eatres, cette arme&#8230; <a href=\"https:\/\/lerevedelouise.fr\/index.php\/case-0\/case-43\/\">Lire la suite<\/a><\/p>\n<\/div>\n\n\n\n<div class=\"wp-block-column is-layout-flow wp-block-column-is-layout-flow\">\n<h6 class=\"has-text-color wp-block-heading\" style=\"color:#d7760e\">Case 44<\/h6>\n\n\n\n<div class=\"wp-block-image wp-duotone-9d7745-4e412a-1\"><figure class=\"aligncenter size-thumbnail\"><img loading=\"lazy\" decoding=\"async\" width=\"150\" height=\"150\" src=\"https:\/\/lerevedelouise.fr\/wp-content\/uploads\/2022\/03\/tunique-150x150.png\" alt=\"jeu de l'oie\" class=\"wp-image-5120\" srcset=\"https:\/\/lerevedelouise.fr\/wp-content\/uploads\/2022\/03\/tunique-150x150.png 150w, https:\/\/lerevedelouise.fr\/wp-content\/uploads\/2022\/03\/tunique-100x100.png 100w, https:\/\/lerevedelouise.fr\/wp-content\/uploads\/2022\/03\/tunique-80x80.png 80w\" sizes=\"auto, (max-width: 150px) 100vw, 150px\" \/><\/figure><\/div>\n\n\n\n<h6 class=\"has-text-color wp-block-heading\" style=\"color:#d7760e\">La tunique<\/h6>\n\n\n\n<p>ll s\u2019agit d\u2019un symbole repr\u00e9sentant le corps per\u00e7u comme v\u00eatement ou tunique de l\u2019\u00e2me, mais aussi de tout ce qui \u201ccolle \u00e0 la peau\u201d&#8230; <a href=\"https:\/\/lerevedelouise.fr\/index.php\/case-0\/case-44\/\">Lire la suite<\/a><\/p>\n<\/div>\n\n\n\n<div class=\"wp-block-column is-layout-flow wp-block-column-is-layout-flow\">\n<h6 class=\"has-text-color wp-block-heading\" style=\"color:#d7760e\">Case 45<\/h6>\n\n\n\n<div class=\"wp-block-image is-style-default\"><figure class=\"aligncenter size-thumbnail\"><img loading=\"lazy\" decoding=\"async\" width=\"150\" height=\"150\" src=\"https:\/\/lerevedelouise.fr\/wp-content\/uploads\/2022\/03\/cinquieme-oie-150x150.jpg\" alt=\"jeu de l'oie\" class=\"wp-image-5302\" srcset=\"https:\/\/lerevedelouise.fr\/wp-content\/uploads\/2022\/03\/cinquieme-oie-150x150.jpg 150w, https:\/\/lerevedelouise.fr\/wp-content\/uploads\/2022\/03\/cinquieme-oie-100x100.jpg 100w, https:\/\/lerevedelouise.fr\/wp-content\/uploads\/2022\/03\/cinquieme-oie-80x80.jpg 80w\" sizes=\"auto, (max-width: 150px) 100vw, 150px\" \/><\/figure><\/div>\n\n\n\n<h6 class=\"has-text-color wp-block-heading\" style=\"color:#d7760e\">La cinqui\u00e8me Oie<\/h6>\n\n\n\n<p>A l\u2019or\u00e9e du sixi\u00e8me cycle, la cinqui\u00e8me Oie annonce l\u2019av\u00e8nement des temps nouveaux. En effet, l\u2019\u00eatre qui a su se\u2026 <a href=\"https:\/\/lerevedelouise.fr\/index.php\/case-0\/case-45\/\">Lire la suite<\/a><\/p>\n<\/div>\n<\/div>\n\n\n\n<p class=\"has-text-align-left\" style=\"font-size:15px\"><a href=\"https:\/\/lerevedelouise.fr\/index.php\/cycle-1-de-parcours-et-dinterpretation\/cycle-6-de-parcours-et-dinterpretation\/\">Parcours et cycle 6 d\u2019interpr\u00e9tation<\/a><\/p>\n","protected":false},"excerpt":{"rendered":"<p>Parcours et cycle 6 d&rsquo;interpr\u00e9tation Case 37 La souche La souche On peut comprendre la souche sous trois angles distincts. D&rsquo;abord, ce terme peut s&#8217;employer pour d\u00e9signer quelque chose ou quelqu&rsquo;un\u2026 Lire la suite Case 38 Le fil Le fil lie ou relie. Il est un lien, un guide ou un trait d\u2019union. Il attache, [&hellip;]<\/p>\n","protected":false},"author":1,"featured_media":0,"parent":1377,"menu_order":5,"comment_status":"closed","ping_status":"closed","template":"","meta":{"_eb_attr":"","footnotes":""},"class_list":["post-4464","page","type-page","status-publish","hentry"],"_links":{"self":[{"href":"https:\/\/lerevedelouise.fr\/index.php\/wp-json\/wp\/v2\/pages\/4464","targetHints":{"allow":["GET"]}}],"collection":[{"href":"https:\/\/lerevedelouise.fr\/index.php\/wp-json\/wp\/v2\/pages"}],"about":[{"href":"https:\/\/lerevedelouise.fr\/index.php\/wp-json\/wp\/v2\/types\/page"}],"author":[{"embeddable":true,"href":"https:\/\/lerevedelouise.fr\/index.php\/wp-json\/wp\/v2\/users\/1"}],"replies":[{"embeddable":true,"href":"https:\/\/lerevedelouise.fr\/index.php\/wp-json\/wp\/v2\/comments?post=4464"}],"version-history":[{"count":31,"href":"https:\/\/lerevedelouise.fr\/index.php\/wp-json\/wp\/v2\/pages\/4464\/revisions"}],"predecessor-version":[{"id":7630,"href":"https:\/\/lerevedelouise.fr\/index.php\/wp-json\/wp\/v2\/pages\/4464\/revisions\/7630"}],"up":[{"embeddable":true,"href":"https:\/\/lerevedelouise.fr\/index.php\/wp-json\/wp\/v2\/pages\/1377"}],"wp:attachment":[{"href":"https:\/\/lerevedelouise.fr\/index.php\/wp-json\/wp\/v2\/media?parent=4464"}],"curies":[{"name":"wp","href":"https:\/\/api.w.org\/{rel}","templated":true}]}}