{"id":4468,"date":"2022-03-03T23:30:55","date_gmt":"2022-03-03T22:30:55","guid":{"rendered":"https:\/\/lerevedelouise.fr\/?page_id=4468"},"modified":"2024-02-05T16:19:47","modified_gmt":"2024-02-05T15:19:47","slug":"case-36","status":"publish","type":"page","link":"https:\/\/lerevedelouise.fr\/index.php\/case-0\/case-36\/","title":{"rendered":"Case 36"},"content":{"rendered":"<span class=\"span-reading-time rt-reading-time\" style=\"display: block;\"><span class=\"rt-label rt-prefix\">Temps de lecture\u00a0: <\/span> <span class=\"rt-time\"> 2<\/span> <span class=\"rt-label rt-postfix\">minutes<\/span><\/span>\n<div class=\"wp-block-image\"><figure class=\"aligncenter size-medium\"><a href=\"https:\/\/lerevedelouise.fr\/wp-content\/uploads\/2022\/03\/quatrieme-oie.jpg\"><img loading=\"lazy\" decoding=\"async\" width=\"300\" height=\"225\" src=\"https:\/\/lerevedelouise.fr\/wp-content\/uploads\/2022\/03\/quatrieme-oie-300x225.jpg\" alt=\"\" class=\"wp-image-4469\" srcset=\"https:\/\/lerevedelouise.fr\/wp-content\/uploads\/2022\/03\/quatrieme-oie-300x225.jpg 300w, https:\/\/lerevedelouise.fr\/wp-content\/uploads\/2022\/03\/quatrieme-oie-600x450.jpg 600w, https:\/\/lerevedelouise.fr\/wp-content\/uploads\/2022\/03\/quatrieme-oie-1024x768.jpg 1024w, https:\/\/lerevedelouise.fr\/wp-content\/uploads\/2022\/03\/quatrieme-oie-768x576.jpg 768w, https:\/\/lerevedelouise.fr\/wp-content\/uploads\/2022\/03\/quatrieme-oie.jpg 1280w\" sizes=\"auto, (max-width: 300px) 100vw, 300px\" \/><\/a><\/figure><\/div>\n\n\n\n<h4 class=\"wp-block-heading\"><mark style=\"background-color:rgba(0, 0, 0, 0);color:#d7760e\" class=\"has-inline-color\">La quatri\u00e8me Oie<\/mark><\/h4>\n\n\n\n<p>Cette Oie nous invite \u00e0 plonger dans la math\u00e9matique du corps et de l&rsquo;\u00e2me, une math\u00e9matique subtile et po\u00e9tique, qui a pourtant ses racines dans les r\u00e9alit\u00e9s temporelles et mat\u00e9rielles de ce monde. Cette math\u00e9matique peut se formuler selon un comptage tr\u00e8s simple, enfantin presque : quatri\u00e8me Oie, cinqui\u00e8me cycle, sixi\u00e8me sens comme d&rsquo;un attribut dont sont pourvus certains \u00eatres, qui ne repose sur rien de r\u00e9el ni de tangible, mais leur permet pourtant de percevoir et comprendre des choses qui \u00e9chappent aux autres. Qu&rsquo;entend-on r\u00e9ellement par sixi\u00e8me sens ? Il semble bien qu&rsquo;\u00e0 l&rsquo;origine, cette expression concernait exclusivement les sensations subtiles, elles aussi, issues des plaisirs de l&rsquo;amour. On la voit appara\u00eetre au XVIIIe si\u00e8cle dans la litt\u00e9rature des libertins, notamment que lui donnent donc un caract\u00e8re h\u00e9doniste. Mais curieusement, tr\u00e8s vite, non seulement elle perd ce sens, mais elle est employ\u00e9e pour d\u00e9signer pour d\u00e9signer des sensations encore plus rares, qui n&rsquo;ont plus rien \u00e0 voir avec les plaisirs de l&rsquo;amour et permettraient \u00e0 certains \u00eatres de ressentir ou \u00e9prouver des choses auxquelles les autres sont plus ou moins \u00e9trangers.<\/p>\n\n\n\n<h4 class=\"wp-block-heading\"><mark style=\"background-color:rgba(0, 0, 0, 0);color:#d7760e\" class=\"has-inline-color\">Signification<\/mark><\/h4>\n\n\n\n<p>C&rsquo;est ainsi que l&rsquo;Oie du sixi\u00e8me sens met l&rsquo;accent sur l&rsquo;importance qu&rsquo;il faut accorder aux intuitions, aux pressentiments, aux pr\u00e9monitions. Lorsque votre pion ce pose sur cette case, vous \u00eates donc invit\u00e9 \u00e0 vous fier \u00e0 vos intuitions. Vous devez vous rendre compte que, de m\u00eame que les 5 sens, qui sont un peu les 5 portes du corps, sont en \u00e9veil \u00e0 tout instant y compris durant votre sommeil, le sixi\u00e8me sens qui est peut \u00eatre la porte de l&rsquo;\u00e2me, ne dort jamais, lui non plus. D\u00e8s lors, si vous faisiez appel aux facult\u00e9s que vous permettez d&rsquo;exploiter, vous devez \u00eatre en mesure d&rsquo;\u00e9viter les \u00e9cueils et les pi\u00e8ges de la vie, dans lesquels vous pouvez chuter souvent par n\u00e9gligence ou manque de vigilance et donc de clairvoyance.  <\/p>\n\n\n\n<p class=\"has-small-font-size\"><mark style=\"background-color:rgba(0, 0, 0, 0);color:#d7760e\" class=\"has-inline-color\">Image de :<\/mark><a href=\"https:\/\/www.google.com\/search?q=oie%20blanche%20sauvage&amp;tbm=isch&amp;client=firefox-b-d&amp;hl=fr&amp;sa=X&amp;ved=0CB4QtI8BKABqFwoTCJCsmezhhvYCFQAAAAAdAAAAABAH&amp;biw=1519&amp;bih=739#imgrc=zRWhaJgAgJJ17M\" target=\"_blank\" rel=\"noreferrer noopener\"> <\/a><a href=\"https:\/\/pixabay.com\/fr\/users\/martin_hetto-3003735\/\" target=\"_blank\" rel=\"noreferrer noopener\">martin_hetto<\/a> <mark style=\"background-color:rgba(0, 0, 0, 0);color:#d7760e\" class=\"has-inline-color\">par<\/mark> <a href=\"https:\/\/pixabay.com\/fr\/\" target=\"_blank\" rel=\"noreferrer noopener\">Pixabay<\/a><\/p>\n\n\n\n<p class=\"has-small-font-size\"><mark style=\"background-color:rgba(0, 0, 0, 0);color:#d7760e\" class=\"has-inline-color\">Source :<\/mark> <a href=\"https:\/\/www.hachette-collections.com\/fr-fr\/?gclid=CjwKCAjw8J32BRBCEiwApQEKgdiFVIkH2wypRsYiCjhK4KTn5ifV_DR1FX_lAZt9mKdtG8ksfXzYzxoCfegQAvD_BwE\" target=\"_blank\" rel=\"noreferrer noopener\">les arts divina<em>toires \u2013 Hachette Collection<\/em><\/a><\/p>\n","protected":false},"excerpt":{"rendered":"<p>La quatri\u00e8me Oie Cette Oie nous invite \u00e0 plonger dans la math\u00e9matique du corps et de l&rsquo;\u00e2me, une math\u00e9matique subtile et po\u00e9tique, qui a pourtant ses racines dans les r\u00e9alit\u00e9s temporelles et mat\u00e9rielles de ce monde. Cette math\u00e9matique peut se formuler selon un comptage tr\u00e8s simple, enfantin presque : quatri\u00e8me Oie, cinqui\u00e8me cycle, sixi\u00e8me sens [&hellip;]<\/p>\n","protected":false},"author":1,"featured_media":0,"parent":480,"menu_order":36,"comment_status":"closed","ping_status":"closed","template":"","meta":{"_eb_attr":"","footnotes":""},"class_list":["post-4468","page","type-page","status-publish","hentry"],"_links":{"self":[{"href":"https:\/\/lerevedelouise.fr\/index.php\/wp-json\/wp\/v2\/pages\/4468","targetHints":{"allow":["GET"]}}],"collection":[{"href":"https:\/\/lerevedelouise.fr\/index.php\/wp-json\/wp\/v2\/pages"}],"about":[{"href":"https:\/\/lerevedelouise.fr\/index.php\/wp-json\/wp\/v2\/types\/page"}],"author":[{"embeddable":true,"href":"https:\/\/lerevedelouise.fr\/index.php\/wp-json\/wp\/v2\/users\/1"}],"replies":[{"embeddable":true,"href":"https:\/\/lerevedelouise.fr\/index.php\/wp-json\/wp\/v2\/comments?post=4468"}],"version-history":[{"count":8,"href":"https:\/\/lerevedelouise.fr\/index.php\/wp-json\/wp\/v2\/pages\/4468\/revisions"}],"predecessor-version":[{"id":7556,"href":"https:\/\/lerevedelouise.fr\/index.php\/wp-json\/wp\/v2\/pages\/4468\/revisions\/7556"}],"up":[{"embeddable":true,"href":"https:\/\/lerevedelouise.fr\/index.php\/wp-json\/wp\/v2\/pages\/480"}],"wp:attachment":[{"href":"https:\/\/lerevedelouise.fr\/index.php\/wp-json\/wp\/v2\/media?parent=4468"}],"curies":[{"name":"wp","href":"https:\/\/api.w.org\/{rel}","templated":true}]}}