{"id":4493,"date":"2022-03-05T15:50:12","date_gmt":"2022-03-05T14:50:12","guid":{"rendered":"https:\/\/lerevedelouise.fr\/?page_id=4493"},"modified":"2024-02-05T16:19:57","modified_gmt":"2024-02-05T15:19:57","slug":"case-37","status":"publish","type":"page","link":"https:\/\/lerevedelouise.fr\/index.php\/case-0\/case-37\/","title":{"rendered":"Case 37"},"content":{"rendered":"<span class=\"span-reading-time rt-reading-time\" style=\"display: block;\"><span class=\"rt-label rt-prefix\">Temps de lecture\u00a0: <\/span> <span class=\"rt-time\"> 2<\/span> <span class=\"rt-label rt-postfix\">minutes<\/span><\/span>\n<div class=\"wp-block-image\"><figure class=\"aligncenter size-medium\"><a href=\"https:\/\/lerevedelouise.fr\/wp-content\/uploads\/2022\/03\/souche.jpg\"><img loading=\"lazy\" decoding=\"async\" width=\"300\" height=\"200\" src=\"https:\/\/lerevedelouise.fr\/wp-content\/uploads\/2022\/03\/souche-300x200.jpg\" alt=\"\" class=\"wp-image-4494\" srcset=\"https:\/\/lerevedelouise.fr\/wp-content\/uploads\/2022\/03\/souche-300x200.jpg 300w, https:\/\/lerevedelouise.fr\/wp-content\/uploads\/2022\/03\/souche-600x400.jpg 600w, https:\/\/lerevedelouise.fr\/wp-content\/uploads\/2022\/03\/souche-1024x682.jpg 1024w, https:\/\/lerevedelouise.fr\/wp-content\/uploads\/2022\/03\/souche-768x512.jpg 768w, https:\/\/lerevedelouise.fr\/wp-content\/uploads\/2022\/03\/souche-272x182.jpg 272w, https:\/\/lerevedelouise.fr\/wp-content\/uploads\/2022\/03\/souche.jpg 1280w\" sizes=\"auto, (max-width: 300px) 100vw, 300px\" \/><\/a><\/figure><\/div>\n\n\n\n<h4 class=\"wp-block-heading\"><span style=\"color:#d7760e\" class=\"has-inline-color\">La souche<\/span><\/h4>\n\n\n\n<p>On peut comprendre la souche sous trois angles distincts. D&rsquo;abord, ce terme peut s&#8217;employer pour d\u00e9signer quelque chose ou quelqu&rsquo;un d&rsquo;immuable, d&rsquo;immobile, d&rsquo;inerte, d&rsquo;ent\u00eat\u00e9. On l&rsquo;utilise aussi pour faire allusion \u00e0 une certaine profondeur ou lourdeur, selon le cas, comme lorsque l&rsquo;on dit par exemple qu&rsquo;une personne dort comme une souche, c&rsquo;est-\u00e0-dire profond\u00e9ment ou lourdement. Enfin, ce nom peut qualifier quelqu&rsquo;un qui a de lointaines origines ou une grande descendance, selon le cas. Quoi qu&rsquo;il en soit, toutes ces significations partent d&rsquo;un sens unique, qui sont issues de leur origine  \u00e9tymologique celte et plus sp\u00e9cifiquement gauloise.<\/p>\n\n\n\n<h4 class=\"wp-block-heading\"><span style=\"color:#d7760e\" class=\"has-inline-color\">Signification<\/span><\/h4>\n\n\n\n<p>Si votre pion se pose sur cette case, cela appel non seulement aux enseignements que vous pouvez tirer des exp\u00e9riences de vos parents ou vos anc\u00eatres, mais aussi \u00e0 la richesse d&rsquo;informations que contient votre m\u00e9moire instinctive et qui vous donne l&rsquo;occasion de comprendre intuitivement les choses, d&rsquo;anticiper la conclusion logique de certains \u00e9v\u00e9nements. La souche indique ainsi tous les acquis dont vous disposez, sur lesquels vous pouvez vous reposer et vous appuyer pour r\u00e9soudre vos probl\u00e8mes ponctuels, sachant que vos acquis en question sont ind\u00e9racinables, immuables, solides et durables. <\/p>\n\n\n\n<p class=\"has-small-font-size\"><span style=\"color:#d7760e\" class=\"has-inline-color\">Image de :<\/span> <a href=\"https:\/\/pixabay.com\/fr\/users\/ashbrauw-5998752\/\" target=\"_blank\" rel=\"noreferrer noopener\">ashbrauw<\/a>  <span style=\"color:#d7760e\" class=\"has-inline-color\">par<\/span> <a href=\"https:\/\/pixabay.com\/fr\/\" target=\"_blank\" rel=\"noreferrer noopener\">Pixabay<\/a><\/p>\n\n\n\n<p class=\"has-small-font-size\"><span style=\"color:#d7760e\" class=\"has-inline-color\">Source :<\/span> <a href=\"https:\/\/www.hachette-collections.com\/fr-fr\/?gclid=CjwKCAjw8J32BRBCEiwApQEKgdiFVIkH2wypRsYiCjhK4KTn5ifV_DR1FX_lAZt9mKdtG8ksfXzYzxoCfegQAvD_BwE\" target=\"_blank\" rel=\"noreferrer noopener\">les arts divina<em>toires \u2013 Hachette Collection<\/em><\/a><\/p>\n\n\n\n<p><\/p>\n","protected":false},"excerpt":{"rendered":"<p>La souche On peut comprendre la souche sous trois angles distincts. D&rsquo;abord, ce terme peut s&#8217;employer pour d\u00e9signer quelque chose ou quelqu&rsquo;un d&rsquo;immuable, d&rsquo;immobile, d&rsquo;inerte, d&rsquo;ent\u00eat\u00e9. On l&rsquo;utilise aussi pour faire allusion \u00e0 une certaine profondeur ou lourdeur, selon le cas, comme lorsque l&rsquo;on dit par exemple qu&rsquo;une personne dort comme une souche, c&rsquo;est-\u00e0-dire profond\u00e9ment [&hellip;]<\/p>\n","protected":false},"author":1,"featured_media":0,"parent":480,"menu_order":37,"comment_status":"closed","ping_status":"closed","template":"","meta":{"_eb_attr":"","footnotes":""},"class_list":["post-4493","page","type-page","status-publish","hentry"],"_links":{"self":[{"href":"https:\/\/lerevedelouise.fr\/index.php\/wp-json\/wp\/v2\/pages\/4493","targetHints":{"allow":["GET"]}}],"collection":[{"href":"https:\/\/lerevedelouise.fr\/index.php\/wp-json\/wp\/v2\/pages"}],"about":[{"href":"https:\/\/lerevedelouise.fr\/index.php\/wp-json\/wp\/v2\/types\/page"}],"author":[{"embeddable":true,"href":"https:\/\/lerevedelouise.fr\/index.php\/wp-json\/wp\/v2\/users\/1"}],"replies":[{"embeddable":true,"href":"https:\/\/lerevedelouise.fr\/index.php\/wp-json\/wp\/v2\/comments?post=4493"}],"version-history":[{"count":5,"href":"https:\/\/lerevedelouise.fr\/index.php\/wp-json\/wp\/v2\/pages\/4493\/revisions"}],"predecessor-version":[{"id":4500,"href":"https:\/\/lerevedelouise.fr\/index.php\/wp-json\/wp\/v2\/pages\/4493\/revisions\/4500"}],"up":[{"embeddable":true,"href":"https:\/\/lerevedelouise.fr\/index.php\/wp-json\/wp\/v2\/pages\/480"}],"wp:attachment":[{"href":"https:\/\/lerevedelouise.fr\/index.php\/wp-json\/wp\/v2\/media?parent=4493"}],"curies":[{"name":"wp","href":"https:\/\/api.w.org\/{rel}","templated":true}]}}