{"id":4590,"date":"2022-03-07T23:29:20","date_gmt":"2022-03-07T22:29:20","guid":{"rendered":"https:\/\/lerevedelouise.fr\/?page_id=4590"},"modified":"2024-02-05T16:20:07","modified_gmt":"2024-02-05T15:20:07","slug":"case-38","status":"publish","type":"page","link":"https:\/\/lerevedelouise.fr\/index.php\/case-0\/case-38\/","title":{"rendered":"Case 38"},"content":{"rendered":"<span class=\"span-reading-time rt-reading-time\" style=\"display: block;\"><span class=\"rt-label rt-prefix\">Temps de lecture\u00a0: <\/span> <span class=\"rt-time\"> 2<\/span> <span class=\"rt-label rt-postfix\">minutes<\/span><\/span>\n<div class=\"wp-block-image\"><figure class=\"aligncenter size-medium\"><a href=\"https:\/\/lerevedelouise.fr\/wp-content\/uploads\/2022\/03\/le-fil.jpg\"><img loading=\"lazy\" decoding=\"async\" width=\"300\" height=\"225\" src=\"https:\/\/lerevedelouise.fr\/wp-content\/uploads\/2022\/03\/le-fil-300x225.jpg\" alt=\"\" class=\"wp-image-4591\" srcset=\"https:\/\/lerevedelouise.fr\/wp-content\/uploads\/2022\/03\/le-fil-300x225.jpg 300w, https:\/\/lerevedelouise.fr\/wp-content\/uploads\/2022\/03\/le-fil-600x450.jpg 600w, https:\/\/lerevedelouise.fr\/wp-content\/uploads\/2022\/03\/le-fil-1024x768.jpg 1024w, https:\/\/lerevedelouise.fr\/wp-content\/uploads\/2022\/03\/le-fil-768x576.jpg 768w, https:\/\/lerevedelouise.fr\/wp-content\/uploads\/2022\/03\/le-fil.jpg 1280w\" sizes=\"auto, (max-width: 300px) 100vw, 300px\" \/><\/a><\/figure><\/div>\n\n\n\n<h4 class=\"wp-block-heading\"><span style=\"color:#d7760e\" class=\"has-inline-color\">Le fil<\/span><\/h4>\n\n\n\n<p>Le fil lie ou relie. Il est un lien, un guide ou un trait d&rsquo;union. Il attache, il montre la voie ou il rassemble. A l&rsquo;instar de la souche, dont nous venons de d\u00e9couvrir toutes les significations possibles, il poss\u00e8de lui aussi trois sens distincts qui s&rsquo;entrecroisent, bien s\u00fbr et ne se contre-disent en rien, mais qui, symboliquement, ne conduisent pas aux m\u00eames interpr\u00e9tations. L\u00e0 encore il nous faut donc faire un choix, car au sein de ce parcours nous devons retenir une signification particuli\u00e8re pour chaque symbole repr\u00e9sent\u00e9. <\/p>\n\n\n\n<h4 class=\"wp-block-heading\"><span style=\"color:#d7760e\" class=\"has-inline-color\">Signification<\/span><\/h4>\n\n\n\n<p>Si votre pion se place sur cette case, il vous montre qu&rsquo;il s&rsquo;agit donc d&rsquo;un fil conducteur, en quelque sorte. Cela doit attirez plus particuli\u00e8rement votre attention sur les facult\u00e9s intuitives et perceptives vous permettant d&rsquo;anticiper les \u00e9v\u00e9nements. Ce fil est celui qui doit \u00eatre logiquement et fatalement vous faire aboutir \u00e0 un point pr\u00e9cis. Si cette case appara\u00eet dans votre parcours, vous avez sans doute tout int\u00e9r\u00eat \u00e0 vous laisser guider par une situation, une circonstance ou une personne qui vous emm\u00e8nera tr\u00e8s exactement l\u00e0 o\u00f9 vous savez que vous devez aller, l\u00e0 o\u00f9 vous souhaitez arriver, au but que vous voulez atteindre ou dans le lieu que vous voulez rejoindre. <\/p>\n\n\n\n<p class=\"has-small-font-size\"><span style=\"color:#d7760e\" class=\"has-inline-color\">Image de :<\/span> <a href=\"https:\/\/pixabay.com\/fr\/users\/loggawiggler-15\/\" target=\"_blank\" rel=\"noreferrer noopener\">LoggaWiggler<\/a>  <span style=\"color:#d7760e\" class=\"has-inline-color\">par<\/span> <a href=\"https:\/\/pixabay.com\/fr\/\" target=\"_blank\" rel=\"noreferrer noopener\">Pixabay<\/a><\/p>\n\n\n\n<p class=\"has-small-font-size\"><span style=\"color:#d7760e\" class=\"has-inline-color\">Source :<\/span> <a href=\"https:\/\/www.hachette-collections.com\/fr-fr\/?gclid=CjwKCAjw8J32BRBCEiwApQEKgdiFVIkH2wypRsYiCjhK4KTn5ifV_DR1FX_lAZt9mKdtG8ksfXzYzxoCfegQAvD_BwE\" target=\"_blank\" rel=\"noreferrer noopener\">les arts divina<em>toires \u2013 Hachette Collection<\/em><\/a><\/p>\n","protected":false},"excerpt":{"rendered":"<p>Le fil Le fil lie ou relie. Il est un lien, un guide ou un trait d&rsquo;union. Il attache, il montre la voie ou il rassemble. A l&rsquo;instar de la souche, dont nous venons de d\u00e9couvrir toutes les significations possibles, il poss\u00e8de lui aussi trois sens distincts qui s&rsquo;entrecroisent, bien s\u00fbr et ne se contre-disent [&hellip;]<\/p>\n","protected":false},"author":1,"featured_media":0,"parent":480,"menu_order":38,"comment_status":"closed","ping_status":"closed","template":"","meta":{"_eb_attr":"","footnotes":""},"class_list":["post-4590","page","type-page","status-publish","hentry"],"_links":{"self":[{"href":"https:\/\/lerevedelouise.fr\/index.php\/wp-json\/wp\/v2\/pages\/4590","targetHints":{"allow":["GET"]}}],"collection":[{"href":"https:\/\/lerevedelouise.fr\/index.php\/wp-json\/wp\/v2\/pages"}],"about":[{"href":"https:\/\/lerevedelouise.fr\/index.php\/wp-json\/wp\/v2\/types\/page"}],"author":[{"embeddable":true,"href":"https:\/\/lerevedelouise.fr\/index.php\/wp-json\/wp\/v2\/users\/1"}],"replies":[{"embeddable":true,"href":"https:\/\/lerevedelouise.fr\/index.php\/wp-json\/wp\/v2\/comments?post=4590"}],"version-history":[{"count":9,"href":"https:\/\/lerevedelouise.fr\/index.php\/wp-json\/wp\/v2\/pages\/4590\/revisions"}],"predecessor-version":[{"id":4602,"href":"https:\/\/lerevedelouise.fr\/index.php\/wp-json\/wp\/v2\/pages\/4590\/revisions\/4602"}],"up":[{"embeddable":true,"href":"https:\/\/lerevedelouise.fr\/index.php\/wp-json\/wp\/v2\/pages\/480"}],"wp:attachment":[{"href":"https:\/\/lerevedelouise.fr\/index.php\/wp-json\/wp\/v2\/media?parent=4590"}],"curies":[{"name":"wp","href":"https:\/\/api.w.org\/{rel}","templated":true}]}}