{"id":461,"date":"2020-05-22T14:48:52","date_gmt":"2020-05-22T12:48:52","guid":{"rendered":"https:\/\/lerevedelouise.fr\/?page_id=461"},"modified":"2024-02-05T15:58:55","modified_gmt":"2024-02-05T14:58:55","slug":"case-1","status":"publish","type":"page","link":"https:\/\/lerevedelouise.fr\/index.php\/case-0\/case-1\/","title":{"rendered":"Case 1"},"content":{"rendered":"<span class=\"span-reading-time rt-reading-time\" style=\"display: block;\"><span class=\"rt-label rt-prefix\">Temps de lecture\u00a0: <\/span> <span class=\"rt-time\"> &lt;\u00a01<\/span> <span class=\"rt-label rt-postfix\">minute<\/span><\/span>\n<h4 class=\"wp-block-heading\"><span style=\"color:#d7760e\" class=\"has-inline-color\">Le dragon<\/span><\/h4>\n\n\n\n<div class=\"wp-block-image\"><figure class=\"aligncenter size-medium\"><a href=\"https:\/\/lerevedelouise.fr\/wp-content\/uploads\/2020\/05\/dragon.jpg\"><img loading=\"lazy\" decoding=\"async\" width=\"300\" height=\"182\" src=\"https:\/\/lerevedelouise.fr\/wp-content\/uploads\/2020\/05\/dragon-300x182.jpg\" alt=\"\" class=\"wp-image-549\" srcset=\"https:\/\/lerevedelouise.fr\/wp-content\/uploads\/2020\/05\/dragon-300x182.jpg 300w, https:\/\/lerevedelouise.fr\/wp-content\/uploads\/2020\/05\/dragon-600x365.jpg 600w, https:\/\/lerevedelouise.fr\/wp-content\/uploads\/2020\/05\/dragon-1024x622.jpg 1024w, https:\/\/lerevedelouise.fr\/wp-content\/uploads\/2020\/05\/dragon-768x467.jpg 768w, https:\/\/lerevedelouise.fr\/wp-content\/uploads\/2020\/05\/dragon.jpg 1280w\" sizes=\"auto, (max-width: 300px) 100vw, 300px\" \/><\/a><\/figure><\/div>\n\n\n\n<p><\/p>\n\n\n\n<p>C&rsquo;est un symbole d&rsquo;\u00e9nergies primordiales et instinctives, qui peuvent \u00eatre \u00e0 la fois cr\u00e9atrices et destructrices. Le dragon vous montre vos pulsions vitales et g\u00e9n\u00e9ratrices, mais aussi vos instincts non ma\u00eetris\u00e9s. Ces instincts peuvent remonter \u00e0 la surface, vous submerger, vous aveugler et vous induire \u00e0 avoir des r\u00e9actions excessives que vous ne seriez pas en mesure de contr\u00f4ler. A tort, le dragon est souvent associ\u00e9 aux forces du mal. Car dans nos civilisations modernes nous n&rsquo;aimons pas \u00eatre confront\u00e9s \u00e0 des principes qui \u00e9chappent \u00e0 notre contr\u00f4le aussi naturel soit-il.<\/p>\n\n\n\n<h4 class=\"wp-block-heading\"><span style=\"color:#d7760e\" class=\"has-inline-color\">Signification<\/span><\/h4>\n\n\n\n<p>Lorsque vous arrivez sur la case du dragon, cela vous indique que vous \u00eates pourvu d&rsquo;une tr\u00e8s grande charge \u00e9nerg\u00e9tique et que vous avez de nombreuses capacit\u00e9s que vous exploitez mal. Soit parce qu&rsquo;elles vous font peur ou que vous sous-estimez vos propres possibilit\u00e9s, soit parce que vous les m\u00e9connaissez, soit enfin que vous les inhiber. Le conseil qui vous est donn\u00e9, c&rsquo;est d&rsquo;en \u00eatre plus conscient et d&rsquo;apprendre \u00e0 cultiver et \u00e0 ma\u00eetriser ce potentiel en vous.<\/p>\n\n\n\n<p class=\"has-small-font-size\"><span style=\"color:#d7760e\" class=\"has-inline-color\">Image par :<\/span> <a href=\"https:\/\/pixabay.com\/fr\/users\/artie_navarre-66276\/?utm_source=link-attribution&amp;utm_medium=referral&amp;utm_campaign=image&amp;utm_content=3462724\" target=\"_blank\" rel=\"noreferrer noopener\">Artie_Navarre<\/a><span style=\"color:#d7760e\" class=\"has-inline-color\"> de<\/span> <a href=\"https:\/\/pixabay.com\/fr\/\" target=\"_blank\" rel=\"noreferrer noopener\">Pixabay<\/a><\/p>\n\n\n\n<p class=\"has-small-font-size\"><span style=\"color:#d7760e\" class=\"has-inline-color\">Source :<\/span> <a aria-label=\" (opens in a new tab)\" class=\"aioseop-link\" href=\"https:\/\/www.hachette-collections.com\/fr-fr\/?gclid=CjwKCAjw8J32BRBCEiwApQEKgdiFVIkH2wypRsYiCjhK4KTn5ifV_DR1FX_lAZt9mKdtG8ksfXzYzxoCfegQAvD_BwE\" target=\"_blank\" rel=\"noreferrer noopener\">les arts divina<em>toires \u2013 Hachette Collection<\/em><\/a><\/p>\n","protected":false},"excerpt":{"rendered":"<p>Le dragon C&rsquo;est un symbole d&rsquo;\u00e9nergies primordiales et instinctives, qui peuvent \u00eatre \u00e0 la fois cr\u00e9atrices et destructrices. Le dragon vous montre vos pulsions vitales et g\u00e9n\u00e9ratrices, mais aussi vos instincts non ma\u00eetris\u00e9s. Ces instincts peuvent remonter \u00e0 la surface, vous submerger, vous aveugler et vous induire \u00e0 avoir des r\u00e9actions excessives que vous ne [&hellip;]<\/p>\n","protected":false},"author":1,"featured_media":0,"parent":480,"menu_order":1,"comment_status":"closed","ping_status":"closed","template":"","meta":{"_eb_attr":"","footnotes":""},"class_list":["post-461","page","type-page","status-publish","hentry"],"_links":{"self":[{"href":"https:\/\/lerevedelouise.fr\/index.php\/wp-json\/wp\/v2\/pages\/461","targetHints":{"allow":["GET"]}}],"collection":[{"href":"https:\/\/lerevedelouise.fr\/index.php\/wp-json\/wp\/v2\/pages"}],"about":[{"href":"https:\/\/lerevedelouise.fr\/index.php\/wp-json\/wp\/v2\/types\/page"}],"author":[{"embeddable":true,"href":"https:\/\/lerevedelouise.fr\/index.php\/wp-json\/wp\/v2\/users\/1"}],"replies":[{"embeddable":true,"href":"https:\/\/lerevedelouise.fr\/index.php\/wp-json\/wp\/v2\/comments?post=461"}],"version-history":[{"count":24,"href":"https:\/\/lerevedelouise.fr\/index.php\/wp-json\/wp\/v2\/pages\/461\/revisions"}],"predecessor-version":[{"id":4270,"href":"https:\/\/lerevedelouise.fr\/index.php\/wp-json\/wp\/v2\/pages\/461\/revisions\/4270"}],"up":[{"embeddable":true,"href":"https:\/\/lerevedelouise.fr\/index.php\/wp-json\/wp\/v2\/pages\/480"}],"wp:attachment":[{"href":"https:\/\/lerevedelouise.fr\/index.php\/wp-json\/wp\/v2\/media?parent=461"}],"curies":[{"name":"wp","href":"https:\/\/api.w.org\/{rel}","templated":true}]}}