{"id":4630,"date":"2022-03-09T17:50:41","date_gmt":"2022-03-09T16:50:41","guid":{"rendered":"https:\/\/lerevedelouise.fr\/?page_id=4630"},"modified":"2024-02-05T16:20:18","modified_gmt":"2024-02-05T15:20:18","slug":"case-39","status":"publish","type":"page","link":"https:\/\/lerevedelouise.fr\/index.php\/case-0\/case-39\/","title":{"rendered":"Case 39"},"content":{"rendered":"<span class=\"span-reading-time rt-reading-time\" style=\"display: block;\"><span class=\"rt-label rt-prefix\">Temps de lecture\u00a0: <\/span> <span class=\"rt-time\"> 2<\/span> <span class=\"rt-label rt-postfix\">minutes<\/span><\/span>\n<div class=\"wp-block-image\"><figure class=\"aligncenter size-medium\"><a href=\"https:\/\/lerevedelouise.fr\/wp-content\/uploads\/2022\/03\/table-ronde.jpg\"><img loading=\"lazy\" decoding=\"async\" width=\"300\" height=\"189\" src=\"https:\/\/lerevedelouise.fr\/wp-content\/uploads\/2022\/03\/table-ronde-300x189.jpg\" alt=\"\" class=\"wp-image-4631\" srcset=\"https:\/\/lerevedelouise.fr\/wp-content\/uploads\/2022\/03\/table-ronde-300x189.jpg 300w, https:\/\/lerevedelouise.fr\/wp-content\/uploads\/2022\/03\/table-ronde.jpg 380w\" sizes=\"auto, (max-width: 300px) 100vw, 300px\" \/><\/a><\/figure><\/div>\n\n\n\n<h4 class=\"wp-block-heading\"><span style=\"color:#d7760e\" class=\"has-inline-color\">La table ronde<\/span><\/h4>\n\n\n\n<p>C&rsquo;est la table de l&rsquo;union qui fait la force, la table de la paix et de l&rsquo;harmonie. Comme on le sait, dans la l\u00e9gende Arthur, c&rsquo;est autour de cette table mythique que s&rsquo;assemblaient les 24 chevaliers du roi. Toutefois, en  ce qui concerne la r\u00e9alit\u00e9 historique dont s&rsquo;inspire cette l\u00e9gende, on sait aujourd&rsquo;hui que la fameuse Table ronde attribu\u00e9e au roi Arthur fut r\u00e9alis\u00e9e au XIII si\u00e8cle, soit plus de huit si\u00e8cles apr\u00e8s la mort de tous ces fabuleux personnages. Par ailleurs, il est important de souligner que les faits historiques relatifs \u00e0 la l\u00e9gende de Merlin l&rsquo;enchanteur et d&rsquo;Arthur ont \u00e9t\u00e9 amalgam\u00e9s, interpr\u00e9t\u00e9s, puis emprunt\u00e9s par les chr\u00e9tiens, qui ont fait d&rsquo;Arthur un exemple royal de conversion au christianisme.<\/p>\n\n\n\n<h4 class=\"wp-block-heading\"><span style=\"color:#d7760e\" class=\"has-inline-color\">Signification<\/span><\/h4>\n\n\n\n<p>Lorsque votre pion se pose sur cette case, elle vous informe qu&rsquo;il est tr\u00e8s important que vous rassembliez autour de vous des personnes susceptibles de vous venir en aide, de vous \u00e9pauler ou de vous soutenir. Mais aussi, de vous incorporez vous-m\u00eame dans une assembl\u00e9e qui a peut \u00eatre d\u00e9j\u00e0 \u00e9t\u00e9 constitu\u00e9e, en vue d&rsquo;ouvrer \u00e0 une action entreprise en commun ou utile \u00e0 la collectivit\u00e9. <\/p>\n\n\n\n<p class=\"has-small-font-size\"><span style=\"color:#d7760e\" class=\"has-inline-color\">Image par :<\/span>  <a href=\"http:\/\/www.guer-coetquidan-broceliande.fr\/bisto\/bro\/bro_leg.html\" target=\"_blank\" rel=\"noreferrer noopener\">Jean-Charles CAILLARD-Broc\u00e9liande : Sites l\u00e9gendaires <\/a><\/p>\n\n\n\n<p class=\"has-small-font-size\"><span style=\"color:#d7760e\" class=\"has-inline-color\">Source : <\/span><a href=\"https:\/\/www.hachette-collections.com\/fr-fr\/?gclid=CjwKCAjw8J32BRBCEiwApQEKgdiFVIkH2wypRsYiCjhK4KTn5ifV_DR1FX_lAZt9mKdtG8ksfXzYzxoCfegQAvD_BwE\" target=\"_blank\" rel=\"noreferrer noopener\">les arts divina<em>toires \u2013 Hachette Collection<\/em><\/a><\/p>\n","protected":false},"excerpt":{"rendered":"<p>La table ronde C&rsquo;est la table de l&rsquo;union qui fait la force, la table de la paix et de l&rsquo;harmonie. Comme on le sait, dans la l\u00e9gende Arthur, c&rsquo;est autour de cette table mythique que s&rsquo;assemblaient les 24 chevaliers du roi. Toutefois, en ce qui concerne la r\u00e9alit\u00e9 historique dont s&rsquo;inspire cette l\u00e9gende, on sait [&hellip;]<\/p>\n","protected":false},"author":1,"featured_media":0,"parent":480,"menu_order":39,"comment_status":"closed","ping_status":"closed","template":"","meta":{"_eb_attr":"","footnotes":""},"class_list":["post-4630","page","type-page","status-publish","hentry"],"_links":{"self":[{"href":"https:\/\/lerevedelouise.fr\/index.php\/wp-json\/wp\/v2\/pages\/4630","targetHints":{"allow":["GET"]}}],"collection":[{"href":"https:\/\/lerevedelouise.fr\/index.php\/wp-json\/wp\/v2\/pages"}],"about":[{"href":"https:\/\/lerevedelouise.fr\/index.php\/wp-json\/wp\/v2\/types\/page"}],"author":[{"embeddable":true,"href":"https:\/\/lerevedelouise.fr\/index.php\/wp-json\/wp\/v2\/users\/1"}],"replies":[{"embeddable":true,"href":"https:\/\/lerevedelouise.fr\/index.php\/wp-json\/wp\/v2\/comments?post=4630"}],"version-history":[{"count":7,"href":"https:\/\/lerevedelouise.fr\/index.php\/wp-json\/wp\/v2\/pages\/4630\/revisions"}],"predecessor-version":[{"id":4652,"href":"https:\/\/lerevedelouise.fr\/index.php\/wp-json\/wp\/v2\/pages\/4630\/revisions\/4652"}],"up":[{"embeddable":true,"href":"https:\/\/lerevedelouise.fr\/index.php\/wp-json\/wp\/v2\/pages\/480"}],"wp:attachment":[{"href":"https:\/\/lerevedelouise.fr\/index.php\/wp-json\/wp\/v2\/media?parent=4630"}],"curies":[{"name":"wp","href":"https:\/\/api.w.org\/{rel}","templated":true}]}}