{"id":4683,"date":"2022-03-11T20:52:20","date_gmt":"2022-03-11T19:52:20","guid":{"rendered":"https:\/\/lerevedelouise.fr\/?page_id=4683"},"modified":"2024-02-05T16:22:04","modified_gmt":"2024-02-05T15:22:04","slug":"case-40","status":"publish","type":"page","link":"https:\/\/lerevedelouise.fr\/index.php\/case-0\/case-40\/","title":{"rendered":"Case 40"},"content":{"rendered":"<span class=\"span-reading-time rt-reading-time\" style=\"display: block;\"><span class=\"rt-label rt-prefix\">Temps de lecture\u00a0: <\/span> <span class=\"rt-time\"> 2<\/span> <span class=\"rt-label rt-postfix\">minutes<\/span><\/span>\n<div class=\"wp-block-image\"><figure class=\"aligncenter size-medium\"><a href=\"https:\/\/lerevedelouise.fr\/wp-content\/uploads\/2022\/03\/le-centre-1.jpg\"><img loading=\"lazy\" decoding=\"async\" width=\"300\" height=\"169\" src=\"https:\/\/lerevedelouise.fr\/wp-content\/uploads\/2022\/03\/le-centre-1-300x169.jpg\" alt=\"\" class=\"wp-image-4687\" srcset=\"https:\/\/lerevedelouise.fr\/wp-content\/uploads\/2022\/03\/le-centre-1-300x169.jpg 300w, https:\/\/lerevedelouise.fr\/wp-content\/uploads\/2022\/03\/le-centre-1-600x338.jpg 600w, https:\/\/lerevedelouise.fr\/wp-content\/uploads\/2022\/03\/le-centre-1-1024x576.jpg 1024w, https:\/\/lerevedelouise.fr\/wp-content\/uploads\/2022\/03\/le-centre-1-768x432.jpg 768w, https:\/\/lerevedelouise.fr\/wp-content\/uploads\/2022\/03\/le-centre-1.jpg 1280w\" sizes=\"auto, (max-width: 300px) 100vw, 300px\" \/><\/a><\/figure><\/div>\n\n\n\n<h2 class=\"wp-block-heading\"><span style=\"color:#d7760e\" class=\"has-inline-color\">Le centre<\/span><\/h2>\n\n\n\n<p>Le centre est toujours un point de convergence vers lequel se dirigent ou autour duquel se rassemblent tous les \u00e9l\u00e9ments. En sp\u00e9culant, on peut dire que chacun d&rsquo;entre nous se dirige malgr\u00e9 lui vers un centre, un point de convergence, comme nous venons de l&rsquo;indiquer, tout en \u00e9tant lui-m\u00eame un centre, c&rsquo;est-\u00e0-dire un point autour duquel toutes sortes d&rsquo;\u00e9l\u00e9ments et de param\u00e8tres se rassemblent. De ce fait, le centre est un merveilleux symbole de perfection, d&rsquo;unit\u00e9 ou d&rsquo;absolu. Il peut donc \u00eatre per\u00e7u comme le point ultime et absolu qu&rsquo;il faut atteindre, en soi ou \u00e0 l&rsquo;ext\u00e9rieur de soi. Ainsi, sur le plan symbolique et mystique, l&rsquo;archer repr\u00e9sente l&rsquo;\u00eatre humain tendu vers une cible unique (lui-m\u00eame), qu&rsquo;il doit toucher de la pointe de sa fl\u00e8che, autrement dit de son \u00eatre, pour s&rsquo;accomplir parfaitement. Pour lui, l&rsquo;arc, la fl\u00e8che et la cible ne font qu&rsquo;un.<\/p>\n\n\n\n<h4 class=\"wp-block-heading\"> <span style=\"color:#d7760e\" class=\"has-inline-color\">Signification<\/span><\/h4>\n\n\n\n<p>Lorsque votre pion se pose sur cette case, elle vous r\u00e9v\u00e8le que vous \u00eates, sciemment ou malgr\u00e9 vous, le centre des circonstances, \u00e9v\u00e9nements, situations actuels de votre vie, mais aussi de toutes les personnes qui, bien s\u00fbr, vous entourent ou gravitent autour de vous. Vous pouvez donc les rassembler en \u00e9tant le centre des attentions et des int\u00e9r\u00eats des autres. Toutefois, l&rsquo;\u00e9tant, cela implique certaines responsabilit\u00e9s \u00e0 assumer en ce qui vous concerne, un r\u00f4le \u00e0 jouer et vous devez vous demander si vous \u00eates pr\u00eat \u00e0 le tenir, \u00e0 la hauteur de cette t\u00e2che. Par ailleurs, cette case indique encore qu&rsquo;il ne faut jamais n\u00e9gliger de rassembler en vous ou dans un but unique, vos qualit\u00e9s, talents, moyens, capacit\u00e9s. <\/p>\n\n\n\n<p class=\"has-small-font-size\"><span style=\"color:#d7760e\" class=\"has-inline-color\">Image par :<\/span> <a href=\"https:\/\/pixabay.com\/fr\/users\/tim_bastian-13308834\/\" target=\"_blank\" rel=\"noreferrer noopener\">Tim_Bastian<\/a> <span style=\"color:#d7760e\" class=\"has-inline-color\">de<\/span> <a href=\"https:\/\/pixabay.com\/fr\/\" target=\"_blank\" rel=\"noreferrer noopener\">Pixabay<\/a><\/p>\n\n\n\n<p class=\"has-small-font-size\"><span style=\"color:#d7760e\" class=\"has-inline-color\">Source :<\/span> <a href=\"https:\/\/www.hachette-collections.com\/fr-fr\/?gclid=CjwKCAjw8J32BRBCEiwApQEKgdiFVIkH2wypRsYiCjhK4KTn5ifV_DR1FX_lAZt9mKdtG8ksfXzYzxoCfegQAvD_BwE\" target=\"_blank\" rel=\"noreferrer noopener\">les arts divina<em>toires \u2013 Hachette Collection<\/em><\/a><\/p>\n","protected":false},"excerpt":{"rendered":"<p>Le centre Le centre est toujours un point de convergence vers lequel se dirigent ou autour duquel se rassemblent tous les \u00e9l\u00e9ments. En sp\u00e9culant, on peut dire que chacun d&rsquo;entre nous se dirige malgr\u00e9 lui vers un centre, un point de convergence, comme nous venons de l&rsquo;indiquer, tout en \u00e9tant lui-m\u00eame un centre, c&rsquo;est-\u00e0-dire un [&hellip;]<\/p>\n","protected":false},"author":1,"featured_media":0,"parent":480,"menu_order":40,"comment_status":"closed","ping_status":"closed","template":"","meta":{"_eb_attr":"","footnotes":""},"class_list":["post-4683","page","type-page","status-publish","hentry"],"_links":{"self":[{"href":"https:\/\/lerevedelouise.fr\/index.php\/wp-json\/wp\/v2\/pages\/4683","targetHints":{"allow":["GET"]}}],"collection":[{"href":"https:\/\/lerevedelouise.fr\/index.php\/wp-json\/wp\/v2\/pages"}],"about":[{"href":"https:\/\/lerevedelouise.fr\/index.php\/wp-json\/wp\/v2\/types\/page"}],"author":[{"embeddable":true,"href":"https:\/\/lerevedelouise.fr\/index.php\/wp-json\/wp\/v2\/users\/1"}],"replies":[{"embeddable":true,"href":"https:\/\/lerevedelouise.fr\/index.php\/wp-json\/wp\/v2\/comments?post=4683"}],"version-history":[{"count":5,"href":"https:\/\/lerevedelouise.fr\/index.php\/wp-json\/wp\/v2\/pages\/4683\/revisions"}],"predecessor-version":[{"id":4691,"href":"https:\/\/lerevedelouise.fr\/index.php\/wp-json\/wp\/v2\/pages\/4683\/revisions\/4691"}],"up":[{"embeddable":true,"href":"https:\/\/lerevedelouise.fr\/index.php\/wp-json\/wp\/v2\/pages\/480"}],"wp:attachment":[{"href":"https:\/\/lerevedelouise.fr\/index.php\/wp-json\/wp\/v2\/media?parent=4683"}],"curies":[{"name":"wp","href":"https:\/\/api.w.org\/{rel}","templated":true}]}}