{"id":4922,"date":"2022-03-14T11:00:07","date_gmt":"2022-03-14T10:00:07","guid":{"rendered":"https:\/\/lerevedelouise.fr\/?page_id=4922"},"modified":"2026-03-12T13:59:52","modified_gmt":"2026-03-12T12:59:52","slug":"temoignage-message","status":"publish","type":"page","link":"https:\/\/lerevedelouise.fr\/index.php\/sommaire\/temoignage-message\/","title":{"rendered":"T\u00e9moignage &#038; Message"},"content":{"rendered":"<span class=\"span-reading-time rt-reading-time\" style=\"display: block;\"><span class=\"rt-label rt-prefix\">Temps de lecture\u00a0: <\/span> <span class=\"rt-time\"> &lt;\u00a01<\/span> <span class=\"rt-label rt-postfix\">minute<\/span><\/span>\n<h2 class=\"wp-block-heading has-text-color\" style=\"color:#d7760e\">T\u00e9moignages<\/h2>\n\n\n\n<ul class=\"wp-block-list\">\n<li><a href=\"https:\/\/lerevedelouise.fr\/index.php\/2020\/12\/30\/quand-je-me-suis-reveille-jetais-un-bebe\/\">Quand je me suis r\u00e9veill\u00e9, j&rsquo;\u00e9tais un b\u00e9b\u00e9<\/a><\/li>\n\n\n\n<li><a href=\"https:\/\/lerevedelouise.fr\/index.php\/2021\/06\/20\/le-reve-damanda\/\">Le r\u00eave d&rsquo;Amanda<\/a><\/li>\n\n\n\n<li><a href=\"https:\/\/lerevedelouise.fr\/index.php\/2022\/02\/12\/la-vie-apres-la-mort-est-elle-reelle\/\">La vie apr\u00e8s la mort est-elle r\u00e9elle ?<\/a><\/li>\n\n\n\n<li><a href=\"https:\/\/lerevedelouise.fr\/index.php\/2022\/03\/20\/nous-partageons-notre-maison-avec-une-entite\/\">Nous partageons notre maison avec une entit\u00e9<\/a><\/li>\n\n\n\n<li><a href=\"https:\/\/lerevedelouise.fr\/index.php\/2026\/03\/12\/au-coeur-du-poltergeist\/\">Au c\u0153ur du poltergeist<\/a><\/li>\n<\/ul>\n\n\n\n<p class=\"has-text-color\" style=\"color:#d7760e\">__________<\/p>\n\n\n\n<h2 class=\"wp-block-heading has-text-color\" style=\"color:#d7760e\">Messages<\/h2>\n\n\n\n<ul class=\"wp-block-list\">\n<li><a title=\"\" href=\"https:\/\/lerevedelouise.fr\/index.php\/2020\/05\/18\/les-bienfaits-de-l-unite\/\">Les bienfaits de l&rsquo;unit\u00e9<\/a><\/li>\n\n\n\n<li><a title=\"\" href=\"https:\/\/lerevedelouise.fr\/index.php\/2020\/08\/27\/la-connexion-avec-la-source-ultime\/\">La connexion avec la Source ultime<\/a><\/li>\n\n\n\n<li><a title=\"\" href=\"https:\/\/lerevedelouise.fr\/index.php\/2020\/11\/18\/une-douceur-extreme\/\">Une douceur extr\u00eame<\/a><\/li>\n\n\n\n<li><a title=\"\" href=\"https:\/\/lerevedelouise.fr\/index.php\/2021\/02\/28\/inonde-par-la-lumiere\/\">Inond\u00e9 par la lumi\u00e8re<\/a><\/li>\n\n\n\n<li><a title=\"\" href=\"https:\/\/lerevedelouise.fr\/index.php\/2022\/02\/23\/cultivez-la-lumiere\/\">Cultivez la lumi\u00e8re<\/a><\/li>\n<\/ul>\n\n\n\n<p class=\"has-text-color\" style=\"color:#d7760e\">__________<\/p>\n\n\n<div class=\"wp-block-themezee-magazine-blocks-list tz-magazine-block \"><div class=\"tz-magazine-list tz-magazine-list-50-50\"><div class=\"tz-post-wrap\"><article id=\"post-12773\" class=\"tz-magazine-post post-12773 post tz-type-post status-publish format-standard has-post-thumbnail hentry category-temoignage-message category-article-recent tag-paranormal\"><div class=\"tz-post-image\"><figure class=\"tz-entry-image entry-image\"><a href=\"https:\/\/lerevedelouise.fr\/index.php\/2026\/03\/12\/au-coeur-du-poltergeist\/\" rel=\"bookmark\"><img loading=\"lazy\" decoding=\"async\" width=\"300\" height=\"251\" src=\"https:\/\/lerevedelouise.fr\/wp-content\/uploads\/2026\/03\/au-coeur-du-poltergeist-300x251.jpg\" class=\"attachment-medium size-medium wp-post-image\" alt=\"Au coeur du poltergeist\" \/><\/a><\/figure><\/div><div class=\"tz-post-content\"><header class=\"tz-entry-header entry-header\"><h2 class=\"tz-entry-title entry-title\"><a href=\"https:\/\/lerevedelouise.fr\/index.php\/2026\/03\/12\/au-coeur-du-poltergeist\/\" rel=\"bookmark\">Au c\u0153ur du poltergeist<\/a><\/h2><div class=\"tz-entry-meta entry-meta\"><span class=\"tz-meta-date meta-date tz-meta-field\"><a href=\"https:\/\/lerevedelouise.fr\/index.php\/2026\/03\/12\/au-coeur-du-poltergeist\/\" title=\"13 h 44 min\" rel=\"bookmark\"><time class=\"published updated\" datetime=\"2026-03-12T13:44:24+01:00\">12 mars 2026<\/time><\/a><\/span><span class=\"tz-meta-author meta-author tz-meta-field author vcard\"><a class=\"url fn n\" href=\"https:\/\/lerevedelouise.fr\/author\/admin\/\" title=\"View all posts by Pascale\" rel=\"author\">Pascale<\/a><\/span><\/div><\/header><div class=\"tz-entry-content entry-content\"><p>SommaireQuand un poltergeist hante une maison ordinaireLa voix venue de nulle partCe qui d\u00e9range vraiment Quand un poltergeist hante une maison ordinaire Le poltergeist d\u2019Enfield, <span class=\"tz-excerpt-more\">[&hellip;]<\/span><\/p><p class=\"tz-read-more read-more\"><a href=\"https:\/\/lerevedelouise.fr\/index.php\/2026\/03\/12\/au-coeur-du-poltergeist\/\" class=\"tz-more-link more-link\" rel=\"bookmark\">Lire la suite<\/a><\/p><\/div><\/div><\/article><\/div><\/div><\/div>","protected":false},"excerpt":{"rendered":"<p>T\u00e9moignages __________ Messages __________<\/p>\n","protected":false},"author":1,"featured_media":0,"parent":412,"menu_order":10,"comment_status":"closed","ping_status":"closed","template":"","meta":{"_eb_attr":"","footnotes":""},"class_list":["post-4922","page","type-page","status-publish","hentry"],"_links":{"self":[{"href":"https:\/\/lerevedelouise.fr\/index.php\/wp-json\/wp\/v2\/pages\/4922","targetHints":{"allow":["GET"]}}],"collection":[{"href":"https:\/\/lerevedelouise.fr\/index.php\/wp-json\/wp\/v2\/pages"}],"about":[{"href":"https:\/\/lerevedelouise.fr\/index.php\/wp-json\/wp\/v2\/types\/page"}],"author":[{"embeddable":true,"href":"https:\/\/lerevedelouise.fr\/index.php\/wp-json\/wp\/v2\/users\/1"}],"replies":[{"embeddable":true,"href":"https:\/\/lerevedelouise.fr\/index.php\/wp-json\/wp\/v2\/comments?post=4922"}],"version-history":[{"count":18,"href":"https:\/\/lerevedelouise.fr\/index.php\/wp-json\/wp\/v2\/pages\/4922\/revisions"}],"predecessor-version":[{"id":12783,"href":"https:\/\/lerevedelouise.fr\/index.php\/wp-json\/wp\/v2\/pages\/4922\/revisions\/12783"}],"up":[{"embeddable":true,"href":"https:\/\/lerevedelouise.fr\/index.php\/wp-json\/wp\/v2\/pages\/412"}],"wp:attachment":[{"href":"https:\/\/lerevedelouise.fr\/index.php\/wp-json\/wp\/v2\/media?parent=4922"}],"curies":[{"name":"wp","href":"https:\/\/api.w.org\/{rel}","templated":true}]}}