{"id":4933,"date":"2022-03-16T00:22:00","date_gmt":"2022-03-15T23:22:00","guid":{"rendered":"https:\/\/lerevedelouise.fr\/?page_id=4933"},"modified":"2024-02-05T16:22:28","modified_gmt":"2024-02-05T15:22:28","slug":"case-42","status":"publish","type":"page","link":"https:\/\/lerevedelouise.fr\/index.php\/case-0\/case-42\/","title":{"rendered":"Case 42"},"content":{"rendered":"<span class=\"span-reading-time rt-reading-time\" style=\"display: block;\"><span class=\"rt-label rt-prefix\">Temps de lecture\u00a0: <\/span> <span class=\"rt-time\"> 2<\/span> <span class=\"rt-label rt-postfix\">minutes<\/span><\/span>\n<div class=\"wp-block-image\"><figure class=\"aligncenter size-medium\"><a href=\"https:\/\/lerevedelouise.fr\/wp-content\/uploads\/2022\/03\/labyrinthe.jpg\"><img loading=\"lazy\" decoding=\"async\" width=\"300\" height=\"133\" src=\"https:\/\/lerevedelouise.fr\/wp-content\/uploads\/2022\/03\/labyrinthe-300x133.jpg\" alt=\"\" class=\"wp-image-4934\" srcset=\"https:\/\/lerevedelouise.fr\/wp-content\/uploads\/2022\/03\/labyrinthe-300x133.jpg 300w, https:\/\/lerevedelouise.fr\/wp-content\/uploads\/2022\/03\/labyrinthe-600x266.jpg 600w, https:\/\/lerevedelouise.fr\/wp-content\/uploads\/2022\/03\/labyrinthe-1024x454.jpg 1024w, https:\/\/lerevedelouise.fr\/wp-content\/uploads\/2022\/03\/labyrinthe-768x341.jpg 768w, https:\/\/lerevedelouise.fr\/wp-content\/uploads\/2022\/03\/labyrinthe.jpg 1280w\" sizes=\"auto, (max-width: 300px) 100vw, 300px\" \/><\/a><\/figure><\/div>\n\n\n\n<h2 class=\"has-text-color wp-block-heading\" style=\"color:#d7760e\">Le labyrinthe<\/h2>\n\n\n\n<p>Ce symbole universel figure une gestation n\u00e9cessaire, gr\u00e2ce \u00e0 laquelle l&rsquo;ordre va sortir du chaos, la lumi\u00e8re de l&rsquo;obscurit\u00e9, la v\u00e9rit\u00e9 de l&rsquo;ignorance. Il figure donc esp\u00e8ce de p\u00e8lerinage et de parcours initiatique, qui pr\u00e9sente certaines analogies avec la qu\u00eate du centre, d\u00e8s lors que l&rsquo;\u00eatre entre \u00e0 l&rsquo;int\u00e9rieur du labyrinthe pour en atteindre le centre. Mais il peut aussi \u00eatre au c\u0153ur du labyrinthe  et en chercher l&rsquo;issue, se trouvant alors pris au pi\u00e8ge du centre et cherchant \u00e0 en sortir. Dans l&rsquo;un ou l&rsquo;autre cas, il s&rsquo;agit pourtant d&rsquo;une aventure salutaire pour l&rsquo;\u00eatre qui aspire \u00e0 trouver la v\u00e9rit\u00e9, voire m\u00eame la libert\u00e9.<\/p>\n\n\n\n<h4 class=\"has-text-color wp-block-heading\" style=\"color:#d7760e\">Signification<\/h4>\n\n\n\n<p>Lorsque le pion se place sur cette case, deux interpr\u00e9tations sont envisageables. A vous de choisir celle qui correspond \u00e0 votre situation. Soit vous devez atteindre un but ou un objectif pr\u00e9cis, qui vous permettra de rassembler tous les \u00e9l\u00e9ments dont vous disposez dans votre vie. Soit vous devez \u00e0 tout prix vous sortir d&rsquo;une situation apparemment inextricable, complexe, difficile, dans laquelle vous vous \u00eates laiss\u00e9 pi\u00e9ger. Toutefois, sachez que, pour parvenir \u00e0 vos fins, vous rencontrerez s\u00fbrement beaucoup d&rsquo;obstacles et vous devrez donc vous montrez attentif, vigilant et faire appel, l\u00e0 encore \u00e0 votre sixi\u00e8me sens.<\/p>\n\n\n\n<p class=\"has-text-color has-small-font-size\" style=\"color:#d7760e\">Image par : <a href=\"https:\/\/pixabay.com\/fr\/users\/tarey-573961\/\" target=\"_blank\" rel=\"noreferrer noopener\">Tarey<\/a>  de <a href=\"https:\/\/pixabay.com\/fr\/\" target=\"_blank\" rel=\"noreferrer noopener\">Pixabay<\/a><\/p>\n\n\n\n<p class=\"has-text-color has-small-font-size\" style=\"color:#d7760e\">Source : <a href=\"https:\/\/www.hachette-collections.com\/fr-fr\/?gclid=CjwKCAjw8J32BRBCEiwApQEKgdiFVIkH2wypRsYiCjhK4KTn5ifV_DR1FX_lAZt9mKdtG8ksfXzYzxoCfegQAvD_BwE\" target=\"_blank\" rel=\"noreferrer noopener\">les arts divina<em>toires \u2013 Hachette Collection<\/em><\/a><\/p>\n","protected":false},"excerpt":{"rendered":"<p>Le labyrinthe Ce symbole universel figure une gestation n\u00e9cessaire, gr\u00e2ce \u00e0 laquelle l&rsquo;ordre va sortir du chaos, la lumi\u00e8re de l&rsquo;obscurit\u00e9, la v\u00e9rit\u00e9 de l&rsquo;ignorance. Il figure donc esp\u00e8ce de p\u00e8lerinage et de parcours initiatique, qui pr\u00e9sente certaines analogies avec la qu\u00eate du centre, d\u00e8s lors que l&rsquo;\u00eatre entre \u00e0 l&rsquo;int\u00e9rieur du labyrinthe pour en [&hellip;]<\/p>\n","protected":false},"author":1,"featured_media":0,"parent":480,"menu_order":42,"comment_status":"closed","ping_status":"closed","template":"","meta":{"_eb_attr":"","footnotes":""},"class_list":["post-4933","page","type-page","status-publish","hentry"],"_links":{"self":[{"href":"https:\/\/lerevedelouise.fr\/index.php\/wp-json\/wp\/v2\/pages\/4933","targetHints":{"allow":["GET"]}}],"collection":[{"href":"https:\/\/lerevedelouise.fr\/index.php\/wp-json\/wp\/v2\/pages"}],"about":[{"href":"https:\/\/lerevedelouise.fr\/index.php\/wp-json\/wp\/v2\/types\/page"}],"author":[{"embeddable":true,"href":"https:\/\/lerevedelouise.fr\/index.php\/wp-json\/wp\/v2\/users\/1"}],"replies":[{"embeddable":true,"href":"https:\/\/lerevedelouise.fr\/index.php\/wp-json\/wp\/v2\/comments?post=4933"}],"version-history":[{"count":7,"href":"https:\/\/lerevedelouise.fr\/index.php\/wp-json\/wp\/v2\/pages\/4933\/revisions"}],"predecessor-version":[{"id":4998,"href":"https:\/\/lerevedelouise.fr\/index.php\/wp-json\/wp\/v2\/pages\/4933\/revisions\/4998"}],"up":[{"embeddable":true,"href":"https:\/\/lerevedelouise.fr\/index.php\/wp-json\/wp\/v2\/pages\/480"}],"wp:attachment":[{"href":"https:\/\/lerevedelouise.fr\/index.php\/wp-json\/wp\/v2\/media?parent=4933"}],"curies":[{"name":"wp","href":"https:\/\/api.w.org\/{rel}","templated":true}]}}